{"id":16266,"date":"2021-02-10T12:08:05","date_gmt":"2021-02-10T10:08:05","guid":{"rendered":"https:\/\/www.balticmedia.com\/maailmanlaajuiset-kaannospalvelut\/verkkosivustojen-kaannos-ja-lokalisointipalvelu\/seo-translation\/"},"modified":"2025-10-06T17:59:29","modified_gmt":"2025-10-06T14:59:29","slug":"seo-kaannospalvelut","status":"publish","type":"page","link":"https:\/\/www.balticmedia.com\/fi\/kaannos\/verkkosivujen-kaantaminen\/seo-kaannospalvelut\/","title":{"rendered":"SEO K\u00e4\u00e4nn\u00f6spalvelut"},"content":{"rendered":"<div id=\"pl-16266\"  class=\"panel-layout\" ><div id=\"pg-16266-0\"  class=\"panel-grid panel-no-style\" ><div id=\"pgc-16266-0-0\"  class=\"panel-grid-cell\" ><div id=\"panel-16266-0-0-0\" class=\"so-panel widget widget_sow-image panel-first-child panel-last-child widgetopts-SO\" data-index=\"0\" ><div\n\t\t\t\n\t\t\tclass=\"so-widget-sow-image so-widget-sow-image-default-8b5b6f678277-16266\"\n\t\t\t\n\t\t>\n<div class=\"sow-image-container\">\n\t\t<img src=\"https:\/\/i0.wp.com\/www.balticmedia.com\/wp-content\/uploads\/2services-scaled.jpg?fit=2560%2C549&amp;ssl=1\" width=\"2560\" height=\"549\" srcset=\"https:\/\/i0.wp.com\/www.balticmedia.com\/wp-content\/uploads\/2services-scaled.jpg?w=2560&amp;ssl=1 2560w, https:\/\/i0.wp.com\/www.balticmedia.com\/wp-content\/uploads\/2services-scaled.jpg?resize=300%2C64&amp;ssl=1 300w, https:\/\/i0.wp.com\/www.balticmedia.com\/wp-content\/uploads\/2services-scaled.jpg?resize=1024%2C219&amp;ssl=1 1024w, https:\/\/i0.wp.com\/www.balticmedia.com\/wp-content\/uploads\/2services-scaled.jpg?resize=768%2C165&amp;ssl=1 768w, https:\/\/i0.wp.com\/www.balticmedia.com\/wp-content\/uploads\/2services-scaled.jpg?resize=1536%2C329&amp;ssl=1 1536w, https:\/\/i0.wp.com\/www.balticmedia.com\/wp-content\/uploads\/2services-scaled.jpg?resize=2048%2C439&amp;ssl=1 2048w, https:\/\/i0.wp.com\/www.balticmedia.com\/wp-content\/uploads\/2services-scaled.jpg?w=2400&amp;ssl=1 2400w\" title=\"SEO (hakukoneoptimointi) SEO:n k\u00e4\u00e4nn\u00f6s\" alt=\"SEO (hakukoneoptimointi) SEO:n k\u00e4\u00e4nn\u00f6s\" class=\"so-widget-image\">\n\t<\/div>\n\n<\/div><\/div><\/div><\/div><div id=\"pg-16266-1\"  class=\"panel-grid panel-no-style\" ><div id=\"pgc-16266-1-0\"  class=\"panel-grid-cell\" ><div id=\"panel-16266-1-0-0\" class=\"so-panel widget widget_sow-editor panel-first-child extendedwopts-hide extendedwopts-tablet extendedwopts-mobile widgetopts-SO\" data-index=\"1\" ><div\n\t\t\t\n\t\t\tclass=\"so-widget-sow-editor so-widget-sow-editor-base\"\n\t\t\t\n\t\t>\n<div class=\"siteorigin-widget-tinymce textwidget\">\n\t<pre><form aria-label=\"Search this website\" role=\"search\" method=\"get\" class=\"oceanwp-searchform\" id=\"searchform\" action=\"https:\/\/www.balticmedia.com\/fi\/\"><input aria-label=\"Insert search query\" type=\"text\" class=\"field\" name=\"s\" id=\"s\" placeholder=\"Search\"><button aria-label=\"Submit your search\" type=\"submit\" class=\"search-submit\" value=\"\"><i class=\"icon-magnifier\" aria-hidden=\"true\"><\/i><\/button><\/form><\/pre>\n<\/div>\n<\/div><\/div><div id=\"panel-16266-1-0-1\" class=\"so-panel widget widget_ocean_custom_menu widget-oceanwp-custom-menu custom-menu-widget extendedwopts-hide extendedwopts-tablet extendedwopts-mobile widgetopts-SO\" data-index=\"2\" ><div class=\"oceanwp-custom-menu clr ocean_custom_menu-2 left dropdown-hover\"><ul id=\"menu-services-fi\" class=\"dropdown-menu sf-menu\"><li  id=\"menu-item-42419\" class=\"menu-item menu-item-type-post_type menu-item-object-page menu-item-42419\"><a href=\"https:\/\/www.balticmedia.com\/fi\/kaannos\/\" class=\"menu-link\">K\u00e4\u00e4nn\u00f6spalvelut<\/a><\/li>\n<li  id=\"menu-item-42420\" class=\"menu-item menu-item-type-post_type menu-item-object-page menu-item-42420\"><a href=\"https:\/\/www.balticmedia.com\/fi\/kaannos\/asettelu-dtp-graafinen-suunnittelu\/\" class=\"menu-link\">Asettelu | DTP (graafinen suunnittelu)<\/a><\/li>\n<li  id=\"menu-item-42421\" class=\"menu-item menu-item-type-post_type menu-item-object-page menu-item-42421\"><a href=\"https:\/\/www.balticmedia.com\/fi\/notaari-sertifioitu-kaantaminen-auktorisoitu-ja-sertifioitu-kaannos\/\" class=\"menu-link\">Auktorisoitu ja sertifioitu k\u00e4\u00e4nt\u00e4minen | Auktorisoitu k\u00e4\u00e4nt\u00e4j\u00e4<\/a><\/li>\n<li  id=\"menu-item-42422\" class=\"menu-item menu-item-type-post_type menu-item-object-page menu-item-42422\"><a href=\"https:\/\/www.balticmedia.com\/fi\/kaannos\/konekaannoksen-jalkieditointi\/\" class=\"menu-link\">Automatisoidun konek\u00e4\u00e4nn\u00f6ksen j\u00e4lkieditointi<\/a><\/li>\n<li  id=\"menu-item-42423\" class=\"menu-item menu-item-type-post_type menu-item-object-page menu-item-42423\"><a href=\"https:\/\/www.balticmedia.com\/fi\/kaannos\/copywriting\/\" class=\"menu-link\">Copywriting- ja dokumentointipalvelut<\/a><\/li>\n<li  id=\"menu-item-42424\" class=\"menu-item menu-item-type-post_type menu-item-object-page menu-item-42424\"><a href=\"https:\/\/www.balticmedia.com\/fi\/kaannospalvelut\/\" class=\"menu-link\">K\u00e4\u00e4nn\u00f6spalvelut<\/a><\/li>\n<li  id=\"menu-item-42425\" class=\"menu-item menu-item-type-post_type menu-item-object-page menu-item-42425\"><a href=\"https:\/\/www.balticmedia.com\/fi\/kielten-oppiminen\/\" class=\"menu-link\">Kielten oppiminen<\/a><\/li>\n<li  id=\"menu-item-42426\" class=\"menu-item menu-item-type-post_type menu-item-object-page menu-item-42426\"><a href=\"https:\/\/www.balticmedia.com\/fi\/kielten-oppiminen\/arvioi-kielitaitoasi\/\" class=\"menu-link\">Arvioi kielitaitoasi<\/a><\/li>\n<li  id=\"menu-item-42428\" class=\"menu-item menu-item-type-post_type menu-item-object-page menu-item-42428\"><a href=\"https:\/\/www.balticmedia.com\/fi\/miksi-valita-baltic-media-language-training-centre\/\" class=\"menu-link\">Miksi valita Baltic Media Language Training Centre?<\/a><\/li>\n<li  id=\"menu-item-103710\" class=\"menu-item menu-item-type-post_type menu-item-object-page menu-item-103710\"><a href=\"https:\/\/www.balticmedia.com\/fi\/latvian-kielen-peruskoulutus\/\" class=\"menu-link\">Latvian kielen peruskoulutus<\/a><\/li>\n<li  id=\"menu-item-42429\" class=\"menu-item menu-item-type-post_type menu-item-object-page menu-item-42429\"><a href=\"https:\/\/www.balticmedia.com\/fi\/kielten-oppiminen\/miten-kielikurssit-voivat-edistaa-liiketoimintaasi\/\" class=\"menu-link\">Miten kielikurssit voivat edist\u00e4\u00e4 liiketoimintaasi?<\/a><\/li>\n<li  id=\"menu-item-42430\" class=\"menu-item menu-item-type-post_type menu-item-object-page menu-item-42430\"><a href=\"https:\/\/www.balticmedia.com\/fi\/laaketieteellisen-tekstin-kaannos\/\" class=\"menu-link\">L\u00e4\u00e4ketieteellinen tekstin k\u00e4\u00e4nn\u00f6s | Baltic Media<\/a><\/li>\n<li  id=\"menu-item-42431\" class=\"menu-item menu-item-type-post_type menu-item-object-page menu-item-42431\"><a href=\"https:\/\/www.balticmedia.com\/fi\/kaannos\/litterointi\/\" class=\"menu-link\">Litterointi<\/a><\/li>\n<li  id=\"menu-item-42432\" class=\"menu-item menu-item-type-post_type menu-item-object-page menu-item-42432\"><a href=\"https:\/\/www.balticmedia.com\/fi\/kaannos\/lokalisointi\/\" class=\"menu-link\">Lokalisointi<\/a><\/li>\n<li  id=\"menu-item-42433\" class=\"menu-item menu-item-type-post_type menu-item-object-page menu-item-42433\"><a href=\"https:\/\/www.balticmedia.com\/fi\/kaannos\/muokkaus\/\" class=\"menu-link\">Muokkaus<\/a><\/li>\n<li  id=\"menu-item-42434\" class=\"menu-item menu-item-type-post_type menu-item-object-page menu-item-42434\"><a href=\"https:\/\/www.balticmedia.com\/fi\/tekniset-kaannokset\/\" class=\"menu-link\">Tekniset k\u00e4\u00e4nn\u00f6kset<\/a><\/li>\n<li  id=\"menu-item-42435\" class=\"menu-item menu-item-type-post_type menu-item-object-page menu-item-42435\"><a href=\"https:\/\/www.balticmedia.com\/fi\/kaannos\/tekstitys-jalkiaanitys-ja-taustaselostus\/\" class=\"menu-link\">Tekstitys, j\u00e4lki\u00e4\u00e4nitys ja taustaselostus<\/a><\/li>\n<li  id=\"menu-item-42436\" class=\"menu-item menu-item-type-post_type menu-item-object-page menu-item-42436\"><a href=\"https:\/\/www.balticmedia.com\/fi\/tulkkaus\/konsekutiivitulkkauspalvelut\/\" class=\"menu-link\">Konsekutiivitulkkauspalvelut<\/a><\/li>\n<li  id=\"menu-item-42437\" class=\"menu-item menu-item-type-post_type menu-item-object-page menu-item-42437\"><a href=\"https:\/\/www.balticmedia.com\/fi\/tulkkaus\/simultaanitulkkaus\/\" class=\"menu-link\">Simultaanitulkkaus<\/a><\/li>\n<li  id=\"menu-item-42440\" class=\"menu-item menu-item-type-post_type menu-item-object-page menu-item-42440\"><a href=\"https:\/\/www.balticmedia.com\/fi\/tulkkaus\/tulkkaus-puhelimitse-tai-skypen-zoomin-meetin\/\" class=\"menu-link\">Tulkkaus puhelimitse tai Skypen, Zoomin, Meetin<\/a><\/li>\n<li  id=\"menu-item-42438\" class=\"menu-item menu-item-type-post_type menu-item-object-page menu-item-42438\"><a href=\"https:\/\/www.balticmedia.com\/fi\/kaannos\/verkkosivujen-kaantaminen\/seo-kaannospalvelut\/\" class=\"menu-link\">SEO K\u00e4\u00e4nn\u00f6spalvelut<\/a><\/li>\n<li  id=\"menu-item-42439\" class=\"menu-item menu-item-type-post_type menu-item-object-page menu-item-42439\"><a href=\"https:\/\/www.balticmedia.com\/fi\/kaannos\/verkkosivujen-kaantaminen\/\" class=\"menu-link\">Verkkosivujen k\u00e4\u00e4nt\u00e4minen<\/a><\/li>\n<li  id=\"menu-item-101243\" class=\"menu-item menu-item-type-post_type menu-item-object-page menu-item-101243\"><a href=\"https:\/\/www.balticmedia.com\/fi\/sivustokartta\/\" class=\"menu-link\">Sivustokartta<\/a><\/li>\n<li  id=\"menu-item-133069\" class=\"menu-item menu-item-type-post_type menu-item-object-page menu-item-133069\"><a href=\"https:\/\/www.balticmedia.com\/fi\/kirjallisuuden-kaannospalvelut\/\" class=\"menu-link\">Kirjallisuuden k\u00e4\u00e4nn\u00f6spalvelut<\/a><\/li>\n<\/ul><\/div><\/div><div id=\"panel-16266-1-0-2\" class=\"so-panel widget widget_ocean_custom_menu widget-oceanwp-custom-menu custom-menu-widget panel-last-child extendedwopts-hide extendedwopts-tablet extendedwopts-mobile widgetopts-SO\" data-index=\"3\" ><div class=\"oceanwp-custom-menu clr ocean_custom_menu-2 left dropdown-hover\"><ul id=\"menu-yhteistyokumppanit\" class=\"dropdown-menu sf-menu\"><li  id=\"menu-item-14895\" class=\"menu-item menu-item-type-custom menu-item-object-custom menu-item-14895\"><a target=\"_blank\" href=\"https:\/\/balticmedia.s.xtrf.eu\/vendors\/#\/sign-in\" class=\"menu-link\" rel=\"nofollow noopener\"><i class=\"icon before line-icon icon-briefcase\" aria-hidden=\"true\" style=\"font-size:2em;\"><\/i><span class=\"menu-text\">Kumppaniportaali<\/span><\/a><\/li>\n<li  id=\"menu-item-14896\" class=\"menu-item menu-item-type-custom menu-item-object-custom menu-item-14896\"><a target=\"_blank\" href=\"https:\/\/www.balticmedia.com\/wp-content\/uploads\/11-Reasons-to-Choose-Baltic-Media-2026.pdf\" class=\"menu-link\"><i class=\"icon before line-icon icon-people\" aria-hidden=\"true\" style=\"font-size:2em;\"><\/i><span class=\"menu-text\">Yritysprofiili<\/span><\/a><\/li>\n<li  id=\"menu-item-14897\" class=\"menu-item menu-item-type-custom menu-item-object-custom menu-item-14897\"><a target=\"_blank\" href=\"https:\/\/www.balticmedia.com\/wp-content\/uploads\/kaannostoimisto-fi.pdf\" class=\"menu-link\"><i class=\"icon before line-icon icon-organization\" aria-hidden=\"true\" style=\"font-size:2em;\"><\/i><span class=\"menu-text\">K\u00e4\u00e4nn\u00f6ksen, lokalisoinnin ja luovan k\u00e4\u00e4nn\u00f6ksen prosessi<\/span><\/a><\/li>\n<li  id=\"menu-item-14898\" class=\"menu-item menu-item-type-custom menu-item-object-custom menu-item-14898\"><a target=\"_blank\" href=\"https:\/\/www.balticmedia.com\/wp-content\/uploads\/Baltic-Media-Ltd.-Service-Terms-and-Conditions.pdf\" class=\"menu-link\"><i class=\"icon before line-icon icon-docs\" aria-hidden=\"true\" style=\"font-size:2em;\"><\/i><span class=\"menu-text\">Palveluehdot (EN)<\/span><\/a><\/li>\n<li  id=\"menu-item-14899\" class=\"menu-item menu-item-type-custom menu-item-object-custom menu-item-14899\"><a target=\"_blank\" href=\"https:\/\/www.balticmedia.com\/wp-content\/uploads\/iSO-certificate-2023.png\" class=\"menu-link\"><i class=\"icon before line-icon icon-doc\" aria-hidden=\"true\" style=\"font-size:2em;\"><\/i><span class=\"menu-text\">ISO 9001:2015 Quality Certification<\/span><\/a><\/li>\n<li  id=\"menu-item-14900\" class=\"menu-item menu-item-type-custom menu-item-object-custom menu-item-14900\"><a target=\"_blank\" href=\"https:\/\/www.balticmedia.com\/wp-content\/uploads\/362531_copyrighttrademarkbalticmedia.pdf\" class=\"menu-link\"><i class=\"icon before line-icon icon-info\" aria-hidden=\"true\" style=\"font-size:2em;\"><\/i><span class=\"menu-text\">Copyright | Trademark Baltic Media<sup>\u00ae<\/sup><\/span><\/a><\/li>\n<\/ul><\/div><\/div><\/div><div id=\"pgc-16266-1-1\"  class=\"panel-grid-cell\" ><div id=\"panel-16266-1-1-0\" class=\"so-panel widget widget_sow-editor panel-first-child panel-last-child widgetopts-SO\" data-index=\"4\" ><div\n\t\t\t\n\t\t\tclass=\"so-widget-sow-editor so-widget-sow-editor-base\"\n\t\t\t\n\t\t><h3 class=\"widget-title\">SEO K\u00e4\u00e4nn\u00f6spalvelut<\/h3>\n<div class=\"siteorigin-widget-tinymce textwidget\">\n\t<h1><strong>SEO K\u00e4\u00e4nn\u00f6spalvelut<\/strong><\/h1>\n<h2><strong>SEO (hakukoneoptimointi) <\/strong><span class=\"Y2IQFc\" lang=\"fi\">SEO:n k\u00e4\u00e4nn\u00f6s<\/span><\/h2>\n<h3><strong>Baltic Media<sup>\u00ae<\/sup>\u00a0 -toimisto tarjoaa asiakkailleen seuraavat palvelut:<\/strong><\/h3>\n<ul>\n<li>Sis\u00e4ll\u00f6n muokkaus sis\u00e4lt\u00e4en avainsanoja SEO-periaatteiden mukaisesti;<\/li>\n<li>SEO-k\u00e4\u00e4nt\u00e4minen: SEO-k\u00e4\u00e4nn\u00f6s ei ole suora k\u00e4\u00e4nn\u00f6s. Sinun on tutkittava kutakin maata, jotta tied\u00e4t, onko suora k\u00e4\u00e4nn\u00f6s se, mit\u00e4 kyseisen maan ihmiset etsiv\u00e4t, vai tarvitaanko jotain muuta;<\/li>\n<li>Kotisivutekstin kehitt\u00e4minen SEO-periaatteiden mukaisesti.<\/li>\n<\/ul>\n<p><img data-recalc-dims=\"1\" loading=\"lazy\" decoding=\"async\" class=\"alignnone wp-image-6507 size-medium\" src=\"https:\/\/i0.wp.com\/www.balticmedia.com\/wp-content\/uploads\/logo_ar_globusu_stillbild_kvadrats.jpg?resize=300%2C187&#038;ssl=1\" alt=\"SEO (hakukoneoptimointi) SEO:n k\u00e4\u00e4nn\u00f6s\" width=\"300\" height=\"187\" title=\"\"><\/p>\n<p>Hakukoneoptimointi (SEO) on prosessi, jolla parannetaan verkkosivuston tai verkkosivun n\u00e4kyvyytt\u00e4 hakukoneissa \"luonnollisten\" tai maksamattomien (\"orgaanisten\" tai \"algoritmisten\") hakutulosten kautta. Yleisesti ottaen mit\u00e4 aikaisemmin (tai mit\u00e4 korkeammalla hakutulossivulla) ja mit\u00e4 useammin sivusto n\u00e4kyy hakutulosluettelossa, sit\u00e4 enemm\u00e4n k\u00e4vij\u00f6it\u00e4 se saa hakukoneen k\u00e4ytt\u00e4jilt\u00e4. SEO voi kohdistua erityyppisiin hakuihin, kuten kuvahakuihin, paikallisiin hakuihin, videohakuihin, akateemisiin hakuihin, uutishakuihin ja alakohtaisiin vertikaalisiin hakukoneisiin.<\/p>\n<h2>Miten SEO-k\u00e4\u00e4nn\u00f6s toimii? SEO-k\u00e4\u00e4nn\u00f6sprosessi vaihe vaiheelta<\/h2>\n<p>SEO-k\u00e4\u00e4nn\u00f6kset on tietenkin parasta teett\u00e4\u00e4 ammattimaisella k\u00e4\u00e4nt\u00e4j\u00e4ll\u00e4 - ihmisell\u00e4. Automaattiset k\u00e4\u00e4nn\u00f6ssovellukset eiv\u00e4t tee t\u00e4t\u00e4 onnistuneesti. Silloin sivustosi l\u00f6ytyy hyvin internetin hakukoneista hakusanoilla, joita tarvitset eri kielill\u00e4 ja eri markkinoilla.<\/p>\n<p><strong>Huomaa seuraavat seikat:<\/strong><\/p>\n<ul>\n<li>Valmistele laadukas l\u00e4hdeteksti, joka sis\u00e4lt\u00e4\u00e4 tarvitsemasi avainsanat. Jos annat sen meid\u00e4n teht\u00e4v\u00e4ksi, anna luettelo odotetuista avainsanoista ja ilmoita maa, jossa haluat sivusi l\u00f6ytyv\u00e4n. Tekstink\u00e4sittelij\u00e4mme tai k\u00e4\u00e4nt\u00e4j\u00e4mme tarkentaa sitten haluamasi avainsanat ja sis\u00e4llytt\u00e4\u00e4 ne l\u00e4hdetekstiin tai k\u00e4\u00e4nn\u00f6kseen. Valmistele my\u00f6s metatiedot (sivun otsikko, meta description URL-teksti). Avainsana on sis\u00e4llytett\u00e4v\u00e4 URL-osoitteeseen (sen ei tarvitse olla verkkotunnuksessa, URL-osoitteen sis\u00e4llytt\u00e4minen riitt\u00e4\u00e4), otsikkotunnisteeseen ja metakuvaukseen sek\u00e4 otsikoihin H1, H2, H3 ja useaan kertaan ensimm\u00e4iseen kappaleeseen. T\u00e4m\u00e4 lis\u00e4\u00e4 sivusi klikkausten m\u00e4\u00e4r\u00e4\u00e4.<\/li>\n<\/ul>\n<p><img data-recalc-dims=\"1\" loading=\"lazy\" decoding=\"async\" class=\"alignnone wp-image-10289 size-full\" src=\"https:\/\/i0.wp.com\/www.balticmedia.com\/wp-content\/uploads\/seo-translation-is-best-done-by-a-professional-translator-a-human-being.png?resize=835%2C168&#038;ssl=1\" alt=\"SEO translation is best done by a professional translator - a human being\" width=\"835\" height=\"168\" title=\"\"><\/p>\n<ul>\n<li>Voit toimittaa luettelon haluamistasi avainsanoista kullekin yksitt\u00e4iselle tekstisivulle tarvitsemallasi kohdekielell\u00e4 tilaamalla meilt\u00e4 SEO-k\u00e4\u00e4nn\u00f6ksen. K\u00e4\u00e4nt\u00e4j\u00e4 sis\u00e4llytt\u00e4\u00e4 n\u00e4m\u00e4 sanat k\u00e4\u00e4nn\u00f6kseen. Jos et tied\u00e4 niit\u00e4, k\u00e4\u00e4nt\u00e4j\u00e4mme valitsee ne ohjeidesi perusteella. Se on erillinen maksullinen palvelu k\u00e4ytetyn ajan j\u00e4lkeen. L\u00f6yd\u00e4t kunkin maan ja toimialasi kielen etsityimm\u00e4t sanat erilaisista SEO-ty\u00f6kaluista, kuten <a href=\"https:\/\/ads.google.com\/home\/tools\/keyword-planner\/\" rel=\"nofollow noopener\" target=\"_blank\">Google Keyword Plannerista<\/a> tai Neil Patelin Ubersuggestista ja muista.<\/li>\n<\/ul>\n<h2>Kuinka paljon SEO k\u00e4\u00e4nn\u00f6s maksaa?<\/h2>\n<p>Maksat l\u00e4hdetekstin sanam\u00e4\u00e4r\u00e4n mukaan. Halvinta on toimittaa luettelo avainsanoista, jotka olet jo l\u00f6yt\u00e4nyt kullakin kielell\u00e4, jotta avainsanat voidaan sis\u00e4llytt\u00e4\u00e4 k\u00e4\u00e4nn\u00f6kseen. Jos joudumme etsim\u00e4\u00e4n niit\u00e4, ylim\u00e4\u00e4r\u00e4isten k\u00e4\u00e4nn\u00f6skustannusten lis\u00e4ksi sinun on maksettava my\u00f6s avainsanojen etsimiseen kuluneesta ajasta kullakin kielell\u00e4 ja markkinoilla tuntihinnalla.<\/p>\n<div>\n<h2>K\u00e4\u00e4nn\u00f6stoimisto Baltic Media<sup>\u00ae<\/sup> Pohjois-Euroopassa<\/h2>\n<p>Pohjoismaalais-baltialainen k\u00e4\u00e4nn\u00f6stoimisto Baltic Media<sup>\u00ae<\/sup> on Pohjois-Euroopan johtava digitaalisten k\u00e4\u00e4nn\u00f6spalvelujen tarjoaja, joka erikoistuu pohjoiseurooppalaisiin kieliin (mukaan lukien pohjoismaiset, baltialaiset ja slaavilaiset kielet) ja p\u00e4\u00e4asiassa k\u00e4\u00e4nn\u00f6spalveluihin ruotsin, suomen, tanskan, islannin, f\u00e4\u00e4rin, norjan, saksan, englannin, puolan, ven\u00e4j\u00e4n, latvian, liettuan ja viron kielill\u00e4.<\/p>\n<p>ISO-sertifioituna kielipalvelujen tarjoajana k\u00e4\u00e4nn\u00f6stoimisto Baltic Media<sup>\u00ae<\/sup> tarjoaa ihmisten tekemi\u00e4 k\u00e4\u00e4nn\u00f6spalveluja yrityksille, julkishallinnollisille ja yksityisille asiakkaille.<\/p>\n<h2>Asiakasreferenssit<\/h2>\n<p>Joitakin viimeisimpi\u00e4 projektejamme Pohjoismaissa:<\/p>\n<p>Headbrandsin verkkokauppasivustot <a href=\"https:\/\/headbrands.com\/fi-fi\/\" rel=\"nofollow noopener\" target=\"_blank\">suomeksi<\/a>, tanskaksi ja norjaksi. <strong><a href=\"https:\/\/headbrands.com\/fi-fi\/\" rel=\"nofollow noopener\" target=\"_blank\">HeadBrands<\/a><\/strong> on pohjoismainen kampaamotukkuri.<\/p>\n<p>K\u00e4\u00e4nn\u00f6s ruotsista.<\/p>\n<p><strong><a href=\"https:\/\/www.weleda.se\/\" rel=\"nofollow noopener\" target=\"_blank\">Weleda.se<\/a><\/strong> Weleda on maailman suurin ja kest\u00e4vin luonnonmukaista ihonhoitoa tarjoava yritys, jolla on nyky\u00e4\u00e4n edustus yli 50 maassa. K\u00e4\u00e4nn\u00f6s pohjoismaisille kielille.<\/p>\n<\/div>\n<h3><a href=\"\/fi\/tietoja-meista\/miksi-valita-kaannostoimisto-baltic-media\/\">Miksi valita pohjoismaalais-baltialainen k\u00e4\u00e4nn\u00f6stoimisto Baltic Media<sup>\u00ae<\/sup>?<\/a><\/h3>\n<h3><a href=\"\/fi\/hinta\/\">Miten v\u00e4hent\u00e4\u00e4 k\u00e4\u00e4nn\u00f6skustannuksia laadusta tinkim\u00e4tt\u00e4?<\/a><\/h3>\n<h3><a href=\"\/fi\/tietoja-meista\/ihmiskaannokset\/\">Miksi ihmisten tarjoamat k\u00e4\u00e4nn\u00f6spalvelut ovat paras valintasi?<\/a><\/h3>\n<h3><a href=\"https:\/\/www.balticmedia.com\/fi\/maailmanlaajuiset-kaannospalvelut\/konekaannoksen-jalkieditointi\/\">K\u00e4\u00e4nn\u00e4 Googlen, Bingin, Microsoftin, Tilden tai Yandexin avulla ja tilaa editointi meilt\u00e4!<\/a><\/h3>\n<h3><a href=\"https:\/\/www.balticmedia.com\/fi\/hintatarjous\/\">Hintatarjoukset ilmaiseksi<\/a><\/h3>\n<h3><a href=\"https:\/\/www.balticmedia.com\/fi\/tietopyynto\/\">Pyyd\u00e4 tietoja<\/a><\/h3>\n<h3><a href=\"mailto:info@balticmedia.com\">S\u00e4hk\u00f6posti<\/a><\/h3>\n<p><iframe loading=\"lazy\" title=\"YouTube video player\" src=\"https:\/\/www.youtube.com\/embed\/qnRm_Iucnvk\" width=\"892\" height=\"360\" frameborder=\"0\" allowfullscreen=\"allowfullscreen\"><\/iframe><\/p>\n<\/div>\n<\/div><\/div><\/div><\/div><\/div>","protected":false},"excerpt":{"rendered":"<p>SEO K\u00e4\u00e4nn\u00f6spalvelut SEO (hakukoneoptimointi) SEO:n k\u00e4\u00e4nn\u00f6s Baltic Media\u00ae\u00a0 -toimisto tarjoaa asiakkailleen seuraavat palvelut: Sis\u00e4ll\u00f6n muokkaus sis\u00e4lt\u00e4en avainsanoja SEO-periaatteiden mukaisesti; SEO-k\u00e4\u00e4nt\u00e4minen: SEO-k\u00e4\u00e4nn\u00f6s ei ole suora k\u00e4\u00e4nn\u00f6s. Sinun on tutkittava kutakin maata, jotta tied\u00e4t, onko suora k\u00e4\u00e4nn\u00f6s se, mit\u00e4 kyseisen maan ihmiset etsiv\u00e4t, vai tarvitaanko jotain muuta; Kotisivutekstin kehitt\u00e4minen SEO-periaatteiden mukaisesti. Hakukoneoptimointi (SEO) on prosessi, jolla parannetaan [&hellip;]<\/p>\n","protected":false},"author":2,"featured_media":131094,"parent":13668,"menu_order":0,"comment_status":"closed","ping_status":"closed","template":"","meta":{"ocean_post_layout":"","ocean_both_sidebars_style":"","ocean_both_sidebars_content_width":0,"ocean_both_sidebars_sidebars_width":0,"ocean_sidebar":"0","ocean_second_sidebar":"0","ocean_disable_margins":"enable","ocean_add_body_class":"","ocean_shortcode_before_top_bar":"","ocean_shortcode_after_top_bar":"","ocean_shortcode_before_header":"","ocean_shortcode_after_header":"","ocean_has_shortcode":"","ocean_shortcode_after_title":"","ocean_shortcode_before_footer_widgets":"","ocean_shortcode_after_footer_widgets":"","ocean_shortcode_before_footer_bottom":"","ocean_shortcode_after_footer_bottom":"","ocean_display_top_bar":"default","ocean_display_header":"default","ocean_header_style":"","ocean_center_header_left_menu":"0","ocean_custom_header_template":"0","ocean_custom_logo":0,"ocean_custom_retina_logo":0,"ocean_custom_logo_max_width":0,"ocean_custom_logo_tablet_max_width":0,"ocean_custom_logo_mobile_max_width":0,"ocean_custom_logo_max_height":0,"ocean_custom_logo_tablet_max_height":0,"ocean_custom_logo_mobile_max_height":0,"ocean_header_custom_menu":"0","ocean_menu_typo_font_family":"0","ocean_menu_typo_font_subset":"","ocean_menu_typo_font_size":0,"ocean_menu_typo_font_size_tablet":0,"ocean_menu_typo_font_size_mobile":0,"ocean_menu_typo_font_size_unit":"px","ocean_menu_typo_font_weight":"","ocean_menu_typo_font_weight_tablet":"","ocean_menu_typo_font_weight_mobile":"","ocean_menu_typo_transform":"","ocean_menu_typo_transform_tablet":"","ocean_menu_typo_transform_mobile":"","ocean_menu_typo_line_height":0,"ocean_menu_typo_line_height_tablet":0,"ocean_menu_typo_line_height_mobile":0,"ocean_menu_typo_line_height_unit":"","ocean_menu_typo_spacing":0,"ocean_menu_typo_spacing_tablet":0,"ocean_menu_typo_spacing_mobile":0,"ocean_menu_typo_spacing_unit":"","ocean_menu_link_color":"","ocean_menu_link_color_hover":"","ocean_menu_link_color_active":"","ocean_menu_link_background":"","ocean_menu_link_hover_background":"","ocean_menu_link_active_background":"","ocean_menu_social_links_bg":"","ocean_menu_social_hover_links_bg":"","ocean_menu_social_links_color":"","ocean_menu_social_hover_links_color":"","ocean_disable_title":"default","ocean_disable_heading":"default","ocean_post_title":"","ocean_post_subheading":"","ocean_post_title_style":"","ocean_post_title_background_color":"","ocean_post_title_background":0,"ocean_post_title_bg_image_position":"","ocean_post_title_bg_image_attachment":"","ocean_post_title_bg_image_repeat":"","ocean_post_title_bg_image_size":"","ocean_post_title_height":0,"ocean_post_title_bg_overlay":0.5,"ocean_post_title_bg_overlay_color":"","ocean_disable_breadcrumbs":"default","ocean_breadcrumbs_color":"","ocean_breadcrumbs_separator_color":"","ocean_breadcrumbs_links_color":"","ocean_breadcrumbs_links_hover_color":"","ocean_display_footer_widgets":"default","ocean_display_footer_bottom":"default","ocean_custom_footer_template":"0","ofc_meta_disable_footer_callout":"","ofc_meta_callout_button_url":"","ofc_meta_callout_button_txt":"","ofc_meta_callout_text":"","osh_disable_topbar_sticky":"default","osh_disable_header_sticky":"default","osh_sticky_header_style":"default","osh_sticky_header_effect":"","osh_custom_sticky_logo":0,"osh_custom_retina_sticky_logo":0,"osh_custom_sticky_logo_height":0,"osh_background_color":"","osh_links_color":"","osh_links_hover_color":"","osh_links_active_color":"","osh_links_bg_color":"","osh_links_hover_bg_color":"","osh_links_active_bg_color":"","osh_menu_social_links_color":"","osh_menu_social_hover_links_color":"","footnotes":""},"class_list":["post-16266","page","type-page","status-publish","has-post-thumbnail","hentry","entry","has-media"],"jetpack_sharing_enabled":true,"jetpack_likes_enabled":true,"jetpack-related-posts":[],"jetpack_shortlink":"https:\/\/wp.me\/Pe7Cu3-4em","_links":{"self":[{"href":"https:\/\/www.balticmedia.com\/fi\/wp-json\/wp\/v2\/pages\/16266","targetHints":{"allow":["GET"]}}],"collection":[{"href":"https:\/\/www.balticmedia.com\/fi\/wp-json\/wp\/v2\/pages"}],"about":[{"href":"https:\/\/www.balticmedia.com\/fi\/wp-json\/wp\/v2\/types\/page"}],"author":[{"embeddable":true,"href":"https:\/\/www.balticmedia.com\/fi\/wp-json\/wp\/v2\/users\/2"}],"replies":[{"embeddable":true,"href":"https:\/\/www.balticmedia.com\/fi\/wp-json\/wp\/v2\/comments?post=16266"}],"version-history":[{"count":12,"href":"https:\/\/www.balticmedia.com\/fi\/wp-json\/wp\/v2\/pages\/16266\/revisions"}],"predecessor-version":[{"id":139988,"href":"https:\/\/www.balticmedia.com\/fi\/wp-json\/wp\/v2\/pages\/16266\/revisions\/139988"}],"up":[{"embeddable":true,"href":"https:\/\/www.balticmedia.com\/fi\/wp-json\/wp\/v2\/pages\/13668"}],"wp:featuredmedia":[{"embeddable":true,"href":"https:\/\/www.balticmedia.com\/fi\/wp-json\/wp\/v2\/media\/131094"}],"wp:attachment":[{"href":"https:\/\/www.balticmedia.com\/fi\/wp-json\/wp\/v2\/media?parent=16266"}],"curies":[{"name":"wp","href":"https:\/\/api.w.org\/{rel}","templated":true}]}}