{"id":12060,"date":"2021-01-13T16:07:09","date_gmt":"2021-01-13T14:07:09","guid":{"rendered":"https:\/\/wp.balticmedia.dev.telia.lv\/kontaktandmed\/"},"modified":"2025-11-24T18:18:50","modified_gmt":"2025-11-24T16:18:50","slug":"yhteydenotot","status":"publish","type":"page","link":"https:\/\/www.balticmedia.com\/fi\/yhteydenotot\/","title":{"rendered":"Yhteydenotot"},"content":{"rendered":"<div id=\"pl-12060\"  class=\"panel-layout\" ><div id=\"pg-12060-0\"  class=\"panel-grid panel-no-style\" ><div id=\"pgc-12060-0-0\"  class=\"panel-grid-cell\" ><div id=\"panel-12060-0-0-0\" class=\"so-panel widget widget_sow-image panel-first-child panel-last-child widgetopts-SO\" data-index=\"0\" ><div\n\t\t\t\n\t\t\tclass=\"so-widget-sow-image so-widget-sow-image-default-8b5b6f678277-12060\"\n\t\t\t\n\t\t>\n<div class=\"sow-image-container\">\n\t\t<img src=\"https:\/\/i0.wp.com\/www.balticmedia.com\/wp-content\/uploads\/4price_and_quality-scaled-1.jpg?fit=2560%2C549&amp;ssl=1\" width=\"2560\" height=\"549\" srcset=\"https:\/\/i0.wp.com\/www.balticmedia.com\/wp-content\/uploads\/4price_and_quality-scaled-1.jpg?w=2560&amp;ssl=1 2560w, https:\/\/i0.wp.com\/www.balticmedia.com\/wp-content\/uploads\/4price_and_quality-scaled-1.jpg?resize=300%2C64&amp;ssl=1 300w, https:\/\/i0.wp.com\/www.balticmedia.com\/wp-content\/uploads\/4price_and_quality-scaled-1.jpg?resize=1024%2C220&amp;ssl=1 1024w, https:\/\/i0.wp.com\/www.balticmedia.com\/wp-content\/uploads\/4price_and_quality-scaled-1.jpg?resize=768%2C165&amp;ssl=1 768w, https:\/\/i0.wp.com\/www.balticmedia.com\/wp-content\/uploads\/4price_and_quality-scaled-1.jpg?resize=1536%2C329&amp;ssl=1 1536w, https:\/\/i0.wp.com\/www.balticmedia.com\/wp-content\/uploads\/4price_and_quality-scaled-1.jpg?resize=2048%2C439&amp;ssl=1 2048w, https:\/\/i0.wp.com\/www.balticmedia.com\/wp-content\/uploads\/4price_and_quality-scaled-1.jpg?w=2400&amp;ssl=1 2400w\" title=\"K\u00e4\u00e4nn\u00f6stoimisto Baltic Media\u00ae Pohjois-Euroopassa\" alt=\"K\u00e4\u00e4nn\u00f6stoimisto Baltic Media\u00ae Pohjois-Euroopassa\" class=\"so-widget-image\">\n\t<\/div>\n\n<\/div><\/div><\/div><\/div><div id=\"pg-12060-1\"  class=\"panel-grid panel-no-style\" ><div id=\"pgc-12060-1-0\"  class=\"panel-grid-cell\" ><div id=\"panel-12060-1-0-0\" class=\"so-panel widget widget_sow-editor panel-first-child extendedwopts-hide extendedwopts-mobile widgetopts-SO\" data-index=\"1\" ><div\n\t\t\t\n\t\t\tclass=\"so-widget-sow-editor so-widget-sow-editor-base\"\n\t\t\t\n\t\t>\n<div class=\"siteorigin-widget-tinymce textwidget\">\n\t<pre><form aria-label=\"Search this website\" role=\"search\" method=\"get\" class=\"oceanwp-searchform\" id=\"searchform\" action=\"https:\/\/www.balticmedia.com\/fi\/\"><input aria-label=\"Insert search query\" type=\"text\" class=\"field\" name=\"s\" id=\"s\" placeholder=\"Search\"><button aria-label=\"Submit your search\" type=\"submit\" class=\"search-submit\" value=\"\"><i class=\"icon-magnifier\" aria-hidden=\"true\"><\/i><\/button><\/form><\/pre>\n<\/div>\n<\/div><\/div><div id=\"panel-12060-1-0-1\" class=\"so-panel widget widget_ocean_custom_menu widget-oceanwp-custom-menu custom-menu-widget extendedwopts-hide extendedwopts-mobile widgetopts-SO\" data-index=\"2\" ><div class=\"oceanwp-custom-menu clr ocean_custom_menu-2 left dropdown-hover\"><ul id=\"menu-yhteydenotot-contacts-fi\" class=\"dropdown-menu sf-menu\"><li  id=\"menu-item-41602\" class=\"menu-item menu-item-type-post_type menu-item-object-page menu-item-41602\"><a href=\"https:\/\/www.balticmedia.com\/fi\/yhteydenotot\/\" class=\"menu-link\">Yhteydenotot<\/a><\/li>\n<li  id=\"menu-item-41600\" class=\"menu-item menu-item-type-post_type menu-item-object-page menu-item-41600\"><a href=\"https:\/\/www.balticmedia.com\/fi\/yhteydenotot\/kaannostoimisto-riiassa\/\" class=\"menu-link\">K\u00e4\u00e4nn\u00f6stoimisto Riiassa<\/a><\/li>\n<li  id=\"menu-item-41601\" class=\"menu-item menu-item-type-post_type menu-item-object-page menu-item-41601\"><a href=\"https:\/\/www.balticmedia.com\/fi\/yhteydenotot\/kaannostoimisto-tukholmassa\/\" class=\"menu-link\">K\u00e4\u00e4nn\u00f6stoimisto Tukholmassa<\/a><\/li>\n<\/ul><\/div><\/div><div id=\"panel-12060-1-0-2\" class=\"so-panel widget widget_ocean_custom_menu widget-oceanwp-custom-menu custom-menu-widget panel-last-child extendedwopts-hide extendedwopts-mobile widgetopts-SO\" data-index=\"3\" ><div class=\"oceanwp-custom-menu clr ocean_custom_menu-2 left dropdown-hover\"><ul id=\"menu-yhteistyokumppanit\" class=\"dropdown-menu sf-menu\"><li  id=\"menu-item-14895\" class=\"menu-item menu-item-type-custom menu-item-object-custom menu-item-14895\"><a target=\"_blank\" href=\"https:\/\/balticmedia.s.xtrf.eu\/vendors\/#\/sign-in\" class=\"menu-link\" rel=\"nofollow noopener\"><i class=\"icon before line-icon icon-briefcase\" aria-hidden=\"true\" style=\"font-size:2em;\"><\/i><span class=\"menu-text\">Kumppaniportaali<\/span><\/a><\/li>\n<li  id=\"menu-item-14896\" class=\"menu-item menu-item-type-custom menu-item-object-custom menu-item-14896\"><a target=\"_blank\" href=\"https:\/\/www.balticmedia.com\/wp-content\/uploads\/11-Reasons-to-Choose-Baltic-Media-2026.pdf\" class=\"menu-link\"><i class=\"icon before line-icon icon-people\" aria-hidden=\"true\" style=\"font-size:2em;\"><\/i><span class=\"menu-text\">Yritysprofiili<\/span><\/a><\/li>\n<li  id=\"menu-item-14897\" class=\"menu-item menu-item-type-custom menu-item-object-custom menu-item-14897\"><a target=\"_blank\" href=\"https:\/\/www.balticmedia.com\/wp-content\/uploads\/kaannostoimisto-fi.pdf\" class=\"menu-link\"><i class=\"icon before line-icon icon-organization\" aria-hidden=\"true\" style=\"font-size:2em;\"><\/i><span class=\"menu-text\">K\u00e4\u00e4nn\u00f6ksen, lokalisoinnin ja luovan k\u00e4\u00e4nn\u00f6ksen prosessi<\/span><\/a><\/li>\n<li  id=\"menu-item-14898\" class=\"menu-item menu-item-type-custom menu-item-object-custom menu-item-14898\"><a target=\"_blank\" href=\"https:\/\/www.balticmedia.com\/wp-content\/uploads\/Baltic-Media-Ltd.-Service-Terms-and-Conditions.pdf\" class=\"menu-link\"><i class=\"icon before line-icon icon-docs\" aria-hidden=\"true\" style=\"font-size:2em;\"><\/i><span class=\"menu-text\">Palveluehdot (EN)<\/span><\/a><\/li>\n<li  id=\"menu-item-14899\" class=\"menu-item menu-item-type-custom menu-item-object-custom menu-item-14899\"><a target=\"_blank\" href=\"https:\/\/www.balticmedia.com\/wp-content\/uploads\/iSO-certificate-2023.png\" class=\"menu-link\"><i class=\"icon before line-icon icon-doc\" aria-hidden=\"true\" style=\"font-size:2em;\"><\/i><span class=\"menu-text\">ISO 9001:2015 Quality Certification<\/span><\/a><\/li>\n<li  id=\"menu-item-14900\" class=\"menu-item menu-item-type-custom menu-item-object-custom menu-item-14900\"><a target=\"_blank\" href=\"https:\/\/www.balticmedia.com\/wp-content\/uploads\/362531_copyrighttrademarkbalticmedia.pdf\" class=\"menu-link\"><i class=\"icon before line-icon icon-info\" aria-hidden=\"true\" style=\"font-size:2em;\"><\/i><span class=\"menu-text\">Copyright | Trademark Baltic Media<sup>\u00ae<\/sup><\/span><\/a><\/li>\n<\/ul><\/div><\/div><\/div><div id=\"pgc-12060-1-1\"  class=\"panel-grid-cell\" ><div id=\"panel-12060-1-1-0\" class=\"so-panel widget widget_sow-editor panel-first-child panel-last-child widgetopts-hide_title widgetopts-SO\" data-index=\"4\" ><div\n\t\t\t\n\t\t\tclass=\"so-widget-sow-editor so-widget-sow-editor-base\"\n\t\t\t\n\t\t><h3 class=\"widget-title\">K\u00e4\u00e4nn\u00f6stoimisto Baltic Media\u00ae Pohjois-Euroopassa<\/h3>\n<div class=\"siteorigin-widget-tinymce textwidget\">\n\t<p><!-- wp:paragraph --><\/p>\n<h1>Kansainv\u00e4liset verkkok\u00e4\u00e4nn\u00f6spalvelut Pohjois-Euroopassa | Tukholma ja Riika<\/h1>\n<div>\n<p><a href=\"https:\/\/i0.wp.com\/www.balticmedia.com\/wp-content\/uploads\/logo_ar_globusu_stillbild_garena.png?ssl=1\"><img data-recalc-dims=\"1\" loading=\"lazy\" decoding=\"async\" class=\"alignnone wp-image-1981 size-full\" src=\"https:\/\/i0.wp.com\/www.balticmedia.com\/wp-content\/uploads\/logo_ar_globusu_stillbild_garena.png?resize=300%2C120&#038;ssl=1\" alt=\"K\u00e4\u00e4nn\u00f6stoimistot Kansainv\u00e4liset verkkok\u00e4\u00e4nn\u00f6spalvelut Pohjois-Euroopassa | Tukholma ja Riika\" width=\"300\" height=\"120\" title=\"\"><\/a><\/p>\n<p><strong>Baltic Media<\/strong>\u00ae<strong> Ltd<\/strong><\/p>\n<p>Dzirnavu iela 57a, Regus Business Centre, 2nd floor<br \/>\nLV-1010 R\u012bga Latvia\/Lettonie<\/p>\n<p><strong>\u2022<a href=\"tel:+37167224327\">\u00a0\u00a0+37167224327\u00a0<\/a><\/strong><\/p>\n<p><strong>\u2022\u00a0<a href=\"tel:+37167224328\">\u00a0+37167224328<\/a><\/strong><\/p>\n<p><strong>\u2022\u00a0<a href=\"tel:+37126404054\">\u00a0+37126404054\u00a0\u00a0\u00a0<\/a><\/strong><\/p>\n<p><strong>\u2022 \u00a0<a href=\"https:\/\/wa.me\/37126404054\" rel=\"nofollow noopener\" target=\"_blank\">WhatsApp<\/a><\/strong><\/p>\n<p><strong>\u2022 \u00a0<a href=\"mailto:info@balticmedia.com\">info@balticmedia.com<\/a><\/strong><\/p>\n<p><img data-recalc-dims=\"1\" loading=\"lazy\" decoding=\"async\" class=\"alignnone wp-image-129941 size-medium\" src=\"https:\/\/i0.wp.com\/www.balticmedia.com\/wp-content\/uploads\/baltic-media-ltd.webp?resize=300%2C200&#038;ssl=1\" alt=\"Yhteydenotot \" width=\"300\" height=\"200\" title=\"\"><\/p>\n<h2>K\u00e4\u00e4nn\u00f6stoimisto Baltic Media<sup>\u00ae<\/sup> Pohjois-Euroopassa<\/h2>\n<p>Pohjoismaalais-baltialainen <a href=\"http:\/\/www.balticmedia.com\/fi\/\">k\u00e4\u00e4nn\u00f6stoimisto Baltic Media<sup>\u00ae<\/sup><\/a> on Pohjois-Euroopan johtava digitaalisten k\u00e4\u00e4nn\u00f6spalvelujen tarjoaja, joka erikoistuu pohjoiseurooppalaisiin kieliin (mukaan lukien pohjoismaiset, baltialaiset ja slaavilaiset kielet) ja p\u00e4\u00e4asiassa k\u00e4\u00e4nn\u00f6spalveluihin ruotsin, suomen, tanskan, islannin, f\u00e4\u00e4rin, norjan, saksan, englannin, puolan, ven\u00e4j\u00e4n, latvian, liettuan ja viron kielill\u00e4.<\/p>\n<p><img data-recalc-dims=\"1\" loading=\"lazy\" decoding=\"async\" class=\"alignnone wp-image-132266 size-medium\" src=\"https:\/\/i0.wp.com\/www.balticmedia.com\/wp-content\/uploads\/translation-companies.jpg?resize=300%2C296&#038;ssl=1\" alt=\"K\u00e4\u00e4nn\u00f6stoimisto on yritys, joka tarjoaa k\u00e4\u00e4nn\u00f6spalveluita. K\u00e4\u00e4nn\u00f6spalvelut voivat olla joko suullisia tai kirjallisia.\" width=\"300\" height=\"296\" srcset=\"https:\/\/i0.wp.com\/www.balticmedia.com\/wp-content\/uploads\/translation-companies-e1771689231248.jpg?resize=300%2C296&amp;ssl=1 300w, https:\/\/i0.wp.com\/www.balticmedia.com\/wp-content\/uploads\/translation-companies-e1771689231248.jpg?resize=1024%2C1010&amp;ssl=1 1024w, https:\/\/i0.wp.com\/www.balticmedia.com\/wp-content\/uploads\/translation-companies-e1771689231248.jpg?resize=768%2C758&amp;ssl=1 768w, https:\/\/i0.wp.com\/www.balticmedia.com\/wp-content\/uploads\/translation-companies-e1771689231248.jpg?w=1038&amp;ssl=1 1038w\" sizes=\"auto, (max-width: 300px) 100vw, 300px\" title=\"\"><\/p>\n<p>ISO-sertifioituna kielipalvelujen tarjoajana k\u00e4\u00e4nn\u00f6stoimisto Baltic Media<sup>\u00ae<\/sup> tarjoaa ihmisten tekemi\u00e4 k\u00e4\u00e4nn\u00f6spalveluja yrityksille, julkishallinnollisille ja yksityisille asiakkaille.<\/p>\n<p data-sourcepos=\"1:1-1:293\">K\u00e4\u00e4nn\u00f6stoimisto on yritys, joka tarjoaa k\u00e4\u00e4nn\u00f6spalveluita. K\u00e4\u00e4nn\u00f6spalvelut voivat olla joko suullisia tai kirjallisia. Suullisia k\u00e4\u00e4nn\u00f6spalveluita ovat esimerkiksi puhek\u00e4\u00e4nn\u00f6kset ja tulkkaukset. Kirjallisia k\u00e4\u00e4nn\u00f6spalveluita ovat esimerkiksi tekstien, asiakirjojen ja verkkosivujen k\u00e4\u00e4nn\u00f6kset.<\/p>\n<p data-sourcepos=\"3:1-3:172\">K\u00e4\u00e4nn\u00f6stoimistojen palveluita k\u00e4ytet\u00e4\u00e4n usein yrityksiss\u00e4, mutta my\u00f6s yksityishenkil\u00f6t voivat k\u00e4ytt\u00e4\u00e4 niit\u00e4 esimerkiksi matkailu- tai henkil\u00f6kohtaisten asioiden yhteydess\u00e4.<\/p>\n<p data-sourcepos=\"5:1-5:292\">K\u00e4\u00e4nn\u00f6stoimistojen palvelut voivat olla erilaisia riippuen muun muassa k\u00e4\u00e4nn\u00f6skielest\u00e4, k\u00e4\u00e4nn\u00f6ksen laadusta ja aikataulusta. K\u00e4\u00e4nn\u00f6stoimistot k\u00e4ytt\u00e4v\u00e4t usein k\u00e4\u00e4nt\u00e4jien lis\u00e4ksi my\u00f6s muita asiantuntijoita, kuten k\u00e4\u00e4nt\u00e4misen muistamisen (CAT) ty\u00f6kalujen asiantuntijoita ja kieliasiantuntijoita.<\/p>\n<p data-sourcepos=\"7:1-7:81\">K\u00e4\u00e4nn\u00f6stoimiston valinnassa on t\u00e4rke\u00e4\u00e4 kiinnitt\u00e4\u00e4 huomiota seuraaviin seikkoihin:<\/p>\n<ul data-sourcepos=\"9:1-14:0\">\n<li data-sourcepos=\"9:1-9:14\">K\u00e4\u00e4nn\u00f6skieli<\/li>\n<li data-sourcepos=\"10:1-10:18\">K\u00e4\u00e4nn\u00f6ksen laatu<\/li>\n<li data-sourcepos=\"11:1-11:11\">Aikataulu<\/li>\n<li data-sourcepos=\"12:1-12:8\">Hinnat<\/li>\n<li data-sourcepos=\"13:1-14:0\">Referenssit<\/li>\n<\/ul>\n<p data-sourcepos=\"15:1-15:243\">K\u00e4\u00e4nn\u00f6stoimistojen hintataso vaihtelee riippuen muun muassa k\u00e4\u00e4nn\u00f6skielest\u00e4, k\u00e4\u00e4nn\u00f6ksen laadusta ja aikataulusta. K\u00e4\u00e4nn\u00f6stoimistot voivat tarjota erilaisia hinnoitteluvaihtoehtoja, kuten kiinte\u00e4n hinnan, sanakohtaisen hinnan tai tunnin hinnan.<\/p>\n<p data-sourcepos=\"17:1-17:162\">K\u00e4\u00e4nn\u00f6stoimistojen referenssit ovat hyv\u00e4 tapa saada tietoa niiden ty\u00f6n laadusta. Referenssej\u00e4 voi kysy\u00e4 suoraan k\u00e4\u00e4nn\u00f6stoimistolta tai lukea esimerkiksi verkossa.<\/p>\n<p data-sourcepos=\"29:1-29:88\">K\u00e4\u00e4nn\u00f6stoimiston valinta kannattaa tehd\u00e4 huolellisesti, jotta saa laadukkaan k\u00e4\u00e4nn\u00f6ksen.<\/p>\n<h2>Tukholma, Ruotsi | Skandinavian k\u00e4\u00e4nn\u00f6spalvelutoimisto<\/h2>\n<p>Baltic Media<sup>\u00ae<\/sup> Translations AB<br \/>\nBox 2349 SE-11674 Stockholm<br \/>\nSweden\/Su\u00e8de<\/p>\n<div>\n<p><strong>\u2022 <a href=\"tel:+4687676024\">\u00a0+46 8 767 60 24<\/a><\/strong><\/p>\n<p><strong> \u2022 \u00a0<a href=\"mailto:nordics@balticmedia.com\">nordics<\/a><a>@balticmedia.com<\/a><\/strong><\/p>\n<h3>Toimitamme k\u00e4\u00e4nn\u00f6ksesi kaikkialle maailmaan!<\/h3>\n<\/div>\n<\/div>\n<div>\n<p><img data-recalc-dims=\"1\" loading=\"lazy\" decoding=\"async\" class=\"alignnone wp-image-6555 size-medium\" src=\"https:\/\/i0.wp.com\/www.balticmedia.com\/wp-content\/uploads\/mailboxes-in-sweden.jpg?resize=300%2C200&#038;ssl=1\" alt=\"Old mailboxes in Sweden, Baltic Media&lt;sup&gt;\u00ae&lt;\/sup&gt;\" width=\"300\" height=\"200\" title=\"\"><\/p>\n<div>\n<h3><a href=\"\/fi\/tietoja-meista\/miksi-valita-kaannostoimisto-baltic-media\/\">Miksi valita pohjoismaalais-baltialainen k\u00e4\u00e4nn\u00f6stoimisto Baltic Media<sup>\u00ae<\/sup>?<\/a><\/h3>\n<h3><a href=\"\/fi\/hinta\/\">Miten v\u00e4hent\u00e4\u00e4 k\u00e4\u00e4nn\u00f6skustannuksia laadusta tinkim\u00e4tt\u00e4?<\/a><\/h3>\n<h3><a href=\"\/fi\/tietoja-meista\/ihmiskaannokset\/\">Miksi ihmisten tarjoamat k\u00e4\u00e4nn\u00f6spalvelut ovat paras valintasi?<\/a><\/h3>\n<h3><a href=\"https:\/\/www.balticmedia.com\/fi\/maailmanlaajuiset-kaannospalvelut\/konekaannoksen-jalkieditointi\/\">K\u00e4\u00e4nn\u00e4 Googlen, Bingin, Microsoftin, Tilden tai Yandexin avulla ja tilaa editointi meilt\u00e4!<\/a><\/h3>\n<h3><a href=\"https:\/\/www.balticmedia.com\/fi\/hintatarjous\/\">Hintatarjoukset ilmaiseksi<\/a><\/h3>\n<h3><a href=\"https:\/\/www.balticmedia.com\/fi\/tietopyynto\/\">Pyyd\u00e4 tietoja<\/a><\/h3>\n<h3><a href=\"mailto:info@balticmedia.com\">S\u00e4hk\u00f6posti<\/a><\/h3>\n<\/div>\n<p><iframe loading=\"lazy\" title=\"YouTube video player\" src=\"https:\/\/www.youtube.com\/embed\/qnRm_Iucnvk\" width=\"600\" height=\"450\" frameborder=\"0\" allowfullscreen=\"allowfullscreen\"><\/iframe><\/p>\n<p><iframe loading=\"lazy\" src=\"https:\/\/www.google.com\/maps\/embed?pb=!4v1719847048570!6m8!1m7!1susVuy20gkGjcBmaVIyM1tg!2m2!1d56.95589232749178!2d24.11825722647918!3f65.23481351435547!4f22.439266543407925!5f0.4000000000000002\" width=\"600\" height=\"450\" frameborder=\"0\" scrolling=\"no\" allowfullscreen=\"allowfullscreen\" data-mce-fragment=\"1\"><\/iframe><\/p>\n<p><iframe loading=\"lazy\" src=\"https:\/\/www.google.com\/maps\/embed?pb=!1m18!1m12!1m3!1d2175.580314374421!2d24.118382899999997!3d56.955991399999995!2m3!1f0!2f0!3f0!3m2!1i1024!2i768!4f13.1!3m3!1m2!1s0x46eecfc496499589%3A0xf9a65f0181dc94ba!2zQmFsdGljIE1lZGlhIHR1bGtvanVtdSAvIHR1bGtvxaFhbmFzIEJpcm9qcyBSxKtnxIEgUHJvZmVzaW9uxIFsaSB0dWxrb2p1bWkg0JHRjtGA0L4g0L_QtdGA0LXQstC-0LTQvtCy!5e0!3m2!1sen!2slv!4v1719837228742!5m2!1sen!2slv\" width=\"600\" height=\"450\" frameborder=\"0\" marginwidth=\"0\" marginheight=\"0\" scrolling=\"yes\" align=\"left\" data-mce-fragment=\"1\"><\/iframe><\/p>\n<\/div>\n<p><!-- \/wp:paragraph --><\/p>\n<p>&nbsp;<\/p>\n<h2>K\u00e4\u00e4nn\u00f6syrityksill\u00e4 on t\u00e4rke\u00e4 rooli globalisaatiossa ja monikulttuurisessa viestinn\u00e4ss\u00e4<\/h2>\n<p>K\u00e4\u00e4nn\u00f6syrityksill\u00e4 on t\u00e4rke\u00e4 rooli globalisaatiossa ja monikulttuurisessa viestinn\u00e4ss\u00e4. K\u00e4\u00e4nn\u00f6syritykset mahdollistavat eri maista ja kulttuureista tulevien ihmisten ja organisaatioiden v\u00e4lisen tehokkaan viestinn\u00e4n ja auttavat n\u00e4in:<\/p>\n<p>Edist\u00e4\u00e4 kansainv\u00e4list\u00e4 kauppaa ja investointeja: K\u00e4\u00e4nn\u00f6syritykset auttavat yrityksi\u00e4 laajentamaan toimintaansa uusille markkinoille k\u00e4\u00e4nt\u00e4m\u00e4ll\u00e4 niiden tuotteet, palvelut ja markkinointimateriaalit kohdeasiakkaiden kielille. Ne auttavat yrityksi\u00e4 my\u00f6s viestim\u00e4\u00e4n tehokkaasti kansainv\u00e4listen kumppaneidensa ja toimittajiensa kanssa.<\/p>\n<p>Edist\u00e4v\u00e4t kulttuurivaihtoa ja ymm\u00e4rryst\u00e4: K\u00e4\u00e4nn\u00f6syritykset mahdollistavat sen, ett\u00e4 ihmiset voivat oppia tuntemaan ja arvostamaan eri yhteiskuntien kulttuuriperinteit\u00e4 ja -arvoja k\u00e4\u00e4nt\u00e4m\u00e4ll\u00e4 kirjallisuutta, elokuvia, musiikkia ja muita kulttuuriteoksia. Ne auttavat my\u00f6s edist\u00e4m\u00e4\u00e4n kansainv\u00e4list\u00e4 yhteisty\u00f6t\u00e4 ja diplomatiaa k\u00e4\u00e4nt\u00e4m\u00e4ll\u00e4 hallituksen asiakirjoja ja muuta t\u00e4rke\u00e4\u00e4 viestint\u00e4\u00e4.<\/p>\n<p>Tuetaan koulutusta ja tutkimusta: K\u00e4\u00e4nn\u00f6syritykset auttavat opiskelijoita ja tutkijoita p\u00e4\u00e4sem\u00e4\u00e4n k\u00e4siksi tietoon ja tietoon kaikkialta maailmasta k\u00e4\u00e4nt\u00e4m\u00e4ll\u00e4 akateemisia lehti\u00e4, oppikirjoja ja muuta tutkimusmateriaalia. Ne auttavat my\u00f6s levitt\u00e4m\u00e4\u00e4n tutkimustuloksia laajemmalle yleis\u00f6lle k\u00e4\u00e4nt\u00e4m\u00e4ll\u00e4 tieteellisi\u00e4 artikkeleita ja muita akateemisia julkaisuja.<\/p>\n<p>N\u00e4iden erityisten hy\u00f6tyjen lis\u00e4ksi k\u00e4\u00e4nn\u00f6syrityksill\u00e4 on my\u00f6s yleisempi rooli globalisaation ja monikulttuurisen viestinn\u00e4n edist\u00e4misess\u00e4, sill\u00e4 ne auttavat poistamaan kielimuurit ja edist\u00e4v\u00e4t eri kulttuureista tulevien ihmisten v\u00e4list\u00e4 ymm\u00e4rryst\u00e4 ja yhteisty\u00f6t\u00e4.<\/p>\n<p>&nbsp;<\/p>\n<p>&nbsp;<\/p>\n<p><!-- \/wp:paragraph --><\/p>\n<\/div>\n<\/div><\/div><\/div><\/div><\/div>","protected":false},"excerpt":{"rendered":"<p>Kansainv\u00e4liset verkkok\u00e4\u00e4nn\u00f6spalvelut Pohjois-Euroopassa | Tukholma ja Riika Baltic Media\u00ae Ltd Dzirnavu iela 57a, Regus Business Centre, 2nd floor LV-1010 R\u012bga Latvia\/Lettonie \u2022\u00a0\u00a0+37167224327\u00a0 \u2022\u00a0\u00a0+37167224328 \u2022\u00a0\u00a0+37126404054\u00a0\u00a0\u00a0 \u2022 \u00a0WhatsApp \u2022 \u00a0info@balticmedia.com K\u00e4\u00e4nn\u00f6stoimisto Baltic Media\u00ae Pohjois-Euroopassa Pohjoismaalais-baltialainen k\u00e4\u00e4nn\u00f6stoimisto Baltic Media\u00ae on Pohjois-Euroopan johtava digitaalisten k\u00e4\u00e4nn\u00f6spalvelujen tarjoaja, joka erikoistuu pohjoiseurooppalaisiin kieliin (mukaan lukien pohjoismaiset, baltialaiset ja slaavilaiset kielet) ja p\u00e4\u00e4asiassa [&hellip;]<\/p>\n","protected":false},"author":2,"featured_media":129941,"parent":0,"menu_order":0,"comment_status":"closed","ping_status":"closed","template":"","meta":{"ocean_post_layout":"","ocean_both_sidebars_style":"","ocean_both_sidebars_content_width":0,"ocean_both_sidebars_sidebars_width":0,"ocean_sidebar":"0","ocean_second_sidebar":"0","ocean_disable_margins":"enable","ocean_add_body_class":"","ocean_shortcode_before_top_bar":"","ocean_shortcode_after_top_bar":"","ocean_shortcode_before_header":"","ocean_shortcode_after_header":"","ocean_has_shortcode":"","ocean_shortcode_after_title":"","ocean_shortcode_before_footer_widgets":"","ocean_shortcode_after_footer_widgets":"","ocean_shortcode_before_footer_bottom":"","ocean_shortcode_after_footer_bottom":"","ocean_display_top_bar":"default","ocean_display_header":"default","ocean_header_style":"","ocean_center_header_left_menu":"0","ocean_custom_header_template":"0","ocean_custom_logo":0,"ocean_custom_retina_logo":0,"ocean_custom_logo_max_width":0,"ocean_custom_logo_tablet_max_width":0,"ocean_custom_logo_mobile_max_width":0,"ocean_custom_logo_max_height":0,"ocean_custom_logo_tablet_max_height":0,"ocean_custom_logo_mobile_max_height":0,"ocean_header_custom_menu":"0","ocean_menu_typo_font_family":"0","ocean_menu_typo_font_subset":"","ocean_menu_typo_font_size":0,"ocean_menu_typo_font_size_tablet":0,"ocean_menu_typo_font_size_mobile":0,"ocean_menu_typo_font_size_unit":"px","ocean_menu_typo_font_weight":"","ocean_menu_typo_font_weight_tablet":"","ocean_menu_typo_font_weight_mobile":"","ocean_menu_typo_transform":"","ocean_menu_typo_transform_tablet":"","ocean_menu_typo_transform_mobile":"","ocean_menu_typo_line_height":0,"ocean_menu_typo_line_height_tablet":0,"ocean_menu_typo_line_height_mobile":0,"ocean_menu_typo_line_height_unit":"","ocean_menu_typo_spacing":0,"ocean_menu_typo_spacing_tablet":0,"ocean_menu_typo_spacing_mobile":0,"ocean_menu_typo_spacing_unit":"","ocean_menu_link_color":"","ocean_menu_link_color_hover":"","ocean_menu_link_color_active":"","ocean_menu_link_background":"","ocean_menu_link_hover_background":"","ocean_menu_link_active_background":"","ocean_menu_social_links_bg":"","ocean_menu_social_hover_links_bg":"","ocean_menu_social_links_color":"","ocean_menu_social_hover_links_color":"","ocean_disable_title":"default","ocean_disable_heading":"default","ocean_post_title":"","ocean_post_subheading":"","ocean_post_title_style":"","ocean_post_title_background_color":"","ocean_post_title_background":0,"ocean_post_title_bg_image_position":"","ocean_post_title_bg_image_attachment":"","ocean_post_title_bg_image_repeat":"","ocean_post_title_bg_image_size":"","ocean_post_title_height":0,"ocean_post_title_bg_overlay":0.5,"ocean_post_title_bg_overlay_color":"","ocean_disable_breadcrumbs":"default","ocean_breadcrumbs_color":"","ocean_breadcrumbs_separator_color":"","ocean_breadcrumbs_links_color":"","ocean_breadcrumbs_links_hover_color":"","ocean_display_footer_widgets":"default","ocean_display_footer_bottom":"default","ocean_custom_footer_template":"0","ofc_meta_disable_footer_callout":"","ofc_meta_callout_button_url":"","ofc_meta_callout_button_txt":"","ofc_meta_callout_text":"","osh_disable_topbar_sticky":"default","osh_disable_header_sticky":"default","osh_sticky_header_style":"default","osh_sticky_header_effect":"","osh_custom_sticky_logo":0,"osh_custom_retina_sticky_logo":0,"osh_custom_sticky_logo_height":0,"osh_background_color":"","osh_links_color":"","osh_links_hover_color":"","osh_links_active_color":"","osh_links_bg_color":"","osh_links_hover_bg_color":"","osh_links_active_bg_color":"","osh_menu_social_links_color":"","osh_menu_social_hover_links_color":"","footnotes":""},"class_list":["post-12060","page","type-page","status-publish","has-post-thumbnail","hentry","entry","has-media"],"jetpack_sharing_enabled":true,"jetpack_likes_enabled":true,"jetpack-related-posts":[],"jetpack_shortlink":"https:\/\/wp.me\/Pe7Cu3-38w","_links":{"self":[{"href":"https:\/\/www.balticmedia.com\/fi\/wp-json\/wp\/v2\/pages\/12060","targetHints":{"allow":["GET"]}}],"collection":[{"href":"https:\/\/www.balticmedia.com\/fi\/wp-json\/wp\/v2\/pages"}],"about":[{"href":"https:\/\/www.balticmedia.com\/fi\/wp-json\/wp\/v2\/types\/page"}],"author":[{"embeddable":true,"href":"https:\/\/www.balticmedia.com\/fi\/wp-json\/wp\/v2\/users\/2"}],"replies":[{"embeddable":true,"href":"https:\/\/www.balticmedia.com\/fi\/wp-json\/wp\/v2\/comments?post=12060"}],"version-history":[{"count":17,"href":"https:\/\/www.balticmedia.com\/fi\/wp-json\/wp\/v2\/pages\/12060\/revisions"}],"predecessor-version":[{"id":140675,"href":"https:\/\/www.balticmedia.com\/fi\/wp-json\/wp\/v2\/pages\/12060\/revisions\/140675"}],"wp:featuredmedia":[{"embeddable":true,"href":"https:\/\/www.balticmedia.com\/fi\/wp-json\/wp\/v2\/media\/129941"}],"wp:attachment":[{"href":"https:\/\/www.balticmedia.com\/fi\/wp-json\/wp\/v2\/media?parent=12060"}],"curies":[{"name":"wp","href":"https:\/\/api.w.org\/{rel}","templated":true}]}}