{"id":11019,"date":"2021-02-03T14:13:04","date_gmt":"2021-02-03T12:13:04","guid":{"rendered":"https:\/\/wp.balticmedia.dev.telia.lv\/client-satisfactory-survey\/"},"modified":"2023-04-28T20:11:21","modified_gmt":"2023-04-28T17:11:21","slug":"suosituslomake","status":"publish","type":"page","link":"https:\/\/www.balticmedia.com\/fi\/hinta\/suosituslomake\/","title":{"rendered":"Asiakastyytyv\u00e4isyyskysely"},"content":{"rendered":"<div id=\"pl-11019\"  class=\"panel-layout\" ><div id=\"pg-11019-0\"  class=\"panel-grid panel-no-style\" ><div id=\"pgc-11019-0-0\"  class=\"panel-grid-cell\" ><div id=\"panel-11019-0-0-0\" class=\"so-panel widget widget_sow-image panel-first-child panel-last-child widgetopts-SO\" data-index=\"0\" ><div\n\t\t\t\n\t\t\tclass=\"so-widget-sow-image so-widget-sow-image-default-8b5b6f678277-11019\"\n\t\t\t\n\t\t>\n<div class=\"sow-image-container\">\n\t\t<img loading=\"lazy\" decoding=\"async\" src=\"https:\/\/i0.wp.com\/www.balticmedia.com\/wp-content\/uploads\/5blog-scaled.jpg?fit=2560%2C549&amp;ssl=1\" width=\"2560\" height=\"549\" srcset=\"https:\/\/i0.wp.com\/www.balticmedia.com\/wp-content\/uploads\/5blog-scaled.jpg?w=2560&amp;ssl=1 2560w, https:\/\/i0.wp.com\/www.balticmedia.com\/wp-content\/uploads\/5blog-scaled.jpg?resize=300%2C64&amp;ssl=1 300w, https:\/\/i0.wp.com\/www.balticmedia.com\/wp-content\/uploads\/5blog-scaled.jpg?resize=1024%2C219&amp;ssl=1 1024w, https:\/\/i0.wp.com\/www.balticmedia.com\/wp-content\/uploads\/5blog-scaled.jpg?resize=768%2C165&amp;ssl=1 768w, https:\/\/i0.wp.com\/www.balticmedia.com\/wp-content\/uploads\/5blog-scaled.jpg?resize=1536%2C329&amp;ssl=1 1536w, https:\/\/i0.wp.com\/www.balticmedia.com\/wp-content\/uploads\/5blog-scaled.jpg?resize=2048%2C439&amp;ssl=1 2048w, https:\/\/i0.wp.com\/www.balticmedia.com\/wp-content\/uploads\/5blog-scaled.jpg?w=2400&amp;ssl=1 2400w\" title=\"5blog\" alt=\"\" class=\"so-widget-image\">\n\t<\/div>\n\n<\/div><\/div><\/div><\/div><div id=\"pg-11019-1\"  class=\"panel-grid panel-no-style\" ><div id=\"pgc-11019-1-0\"  class=\"panel-grid-cell\" ><div id=\"panel-11019-1-0-0\" class=\"so-panel widget widget_sow-editor panel-first-child extendedwopts-hide extendedwopts-tablet extendedwopts-mobile widgetopts-SO\" data-index=\"1\" ><div\n\t\t\t\n\t\t\tclass=\"so-widget-sow-editor so-widget-sow-editor-base\"\n\t\t\t\n\t\t>\n<div class=\"siteorigin-widget-tinymce textwidget\">\n\t<pre><form aria-label=\"Search this website\" role=\"search\" method=\"get\" class=\"oceanwp-searchform\" id=\"searchform\" action=\"https:\/\/www.balticmedia.com\/fi\/\"><input aria-label=\"Insert search query\" type=\"text\" class=\"field\" name=\"s\" id=\"s\" placeholder=\"Search\"><button aria-label=\"Submit your search\" type=\"submit\" class=\"search-submit\" value=\"\"><i class=\"icon-magnifier\" aria-hidden=\"true\"><\/i><\/button><\/form><\/pre>\n<\/div>\n<\/div><\/div><div id=\"panel-11019-1-0-1\" class=\"so-panel widget widget_ocean_custom_menu widget-oceanwp-custom-menu custom-menu-widget extendedwopts-hide extendedwopts-tablet extendedwopts-mobile widgetopts-SO\" data-index=\"2\" ><div class=\"oceanwp-custom-menu clr ocean_custom_menu-2 left dropdown-hover\"><ul id=\"menu-prices-fi\" class=\"dropdown-menu sf-menu\"><li  id=\"menu-item-49448\" class=\"menu-item menu-item-type-post_type menu-item-object-page menu-item-49448\"><a href=\"https:\/\/www.balticmedia.com\/fi\/hinta\/\" class=\"menu-link\">K\u00e4\u00e4nn\u00f6ksen hinta<\/a><\/li>\n<li  id=\"menu-item-49453\" class=\"menu-item menu-item-type-post_type menu-item-object-page menu-item-49453\"><a href=\"https:\/\/www.balticmedia.com\/fi\/hinta\/kaannosten-hinnat\/\" class=\"menu-link\">K\u00e4\u00e4nn\u00f6sten hinnat<\/a><\/li>\n<li  id=\"menu-item-49454\" class=\"menu-item menu-item-type-post_type menu-item-object-page menu-item-49454\"><a href=\"https:\/\/www.balticmedia.com\/fi\/hinta\/miten-valita-kaannostoimisto\/\" class=\"menu-link\">Miten valita k\u00e4\u00e4nn\u00f6stoimisto<\/a><\/li>\n<li  id=\"menu-item-49452\" class=\"menu-item menu-item-type-post_type menu-item-object-page menu-item-49452\"><a href=\"https:\/\/www.balticmedia.com\/fi\/hinta\/kielen-kaannospalvelun-laatu\/\" class=\"menu-link\">K\u00e4\u00e4nn\u00f6sten laatu ISO 9001:2015 -laatusertifiointi<\/a><\/li>\n<li  id=\"menu-item-49451\" class=\"menu-item menu-item-type-post_type menu-item-object-page menu-item-49451\"><a href=\"https:\/\/www.balticmedia.com\/fi\/hinta\/asiakkaamme\/\" class=\"menu-link\">Asiakkaamme<\/a><\/li>\n<li  id=\"menu-item-49449\" class=\"menu-item menu-item-type-post_type menu-item-object-page menu-item-49449\"><a href=\"https:\/\/www.balticmedia.com\/fi\/hinta\/asiakasreferenssit\/\" class=\"menu-link\">Asiakasreferenssit<\/a><\/li>\n<li  id=\"menu-item-49450\" class=\"menu-item menu-item-type-post_type menu-item-object-page menu-item-49450\"><a href=\"https:\/\/www.balticmedia.com\/fi\/hinta\/suosituslomake\/\" class=\"menu-link\">Asiakastyytyv\u00e4isyyskysely<\/a><\/li>\n<li  id=\"menu-item-101245\" class=\"menu-item menu-item-type-post_type menu-item-object-page menu-item-101245\"><a href=\"https:\/\/www.balticmedia.com\/fi\/sivustokartta\/\" class=\"menu-link\">Sivustokartta<\/a><\/li>\n<li  id=\"menu-item-133071\" class=\"menu-item menu-item-type-post_type menu-item-object-page menu-item-133071\"><a href=\"https:\/\/www.balticmedia.com\/fi\/kirjallisuuden-kaannospalvelut\/\" class=\"menu-link\">Kirjallisuuden k\u00e4\u00e4nn\u00f6spalvelut<\/a><\/li>\n<\/ul><\/div><\/div><div id=\"panel-11019-1-0-2\" class=\"so-panel widget widget_ocean_custom_menu widget-oceanwp-custom-menu custom-menu-widget panel-last-child extendedwopts-hide extendedwopts-tablet extendedwopts-mobile widgetopts-SO\" data-index=\"3\" ><div class=\"oceanwp-custom-menu clr ocean_custom_menu-2 left dropdown-hover\"><ul id=\"menu-yhteistyokumppanit\" class=\"dropdown-menu sf-menu\"><li  id=\"menu-item-14895\" class=\"menu-item menu-item-type-custom menu-item-object-custom menu-item-14895\"><a target=\"_blank\" href=\"https:\/\/balticmedia.s.xtrf.eu\/vendors\/#\/sign-in\" class=\"menu-link\" rel=\"nofollow noopener\"><i class=\"icon before line-icon icon-briefcase\" aria-hidden=\"true\" style=\"font-size:2em;\"><\/i><span class=\"menu-text\">Kumppaniportaali<\/span><\/a><\/li>\n<li  id=\"menu-item-14896\" class=\"menu-item menu-item-type-custom menu-item-object-custom menu-item-14896\"><a target=\"_blank\" href=\"https:\/\/www.balticmedia.com\/wp-content\/uploads\/11-Reasons-to-Choose-Baltic-Media-2026.pdf\" class=\"menu-link\"><i class=\"icon before line-icon icon-people\" aria-hidden=\"true\" style=\"font-size:2em;\"><\/i><span class=\"menu-text\">Yritysprofiili<\/span><\/a><\/li>\n<li  id=\"menu-item-14897\" class=\"menu-item menu-item-type-custom menu-item-object-custom menu-item-14897\"><a target=\"_blank\" href=\"https:\/\/www.balticmedia.com\/wp-content\/uploads\/kaannostoimisto-fi.pdf\" class=\"menu-link\"><i class=\"icon before line-icon icon-organization\" aria-hidden=\"true\" style=\"font-size:2em;\"><\/i><span class=\"menu-text\">K\u00e4\u00e4nn\u00f6ksen, lokalisoinnin ja luovan k\u00e4\u00e4nn\u00f6ksen prosessi<\/span><\/a><\/li>\n<li  id=\"menu-item-14898\" class=\"menu-item menu-item-type-custom menu-item-object-custom menu-item-14898\"><a target=\"_blank\" href=\"https:\/\/www.balticmedia.com\/wp-content\/uploads\/Baltic-Media-Ltd.-Service-Terms-and-Conditions.pdf\" class=\"menu-link\"><i class=\"icon before line-icon icon-docs\" aria-hidden=\"true\" style=\"font-size:2em;\"><\/i><span class=\"menu-text\">Palveluehdot (EN)<\/span><\/a><\/li>\n<li  id=\"menu-item-14899\" class=\"menu-item menu-item-type-custom menu-item-object-custom menu-item-14899\"><a target=\"_blank\" href=\"https:\/\/www.balticmedia.com\/wp-content\/uploads\/iSO-certificate-2023.png\" class=\"menu-link\"><i class=\"icon before line-icon icon-doc\" aria-hidden=\"true\" style=\"font-size:2em;\"><\/i><span class=\"menu-text\">ISO 9001:2015 Quality Certification<\/span><\/a><\/li>\n<li  id=\"menu-item-14900\" class=\"menu-item menu-item-type-custom menu-item-object-custom menu-item-14900\"><a target=\"_blank\" href=\"https:\/\/www.balticmedia.com\/wp-content\/uploads\/362531_copyrighttrademarkbalticmedia.pdf\" class=\"menu-link\"><i class=\"icon before line-icon icon-info\" aria-hidden=\"true\" style=\"font-size:2em;\"><\/i><span class=\"menu-text\">Copyright | Trademark Baltic Media<sup>\u00ae<\/sup><\/span><\/a><\/li>\n<\/ul><\/div><\/div><\/div><div id=\"pgc-11019-1-1\"  class=\"panel-grid-cell\" ><div id=\"panel-11019-1-1-0\" class=\"so-panel widget widget_sow-editor panel-first-child widgetopts-SO\" data-index=\"4\" ><div\n\t\t\t\n\t\t\tclass=\"so-widget-sow-editor so-widget-sow-editor-base\"\n\t\t\t\n\t\t>\n<div class=\"siteorigin-widget-tinymce textwidget\">\n\t<div class=\"formatedtext\">\n<h1><span data-sheets-value=\"{&quot;1&quot;:2,&quot;2&quot;:&quot;Asiakastyytyv\u00e4isyyskysely&quot;}\" data-sheets-userformat=\"{&quot;2&quot;:29571,&quot;3&quot;:{&quot;1&quot;:0},&quot;4&quot;:{&quot;1&quot;:2,&quot;2&quot;:11982760},&quot;10&quot;:1,&quot;11&quot;:4,&quot;12&quot;:0,&quot;15&quot;:&quot;Open Sans&quot;,&quot;16&quot;:10,&quot;17&quot;:1}\">Asiakastyytyv\u00e4isyyskysely<\/span><\/h1>\n<h3>Mielipiteesi<\/h3>\n<p>Hyv\u00e4 asiakas,<br \/>\nHaluamme tiet\u00e4\u00e4, kuinka tyytyv\u00e4inen olet palveluihimme, sill\u00e4 pyrimme jatkuvasti parantamaan palveluidemme laatua. Olisimme siis kiitollisia, jos voisit vastata muutamaan kysymykseen.<\/p>\n<\/div>\n<\/div>\n<\/div><\/div><div id=\"panel-11019-1-1-1\" class=\"so-panel widget widget_wpforms-widget wpforms-widget widgetopts-SO\" data-index=\"5\" ><div class=\"wpforms-container wpforms-container-full wpforms-form-abandonment\" id=\"wpforms-115783\"><form id=\"wpforms-form-115783\" class=\"wpforms-validate wpforms-form\" data-formid=\"115783\" method=\"post\" enctype=\"multipart\/form-data\" action=\"\/fi\/wp-json\/wp\/v2\/pages\/11019\" data-token=\"640bdf061bdfb5a4e4aa70e8f3768917\" data-token-time=\"1776230890\"><noscript class=\"wpforms-error-noscript\">Please enable JavaScript in your browser to complete this form.<\/noscript><div class=\"wpforms-field-container\"><div id=\"wpforms-115783-field_4-container\" class=\"wpforms-field wpforms-field-textarea\" data-field-id=\"4\"><label class=\"wpforms-field-label\" for=\"wpforms-115783-field_4\">Kommenttejasi yhti\u00f6st\u00e4, palveluista, ty\u00f6ntekij\u00f6ist\u00e4, k\u00e4\u00e4nt\u00e4jist\u00e4, oikolukijoista, parannusehdotuksia: <span class=\"wpforms-required-label\">*<\/span><\/label><textarea id=\"wpforms-115783-field_4\" class=\"wpforms-field-medium wpforms-field-required wpforms-limit-words-enabled\" data-form-id=\"115783\" data-field-id=\"4\" data-text-limit=\"100\" name=\"wpforms[fields][4]\" required><\/textarea><\/div><div id=\"wpforms-115783-field_6-container\" class=\"wpforms-field wpforms-field-radio\" data-field-id=\"6\"><label class=\"wpforms-field-label\">Miten kuulit meist\u00e4?<\/label><ul id=\"wpforms-115783-field_6\"><li class=\"choice-1 depth-1\"><input type=\"radio\" id=\"wpforms-115783-field_6_1\" name=\"wpforms[fields][6]\" value=\"Hakemistopalvelun kautta\"  ><label class=\"wpforms-field-label-inline\" for=\"wpforms-115783-field_6_1\">Hakemistopalvelun kautta<\/label><\/li><li class=\"choice-2 depth-1\"><input type=\"radio\" id=\"wpforms-115783-field_6_2\" name=\"wpforms[fields][6]\" value=\"Hakemistopalvelun verkkosivuston kautta\"  ><label class=\"wpforms-field-label-inline\" for=\"wpforms-115783-field_6_2\">Hakemistopalvelun verkkosivuston kautta<\/label><\/li><li class=\"choice-3 depth-1\"><input type=\"radio\" id=\"wpforms-115783-field_6_3\" name=\"wpforms[fields][6]\" value=\"Internet-haun kautta\"  ><label class=\"wpforms-field-label-inline\" for=\"wpforms-115783-field_6_3\">Internet-haun kautta<\/label><\/li><li class=\"choice-4 depth-1\"><input type=\"radio\" id=\"wpforms-115783-field_6_4\" name=\"wpforms[fields][6]\" value=\"Sain suosittelun\"  ><label class=\"wpforms-field-label-inline\" for=\"wpforms-115783-field_6_4\">Sain suosittelun<\/label><\/li><li class=\"choice-5 depth-1\"><input type=\"radio\" id=\"wpforms-115783-field_6_5\" name=\"wpforms[fields][6]\" value=\"Muutoin, miten\"  ><label class=\"wpforms-field-label-inline\" for=\"wpforms-115783-field_6_5\">Muutoin, miten<\/label><\/li><\/ul><\/div><div id=\"wpforms-115783-field_13-container\" class=\"wpforms-field wpforms-field-name wpforms-one-half wpforms-mobile-full\" data-field-id=\"13\"><label class=\"wpforms-field-label\">Nimi <span class=\"wpforms-required-label\">*<\/span><\/label><div class=\"wpforms-field-row wpforms-field-large\"><div class=\"wpforms-field-row-block wpforms-first wpforms-one-half\"><input type=\"text\" id=\"wpforms-115783-field_13\" class=\"wpforms-field-name-first wpforms-field-required\" name=\"wpforms[fields][13][first]\" required><label for=\"wpforms-115783-field_13\" class=\"wpforms-field-sublabel after\">Sukunimi<\/label><\/div><div class=\"wpforms-field-row-block wpforms-one-half\"><input type=\"text\" id=\"wpforms-115783-field_13-last\" class=\"wpforms-field-name-last wpforms-field-required\" name=\"wpforms[fields][13][last]\" required><label for=\"wpforms-115783-field_13-last\" class=\"wpforms-field-sublabel after\">Etunimi<\/label><\/div><\/div><\/div><div id=\"wpforms-115783-field_7-container\" class=\"wpforms-field wpforms-field-textarea\" data-field-id=\"7\"><label class=\"wpforms-field-label\" for=\"wpforms-115783-field_7\">Yrityksen nimi <span class=\"wpforms-required-label\">*<\/span><\/label><textarea id=\"wpforms-115783-field_7\" class=\"wpforms-field-small wpforms-field-required\" name=\"wpforms[fields][7]\" required><\/textarea><\/div><div id=\"wpforms-115783-field_8-container\" class=\"wpforms-field wpforms-field-textarea\" data-field-id=\"8\"><label class=\"wpforms-field-label\" for=\"wpforms-115783-field_8\">Jos muistat, kerro viel\u00e4 projektin numero, nimi tai yhti\u00f6mme yhteyshenkil\u00f6n nimi: <span class=\"wpforms-required-label\">*<\/span><\/label><textarea id=\"wpforms-115783-field_8\" class=\"wpforms-field-small wpforms-field-required\" name=\"wpforms[fields][8]\" required><\/textarea><\/div><div id=\"wpforms-115783-field_14-container\" class=\"wpforms-field wpforms-field-email wpforms-one-half wpforms-mobile-full\" data-field-id=\"14\"><label class=\"wpforms-field-label\">S\u00e4hk\u00f6posti (valinnainen)<\/label><div class=\"wpforms-field-row wpforms-field-large\"><div class=\"wpforms-field-row-block wpforms-one-half wpforms-first\"><input type=\"email\" id=\"wpforms-115783-field_14\" class=\"wpforms-field-email-primary\" name=\"wpforms[fields][14][primary]\" spellcheck=\"false\" ><label for=\"wpforms-115783-field_14\" class=\"wpforms-field-sublabel after\">S\u00e4hk\u00f6posti<\/label><\/div><div class=\"wpforms-field-row-block wpforms-one-half\"><input type=\"email\" id=\"wpforms-115783-field_14-secondary\" class=\"wpforms-field-email-secondary\" data-rule-confirm=\"#wpforms-115783-field_14\" name=\"wpforms[fields][14][secondary]\" spellcheck=\"false\" ><label for=\"wpforms-115783-field_14-secondary\" class=\"wpforms-field-sublabel after\">Vahvista s\u00e4hk\u00f6posti<\/label><\/div><\/div><\/div><div id=\"wpforms-115783-field_15-container\" class=\"wpforms-field wpforms-field-phone\" data-field-id=\"15\"><label class=\"wpforms-field-label\" for=\"wpforms-115783-field_15\">Puhelinnumero (valinnainen)<\/label><input type=\"tel\" id=\"wpforms-115783-field_15\" class=\"wpforms-field-medium\" data-rule-int-phone-field=\"true\" name=\"wpforms[fields][15]\" aria-label=\"Puhelinnumero (valinnainen)\" ><\/div><div id=\"wpforms-115783-field_12-container\" class=\"wpforms-field wpforms-field-gdpr-checkbox\" data-field-id=\"12\"><label class=\"wpforms-field-label\">GDPR-sopimus <span class=\"wpforms-required-label\">*<\/span><\/label><ul id=\"wpforms-115783-field_12\" class=\"wpforms-field-required\"><li class=\"choice-1\"><input type=\"checkbox\" id=\"wpforms-115783-field_12_1\" name=\"wpforms[fields][12][]\" value=\"Hyv\u00e4ksyn, ett\u00e4 tietoni tallennetaan, jotta minuun voidaan olla yhteydess\u00e4 kysymykseeni liittyen.\" required ><label class=\"wpforms-field-label-inline\" for=\"wpforms-115783-field_12_1\">Hyv\u00e4ksyn, ett\u00e4 tietoni tallennetaan, jotta minuun voidaan olla yhteydess\u00e4 kysymykseeni liittyen.<\/label><\/li><\/ul><\/div><\/div><!-- .wpforms-field-container --><div class=\"wpforms-recaptcha-container wpforms-is-turnstile\" ><div class=\"wpforms-turnstile\" data-sitekey=\"0x4AAAAAABB9jaEWBL2owUf6\" data-action=\"FormID-115783\"><\/div><input type=\"text\" name=\"g-recaptcha-hidden\" class=\"wpforms-recaptcha-hidden\" style=\"position:absolute!important;clip:rect(0,0,0,0)!important;height:1px!important;width:1px!important;border:0!important;overflow:hidden!important;padding:0!important;margin:0!important;\" data-rule-turnstile=\"1\"><\/div><div class=\"wpforms-submit-container\" ><input type=\"hidden\" name=\"wpforms[id]\" value=\"115783\"><input type=\"hidden\" name=\"page_title\" value=\"\"><input type=\"hidden\" name=\"page_url\" value=\"https:\/\/www.balticmedia.com\/fi\/wp-json\/wp\/v2\/pages\/11019\"><input type=\"hidden\" name=\"url_referer\" value=\"\"><button type=\"submit\" name=\"wpforms[submit]\" id=\"wpforms-submit-115783\" class=\"wpforms-submit\" data-alt-text=\"L\u00e4hetet\u00e4\u00e4n...\" data-submit-text=\"L\u00e4het\u00e4\" aria-live=\"assertive\" value=\"wpforms-submit\">L\u00e4het\u00e4<\/button><\/div><\/form><\/div>  <!-- .wpforms-container --><\/div><div id=\"panel-11019-1-1-2\" class=\"so-panel widget widget_sow-editor panel-last-child widgetopts-SO\" data-index=\"6\" ><div\n\t\t\t\n\t\t\tclass=\"so-widget-sow-editor so-widget-sow-editor-base\"\n\t\t\t\n\t\t>\n<div class=\"siteorigin-widget-tinymce textwidget\">\n\t<p>Kiitos vastauksista!<\/p>\n<\/div>\n<\/div><\/div><\/div><\/div><\/div>","protected":false},"excerpt":{"rendered":"<p>Asiakastyytyv\u00e4isyyskysely Mielipiteesi Hyv\u00e4 asiakas, Haluamme tiet\u00e4\u00e4, kuinka tyytyv\u00e4inen olet palveluihimme, sill\u00e4 pyrimme jatkuvasti parantamaan palveluidemme laatua. Olisimme siis kiitollisia, jos voisit vastata muutamaan kysymykseen. Kiitos vastauksista!<\/p>\n","protected":false},"author":2,"featured_media":0,"parent":16180,"menu_order":0,"comment_status":"closed","ping_status":"closed","template":"","meta":{"ocean_post_layout":"","ocean_both_sidebars_style":"","ocean_both_sidebars_content_width":0,"ocean_both_sidebars_sidebars_width":0,"ocean_sidebar":"0","ocean_second_sidebar":"0","ocean_disable_margins":"enable","ocean_add_body_class":"","ocean_shortcode_before_top_bar":"","ocean_shortcode_after_top_bar":"","ocean_shortcode_before_header":"","ocean_shortcode_after_header":"","ocean_has_shortcode":"","ocean_shortcode_after_title":"","ocean_shortcode_before_footer_widgets":"","ocean_shortcode_after_footer_widgets":"","ocean_shortcode_before_footer_bottom":"","ocean_shortcode_after_footer_bottom":"","ocean_display_top_bar":"default","ocean_display_header":"default","ocean_header_style":"","ocean_center_header_left_menu":"0","ocean_custom_header_template":"0","ocean_custom_logo":0,"ocean_custom_retina_logo":0,"ocean_custom_logo_max_width":0,"ocean_custom_logo_tablet_max_width":0,"ocean_custom_logo_mobile_max_width":0,"ocean_custom_logo_max_height":0,"ocean_custom_logo_tablet_max_height":0,"ocean_custom_logo_mobile_max_height":0,"ocean_header_custom_menu":"0","ocean_menu_typo_font_family":"0","ocean_menu_typo_font_subset":"","ocean_menu_typo_font_size":0,"ocean_menu_typo_font_size_tablet":0,"ocean_menu_typo_font_size_mobile":0,"ocean_menu_typo_font_size_unit":"px","ocean_menu_typo_font_weight":"","ocean_menu_typo_font_weight_tablet":"","ocean_menu_typo_font_weight_mobile":"","ocean_menu_typo_transform":"","ocean_menu_typo_transform_tablet":"","ocean_menu_typo_transform_mobile":"","ocean_menu_typo_line_height":0,"ocean_menu_typo_line_height_tablet":0,"ocean_menu_typo_line_height_mobile":0,"ocean_menu_typo_line_height_unit":"","ocean_menu_typo_spacing":0,"ocean_menu_typo_spacing_tablet":0,"ocean_menu_typo_spacing_mobile":0,"ocean_menu_typo_spacing_unit":"","ocean_menu_link_color":"","ocean_menu_link_color_hover":"","ocean_menu_link_color_active":"","ocean_menu_link_background":"","ocean_menu_link_hover_background":"","ocean_menu_link_active_background":"","ocean_menu_social_links_bg":"","ocean_menu_social_hover_links_bg":"","ocean_menu_social_links_color":"","ocean_menu_social_hover_links_color":"","ocean_disable_title":"default","ocean_disable_heading":"default","ocean_post_title":"","ocean_post_subheading":"","ocean_post_title_style":"","ocean_post_title_background_color":"","ocean_post_title_background":0,"ocean_post_title_bg_image_position":"","ocean_post_title_bg_image_attachment":"","ocean_post_title_bg_image_repeat":"","ocean_post_title_bg_image_size":"","ocean_post_title_height":0,"ocean_post_title_bg_overlay":0.5,"ocean_post_title_bg_overlay_color":"","ocean_disable_breadcrumbs":"default","ocean_breadcrumbs_color":"","ocean_breadcrumbs_separator_color":"","ocean_breadcrumbs_links_color":"","ocean_breadcrumbs_links_hover_color":"","ocean_display_footer_widgets":"default","ocean_display_footer_bottom":"default","ocean_custom_footer_template":"0","ofc_meta_disable_footer_callout":"","ofc_meta_callout_button_url":"","ofc_meta_callout_button_txt":"","ofc_meta_callout_text":"","osh_disable_topbar_sticky":"default","osh_disable_header_sticky":"default","osh_sticky_header_style":"default","osh_sticky_header_effect":"","osh_custom_sticky_logo":0,"osh_custom_retina_sticky_logo":0,"osh_custom_sticky_logo_height":0,"osh_background_color":"","osh_links_color":"","osh_links_hover_color":"","osh_links_active_color":"","osh_links_bg_color":"","osh_links_hover_bg_color":"","osh_links_active_bg_color":"","osh_menu_social_links_color":"","osh_menu_social_hover_links_color":"","footnotes":""},"class_list":["post-11019","page","type-page","status-publish","hentry","entry"],"jetpack_sharing_enabled":true,"jetpack_likes_enabled":true,"jetpack-related-posts":[],"jetpack_shortlink":"https:\/\/wp.me\/Pe7Cu3-2RJ","_links":{"self":[{"href":"https:\/\/www.balticmedia.com\/fi\/wp-json\/wp\/v2\/pages\/11019","targetHints":{"allow":["GET"]}}],"collection":[{"href":"https:\/\/www.balticmedia.com\/fi\/wp-json\/wp\/v2\/pages"}],"about":[{"href":"https:\/\/www.balticmedia.com\/fi\/wp-json\/wp\/v2\/types\/page"}],"author":[{"embeddable":true,"href":"https:\/\/www.balticmedia.com\/fi\/wp-json\/wp\/v2\/users\/2"}],"replies":[{"embeddable":true,"href":"https:\/\/www.balticmedia.com\/fi\/wp-json\/wp\/v2\/comments?post=11019"}],"version-history":[{"count":5,"href":"https:\/\/www.balticmedia.com\/fi\/wp-json\/wp\/v2\/pages\/11019\/revisions"}],"predecessor-version":[{"id":116187,"href":"https:\/\/www.balticmedia.com\/fi\/wp-json\/wp\/v2\/pages\/11019\/revisions\/116187"}],"up":[{"embeddable":true,"href":"https:\/\/www.balticmedia.com\/fi\/wp-json\/wp\/v2\/pages\/16180"}],"wp:attachment":[{"href":"https:\/\/www.balticmedia.com\/fi\/wp-json\/wp\/v2\/media?parent=11019"}],"curies":[{"name":"wp","href":"https:\/\/api.w.org\/{rel}","templated":true}]}}