{"id":91417,"date":"2021-02-03T12:12:31","date_gmt":"2021-02-03T10:12:31","guid":{"rendered":"https:\/\/www.balticmedia.com\/tolketood\/online-language-teaching-jobs\/"},"modified":"2025-02-14T22:11:42","modified_gmt":"2025-02-14T20:11:42","slug":"keeleopetaja-online-keeleopetuse-tookohad","status":"publish","type":"page","link":"https:\/\/www.balticmedia.com\/et\/tolketood\/keeleopetaja-online-keeleopetuse-tookohad\/","title":{"rendered":"Keele\u00f5petaja | Online keele\u00f5petuse t\u00f6\u00f6kohad"},"content":{"rendered":"<div id=\"pl-91417\"  class=\"panel-layout\" ><div id=\"pg-91417-0\"  class=\"panel-grid panel-no-style\" ><div id=\"pgc-91417-0-0\"  class=\"panel-grid-cell\" ><div id=\"panel-91417-0-0-0\" class=\"so-panel widget widget_sow-image panel-first-child panel-last-child widgetopts-SO\" data-index=\"0\" ><div\n\t\t\t\n\t\t\tclass=\"so-widget-sow-image so-widget-sow-image-default-8b5b6f678277-91417\"\n\t\t\t\n\t\t>\n<div class=\"sow-image-container\">\n\t\t<img src=\"https:\/\/i0.wp.com\/www.balticmedia.com\/wp-content\/uploads\/4price_and_quality-scaled-1.jpg?fit=2560%2C549&amp;ssl=1\" width=\"2560\" height=\"549\" srcset=\"https:\/\/i0.wp.com\/www.balticmedia.com\/wp-content\/uploads\/4price_and_quality-scaled-1.jpg?w=2560&amp;ssl=1 2560w, https:\/\/i0.wp.com\/www.balticmedia.com\/wp-content\/uploads\/4price_and_quality-scaled-1.jpg?resize=300%2C64&amp;ssl=1 300w, https:\/\/i0.wp.com\/www.balticmedia.com\/wp-content\/uploads\/4price_and_quality-scaled-1.jpg?resize=1024%2C220&amp;ssl=1 1024w, https:\/\/i0.wp.com\/www.balticmedia.com\/wp-content\/uploads\/4price_and_quality-scaled-1.jpg?resize=768%2C165&amp;ssl=1 768w, https:\/\/i0.wp.com\/www.balticmedia.com\/wp-content\/uploads\/4price_and_quality-scaled-1.jpg?resize=1536%2C329&amp;ssl=1 1536w, https:\/\/i0.wp.com\/www.balticmedia.com\/wp-content\/uploads\/4price_and_quality-scaled-1.jpg?resize=2048%2C439&amp;ssl=1 2048w, https:\/\/i0.wp.com\/www.balticmedia.com\/wp-content\/uploads\/4price_and_quality-scaled-1.jpg?w=2400&amp;ssl=1 2400w\" title=\"Keele\u00f5petaja | Online keele\u00f5petuse t\u00f6\u00f6kohad\" alt=\"Keele\u00f5petaja | Online keele\u00f5petuse t\u00f6\u00f6kohad\" class=\"so-widget-image\">\n\t<\/div>\n\n<\/div><\/div><\/div><\/div><div id=\"pg-91417-1\"  class=\"panel-grid panel-no-style\" ><div id=\"pgc-91417-1-0\"  class=\"panel-grid-cell\" ><div id=\"panel-91417-1-0-0\" class=\"so-panel widget widget_sow-editor panel-first-child extendedwopts-hide extendedwopts-tablet extendedwopts-mobile widgetopts-SO\" data-index=\"1\" ><div\n\t\t\t\n\t\t\tclass=\"so-widget-sow-editor so-widget-sow-editor-base\"\n\t\t\t\n\t\t>\n<div class=\"siteorigin-widget-tinymce textwidget\">\n\t<pre><form aria-label=\"Search this website\" role=\"search\" method=\"get\" class=\"oceanwp-searchform\" id=\"searchform\" action=\"https:\/\/www.balticmedia.com\/et\/\"><input aria-label=\"Insert search query\" type=\"text\" class=\"field\" name=\"s\" id=\"s\" placeholder=\"Search\"><button aria-label=\"Submit your search\" type=\"submit\" class=\"search-submit\" value=\"\"><i class=\"icon-magnifier\" aria-hidden=\"true\"><\/i><\/button><\/form><\/pre>\n<\/div>\n<\/div><\/div><div id=\"panel-91417-1-0-1\" class=\"so-panel widget widget_ocean_custom_menu widget-oceanwp-custom-menu custom-menu-widget extendedwopts-hide extendedwopts-tablet extendedwopts-mobile widgetopts-SO\" data-index=\"2\" ><div class=\"oceanwp-custom-menu clr ocean_custom_menu-2 left dropdown-hover\"><ul id=\"menu-jobs-et\" class=\"dropdown-menu sf-menu\"><li  id=\"menu-item-49321\" class=\"menu-item menu-item-type-post_type menu-item-object-page menu-item-49321\"><a href=\"https:\/\/www.balticmedia.com\/et\/tolketood\/\" class=\"menu-link\">T\u00f5lket\u00f6\u00f6d<\/a><\/li>\n<li  id=\"menu-item-49322\" class=\"menu-item menu-item-type-post_type menu-item-object-page menu-item-49322\"><a href=\"https:\/\/www.balticmedia.com\/et\/tolketood\/konelejad-ja-pealelugemisspetsialistid\/\" class=\"menu-link\">K\u00f5nelejad ja pealelugemisspetsialistid<\/a><\/li>\n<li  id=\"menu-item-49323\" class=\"menu-item menu-item-type-post_type menu-item-object-page menu-item-49323\"><a href=\"https:\/\/www.balticmedia.com\/et\/tolketood\/registreerimise-vorm-tolketoo\/\" class=\"menu-link\">Registreerimise vorm | T\u00f5lkijate t\u00f6\u00f6<\/a><\/li>\n<li  id=\"menu-item-101236\" class=\"menu-item menu-item-type-post_type menu-item-object-page menu-item-101236\"><a href=\"https:\/\/www.balticmedia.com\/et\/saidikaart\/\" class=\"menu-link\">Saidikaart<\/a><\/li>\n<\/ul><\/div><\/div><div id=\"panel-91417-1-0-2\" class=\"so-panel widget widget_ocean_custom_menu widget-oceanwp-custom-menu custom-menu-widget panel-last-child extendedwopts-hide extendedwopts-tablet extendedwopts-mobile widgetopts-SO\" data-index=\"3\" ><div class=\"oceanwp-custom-menu clr ocean_custom_menu-2 left dropdown-hover\"><ul id=\"menu-partnerid-et\" class=\"dropdown-menu sf-menu\"><li  id=\"menu-item-14902\" class=\"menu-item menu-item-type-custom menu-item-object-custom menu-item-14902\"><a target=\"_blank\" href=\"https:\/\/balticmedia.s.xtrf.eu\/vendors\/#\/sign-in\" class=\"menu-link\" rel=\"nofollow noopener\"><i class=\"icon before line-icon icon-briefcase\" aria-hidden=\"true\" style=\"font-size:2em;\"><\/i><span class=\"menu-text\">Partneriportaal<\/span><\/a><\/li>\n<li  id=\"menu-item-14903\" class=\"menu-item menu-item-type-custom menu-item-object-custom menu-item-14903\"><a target=\"_blank\" href=\"https:\/\/www.balticmedia.com\/wp-content\/uploads\/11-Reasons-to-Choose-Baltic-Media-2026.pdf\" class=\"menu-link\"><i class=\"icon before line-icon icon-people\" aria-hidden=\"true\" style=\"font-size:2em;\"><\/i><span class=\"menu-text\">Firma profiil<\/span><\/a><\/li>\n<li  id=\"menu-item-14904\" class=\"menu-item menu-item-type-custom menu-item-object-custom menu-item-14904\"><a target=\"_blank\" href=\"https:\/\/www.balticmedia.com\/wp-content\/uploads\/tolkeburood-et.pdf\" class=\"menu-link\"><i class=\"icon before line-icon icon-organization\" aria-hidden=\"true\" style=\"font-size:2em;\"><\/i><span class=\"menu-text\">T\u00f5lkimine. Samm-sammult<\/span><\/a><\/li>\n<li  id=\"menu-item-14905\" class=\"menu-item menu-item-type-custom menu-item-object-custom menu-item-14905\"><a target=\"_blank\" href=\"https:\/\/www.balticmedia.com\/wp-content\/uploads\/Baltic-Media-Ltd.-Service-Terms-and-Conditions.pdf\" class=\"menu-link\"><i class=\"icon before line-icon icon-docs\" aria-hidden=\"true\" style=\"font-size:2em;\"><\/i><span class=\"menu-text\">Teenuse tingimused (EN)<\/span><\/a><\/li>\n<li  id=\"menu-item-14906\" class=\"menu-item menu-item-type-custom menu-item-object-custom menu-item-14906\"><a target=\"_blank\" href=\"https:\/\/www.balticmedia.com\/wp-content\/uploads\/iSO-certificate-2023.png\" class=\"menu-link\"><i class=\"icon before line-icon icon-doc\" aria-hidden=\"true\" style=\"font-size:2em;\"><\/i><span class=\"menu-text\">ISO 9001:2015 Quality Certification<\/span><\/a><\/li>\n<li  id=\"menu-item-14907\" class=\"menu-item menu-item-type-custom menu-item-object-custom menu-item-14907\"><a target=\"_blank\" href=\"https:\/\/www.balticmedia.com\/wp-content\/uploads\/362531_copyrighttrademarkbalticmedia.pdf\" class=\"menu-link\"><i class=\"icon before line-icon icon-info\" aria-hidden=\"true\" style=\"font-size:2em;\"><\/i><span class=\"menu-text\">Copyright | Trademark Baltic Media<sup>\u00ae<\/sup><\/span><\/a><\/li>\n<\/ul><\/div><\/div><\/div><div id=\"pgc-91417-1-1\"  class=\"panel-grid-cell\" ><div id=\"panel-91417-1-1-0\" class=\"so-panel widget widget_sow-editor panel-first-child widgetopts-SO\" data-index=\"4\" ><div\n\t\t\t\n\t\t\tclass=\"so-widget-sow-editor so-widget-sow-editor-base\"\n\t\t\t\n\t\t><h3 class=\"widget-title\">Keele\u00f5petaja | Online keele\u00f5petuse t\u00f6\u00f6kohad<\/h3>\n<div class=\"siteorigin-widget-tinymce textwidget\">\n\t<p><!-- wp:paragraph --><\/p>\n<div class=\"formatedtext\">\n<div class=\"formatedtext\">\n<div>\n<h1>Keele\u00f5petaja | Online keele\u00f5petuse t\u00f6\u00f6kohad<\/h1>\n<\/div>\n<div>\n<h2>Alustage uut karj\u00e4\u00e4ri v\u00f5i k\u00f5rvaltegevust, t\u00f6\u00f6tades kodus, kus iganes maailmas.<\/h2>\n<h3>T\u00f6\u00f6kohad online ja kohapeal inglise, eesti, soome, rootsi, hispaania, prantsuse, soome, leedu, taani, islandi, jaapani, vene, hiina, norra, l\u00e4ti ja teiste keelte \u00f5petajatele.<\/h3>\n<\/div>\n<p align=\"left\">Pakume v\u00f5imalust liituda Baltic Media<sup>\u00ae<\/sup> keele\u00f5ppekeskuse meeskonnaga ja v\u00f5tame praegu vastu avaldusi online keele\u00f5petajate kohta erinevates keeltes. Otsime pikaajaliseks koost\u00f6\u00f6ks online inglise, rootsi, jaapani, vene, hiina, norra, l\u00e4ti ja teiste keelte \u00f5petajaid.<\/p>\n<p align=\"left\">Baltic Media Ltd. on ISO-sertifitseeritud keeleteenuste agentuur, mis on spetsialiseerunud k\u00f5ikidele P\u00f5hjamaade ja Baltimaade keeltele. Baltic Media Ltd. asutati 1991. aastal Rootsis ja tegutseb Baltikumis alates 1994. aastast ning on \u00fcks juhtivaid ettev\u00f5tteid kvaliteetsete keeleteenuste pakkumisel.<\/p>\n<\/div>\n<\/div>\n<\/div>\n<\/div><\/div><div id=\"panel-91417-1-1-1\" class=\"so-panel widget widget_sow-image-grid widgetopts-SO\" data-index=\"5\" ><div\n\t\t\t\n\t\t\tclass=\"so-widget-sow-image-grid so-widget-sow-image-grid-default-46e3cddde1e5-91417\"\n\t\t\t\n\t\t>\t<div\n\t\tclass=\"sow-image-grid-wrapper\"\n\t\t\t\t\t>\n\t\t\t\t\t<div class=\"sow-image-grid-image\">\n\t\t\t\t\t\t\t\t\t\t\t\t<img loading=\"lazy\" decoding=\"async\" width=\"300\" height=\"300\" src=\"https:\/\/i0.wp.com\/www.balticmedia.com\/wp-content\/uploads\/northern-europe-languages-localizing-e1735481415923.jpg?fit=300%2C300&amp;ssl=1\" class=\"sow-image-grid-image_html\" alt=\"Baltic Media&lt;sup&gt;\u00ae&lt;\/sup&gt;&quot;\" title=\"Keele\u00f5petaja | Online keele\u00f5petuse t\u00f6\u00f6kohad\">\t\t\t\t\t\t\t\t\t\t\t<\/div>\n\t\t\t\t\t<div class=\"sow-image-grid-image\">\n\t\t\t\t\t\t\t\t\t\t\t\t<img loading=\"lazy\" decoding=\"async\" width=\"300\" height=\"82\" src=\"https:\/\/i0.wp.com\/www.balticmedia.com\/wp-content\/uploads\/BM-logo-328x90-web-2-e1732657723740.jpg?fit=300%2C82&amp;ssl=1\" class=\"sow-image-grid-image_html\" alt=\"Baltic Media&lt;sup&gt;\u00ae&lt;\/sup&gt;&quot;\" title=\"technical translation services\">\t\t\t\t\t\t\t\t\t\t\t<\/div>\n\t\t\t<\/div>\n<\/div><\/div><div id=\"panel-91417-1-1-2\" class=\"so-panel widget widget_sow-editor panel-last-child widgetopts-SO\" data-index=\"6\" ><div\n\t\t\t\n\t\t\tclass=\"so-widget-sow-editor so-widget-sow-editor-base\"\n\t\t\t\n\t\t>\n<div class=\"siteorigin-widget-tinymce textwidget\">\n\t<h2>Online keele\u00f5petaja ametikohad<\/h2>\n<p align=\"left\">ONLINE KEELEKURSUSE \u00d5PETAJA:<\/p>\n<p align=\"left\">N\u00d5UDED<\/p>\n<ul>\n<li>K\u00f5rge kvalifikatsioon ja keele\u00f5petaja tunnistus;<\/li>\n<li>Suurep\u00e4rane keeleoskus;<\/li>\n<li>Kogemus kaug\u00f5ppes;<\/li>\n<li>Erinevate veebip\u00f5histe \u00f5petamisplatvormide (Zoom, Skype, Discord, Google Hangouts jne) kasutamise kogemus;<\/li>\n<li>Oskus iseseisvalt planeerida t\u00f6\u00f6korraldust, probleemide lahendamist ja otsuste langetamist;<\/li>\n<li>Tugev organiseerimisv\u00f5ime ja suur t\u00e4helepanu \u00fcksikasjadele;<\/li>\n<li>Kirglik suhtumine keele\u00f5ppesse ja teiste inimeste aitamine nende keeleliste eesm\u00e4rkide saavutamisel;<\/li>\n<li>Kaamera ja mikrofoniga arvuti ning usaldusv\u00e4\u00e4rne kiire interneti\u00fchendus on h\u00e4davajalik.<\/li>\n<\/ul>\n<p><img data-recalc-dims=\"1\" loading=\"lazy\" decoding=\"async\" class=\"alignnone wp-image-6830 size-medium\" src=\"https:\/\/i0.wp.com\/www.balticmedia.com\/wp-content\/uploads\/online_learning.png?resize=300%2C200&#038;ssl=1\" alt=\"Keele\u00f5petaja | Online keele\u00f5petuse t\u00f6\u00f6kohad\" width=\"300\" height=\"200\" srcset=\"https:\/\/i0.wp.com\/www.balticmedia.com\/wp-content\/uploads\/online_learning.png?resize=300%2C200&amp;ssl=1 300w, https:\/\/i0.wp.com\/www.balticmedia.com\/wp-content\/uploads\/online_learning.png?resize=272%2C182&amp;ssl=1 272w, https:\/\/i0.wp.com\/www.balticmedia.com\/wp-content\/uploads\/online_learning.png?w=680&amp;ssl=1 680w\" sizes=\"auto, (max-width: 300px) 100vw, 300px\" title=\"\"><\/p>\n<p align=\"left\">KOHUSTUSED<\/p>\n<ul>\n<li>Veebip\u00f5histe keelekursuste \u00f5petamine r\u00fchmadele ja\/v\u00f5i \u00fcksikisikutele;<\/li>\n<li>Koolitusprogrammide koostamine;<\/li>\n<li>\u00d5ppematerjalide koostamine;<\/li>\n<li>Vastutustundlikult ja t\u00e4pselt t\u00e4ita k\u00f5iki veebikursuste l\u00e4biviimisega seotud kohustusi.<\/li>\n<\/ul>\n<p align=\"left\">ME PAKUME<\/p>\n<ul>\n<li>T\u00f6\u00f6 multikultuurses keskkonnas;<\/li>\n<li>Projektid (t\u00fckit\u00f6\u00f6);<\/li>\n<li>N\u00f5ustamist ja tuge kogu projektiperioodi jooksul;<\/li>\n<li>V\u00f5imalust t\u00f6\u00f6tada mis tahes teile sobivast kohast (t\u00f6\u00f6 kodust);<\/li>\n<li>Konkurentsiv\u00f5imelist palka s\u00f5ltuvalt haridusest, kvalifikatsioonist, t\u00f6\u00f6v\u00f5imest ja kogemustest.<\/li>\n<\/ul>\n<p align=\"left\">Kandideerimiseks veebip\u00f5hise keelekursuse \u00f5petaja ametikohale saatke oma CV aadressile <a href=\"mailto:kursi@balticmedia.com\">kursi@balticmedia.com<\/a>. Palun m\u00e4rkige avalduses soovitud tasu akadeemilise tunni (45min) ja astronoomilise tunni (60min) eest, samuti keelekombinatsioonid, milles saate keelt kaug\u00f5petada.<\/p>\n<p>Dzirnavu iela 57a<br \/>\nLV-1010 R\u012bga Latvia\/Lettonie<\/p>\n<div><img data-recalc-dims=\"1\" loading=\"lazy\" decoding=\"async\" title=\"Valodu kursi\" src=\"https:\/\/i0.wp.com\/www.valodukursi.lv\/UserFiles\/Image\/contact-ico\/phone.png?resize=15%2C15\" alt=\"Valodu kursi\" width=\"15\" height=\"15\">\u00a0+371 67 224 395<br \/>\n<img data-recalc-dims=\"1\" loading=\"lazy\" decoding=\"async\" title=\"Valodu kursi\" src=\"https:\/\/i0.wp.com\/www.valodukursi.lv\/UserFiles\/Image\/contact-ico\/cell.png?resize=15%2C15\" alt=\"Valodu kursi\" width=\"15\" height=\"15\">\u00a0+371 29 44 68 45<\/div>\n<div><a href=\"mailto:info@balticmedia.com\"><img data-recalc-dims=\"1\" loading=\"lazy\" decoding=\"async\" title=\"Valodu kursi\" src=\"https:\/\/i0.wp.com\/www.valodukursi.lv\/UserFiles\/Image\/contact-ico\/%40.png?resize=15%2C15\" alt=\"Valodu kursi\" width=\"15\" height=\"15\"><\/a>\u00a0<a href=\"mailto:kursi@balticmedia.com\">kursi@balticmedia.com<\/a><\/div>\n<div><a href=\"https:\/\/wa.me\/37129446845\" target=\"_blank\" rel=\"noopener nofollow\">WhatsApp<\/a><\/div>\n<p>&nbsp;<\/p>\n<p align=\"left\"><iframe loading=\"lazy\" src=\"https:\/\/www.youtube.com\/embed\/hiNHZ2fn4Cc\" width=\"640\" height=\"315\" frameborder=\"0\" allowfullscreen=\"allowfullscreen\" data-mce-fragment=\"1\"><\/iframe><\/p>\n<\/div>\n<\/div><\/div><\/div><\/div><\/div>","protected":false},"excerpt":{"rendered":"<p>Keele\u00f5petaja | Online keele\u00f5petuse t\u00f6\u00f6kohad Alustage uut karj\u00e4\u00e4ri v\u00f5i k\u00f5rvaltegevust, t\u00f6\u00f6tades kodus, kus iganes maailmas. T\u00f6\u00f6kohad online ja kohapeal inglise, eesti, soome, rootsi, hispaania, prantsuse, soome, leedu, taani, islandi, jaapani, vene, hiina, norra, l\u00e4ti ja teiste keelte \u00f5petajatele. Pakume v\u00f5imalust liituda Baltic Media\u00ae keele\u00f5ppekeskuse meeskonnaga ja v\u00f5tame praegu vastu avaldusi online keele\u00f5petajate kohta erinevates keeltes. [&hellip;]<\/p>\n","protected":false},"author":2,"featured_media":133852,"parent":12307,"menu_order":0,"comment_status":"closed","ping_status":"closed","template":"","meta":{"ocean_post_layout":"","ocean_both_sidebars_style":"","ocean_both_sidebars_content_width":0,"ocean_both_sidebars_sidebars_width":0,"ocean_sidebar":"0","ocean_second_sidebar":"0","ocean_disable_margins":"enable","ocean_add_body_class":"","ocean_shortcode_before_top_bar":"","ocean_shortcode_after_top_bar":"","ocean_shortcode_before_header":"","ocean_shortcode_after_header":"","ocean_has_shortcode":"","ocean_shortcode_after_title":"","ocean_shortcode_before_footer_widgets":"","ocean_shortcode_after_footer_widgets":"","ocean_shortcode_before_footer_bottom":"","ocean_shortcode_after_footer_bottom":"","ocean_display_top_bar":"default","ocean_display_header":"default","ocean_header_style":"","ocean_center_header_left_menu":"0","ocean_custom_header_template":"0","ocean_custom_logo":0,"ocean_custom_retina_logo":0,"ocean_custom_logo_max_width":0,"ocean_custom_logo_tablet_max_width":0,"ocean_custom_logo_mobile_max_width":0,"ocean_custom_logo_max_height":0,"ocean_custom_logo_tablet_max_height":0,"ocean_custom_logo_mobile_max_height":0,"ocean_header_custom_menu":"0","ocean_menu_typo_font_family":"0","ocean_menu_typo_font_subset":"","ocean_menu_typo_font_size":0,"ocean_menu_typo_font_size_tablet":0,"ocean_menu_typo_font_size_mobile":0,"ocean_menu_typo_font_size_unit":"px","ocean_menu_typo_font_weight":"","ocean_menu_typo_font_weight_tablet":"","ocean_menu_typo_font_weight_mobile":"","ocean_menu_typo_transform":"","ocean_menu_typo_transform_tablet":"","ocean_menu_typo_transform_mobile":"","ocean_menu_typo_line_height":0,"ocean_menu_typo_line_height_tablet":0,"ocean_menu_typo_line_height_mobile":0,"ocean_menu_typo_line_height_unit":"","ocean_menu_typo_spacing":0,"ocean_menu_typo_spacing_tablet":0,"ocean_menu_typo_spacing_mobile":0,"ocean_menu_typo_spacing_unit":"","ocean_menu_link_color":"","ocean_menu_link_color_hover":"","ocean_menu_link_color_active":"","ocean_menu_link_background":"","ocean_menu_link_hover_background":"","ocean_menu_link_active_background":"","ocean_menu_social_links_bg":"","ocean_menu_social_hover_links_bg":"","ocean_menu_social_links_color":"","ocean_menu_social_hover_links_color":"","ocean_disable_title":"default","ocean_disable_heading":"default","ocean_post_title":"","ocean_post_subheading":"","ocean_post_title_style":"","ocean_post_title_background_color":"","ocean_post_title_background":0,"ocean_post_title_bg_image_position":"","ocean_post_title_bg_image_attachment":"","ocean_post_title_bg_image_repeat":"","ocean_post_title_bg_image_size":"","ocean_post_title_height":0,"ocean_post_title_bg_overlay":0.5,"ocean_post_title_bg_overlay_color":"","ocean_disable_breadcrumbs":"default","ocean_breadcrumbs_color":"","ocean_breadcrumbs_separator_color":"","ocean_breadcrumbs_links_color":"","ocean_breadcrumbs_links_hover_color":"","ocean_display_footer_widgets":"default","ocean_display_footer_bottom":"default","ocean_custom_footer_template":"0","ofc_meta_disable_footer_callout":"","ofc_meta_callout_button_url":"","ofc_meta_callout_button_txt":"","ofc_meta_callout_text":"","osh_disable_topbar_sticky":"default","osh_disable_header_sticky":"default","osh_sticky_header_style":"default","osh_sticky_header_effect":"","osh_custom_sticky_logo":0,"osh_custom_retina_sticky_logo":0,"osh_custom_sticky_logo_height":0,"osh_background_color":"","osh_links_color":"","osh_links_hover_color":"","osh_links_active_color":"","osh_links_bg_color":"","osh_links_hover_bg_color":"","osh_links_active_bg_color":"","osh_menu_social_links_color":"","osh_menu_social_hover_links_color":"","footnotes":""},"class_list":["post-91417","page","type-page","status-publish","has-post-thumbnail","hentry","entry","has-media"],"jetpack_sharing_enabled":true,"jetpack_likes_enabled":true,"jetpack-related-posts":[],"jetpack_shortlink":"https:\/\/wp.me\/Pe7Cu3-nMt","_links":{"self":[{"href":"https:\/\/www.balticmedia.com\/et\/wp-json\/wp\/v2\/pages\/91417","targetHints":{"allow":["GET"]}}],"collection":[{"href":"https:\/\/www.balticmedia.com\/et\/wp-json\/wp\/v2\/pages"}],"about":[{"href":"https:\/\/www.balticmedia.com\/et\/wp-json\/wp\/v2\/types\/page"}],"author":[{"embeddable":true,"href":"https:\/\/www.balticmedia.com\/et\/wp-json\/wp\/v2\/users\/2"}],"replies":[{"embeddable":true,"href":"https:\/\/www.balticmedia.com\/et\/wp-json\/wp\/v2\/comments?post=91417"}],"version-history":[{"count":8,"href":"https:\/\/www.balticmedia.com\/et\/wp-json\/wp\/v2\/pages\/91417\/revisions"}],"predecessor-version":[{"id":136272,"href":"https:\/\/www.balticmedia.com\/et\/wp-json\/wp\/v2\/pages\/91417\/revisions\/136272"}],"up":[{"embeddable":true,"href":"https:\/\/www.balticmedia.com\/et\/wp-json\/wp\/v2\/pages\/12307"}],"wp:featuredmedia":[{"embeddable":true,"href":"https:\/\/www.balticmedia.com\/et\/wp-json\/wp\/v2\/media\/133852"}],"wp:attachment":[{"href":"https:\/\/www.balticmedia.com\/et\/wp-json\/wp\/v2\/media?parent=91417"}],"curies":[{"name":"wp","href":"https:\/\/api.w.org\/{rel}","templated":true}]}}