{"id":37050,"date":"2021-02-10T15:29:00","date_gmt":"2021-02-10T13:29:00","guid":{"rendered":"https:\/\/www.balticmedia.com\/ulemaailmsed-tolketeenused\/keeleope\/why-choose-baltic-media-language-training-centre\/"},"modified":"2025-03-25T11:58:05","modified_gmt":"2025-03-25T09:58:05","slug":"miks-valida-balti-meedia-keelekoolituskeskus","status":"publish","type":"page","link":"https:\/\/www.balticmedia.com\/et\/miks-valida-balti-meedia-keelekoolituskeskus\/","title":{"rendered":"Miks valida Baltic Media Keelekoolituskeskus?"},"content":{"rendered":"<div id=\"pl-37050\"  class=\"panel-layout\" ><div id=\"pg-37050-0\"  class=\"panel-grid panel-no-style\" ><div id=\"pgc-37050-0-0\"  class=\"panel-grid-cell\" ><div id=\"panel-37050-0-0-0\" class=\"so-panel widget widget_sow-image panel-first-child panel-last-child widgetopts-SO\" data-index=\"0\" ><div\n\t\t\t\n\t\t\tclass=\"so-widget-sow-image so-widget-sow-image-default-6ec9e3772f75-37050\"\n\t\t\t\n\t\t>\n<div class=\"sow-image-container\">\n\t\t<img src=\"https:\/\/i0.wp.com\/www.balticmedia.com\/wp-content\/uploads\/latvian-scaled.jpg?fit=2560%2C549&amp;ssl=1\" width=\"2560\" height=\"549\" srcset=\"https:\/\/i0.wp.com\/www.balticmedia.com\/wp-content\/uploads\/latvian-scaled.jpg?w=2560&amp;ssl=1 2560w, https:\/\/i0.wp.com\/www.balticmedia.com\/wp-content\/uploads\/latvian-scaled.jpg?resize=300%2C64&amp;ssl=1 300w, https:\/\/i0.wp.com\/www.balticmedia.com\/wp-content\/uploads\/latvian-scaled.jpg?resize=1024%2C219&amp;ssl=1 1024w, https:\/\/i0.wp.com\/www.balticmedia.com\/wp-content\/uploads\/latvian-scaled.jpg?resize=768%2C165&amp;ssl=1 768w, https:\/\/i0.wp.com\/www.balticmedia.com\/wp-content\/uploads\/latvian-scaled.jpg?resize=1536%2C329&amp;ssl=1 1536w, https:\/\/i0.wp.com\/www.balticmedia.com\/wp-content\/uploads\/latvian-scaled.jpg?resize=2048%2C439&amp;ssl=1 2048w, https:\/\/i0.wp.com\/www.balticmedia.com\/wp-content\/uploads\/latvian-scaled.jpg?w=2400&amp;ssl=1 2400w\" title=\"Riga Miks valida Baltic Media Keelekoolituskeskus?\" alt=\"Miks valida Baltic Media Keelekoolituskeskus?\" class=\"so-widget-image\">\n\t<\/div>\n\n<\/div><\/div><\/div><\/div><div id=\"pg-37050-1\"  class=\"panel-grid panel-no-style\" ><div id=\"pgc-37050-1-0\"  class=\"panel-grid-cell\" ><div id=\"panel-37050-1-0-0\" class=\"so-panel widget widget_sow-editor panel-first-child extendedwopts-hide extendedwopts-tablet extendedwopts-mobile widgetopts-SO\" data-index=\"1\" ><div\n\t\t\t\n\t\t\tclass=\"so-widget-sow-editor so-widget-sow-editor-base\"\n\t\t\t\n\t\t>\n<div class=\"siteorigin-widget-tinymce textwidget\">\n\t<pre><form aria-label=\"Search this website\" role=\"search\" method=\"get\" class=\"oceanwp-searchform\" id=\"searchform\" action=\"https:\/\/www.balticmedia.com\/et\/\"><input aria-label=\"Insert search query\" type=\"text\" class=\"field\" name=\"s\" id=\"s\" placeholder=\"Search\"><button aria-label=\"Submit your search\" type=\"submit\" class=\"search-submit\" value=\"\"><i class=\"icon-magnifier\" aria-hidden=\"true\"><\/i><\/button><\/form><\/pre>\n<\/div>\n<\/div><\/div><div id=\"panel-37050-1-0-1\" class=\"so-panel widget widget_ocean_custom_menu widget-oceanwp-custom-menu custom-menu-widget extendedwopts-hide extendedwopts-tablet extendedwopts-mobile widgetopts-SO\" data-index=\"2\" ><div class=\"oceanwp-custom-menu clr ocean_custom_menu-2 left dropdown-hover\"><ul id=\"menu-services-et\" class=\"dropdown-menu sf-menu\"><li  id=\"menu-item-42413\" class=\"menu-item menu-item-type-post_type menu-item-object-page menu-item-42413\"><a href=\"https:\/\/www.balticmedia.com\/et\/ulemaailmsed-tolketeenused\/\" class=\"menu-link\">\u00dclemaailmsed t\u00f5lketeenused<\/a><\/li>\n<li  id=\"menu-item-42397\" class=\"menu-item menu-item-type-post_type menu-item-object-page menu-item-42397\"><a href=\"https:\/\/www.balticmedia.com\/et\/kirjalik-tolge\/\" class=\"menu-link\">Kirjalik t\u00f5lge<\/a><\/li>\n<li  id=\"menu-item-42415\" class=\"menu-item menu-item-type-post_type menu-item-object-page menu-item-42415\"><a href=\"https:\/\/www.balticmedia.com\/et\/vandetolk-notariaalne-tolge\/\" class=\"menu-link\">Vandet\u00f5lk | Notariaalne t\u00f5lge<\/a><\/li>\n<li  id=\"menu-item-42399\" class=\"menu-item menu-item-type-post_type menu-item-object-page menu-item-42399\"><a href=\"https:\/\/www.balticmedia.com\/et\/ulemaailmsed-tolketeenused\/lokaliseerimine\/\" class=\"menu-link\">Lokaliseerimine<\/a><\/li>\n<li  id=\"menu-item-42393\" class=\"menu-item menu-item-type-post_type menu-item-object-page menu-item-42393\"><a href=\"https:\/\/www.balticmedia.com\/et\/ulemaailmsed-tolketeenused\/automaatse-masintolke-jareltoimetamine\/\" class=\"menu-link\">Automaatse masint\u00f5lke j\u00e4reltoimetamine<\/a><\/li>\n<li  id=\"menu-item-42394\" class=\"menu-item menu-item-type-post_type menu-item-object-page menu-item-42394\"><a href=\"https:\/\/www.balticmedia.com\/et\/ulemaailmsed-tolketeenused\/dokumenditolke-teenus\/\" class=\"menu-link\">Dokumendit\u00f5lke teenus<\/a><\/li>\n<li  id=\"menu-item-42403\" class=\"menu-item menu-item-type-post_type menu-item-object-page menu-item-42403\"><a href=\"https:\/\/www.balticmedia.com\/et\/tehnilise-tolke-teenus\/\" class=\"menu-link\">Tehnilise t\u00f5lke teenus<\/a><\/li>\n<li  id=\"menu-item-42416\" class=\"menu-item menu-item-type-post_type menu-item-object-page menu-item-42416\"><a href=\"https:\/\/www.balticmedia.com\/et\/ulemaailmsed-tolketeenused\/veebilehe-tolke-teenus\/\" class=\"menu-link\">Veebilehe t\u00f5lke teenus<\/a><\/li>\n<li  id=\"menu-item-42412\" class=\"menu-item menu-item-type-post_type menu-item-object-page menu-item-42412\"><a href=\"https:\/\/www.balticmedia.com\/et\/ulemaailmsed-tolketeenused\/veebilehe-tolke-teenus\/seo-tolketeenused\/\" class=\"menu-link\">SEO t\u00f5lketeenused<\/a><\/li>\n<li  id=\"menu-item-42401\" class=\"menu-item menu-item-type-post_type menu-item-object-page menu-item-42401\"><a href=\"https:\/\/www.balticmedia.com\/et\/ulemaailmsed-tolketeenused\/oigusdokumendi-tolke-teenused\/\" class=\"menu-link\">\u00d5igust\u00f5lke<\/a><\/li>\n<li  id=\"menu-item-100533\" class=\"menu-item menu-item-type-post_type menu-item-object-page menu-item-100533\"><a href=\"https:\/\/www.balticmedia.com\/et\/ulemaailmsed-tolketeenused\/reklaami-ja-turunduse-tolkimine\/\" class=\"menu-link\">Reklaami ja turunduse t\u00f5lkimine<\/a><\/li>\n<li  id=\"menu-item-42402\" class=\"menu-item menu-item-type-post_type menu-item-object-page menu-item-42402\"><a href=\"https:\/\/www.balticmedia.com\/et\/ulemaailmsed-tolketeenused\/subtitreerimine\/\" class=\"menu-link\">Subtitreerimine, subtiitrite t\u00f5lkimine ja dublaa\u017e<\/a><\/li>\n<li  id=\"menu-item-42414\" class=\"menu-item menu-item-type-post_type menu-item-object-page menu-item-42414\"><a href=\"https:\/\/www.balticmedia.com\/et\/ulemaailmsed-tolketeenused\/transkriptsioon\/\" class=\"menu-link\">Transkriptsioon<\/a><\/li>\n<li  id=\"menu-item-42400\" class=\"menu-item menu-item-type-post_type menu-item-object-page menu-item-42400\"><a href=\"https:\/\/www.balticmedia.com\/et\/meditsiiniliste-tekstide-tolkimine\/\" class=\"menu-link\">Meditsiiniliste tekstide t\u00f5lkimine<\/a><\/li>\n<li  id=\"menu-item-42404\" class=\"menu-item menu-item-type-post_type menu-item-object-page menu-item-42404\"><a href=\"https:\/\/www.balticmedia.com\/et\/ulemaailmsed-tolketeenused\/tekstide-kirjutamine\/\" class=\"menu-link\">Tekstide kirjutamine<\/a><\/li>\n<li  id=\"menu-item-42405\" class=\"menu-item menu-item-type-post_type menu-item-object-page menu-item-42405\"><a href=\"https:\/\/www.balticmedia.com\/et\/ulemaailmsed-tolketeenused\/tolke-toimetamine-ja-korrektuur\/\" class=\"menu-link\">T\u00f5lke toimetamine ja korrektuur<\/a><\/li>\n<li  id=\"menu-item-42395\" class=\"menu-item menu-item-type-post_type menu-item-object-page menu-item-42395\"><a href=\"https:\/\/www.balticmedia.com\/et\/ulemaailmsed-tolketeenused\/dtp-kujundamine\/\" class=\"menu-link\">DTP &#8211; kujundamine<\/a><\/li>\n<li  id=\"menu-item-42398\" class=\"menu-item menu-item-type-post_type menu-item-object-page menu-item-42398\"><a href=\"https:\/\/www.balticmedia.com\/et\/konverentsitolge\/\" class=\"menu-link\">Suulline t\u00f5lge<\/a><\/li>\n<li  id=\"menu-item-42409\" class=\"menu-item menu-item-type-post_type menu-item-object-page menu-item-42409\"><a href=\"https:\/\/www.balticmedia.com\/et\/konverentsitolge\/jareltolge\/\" class=\"menu-link\">J\u00e4relt\u00f5lge<\/a><\/li>\n<li  id=\"menu-item-42410\" class=\"menu-item menu-item-type-post_type menu-item-object-page menu-item-42410\"><a href=\"https:\/\/www.balticmedia.com\/et\/konverentsitolge\/sunkroontolge\/\" class=\"menu-link\">S\u00fcnkroont\u00f5lge<\/a><\/li>\n<li  id=\"menu-item-42411\" class=\"menu-item menu-item-type-post_type menu-item-object-page menu-item-42411\"><a href=\"https:\/\/www.balticmedia.com\/et\/konverentsitolge\/suuline-tolge-telefoni-teel\/\" class=\"menu-link\">Suuline t\u00f5lge telefoni, Zoom, Meet<\/a><\/li>\n<li  id=\"menu-item-42396\" class=\"menu-item menu-item-type-post_type menu-item-object-page menu-item-42396\"><a href=\"https:\/\/www.balticmedia.com\/et\/keeleope\/\" class=\"menu-link\">Keele\u00f5pe<\/a><\/li>\n<li  id=\"menu-item-42408\" class=\"menu-item menu-item-type-post_type menu-item-object-page menu-item-42408\"><a href=\"https:\/\/www.balticmedia.com\/et\/miks-valida-balti-meedia-keelekoolituskeskus\/\" class=\"menu-link\">Miks valida Baltic Media Keelekoolituskeskus?<\/a><\/li>\n<li  id=\"menu-item-42406\" class=\"menu-item menu-item-type-post_type menu-item-object-page menu-item-42406\"><a href=\"https:\/\/www.balticmedia.com\/et\/keeleope\/kuidas-saavad-keelekursused-teie-ari-edendada\/\" class=\"menu-link\">Kuidas saavad keelekursused teie \u00e4ri edendada?<\/a><\/li>\n<li  id=\"menu-item-103709\" class=\"menu-item menu-item-type-post_type menu-item-object-page menu-item-103709\"><a href=\"https:\/\/www.balticmedia.com\/et\/lati-keele-baaskoolitus\/\" class=\"menu-link\">L\u00e4ti keele baaskoolitus<\/a><\/li>\n<\/ul><\/div><\/div><div id=\"panel-37050-1-0-2\" class=\"so-panel widget widget_ocean_custom_menu widget-oceanwp-custom-menu custom-menu-widget panel-last-child extendedwopts-hide extendedwopts-tablet extendedwopts-mobile widgetopts-SO\" data-index=\"3\" ><div class=\"oceanwp-custom-menu clr ocean_custom_menu-2 left dropdown-hover\"><ul id=\"menu-partnerid-et\" class=\"dropdown-menu sf-menu\"><li  id=\"menu-item-14902\" class=\"menu-item menu-item-type-custom menu-item-object-custom menu-item-14902\"><a target=\"_blank\" href=\"https:\/\/balticmedia.s.xtrf.eu\/vendors\/#\/sign-in\" class=\"menu-link\" rel=\"nofollow noopener\"><i class=\"icon before line-icon icon-briefcase\" aria-hidden=\"true\" style=\"font-size:2em;\"><\/i><span class=\"menu-text\">Partneriportaal<\/span><\/a><\/li>\n<li  id=\"menu-item-14903\" class=\"menu-item menu-item-type-custom menu-item-object-custom menu-item-14903\"><a target=\"_blank\" href=\"https:\/\/www.balticmedia.com\/wp-content\/uploads\/11-Reasons-to-Choose-Baltic-Media-2026.pdf\" class=\"menu-link\"><i class=\"icon before line-icon icon-people\" aria-hidden=\"true\" style=\"font-size:2em;\"><\/i><span class=\"menu-text\">Firma profiil<\/span><\/a><\/li>\n<li  id=\"menu-item-14904\" class=\"menu-item menu-item-type-custom menu-item-object-custom menu-item-14904\"><a target=\"_blank\" href=\"https:\/\/www.balticmedia.com\/wp-content\/uploads\/tolkeburood-et.pdf\" class=\"menu-link\"><i class=\"icon before line-icon icon-organization\" aria-hidden=\"true\" style=\"font-size:2em;\"><\/i><span class=\"menu-text\">T\u00f5lkimine. Samm-sammult<\/span><\/a><\/li>\n<li  id=\"menu-item-14905\" class=\"menu-item menu-item-type-custom menu-item-object-custom menu-item-14905\"><a target=\"_blank\" href=\"https:\/\/www.balticmedia.com\/wp-content\/uploads\/Baltic-Media-Ltd.-Service-Terms-and-Conditions.pdf\" class=\"menu-link\"><i class=\"icon before line-icon icon-docs\" aria-hidden=\"true\" style=\"font-size:2em;\"><\/i><span class=\"menu-text\">Teenuse tingimused (EN)<\/span><\/a><\/li>\n<li  id=\"menu-item-14906\" class=\"menu-item menu-item-type-custom menu-item-object-custom menu-item-14906\"><a target=\"_blank\" href=\"https:\/\/www.balticmedia.com\/wp-content\/uploads\/iSO-certificate-2023.png\" class=\"menu-link\"><i class=\"icon before line-icon icon-doc\" aria-hidden=\"true\" style=\"font-size:2em;\"><\/i><span class=\"menu-text\">ISO 9001:2015 Quality Certification<\/span><\/a><\/li>\n<li  id=\"menu-item-14907\" class=\"menu-item menu-item-type-custom menu-item-object-custom menu-item-14907\"><a target=\"_blank\" href=\"https:\/\/www.balticmedia.com\/wp-content\/uploads\/362531_copyrighttrademarkbalticmedia.pdf\" class=\"menu-link\"><i class=\"icon before line-icon icon-info\" aria-hidden=\"true\" style=\"font-size:2em;\"><\/i><span class=\"menu-text\">Copyright | Trademark Baltic Media<sup>\u00ae<\/sup><\/span><\/a><\/li>\n<\/ul><\/div><\/div><\/div><div id=\"pgc-37050-1-1\"  class=\"panel-grid-cell\" ><div id=\"panel-37050-1-1-0\" class=\"so-panel widget widget_sow-editor panel-first-child panel-last-child widgetopts-SO\" data-index=\"4\" ><div\n\t\t\t\n\t\t\tclass=\"so-widget-sow-editor so-widget-sow-editor-base\"\n\t\t\t\n\t\t><h3 class=\"widget-title\">Miks valida Baltic Media Keelekoolituskeskus?<\/h3>\n<div class=\"siteorigin-widget-tinymce textwidget\">\n\t<h1>Miks valida Baltic Media Keelekoolituskeskus?<\/h1>\n<p><iframe loading=\"lazy\" src=\"https:\/\/www.youtube.com\/embed\/hiNHZ2fn4Cc\" width=\"560\" height=\"315\" frameborder=\"0\" allowfullscreen=\"allowfullscreen\" data-mce-fragment=\"1\"><\/iframe><\/p>\n<h2>Keelekursused internetis v\u00f5i Riia kesklinnas<\/h2>\n<p><a href=\"https:\/\/i0.wp.com\/www.balticmedia.com\/wp-content\/uploads\/baltic_media_a5_flyer_2-web.jpg?ssl=1\"><img data-recalc-dims=\"1\" loading=\"lazy\" decoding=\"async\" class=\"alignnone wp-image-17261 size-medium\" src=\"https:\/\/i0.wp.com\/www.balticmedia.com\/wp-content\/uploads\/baltic_media_a5_flyer_2-web.jpg?resize=212%2C300&#038;ssl=1\" alt=\"Miks valida Baltic Media Keelekoolituskeskus?\" width=\"212\" height=\"300\" title=\"\"><\/a><\/p>\n<p>Meil on \u00fcle 30-aastane kogemus keeleteenuste osutamisel P\u00f5hja-Euroopas, spetsialiseerudes P\u00f5hjamaade (sh Skandinaavia, Baltimaade ja slaavi keelte) keeltele, st rootsi, soome, taani, islandi, f\u00e4\u00e4ri, norra, saksa, inglise, poola, vene, l\u00e4ti, leedu ja eesti keelele.<\/p>\n<p>Meie kursused on sertifitseeritud L\u00e4ti Vabariigi Riikliku Hariduse Kvaliteediameti poolt. 2011. aastal anti meile haridusasutuse sertifikaat. Riigi Hariduse Arenguagentuur on registreerinud Baltic Media Language Training Center'i l\u00e4ti, leedu, rootsi, vene, kommunikatsiooni jt haridusprogrammid.<\/p>\n<p>Programmide t\u00fc\u00fcp: Kutsealane areng ja isiklik areng (mitteformaalne t\u00e4iskasvanute koolitus). Haridusdokumendid - tunnistus.<\/p>\n<p>Oleme sertifitseeritud vastavalt rahvusvahelisele ISO 9001:2015 kvaliteedijuhtimiss\u00fcsteemide standardile. ISO sertifitseeritud alates 2004. aastast.<\/p>\n<p>Meie kaasaegsed, avarad ja valgusk\u00fcllased ruumid, kus on hea ventilatsioon ja konditsioneer, asuvad Riia kesklinnas, Elizabetes iela 11, kuhu on lihtne p\u00e4\u00e4seda nii avaliku kui ka isikliku transpordiga.<\/p>\n<p>Meie peamised teenusetingimused:<\/p>\n<p>- Me v\u00f5tame vastutuse<\/p>\n<p>- Tagame, et klient on meie peamine prioriteet<\/p>\n<p>- Me t\u00e4idame seda, mida lubame<\/p>\n<p>- Kursuse sisu, intensiivsus ja eesm\u00e4rgid m\u00e4\u00e4ratakse vastavalt kliendi vajadustele ja keeleoskusele<\/p>\n<hr \/>\n<p><img data-recalc-dims=\"1\" loading=\"lazy\" decoding=\"async\" class=\"alignnone size-full wp-image-1981\" src=\"https:\/\/i0.wp.com\/www.balticmedia.com\/wp-content\/uploads\/logo_ar_globusu_stillbild_garena.png?resize=300%2C120&#038;ssl=1\" alt=\"Logo ar globusu\" width=\"300\" height=\"120\" title=\"\"><\/p>\n<p>Meil on kvalifitseeritud \u00f5petajad ja kontorit\u00f6\u00f6tajad: enamikul meie ettev\u00f5ttesisestest ja vabakutselistest t\u00f6\u00f6tajatest on teaduslik kraad keeleteaduse v\u00f5i t\u00f5lkimise alal.Meie lektorite andmebaasis on \u00fcle 600 keeleteadlase ja keele\u00f5petaja paljudes meie piirkonnas n\u00f5utud keeltes.<\/p>\n<p>Pakume keelekursusi ettev\u00f5tetele ja \u00fcksikisikutele keele\u00f5ppijatele.<\/p>\n<p>Meie ettev\u00f5te on Euroopa Keelet\u00f6\u00f6stuse Assotsiatsiooni (ELIA) korporatiivne liige.<\/p>\n<p>Pakume konkurentsiv\u00f5imelist hinda kvaliteetse teenuse eest ning s\u00f5bralikku ja usaldusv\u00e4\u00e4rset klienditeenindust.<\/p>\n<p>Kui soovite omandada \u00fchte meie naaberriikide v\u00f5i kaugemate riikide k\u00f5ige n\u00f5utumat keelt, v\u00f5tke \u00fchendust meie keelekeskuse t\u00f6\u00f6tajatega e-posti aadressil kursi@balticmedia.com v\u00f5i helistage telefonil +371 67224395.<\/p>\n<p>Lisateavet P\u00f5hja-Euroopa juhtiva keeleteenindusettev\u00f5tte Baltic Media keelekursuste korraldamise kohta leiate aadressilt: https:\/\/www.balticmedia.com\/global-translation-services\/language-training-courses-classes-lessons\/.<\/p>\n<p><a href=\"https:\/\/www.balticmedia.com\/global-translation-services\/language-training-courses-classes-lessons\/\">https:\/\/www.balticmedia.com\/global-translation-services\/language-training-courses-classes-lessons\/\u00a0<\/a><\/p>\n<p><img data-recalc-dims=\"1\" loading=\"lazy\" decoding=\"async\" class=\"alignnone wp-image-6854 size-medium\" src=\"https:\/\/i0.wp.com\/www.balticmedia.com\/wp-content\/uploads\/iveta_in_the_office.jpg?resize=300%2C199&#038;ssl=1\" alt=\"Miks valida Baltic Media Keelekoolituskeskus?\" width=\"300\" height=\"199\" title=\"\"><\/p>\n<h3><a href=\"https:\/\/www.balticmedia.com\/global-translation-services\/language-training-courses-classes-lessons\/why-choose-baltic-media-language-training-centre\/\">Why Choose Baltic Media Language Training Centre?<\/a><\/h3>\n<h3><a href=\"https:\/\/www.balticmedia.com\/global-translation-services\/language-training-courses-classes-lessons\/latvian-language-training-riga\/\">Latvian Language Training Riga<\/a><\/h3>\n<h3><a href=\"https:\/\/www.balticmedia.com\/global-translation-services\/language-training-courses-classes-lessons\/how-can-language-courses-boost-your-business\/\">How Can Language Courses Boost Your Business?<\/a><\/h3>\n<h3><a href=\"https:\/\/www.balticmedia.com\/global-translation-services\/language-training-courses-classes-lessons\/evaluate-your-language-skills\/\">Evaluate your language skills<\/a><\/h3>\n<h3><a href=\"https:\/\/www.balticmedia.com\/global-translation-services\/language-training-courses-classes-lessons\/discover-latvian\/\">Discover Latvian \u2013 an effective approach for learning Latvian<\/a><\/h3>\n<h3><strong><a href=\"https:\/\/www.balticmedia.com\/fr\/a-propos-de-nous\/notre-histoire\/tvian-language-course--how-l\">Latvian language course | How long does it takes to master Latvian?<\/a><\/strong><\/h3>\n<h3><strong><a href=\"https:\/\/www.balticmedia.com\/global-translation-services\/language-training-courses-classes-lessons\/latvian-language-courses-for-foreigners\/\">Latvian language courses for foreigners<\/a><\/strong><\/h3>\n<h3><a href=\"https:\/\/www.valodukursi.lv\/en\/contacts\/request-for-information\/\" target=\"_blank\" rel=\"noopener\">Apply here<\/a><\/h3>\n<div><\/div>\n<p><iframe loading=\"lazy\" src=\"https:\/\/www.youtube.com\/embed\/pJknuSku9jk\" width=\"560\" height=\"360\" frameborder=\"0\" scrolling=\"no\" allowfullscreen=\"allowfullscreen\" data-mce-fragment=\"1\"><\/iframe><\/p>\n<\/div>\n<\/div><\/div><\/div><\/div><\/div>","protected":false},"excerpt":{"rendered":"<p>Miks valida Baltic Media Keelekoolituskeskus? Keelekursused internetis v\u00f5i Riia kesklinnas Meil on \u00fcle 30-aastane kogemus keeleteenuste osutamisel P\u00f5hja-Euroopas, spetsialiseerudes P\u00f5hjamaade (sh Skandinaavia, Baltimaade ja slaavi keelte) keeltele, st rootsi, soome, taani, islandi, f\u00e4\u00e4ri, norra, saksa, inglise, poola, vene, l\u00e4ti, leedu ja eesti keelele. Meie kursused on sertifitseeritud L\u00e4ti Vabariigi Riikliku Hariduse Kvaliteediameti poolt. 2011. aastal [&hellip;]<\/p>\n","protected":false},"author":2,"featured_media":130978,"parent":0,"menu_order":0,"comment_status":"closed","ping_status":"closed","template":"","meta":{"ocean_post_layout":"","ocean_both_sidebars_style":"","ocean_both_sidebars_content_width":0,"ocean_both_sidebars_sidebars_width":0,"ocean_sidebar":"0","ocean_second_sidebar":"0","ocean_disable_margins":"enable","ocean_add_body_class":"","ocean_shortcode_before_top_bar":"","ocean_shortcode_after_top_bar":"","ocean_shortcode_before_header":"","ocean_shortcode_after_header":"","ocean_has_shortcode":"","ocean_shortcode_after_title":"","ocean_shortcode_before_footer_widgets":"","ocean_shortcode_after_footer_widgets":"","ocean_shortcode_before_footer_bottom":"","ocean_shortcode_after_footer_bottom":"","ocean_display_top_bar":"default","ocean_display_header":"default","ocean_header_style":"","ocean_center_header_left_menu":"0","ocean_custom_header_template":"0","ocean_custom_logo":0,"ocean_custom_retina_logo":0,"ocean_custom_logo_max_width":0,"ocean_custom_logo_tablet_max_width":0,"ocean_custom_logo_mobile_max_width":0,"ocean_custom_logo_max_height":0,"ocean_custom_logo_tablet_max_height":0,"ocean_custom_logo_mobile_max_height":0,"ocean_header_custom_menu":"0","ocean_menu_typo_font_family":"0","ocean_menu_typo_font_subset":"","ocean_menu_typo_font_size":0,"ocean_menu_typo_font_size_tablet":0,"ocean_menu_typo_font_size_mobile":0,"ocean_menu_typo_font_size_unit":"px","ocean_menu_typo_font_weight":"","ocean_menu_typo_font_weight_tablet":"","ocean_menu_typo_font_weight_mobile":"","ocean_menu_typo_transform":"","ocean_menu_typo_transform_tablet":"","ocean_menu_typo_transform_mobile":"","ocean_menu_typo_line_height":0,"ocean_menu_typo_line_height_tablet":0,"ocean_menu_typo_line_height_mobile":0,"ocean_menu_typo_line_height_unit":"","ocean_menu_typo_spacing":0,"ocean_menu_typo_spacing_tablet":0,"ocean_menu_typo_spacing_mobile":0,"ocean_menu_typo_spacing_unit":"","ocean_menu_link_color":"","ocean_menu_link_color_hover":"","ocean_menu_link_color_active":"","ocean_menu_link_background":"","ocean_menu_link_hover_background":"","ocean_menu_link_active_background":"","ocean_menu_social_links_bg":"","ocean_menu_social_hover_links_bg":"","ocean_menu_social_links_color":"","ocean_menu_social_hover_links_color":"","ocean_disable_title":"default","ocean_disable_heading":"default","ocean_post_title":"","ocean_post_subheading":"","ocean_post_title_style":"","ocean_post_title_background_color":"","ocean_post_title_background":0,"ocean_post_title_bg_image_position":"","ocean_post_title_bg_image_attachment":"","ocean_post_title_bg_image_repeat":"","ocean_post_title_bg_image_size":"","ocean_post_title_height":0,"ocean_post_title_bg_overlay":0.5,"ocean_post_title_bg_overlay_color":"","ocean_disable_breadcrumbs":"default","ocean_breadcrumbs_color":"","ocean_breadcrumbs_separator_color":"","ocean_breadcrumbs_links_color":"","ocean_breadcrumbs_links_hover_color":"","ocean_display_footer_widgets":"default","ocean_display_footer_bottom":"default","ocean_custom_footer_template":"0","ofc_meta_disable_footer_callout":"","ofc_meta_callout_button_url":"","ofc_meta_callout_button_txt":"","ofc_meta_callout_text":"","osh_disable_topbar_sticky":"default","osh_disable_header_sticky":"default","osh_sticky_header_style":"default","osh_sticky_header_effect":"","osh_custom_sticky_logo":0,"osh_custom_retina_sticky_logo":0,"osh_custom_sticky_logo_height":0,"osh_background_color":"","osh_links_color":"","osh_links_hover_color":"","osh_links_active_color":"","osh_links_bg_color":"","osh_links_hover_bg_color":"","osh_links_active_bg_color":"","osh_menu_social_links_color":"","osh_menu_social_hover_links_color":"","footnotes":""},"class_list":["post-37050","page","type-page","status-publish","has-post-thumbnail","hentry","entry","has-media"],"jetpack_sharing_enabled":true,"jetpack_likes_enabled":true,"jetpack-related-posts":[],"jetpack_shortlink":"https:\/\/wp.me\/Pe7Cu3-9DA","_links":{"self":[{"href":"https:\/\/www.balticmedia.com\/et\/wp-json\/wp\/v2\/pages\/37050","targetHints":{"allow":["GET"]}}],"collection":[{"href":"https:\/\/www.balticmedia.com\/et\/wp-json\/wp\/v2\/pages"}],"about":[{"href":"https:\/\/www.balticmedia.com\/et\/wp-json\/wp\/v2\/types\/page"}],"author":[{"embeddable":true,"href":"https:\/\/www.balticmedia.com\/et\/wp-json\/wp\/v2\/users\/2"}],"replies":[{"embeddable":true,"href":"https:\/\/www.balticmedia.com\/et\/wp-json\/wp\/v2\/comments?post=37050"}],"version-history":[{"count":6,"href":"https:\/\/www.balticmedia.com\/et\/wp-json\/wp\/v2\/pages\/37050\/revisions"}],"predecessor-version":[{"id":137573,"href":"https:\/\/www.balticmedia.com\/et\/wp-json\/wp\/v2\/pages\/37050\/revisions\/137573"}],"wp:featuredmedia":[{"embeddable":true,"href":"https:\/\/www.balticmedia.com\/et\/wp-json\/wp\/v2\/media\/130978"}],"wp:attachment":[{"href":"https:\/\/www.balticmedia.com\/et\/wp-json\/wp\/v2\/media?parent=37050"}],"curies":[{"name":"wp","href":"https:\/\/api.w.org\/{rel}","templated":true}]}}