{"id":17518,"date":"2021-02-10T14:00:12","date_gmt":"2021-02-10T12:00:12","guid":{"rendered":"https:\/\/www.balticmedia.com\/ulemaailmsed-tolketeenused\/konverentsitolge\/over-phone-skype-interpreting-services\/"},"modified":"2025-03-02T12:30:53","modified_gmt":"2025-03-02T10:30:53","slug":"suuline-tolge-telefoni-teel","status":"publish","type":"page","link":"https:\/\/www.balticmedia.com\/et\/konverentsitolge\/suuline-tolge-telefoni-teel\/","title":{"rendered":"Suuline t\u00f5lge telefoni, Zoom, Meet"},"content":{"rendered":"<div id=\"pl-17518\"  class=\"panel-layout\" ><div id=\"pg-17518-0\"  class=\"panel-grid panel-no-style\" ><div id=\"pgc-17518-0-0\"  class=\"panel-grid-cell\" ><div id=\"panel-17518-0-0-0\" class=\"so-panel widget widget_sow-image panel-first-child panel-last-child widgetopts-SO\" data-index=\"0\" ><div\n\t\t\t\n\t\t\tclass=\"so-widget-sow-image so-widget-sow-image-default-8b5b6f678277-17518\"\n\t\t\t\n\t\t>\n<div class=\"sow-image-container\">\n\t\t<img src=\"https:\/\/i0.wp.com\/www.balticmedia.com\/wp-content\/uploads\/2services-scaled.jpg?fit=2560%2C549&amp;ssl=1\" width=\"2560\" height=\"549\" srcset=\"https:\/\/i0.wp.com\/www.balticmedia.com\/wp-content\/uploads\/2services-scaled.jpg?w=2560&amp;ssl=1 2560w, https:\/\/i0.wp.com\/www.balticmedia.com\/wp-content\/uploads\/2services-scaled.jpg?resize=300%2C64&amp;ssl=1 300w, https:\/\/i0.wp.com\/www.balticmedia.com\/wp-content\/uploads\/2services-scaled.jpg?resize=1024%2C219&amp;ssl=1 1024w, https:\/\/i0.wp.com\/www.balticmedia.com\/wp-content\/uploads\/2services-scaled.jpg?resize=768%2C165&amp;ssl=1 768w, https:\/\/i0.wp.com\/www.balticmedia.com\/wp-content\/uploads\/2services-scaled.jpg?resize=1536%2C329&amp;ssl=1 1536w, https:\/\/i0.wp.com\/www.balticmedia.com\/wp-content\/uploads\/2services-scaled.jpg?resize=2048%2C439&amp;ssl=1 2048w, https:\/\/i0.wp.com\/www.balticmedia.com\/wp-content\/uploads\/2services-scaled.jpg?w=2400&amp;ssl=1 2400w\" title=\"Suuline t\u00f5lge telefoni, Zoom, Meet\" alt=\"Suuline t\u00f5lge telefoni, Zoom, Meet\" class=\"so-widget-image\">\n\t<\/div>\n\n<\/div><\/div><\/div><\/div><div id=\"pg-17518-1\"  class=\"panel-grid panel-no-style\" ><div id=\"pgc-17518-1-0\"  class=\"panel-grid-cell\" ><div id=\"panel-17518-1-0-0\" class=\"so-panel widget widget_sow-editor panel-first-child extendedwopts-hide extendedwopts-tablet extendedwopts-mobile widgetopts-SO\" data-index=\"1\" ><div\n\t\t\t\n\t\t\tclass=\"so-widget-sow-editor so-widget-sow-editor-base\"\n\t\t\t\n\t\t>\n<div class=\"siteorigin-widget-tinymce textwidget\">\n\t<pre><form aria-label=\"Search this website\" role=\"search\" method=\"get\" class=\"oceanwp-searchform\" id=\"searchform\" action=\"https:\/\/www.balticmedia.com\/et\/\"><input aria-label=\"Insert search query\" type=\"text\" class=\"field\" name=\"s\" id=\"s\" placeholder=\"Search\"><button aria-label=\"Submit your search\" type=\"submit\" class=\"search-submit\" value=\"\"><i class=\"icon-magnifier\" aria-hidden=\"true\"><\/i><\/button><\/form><\/pre>\n<\/div>\n<\/div><\/div><div id=\"panel-17518-1-0-1\" class=\"so-panel widget widget_ocean_custom_menu widget-oceanwp-custom-menu custom-menu-widget extendedwopts-hide extendedwopts-tablet extendedwopts-mobile widgetopts-SO\" data-index=\"2\" ><div class=\"oceanwp-custom-menu clr ocean_custom_menu-2 left dropdown-hover\"><ul id=\"menu-services-et\" class=\"dropdown-menu sf-menu\"><li  id=\"menu-item-42413\" class=\"menu-item menu-item-type-post_type menu-item-object-page menu-item-42413\"><a href=\"https:\/\/www.balticmedia.com\/et\/ulemaailmsed-tolketeenused\/\" class=\"menu-link\">\u00dclemaailmsed t\u00f5lketeenused<\/a><\/li>\n<li  id=\"menu-item-42397\" class=\"menu-item menu-item-type-post_type menu-item-object-page menu-item-42397\"><a href=\"https:\/\/www.balticmedia.com\/et\/kirjalik-tolge\/\" class=\"menu-link\">Kirjalik t\u00f5lge<\/a><\/li>\n<li  id=\"menu-item-42415\" class=\"menu-item menu-item-type-post_type menu-item-object-page menu-item-42415\"><a href=\"https:\/\/www.balticmedia.com\/et\/vandetolk-notariaalne-tolge\/\" class=\"menu-link\">Vandet\u00f5lk | Notariaalne t\u00f5lge<\/a><\/li>\n<li  id=\"menu-item-42399\" class=\"menu-item menu-item-type-post_type menu-item-object-page menu-item-42399\"><a href=\"https:\/\/www.balticmedia.com\/et\/ulemaailmsed-tolketeenused\/lokaliseerimine\/\" class=\"menu-link\">Lokaliseerimine<\/a><\/li>\n<li  id=\"menu-item-42393\" class=\"menu-item menu-item-type-post_type menu-item-object-page menu-item-42393\"><a href=\"https:\/\/www.balticmedia.com\/et\/ulemaailmsed-tolketeenused\/automaatse-masintolke-jareltoimetamine\/\" class=\"menu-link\">Automaatse masint\u00f5lke j\u00e4reltoimetamine<\/a><\/li>\n<li  id=\"menu-item-42394\" class=\"menu-item menu-item-type-post_type menu-item-object-page menu-item-42394\"><a href=\"https:\/\/www.balticmedia.com\/et\/ulemaailmsed-tolketeenused\/dokumenditolke-teenus\/\" class=\"menu-link\">Dokumendit\u00f5lke teenus<\/a><\/li>\n<li  id=\"menu-item-42403\" class=\"menu-item menu-item-type-post_type menu-item-object-page menu-item-42403\"><a href=\"https:\/\/www.balticmedia.com\/et\/tehnilise-tolke-teenus\/\" class=\"menu-link\">Tehnilise t\u00f5lke teenus<\/a><\/li>\n<li  id=\"menu-item-42416\" class=\"menu-item menu-item-type-post_type menu-item-object-page menu-item-42416\"><a href=\"https:\/\/www.balticmedia.com\/et\/ulemaailmsed-tolketeenused\/veebilehe-tolke-teenus\/\" class=\"menu-link\">Veebilehe t\u00f5lke teenus<\/a><\/li>\n<li  id=\"menu-item-42412\" class=\"menu-item menu-item-type-post_type menu-item-object-page menu-item-42412\"><a href=\"https:\/\/www.balticmedia.com\/et\/ulemaailmsed-tolketeenused\/veebilehe-tolke-teenus\/seo-tolketeenused\/\" class=\"menu-link\">SEO t\u00f5lketeenused<\/a><\/li>\n<li  id=\"menu-item-42401\" class=\"menu-item menu-item-type-post_type menu-item-object-page menu-item-42401\"><a href=\"https:\/\/www.balticmedia.com\/et\/ulemaailmsed-tolketeenused\/oigusdokumendi-tolke-teenused\/\" class=\"menu-link\">\u00d5igust\u00f5lke<\/a><\/li>\n<li  id=\"menu-item-100533\" class=\"menu-item menu-item-type-post_type menu-item-object-page menu-item-100533\"><a href=\"https:\/\/www.balticmedia.com\/et\/ulemaailmsed-tolketeenused\/reklaami-ja-turunduse-tolkimine\/\" class=\"menu-link\">Reklaami ja turunduse t\u00f5lkimine<\/a><\/li>\n<li  id=\"menu-item-42402\" class=\"menu-item menu-item-type-post_type menu-item-object-page menu-item-42402\"><a href=\"https:\/\/www.balticmedia.com\/et\/ulemaailmsed-tolketeenused\/subtitreerimine\/\" class=\"menu-link\">Subtitreerimine, subtiitrite t\u00f5lkimine ja dublaa\u017e<\/a><\/li>\n<li  id=\"menu-item-42414\" class=\"menu-item menu-item-type-post_type menu-item-object-page menu-item-42414\"><a href=\"https:\/\/www.balticmedia.com\/et\/ulemaailmsed-tolketeenused\/transkriptsioon\/\" class=\"menu-link\">Transkriptsioon<\/a><\/li>\n<li  id=\"menu-item-42400\" class=\"menu-item menu-item-type-post_type menu-item-object-page menu-item-42400\"><a href=\"https:\/\/www.balticmedia.com\/et\/meditsiiniliste-tekstide-tolkimine\/\" class=\"menu-link\">Meditsiiniliste tekstide t\u00f5lkimine<\/a><\/li>\n<li  id=\"menu-item-42404\" class=\"menu-item menu-item-type-post_type menu-item-object-page menu-item-42404\"><a href=\"https:\/\/www.balticmedia.com\/et\/ulemaailmsed-tolketeenused\/tekstide-kirjutamine\/\" class=\"menu-link\">Tekstide kirjutamine<\/a><\/li>\n<li  id=\"menu-item-42405\" class=\"menu-item menu-item-type-post_type menu-item-object-page menu-item-42405\"><a href=\"https:\/\/www.balticmedia.com\/et\/ulemaailmsed-tolketeenused\/tolke-toimetamine-ja-korrektuur\/\" class=\"menu-link\">T\u00f5lke toimetamine ja korrektuur<\/a><\/li>\n<li  id=\"menu-item-42395\" class=\"menu-item menu-item-type-post_type menu-item-object-page menu-item-42395\"><a href=\"https:\/\/www.balticmedia.com\/et\/ulemaailmsed-tolketeenused\/dtp-kujundamine\/\" class=\"menu-link\">DTP &#8211; kujundamine<\/a><\/li>\n<li  id=\"menu-item-42398\" class=\"menu-item menu-item-type-post_type menu-item-object-page menu-item-42398\"><a href=\"https:\/\/www.balticmedia.com\/et\/konverentsitolge\/\" class=\"menu-link\">Suulline t\u00f5lge<\/a><\/li>\n<li  id=\"menu-item-42409\" class=\"menu-item menu-item-type-post_type menu-item-object-page menu-item-42409\"><a href=\"https:\/\/www.balticmedia.com\/et\/konverentsitolge\/jareltolge\/\" class=\"menu-link\">J\u00e4relt\u00f5lge<\/a><\/li>\n<li  id=\"menu-item-42410\" class=\"menu-item menu-item-type-post_type menu-item-object-page menu-item-42410\"><a href=\"https:\/\/www.balticmedia.com\/et\/konverentsitolge\/sunkroontolge\/\" class=\"menu-link\">S\u00fcnkroont\u00f5lge<\/a><\/li>\n<li  id=\"menu-item-42411\" class=\"menu-item menu-item-type-post_type menu-item-object-page menu-item-42411\"><a href=\"https:\/\/www.balticmedia.com\/et\/konverentsitolge\/suuline-tolge-telefoni-teel\/\" class=\"menu-link\">Suuline t\u00f5lge telefoni, Zoom, Meet<\/a><\/li>\n<li  id=\"menu-item-42396\" class=\"menu-item menu-item-type-post_type menu-item-object-page menu-item-42396\"><a href=\"https:\/\/www.balticmedia.com\/et\/keeleope\/\" class=\"menu-link\">Keele\u00f5pe<\/a><\/li>\n<li  id=\"menu-item-42408\" class=\"menu-item menu-item-type-post_type menu-item-object-page menu-item-42408\"><a href=\"https:\/\/www.balticmedia.com\/et\/miks-valida-balti-meedia-keelekoolituskeskus\/\" class=\"menu-link\">Miks valida Baltic Media Keelekoolituskeskus?<\/a><\/li>\n<li  id=\"menu-item-42406\" class=\"menu-item menu-item-type-post_type menu-item-object-page menu-item-42406\"><a href=\"https:\/\/www.balticmedia.com\/et\/keeleope\/kuidas-saavad-keelekursused-teie-ari-edendada\/\" class=\"menu-link\">Kuidas saavad keelekursused teie \u00e4ri edendada?<\/a><\/li>\n<li  id=\"menu-item-103709\" class=\"menu-item menu-item-type-post_type menu-item-object-page menu-item-103709\"><a href=\"https:\/\/www.balticmedia.com\/et\/lati-keele-baaskoolitus\/\" class=\"menu-link\">L\u00e4ti keele baaskoolitus<\/a><\/li>\n<\/ul><\/div><\/div><div id=\"panel-17518-1-0-2\" class=\"so-panel widget widget_ocean_custom_menu widget-oceanwp-custom-menu custom-menu-widget panel-last-child extendedwopts-hide extendedwopts-tablet extendedwopts-mobile widgetopts-SO\" data-index=\"3\" ><div class=\"oceanwp-custom-menu clr ocean_custom_menu-2 left dropdown-hover\"><ul id=\"menu-partnerid-et\" class=\"dropdown-menu sf-menu\"><li  id=\"menu-item-14902\" class=\"menu-item menu-item-type-custom menu-item-object-custom menu-item-14902\"><a target=\"_blank\" href=\"https:\/\/balticmedia.s.xtrf.eu\/vendors\/#\/sign-in\" class=\"menu-link\" rel=\"nofollow noopener\"><i class=\"icon before line-icon icon-briefcase\" aria-hidden=\"true\" style=\"font-size:2em;\"><\/i><span class=\"menu-text\">Partneriportaal<\/span><\/a><\/li>\n<li  id=\"menu-item-14903\" class=\"menu-item menu-item-type-custom menu-item-object-custom menu-item-14903\"><a target=\"_blank\" href=\"https:\/\/www.balticmedia.com\/wp-content\/uploads\/11-Reasons-to-Choose-Baltic-Media-2026.pdf\" class=\"menu-link\"><i class=\"icon before line-icon icon-people\" aria-hidden=\"true\" style=\"font-size:2em;\"><\/i><span class=\"menu-text\">Firma profiil<\/span><\/a><\/li>\n<li  id=\"menu-item-14904\" class=\"menu-item menu-item-type-custom menu-item-object-custom menu-item-14904\"><a target=\"_blank\" href=\"https:\/\/www.balticmedia.com\/wp-content\/uploads\/tolkeburood-et.pdf\" class=\"menu-link\"><i class=\"icon before line-icon icon-organization\" aria-hidden=\"true\" style=\"font-size:2em;\"><\/i><span class=\"menu-text\">T\u00f5lkimine. Samm-sammult<\/span><\/a><\/li>\n<li  id=\"menu-item-14905\" class=\"menu-item menu-item-type-custom menu-item-object-custom menu-item-14905\"><a target=\"_blank\" href=\"https:\/\/www.balticmedia.com\/wp-content\/uploads\/Baltic-Media-Ltd.-Service-Terms-and-Conditions.pdf\" class=\"menu-link\"><i class=\"icon before line-icon icon-docs\" aria-hidden=\"true\" style=\"font-size:2em;\"><\/i><span class=\"menu-text\">Teenuse tingimused (EN)<\/span><\/a><\/li>\n<li  id=\"menu-item-14906\" class=\"menu-item menu-item-type-custom menu-item-object-custom menu-item-14906\"><a target=\"_blank\" href=\"https:\/\/www.balticmedia.com\/wp-content\/uploads\/iSO-certificate-2023.png\" class=\"menu-link\"><i class=\"icon before line-icon icon-doc\" aria-hidden=\"true\" style=\"font-size:2em;\"><\/i><span class=\"menu-text\">ISO 9001:2015 Quality Certification<\/span><\/a><\/li>\n<li  id=\"menu-item-14907\" class=\"menu-item menu-item-type-custom menu-item-object-custom menu-item-14907\"><a target=\"_blank\" href=\"https:\/\/www.balticmedia.com\/wp-content\/uploads\/362531_copyrighttrademarkbalticmedia.pdf\" class=\"menu-link\"><i class=\"icon before line-icon icon-info\" aria-hidden=\"true\" style=\"font-size:2em;\"><\/i><span class=\"menu-text\">Copyright | Trademark Baltic Media<sup>\u00ae<\/sup><\/span><\/a><\/li>\n<\/ul><\/div><\/div><\/div><div id=\"pgc-17518-1-1\"  class=\"panel-grid-cell\" ><div id=\"panel-17518-1-1-0\" class=\"so-panel widget widget_sow-editor panel-first-child panel-last-child widgetopts-hide_title widgetopts-SO\" data-index=\"4\" ><div\n\t\t\t\n\t\t\tclass=\"so-widget-sow-editor so-widget-sow-editor-base\"\n\t\t\t\n\t\t><h3 class=\"widget-title\">Suuline t\u00f5lge telefoni, Zoom, Meet jne kaudu<\/h3>\n<div class=\"siteorigin-widget-tinymce textwidget\">\n\t<h1>Suuline t\u00f5lge telefoni teel Suuline t\u00f5lge telefoni, Zoom, Meet jne kaudu<\/h1>\n<p>Suuliste t\u00f5lketeenuste vajaduste kasvades pakub t\u00f5lkefirma Baltic Media Ltd uut kvaliteetset teenust:\u00a0<strong>t\u00f5lkimist telefoni teel\u00a0<\/strong>enam kui 150 keelekombinatsioonis.<\/p>\n<h2><img data-recalc-dims=\"1\" loading=\"lazy\" decoding=\"async\" class=\"alignnone wp-image-6496 size-medium\" src=\"https:\/\/i0.wp.com\/www.balticmedia.com\/wp-content\/uploads\/marite_birojs.jpg?resize=300%2C199&#038;ssl=1\" alt=\"Suuline t\u00f5lge telefoni, Zoom, Meet\" width=\"300\" height=\"199\" srcset=\"https:\/\/i0.wp.com\/www.balticmedia.com\/wp-content\/uploads\/marite_birojs-e1734298150545.jpg?resize=300%2C199&amp;ssl=1 300w, https:\/\/i0.wp.com\/www.balticmedia.com\/wp-content\/uploads\/marite_birojs-e1734298150545.jpg?resize=768%2C509&amp;ssl=1 768w, https:\/\/i0.wp.com\/www.balticmedia.com\/wp-content\/uploads\/marite_birojs-e1734298150545.jpg?w=1024&amp;ssl=1 1024w\" sizes=\"auto, (max-width: 300px) 100vw, 300px\" title=\"\"><\/h2>\n<h2><strong>Kuidas see toimib?<\/strong><\/h2>\n<p><img data-recalc-dims=\"1\" loading=\"lazy\" decoding=\"async\" class=\"alignnone wp-image-1475 size-medium\" src=\"https:\/\/i0.wp.com\/www.balticmedia.com\/wp-content\/uploads\/BM-logo-328x90-web-2.jpg?resize=300%2C82&#038;ssl=1\" alt=\"Suuline t\u00f5lge telefoni, Zoom, Meet\" width=\"300\" height=\"82\" srcset=\"https:\/\/i0.wp.com\/www.balticmedia.com\/wp-content\/uploads\/BM-logo-328x90-web-2-e1732657723740.jpg?resize=300%2C82&amp;ssl=1 300w, https:\/\/i0.wp.com\/www.balticmedia.com\/wp-content\/uploads\/BM-logo-328x90-web-2-e1732657723740.jpg?w=328&amp;ssl=1 328w\" sizes=\"auto, (max-width: 300px) 100vw, 300px\" title=\"\"><\/p>\n<p>Klient v\u00f5tab \u00fchendust projektijuhiga ning lepib kokku t\u00f5lketeenuse osutamise aja ja keelekombinatsiooni, milles t\u00f5lge on vajalik, samuti teavitab temaatikast ja annab muud spetsiifilist informatsiooni.<\/p>\n<p>Kokkulepitud ajal helistavad kliendi esindajad ja t\u00f5lk meie s\u00fcsteemi sisse ja t\u00f5lkimine v\u00f5ib alata. Protsess on t\u00e4pselt samasugune nagu igal j\u00e4relt\u00f5lkel (konsekutiivsel t\u00f5lkimisel) \u2013 t\u00f5lk t\u00f5lgib j\u00e4rk-j\u00e4rgult osade kaupa k\u00f5ne ning aitab eri keeli r\u00e4\u00e4kivatel inimestel \u00fcksteist m\u00f5ista. Seda t\u00f5lkemoodust kasutatakse laialdaselt l\u00e4bir\u00e4\u00e4kimistel, koost\u00f6\u00f6aruteludel, teabe hankimisel v\u00e4lismaal ja muudel \u00e4rikohtingutel.<\/p>\n<h2><strong>Kas on vaja rentida spetsiaalset konverentsitehnikat?<\/strong><\/h2>\n<p>Ei, t\u00f5lkimine toimub tava- v\u00f5i mobiiltelefoniaparaadi vahendusel.<\/p>\n<h2><strong>Konfidentsiaalsus<\/strong><\/h2>\n<p>Baltic Media Ltd on allkirjastanud kokkuleppe k\u00f5igi tarnijatega informatsiooni kolmandatele isikutele mittev\u00e4ljastamise kohta, seejuures igale telefonikonverentsile genereeritakse individuaalne p\u00e4\u00e4sukood, mis on teada ainult t\u00f5lgile ja kliendi esindajatele ning mis v\u00e4listab mis tahes k\u00f5ne volitamata pealtkuulamise.<\/p>\n<h2><strong>Kas konverentsist v\u00f5ib osa v\u00f5tta mitu inimest?<\/strong><\/h2>\n<p>Selle s\u00fcsteemi suurim eelis on see, et konverentsist v\u00f5ib osa v\u00f5tta piiramatu hulk inimesi. Sellisel juhul peab k\u00fcll meeles pidama, et t\u00f5lke on \u00fcks ja ta saab korraga t\u00f5lkida vaid \u00fche inimese k\u00f5net.<\/p>\n<h2><strong>Kas k\u00f5ne kestus on piiratud?<\/strong><\/h2>\n<p>Ei, aga kui plaanitakse, et k\u00f5ne v\u00f5ib kesta enam kui poolteist tundi, siis palume sellest aegsasti informeerida meie projektijuhti, et me j\u00f5uaksime kokku leppida teise t\u00f5lgiga, kes v\u00f5iks vajadusel t\u00f5lkimise \u00fcle v\u00f5tta.<\/p>\n<h2><strong>Kas see on kallis?<\/strong><\/h2>\n<p>T\u00f5lkemaksumus s\u00f5ltub keelekombinatsioonidest, milles on vaja t\u00f5lkida, ja ka teksti keerukusastmest. T\u00e4psest t\u00f5lkemaksumusest informeerib teid meie projektijuht, kuid see on kindlasti kaks korda odavam t\u00f5lgi kohaletellimisest.<\/p>\n<p><a href=\"https:\/\/www.balticmedia.com\/et\/tolkehind-maksumus-tolkehinnad\/\"><strong>Selle teenuse hinnapakkumise saamiseks palume v\u00f5tta meiega \u00fchendust, kasutades tasuta hinnap\u00e4ringu vormi!<\/strong><\/a><\/p>\n<h3>T\u00f5lkeb\u00fcroo Baltic Media<sup>\u00ae<\/sup> P\u00f5hja-Euroopas<\/h3>\n<p>P\u00f5hjamaade ja Balti riikide t\u00f5lkeb\u00fcroo Baltic Media<sup>\u00ae<\/sup> on P\u00f5hja-Euroopa juhtiv digitaalt\u00f5lketeenuste pakkuja, kes on spetsialiseerunud P\u00f5hja-Euroopa (sh P\u00f5hjamaade, balti, slaavi) keeltele, peamiselt t\u00f5lkimisele rootsi, soome, taani, islandi, f\u00e4\u00e4ri, norra, saksa, inglise, poola, vene, l\u00e4ti, leedu ja eesti keelest\/keelde.<\/p>\n<p>ISO sertifikaadiga keeleteenusepakkujana pakub t\u00f5lkeb\u00fcroo Baltic Media<sup>\u00ae<\/sup> inimt\u00f5lketeenuseid nii ettev\u00f5tetele, valitsusasutustele kui ka eraklientidele.<\/p>\n<h2><strong><a href=\"https:\/\/www.balticmedia.com\/et\/ulemaailmsed-tolketeenused\/konverentsitolge\/\">T\u00f5lketeenuste liigid<\/a><\/strong><\/h2>\n<p><iframe loading=\"lazy\" title=\"YouTube video player\" src=\"https:\/\/www.youtube.com\/embed\/ISW1rVGV34c\" width=\"560\" height=\"315\" frameborder=\"0\" allowfullscreen=\"allowfullscreen\"><\/iframe><\/p>\n<h3><a href=\"\/et\/meist\/miks-valida-tolkeburoo-baltic-media\/\">Miks valida P\u00f5hja- ja Baltimaade t\u00f5lkeb\u00fcroo Baltic Media<sup>\u00ae<\/sup>?<\/a><\/h3>\n<h3><a href=\"\/et\/hinnad\/\">Kuidas v\u00e4hendada t\u00f5lke kulusid kvaliteeti ohverdamata?<\/a><\/h3>\n<h3><a href=\"\/et\/meist\/inimtolge\/\">Miks on inimt\u00f5lketeenused teie parim valik?<\/a><\/h3>\n<h3><a href=\"https:\/\/www.balticmedia.com\/et\/ulemaailmsed-tolketeenused\/automaatse-masintolke-jareltoimetamine\/\">T\u00f5lkige Google'i, Bingi, Microsofti, Tilde v\u00f5i Yandexiga ning tellige meilt toimetamine!<\/a><\/h3>\n<h3><a href=\"https:\/\/www.balticmedia.com\/et\/tolkehind-maksumus-tolkehinnad\/\">Hinnapakkumised tasuta<\/a><\/h3>\n<h3><a href=\"https:\/\/www.balticmedia.com\/et\/infoparing\/\">Teabep\u00e4ring<\/a><\/h3>\n<h3><a href=\"mailto:info@balticmedia.com\">E-post<\/a><\/h3>\n<p><strong>\u00a9 Baltic Media<\/strong><\/p>\n<\/div>\n<\/div><\/div><\/div><\/div><\/div>","protected":false},"excerpt":{"rendered":"<p>Suuline t\u00f5lge telefoni teel Suuline t\u00f5lge telefoni, Zoom, Meet jne kaudu Suuliste t\u00f5lketeenuste vajaduste kasvades pakub t\u00f5lkefirma Baltic Media Ltd uut kvaliteetset teenust:\u00a0t\u00f5lkimist telefoni teel\u00a0enam kui 150 keelekombinatsioonis. Kuidas see toimib? Klient v\u00f5tab \u00fchendust projektijuhiga ning lepib kokku t\u00f5lketeenuse osutamise aja ja keelekombinatsiooni, milles t\u00f5lge on vajalik, samuti teavitab temaatikast ja annab muud spetsiifilist informatsiooni. [&hellip;]<\/p>\n","protected":false},"author":2,"featured_media":131803,"parent":16687,"menu_order":0,"comment_status":"closed","ping_status":"closed","template":"","meta":{"ocean_post_layout":"","ocean_both_sidebars_style":"","ocean_both_sidebars_content_width":0,"ocean_both_sidebars_sidebars_width":0,"ocean_sidebar":"0","ocean_second_sidebar":"0","ocean_disable_margins":"enable","ocean_add_body_class":"","ocean_shortcode_before_top_bar":"","ocean_shortcode_after_top_bar":"","ocean_shortcode_before_header":"","ocean_shortcode_after_header":"","ocean_has_shortcode":"","ocean_shortcode_after_title":"","ocean_shortcode_before_footer_widgets":"","ocean_shortcode_after_footer_widgets":"","ocean_shortcode_before_footer_bottom":"","ocean_shortcode_after_footer_bottom":"","ocean_display_top_bar":"default","ocean_display_header":"default","ocean_header_style":"","ocean_center_header_left_menu":"0","ocean_custom_header_template":"0","ocean_custom_logo":0,"ocean_custom_retina_logo":0,"ocean_custom_logo_max_width":0,"ocean_custom_logo_tablet_max_width":0,"ocean_custom_logo_mobile_max_width":0,"ocean_custom_logo_max_height":0,"ocean_custom_logo_tablet_max_height":0,"ocean_custom_logo_mobile_max_height":0,"ocean_header_custom_menu":"0","ocean_menu_typo_font_family":"0","ocean_menu_typo_font_subset":"","ocean_menu_typo_font_size":0,"ocean_menu_typo_font_size_tablet":0,"ocean_menu_typo_font_size_mobile":0,"ocean_menu_typo_font_size_unit":"px","ocean_menu_typo_font_weight":"","ocean_menu_typo_font_weight_tablet":"","ocean_menu_typo_font_weight_mobile":"","ocean_menu_typo_transform":"","ocean_menu_typo_transform_tablet":"","ocean_menu_typo_transform_mobile":"","ocean_menu_typo_line_height":0,"ocean_menu_typo_line_height_tablet":0,"ocean_menu_typo_line_height_mobile":0,"ocean_menu_typo_line_height_unit":"","ocean_menu_typo_spacing":0,"ocean_menu_typo_spacing_tablet":0,"ocean_menu_typo_spacing_mobile":0,"ocean_menu_typo_spacing_unit":"","ocean_menu_link_color":"","ocean_menu_link_color_hover":"","ocean_menu_link_color_active":"","ocean_menu_link_background":"","ocean_menu_link_hover_background":"","ocean_menu_link_active_background":"","ocean_menu_social_links_bg":"","ocean_menu_social_hover_links_bg":"","ocean_menu_social_links_color":"","ocean_menu_social_hover_links_color":"","ocean_disable_title":"default","ocean_disable_heading":"default","ocean_post_title":"","ocean_post_subheading":"","ocean_post_title_style":"","ocean_post_title_background_color":"","ocean_post_title_background":0,"ocean_post_title_bg_image_position":"","ocean_post_title_bg_image_attachment":"","ocean_post_title_bg_image_repeat":"","ocean_post_title_bg_image_size":"","ocean_post_title_height":0,"ocean_post_title_bg_overlay":0.5,"ocean_post_title_bg_overlay_color":"","ocean_disable_breadcrumbs":"default","ocean_breadcrumbs_color":"","ocean_breadcrumbs_separator_color":"","ocean_breadcrumbs_links_color":"","ocean_breadcrumbs_links_hover_color":"","ocean_display_footer_widgets":"default","ocean_display_footer_bottom":"default","ocean_custom_footer_template":"0","ofc_meta_disable_footer_callout":"","ofc_meta_callout_button_url":"","ofc_meta_callout_button_txt":"","ofc_meta_callout_text":"","osh_disable_topbar_sticky":"default","osh_disable_header_sticky":"default","osh_sticky_header_style":"default","osh_sticky_header_effect":"","osh_custom_sticky_logo":0,"osh_custom_retina_sticky_logo":0,"osh_custom_sticky_logo_height":0,"osh_background_color":"","osh_links_color":"","osh_links_hover_color":"","osh_links_active_color":"","osh_links_bg_color":"","osh_links_hover_bg_color":"","osh_links_active_bg_color":"","osh_menu_social_links_color":"","osh_menu_social_hover_links_color":"","footnotes":""},"class_list":["post-17518","page","type-page","status-publish","has-post-thumbnail","hentry","entry","has-media"],"jetpack_sharing_enabled":true,"jetpack_likes_enabled":true,"jetpack-related-posts":[],"jetpack_shortlink":"https:\/\/wp.me\/Pe7Cu3-4yy","_links":{"self":[{"href":"https:\/\/www.balticmedia.com\/et\/wp-json\/wp\/v2\/pages\/17518","targetHints":{"allow":["GET"]}}],"collection":[{"href":"https:\/\/www.balticmedia.com\/et\/wp-json\/wp\/v2\/pages"}],"about":[{"href":"https:\/\/www.balticmedia.com\/et\/wp-json\/wp\/v2\/types\/page"}],"author":[{"embeddable":true,"href":"https:\/\/www.balticmedia.com\/et\/wp-json\/wp\/v2\/users\/2"}],"replies":[{"embeddable":true,"href":"https:\/\/www.balticmedia.com\/et\/wp-json\/wp\/v2\/comments?post=17518"}],"version-history":[{"count":7,"href":"https:\/\/www.balticmedia.com\/et\/wp-json\/wp\/v2\/pages\/17518\/revisions"}],"predecessor-version":[{"id":137254,"href":"https:\/\/www.balticmedia.com\/et\/wp-json\/wp\/v2\/pages\/17518\/revisions\/137254"}],"up":[{"embeddable":true,"href":"https:\/\/www.balticmedia.com\/et\/wp-json\/wp\/v2\/pages\/16687"}],"wp:featuredmedia":[{"embeddable":true,"href":"https:\/\/www.balticmedia.com\/et\/wp-json\/wp\/v2\/media\/131803"}],"wp:attachment":[{"href":"https:\/\/www.balticmedia.com\/et\/wp-json\/wp\/v2\/media?parent=17518"}],"curies":[{"name":"wp","href":"https:\/\/api.w.org\/{rel}","templated":true}]}}