{"id":16977,"date":"2021-01-15T18:28:30","date_gmt":"2021-01-15T16:28:30","guid":{"rendered":"https:\/\/www.balticmedia.com\/kontaktandmed\/translation-agency-stockholm\/"},"modified":"2025-09-29T09:13:35","modified_gmt":"2025-09-29T06:13:35","slug":"tolkeburoo-stockholmis","status":"publish","type":"page","link":"https:\/\/www.balticmedia.com\/et\/tolkeburood\/tolkeburoo-stockholmis\/","title":{"rendered":"T\u00f5lkeb\u00fcroo Stockholmis"},"content":{"rendered":"<div id=\"pl-16977\"  class=\"panel-layout\" ><div id=\"pg-16977-0\"  class=\"panel-grid panel-no-style\" ><div id=\"pgc-16977-0-0\"  class=\"panel-grid-cell\" ><div id=\"panel-16977-0-0-0\" class=\"so-panel widget widget_sow-image panel-first-child panel-last-child widgetopts-SO\" data-index=\"0\" ><div\n\t\t\t\n\t\t\tclass=\"so-widget-sow-image so-widget-sow-image-default-8b5b6f678277-16977\"\n\t\t\t\n\t\t>\n<div class=\"sow-image-container\">\n\t\t<img src=\"https:\/\/i0.wp.com\/www.balticmedia.com\/wp-content\/uploads\/4price_and_quality-scaled.jpg?fit=2560%2C549&amp;ssl=1\" width=\"2560\" height=\"549\" srcset=\"https:\/\/i0.wp.com\/www.balticmedia.com\/wp-content\/uploads\/4price_and_quality-scaled.jpg?w=2560&amp;ssl=1 2560w, https:\/\/i0.wp.com\/www.balticmedia.com\/wp-content\/uploads\/4price_and_quality-scaled.jpg?resize=300%2C64&amp;ssl=1 300w, https:\/\/i0.wp.com\/www.balticmedia.com\/wp-content\/uploads\/4price_and_quality-scaled.jpg?resize=1024%2C219&amp;ssl=1 1024w, https:\/\/i0.wp.com\/www.balticmedia.com\/wp-content\/uploads\/4price_and_quality-scaled.jpg?resize=768%2C165&amp;ssl=1 768w, https:\/\/i0.wp.com\/www.balticmedia.com\/wp-content\/uploads\/4price_and_quality-scaled.jpg?resize=1536%2C329&amp;ssl=1 1536w, https:\/\/i0.wp.com\/www.balticmedia.com\/wp-content\/uploads\/4price_and_quality-scaled.jpg?resize=2048%2C439&amp;ssl=1 2048w, https:\/\/i0.wp.com\/www.balticmedia.com\/wp-content\/uploads\/4price_and_quality-scaled.jpg?w=2400&amp;ssl=1 2400w\" title=\"T\u00f5lkeb\u00fcroo Stockholmis\" alt=\"T\u00f5lkeb\u00fcroo Stockholmis\" class=\"so-widget-image\">\n\t<\/div>\n\n<\/div><\/div><\/div><\/div><div id=\"pg-16977-1\"  class=\"panel-grid panel-no-style\" ><div id=\"pgc-16977-1-0\"  class=\"panel-grid-cell\" ><div id=\"panel-16977-1-0-0\" class=\"so-panel widget widget_sow-editor panel-first-child widgetopts-SO\" data-index=\"1\" ><div\n\t\t\t\n\t\t\tclass=\"so-widget-sow-editor so-widget-sow-editor-base\"\n\t\t\t\n\t\t>\n<div class=\"siteorigin-widget-tinymce textwidget\">\n\t<pre><form aria-label=\"Search this website\" role=\"search\" method=\"get\" class=\"oceanwp-searchform\" id=\"searchform\" action=\"https:\/\/www.balticmedia.com\/et\/\"><input aria-label=\"Insert search query\" type=\"text\" class=\"field\" name=\"s\" id=\"s\" placeholder=\"Search\"><button aria-label=\"Submit your search\" type=\"submit\" class=\"search-submit\" value=\"\"><i class=\"icon-magnifier\" aria-hidden=\"true\"><\/i><\/button><\/form><\/pre>\n<\/div>\n<\/div><\/div><div id=\"panel-16977-1-0-1\" class=\"so-panel widget widget_ocean_custom_menu widget-oceanwp-custom-menu custom-menu-widget widgetopts-SO\" data-index=\"2\" ><div class=\"oceanwp-custom-menu clr ocean_custom_menu-2 left dropdown-hover\"><ul id=\"menu-kontaktandmed-et\" class=\"dropdown-menu sf-menu\"><li  id=\"menu-item-41586\" class=\"menu-item menu-item-type-post_type menu-item-object-page menu-item-41586\"><a href=\"https:\/\/www.balticmedia.com\/et\/tolkeburood\/\" class=\"menu-link\">T\u00f5lkeb\u00fcrood P\u00f5hjamaades ja Baltikumis<\/a><\/li>\n<li  id=\"menu-item-41587\" class=\"menu-item menu-item-type-post_type menu-item-object-page menu-item-41587\"><a href=\"https:\/\/www.balticmedia.com\/et\/tolkeburood\/tolkeburoo-riias\/\" class=\"menu-link\">T\u00f5lkeb\u00fcroo Riias<\/a><\/li>\n<li  id=\"menu-item-41588\" class=\"menu-item menu-item-type-post_type menu-item-object-page menu-item-41588\"><a href=\"https:\/\/www.balticmedia.com\/et\/tolkeburood\/tolkeburoo-stockholmis\/\" class=\"menu-link\">T\u00f5lkeb\u00fcroo Stockholmis<\/a><\/li>\n<\/ul><\/div><\/div><div id=\"panel-16977-1-0-2\" class=\"so-panel widget widget_ocean_custom_menu widget-oceanwp-custom-menu custom-menu-widget panel-last-child widgetopts-SO\" data-index=\"3\" ><div class=\"oceanwp-custom-menu clr ocean_custom_menu-2 left dropdown-hover\"><ul id=\"menu-partnerid-et\" class=\"dropdown-menu sf-menu\"><li  id=\"menu-item-14902\" class=\"menu-item menu-item-type-custom menu-item-object-custom menu-item-14902\"><a target=\"_blank\" href=\"https:\/\/balticmedia.s.xtrf.eu\/vendors\/#\/sign-in\" class=\"menu-link\" rel=\"nofollow noopener\"><i class=\"icon before line-icon icon-briefcase\" aria-hidden=\"true\" style=\"font-size:2em;\"><\/i><span class=\"menu-text\">Partneriportaal<\/span><\/a><\/li>\n<li  id=\"menu-item-14903\" class=\"menu-item menu-item-type-custom menu-item-object-custom menu-item-14903\"><a target=\"_blank\" href=\"https:\/\/www.balticmedia.com\/wp-content\/uploads\/11-Reasons-to-Choose-Baltic-Media-2026.pdf\" class=\"menu-link\"><i class=\"icon before line-icon icon-people\" aria-hidden=\"true\" style=\"font-size:2em;\"><\/i><span class=\"menu-text\">Firma profiil<\/span><\/a><\/li>\n<li  id=\"menu-item-14904\" class=\"menu-item menu-item-type-custom menu-item-object-custom menu-item-14904\"><a target=\"_blank\" href=\"https:\/\/www.balticmedia.com\/wp-content\/uploads\/tolkeburood-et.pdf\" class=\"menu-link\"><i class=\"icon before line-icon icon-organization\" aria-hidden=\"true\" style=\"font-size:2em;\"><\/i><span class=\"menu-text\">T\u00f5lkimine. Samm-sammult<\/span><\/a><\/li>\n<li  id=\"menu-item-14905\" class=\"menu-item menu-item-type-custom menu-item-object-custom menu-item-14905\"><a target=\"_blank\" href=\"https:\/\/www.balticmedia.com\/wp-content\/uploads\/Baltic-Media-Ltd.-Service-Terms-and-Conditions.pdf\" class=\"menu-link\"><i class=\"icon before line-icon icon-docs\" aria-hidden=\"true\" style=\"font-size:2em;\"><\/i><span class=\"menu-text\">Teenuse tingimused (EN)<\/span><\/a><\/li>\n<li  id=\"menu-item-14906\" class=\"menu-item menu-item-type-custom menu-item-object-custom menu-item-14906\"><a target=\"_blank\" href=\"https:\/\/www.balticmedia.com\/wp-content\/uploads\/iSO-certificate-2023.png\" class=\"menu-link\"><i class=\"icon before line-icon icon-doc\" aria-hidden=\"true\" style=\"font-size:2em;\"><\/i><span class=\"menu-text\">ISO 9001:2015 Quality Certification<\/span><\/a><\/li>\n<li  id=\"menu-item-14907\" class=\"menu-item menu-item-type-custom menu-item-object-custom menu-item-14907\"><a target=\"_blank\" href=\"https:\/\/www.balticmedia.com\/wp-content\/uploads\/362531_copyrighttrademarkbalticmedia.pdf\" class=\"menu-link\"><i class=\"icon before line-icon icon-info\" aria-hidden=\"true\" style=\"font-size:2em;\"><\/i><span class=\"menu-text\">Copyright | Trademark Baltic Media<sup>\u00ae<\/sup><\/span><\/a><\/li>\n<\/ul><\/div><\/div><\/div><div id=\"pgc-16977-1-1\"  class=\"panel-grid-cell\" ><div id=\"panel-16977-1-1-0\" class=\"so-panel widget widget_sow-editor panel-first-child widgetopts-hide_title widgetopts-SO\" data-index=\"4\" ><div\n\t\t\t\n\t\t\tclass=\"so-widget-sow-editor so-widget-sow-editor-base\"\n\t\t\t\n\t\t><h3 class=\"widget-title\">T\u00f5lkeb\u00fcroo Stockholmis<\/h3>\n<div class=\"siteorigin-widget-tinymce textwidget\">\n\t<p><!-- wp:paragraph --><\/p>\n<div class=\"formatedtext\">\n<h1 id=\"tw-target-text\" class=\"tw-data-text tw-text-large tw-ta\" dir=\"ltr\" data-placeholder=\"\u00d6vers\u00e4ttning\" data-ved=\"2ahUKEwj0lM6xycGCAxW9AxAIHT4yCbYQ3ewLegQIChAQ\"><span class=\"Y2IQFc\" lang=\"et\">T\u00f5lkeb\u00fcroo Stockholmis <\/span><\/h1>\n<h2 class=\"tw-data-text tw-text-large tw-ta\" dir=\"ltr\" data-placeholder=\"\u00d6vers\u00e4ttning\" data-ved=\"2ahUKEwj0lM6xycGCAxW9AxAIHT4yCbYQ3ewLegQIChAQ\"><strong>P\u00f5hjamaade ja Balti t\u00f5lkeb\u00fcroo Baltic Media<sup>\u00ae<\/sup><\/strong><\/h2>\n<p><strong>Baltic Media Translations AB<\/strong><br \/>\nBox 2349<br \/>\nSE-116 74 Stockholm, Sweden\/Su\u00e8de<\/p>\n<div>\n<p>\u2022 \u00a0+46 8 767 60 24<br \/>\n\u2022 \u00a0<a href=\"mailto:nordics@balticmedia.com\">nordics@balticmedia.com<\/a><\/p>\n<figure id=\"attachment_136010\" aria-describedby=\"caption-attachment-136010\" style=\"width: 300px\" class=\"wp-caption alignnone\"><img data-recalc-dims=\"1\" loading=\"lazy\" decoding=\"async\" class=\"wp-image-136010 size-medium\" src=\"https:\/\/i0.wp.com\/www.balticmedia.com\/wp-content\/uploads\/oversattningsbyra-1.jpg?resize=300%2C300&#038;ssl=1\" alt=\"T\u00f5lkeb\u00fcroo Stockholmis\" width=\"300\" height=\"300\" title=\"\"><figcaption id=\"caption-attachment-136010\" class=\"wp-caption-text\">\u00f6vers\u00e4ttningsbyr\u00e5 i stockholm och i hela sverige<\/figcaption><\/figure>\n<h2>T\u00f5lkeb\u00fcroo Baltic Media<sup>\u00ae<\/sup> P\u00f5hja-Euroopas<\/h2>\n<p>P\u00f5hjamaade ja Balti riikide t\u00f5lkeb\u00fcroo Baltic Media<sup>\u00ae<\/sup> on P\u00f5hja-Euroopa juhtiv digitaalt\u00f5lketeenuste pakkuja, kes on spetsialiseerunud P\u00f5hja-Euroopa (sh P\u00f5hjamaade, balti, slaavi) keeltele, peamiselt t\u00f5lkimisele rootsi, soome, taani, islandi, f\u00e4\u00e4ri, norra, saksa, inglise, poola, vene, l\u00e4ti, leedu ja eesti keelest\/keelde.<\/p>\n<p>ISO sertifikaadiga keeleteenusepakkujana pakub t\u00f5lkeb\u00fcroo Baltic Media<sup>\u00ae<\/sup> inimt\u00f5lketeenuseid nii ettev\u00f5tetele, valitsusasutustele kui ka eraklientidele.<\/p>\n<p><img data-recalc-dims=\"1\" loading=\"lazy\" decoding=\"async\" class=\"alignnone wp-image-62822 size-medium\" src=\"https:\/\/i0.wp.com\/www.balticmedia.com\/wp-content\/uploads\/cropped-balticmedia_logo_512x148.png?resize=300%2C82&#038;ssl=1\" alt=\"T\u00f5lkeb\u00fcroo\" width=\"300\" height=\"82\" srcset=\"https:\/\/i0.wp.com\/www.balticmedia.com\/wp-content\/uploads\/cropped-balticmedia_logo_512x148.png?resize=300%2C82&amp;ssl=1 300w, https:\/\/i0.wp.com\/www.balticmedia.com\/wp-content\/uploads\/cropped-balticmedia_logo_512x148.png?w=512&amp;ssl=1 512w\" sizes=\"auto, (max-width: 300px) 100vw, 300px\" title=\"\"><\/p>\n<div class=\"flex-shrink-0 flex flex-col relative items-end\">\n<div>\n<div class=\"pt-0\">\n<div class=\"gizmo-bot-avatar flex h-8 w-8 items-center justify-center overflow-hidden rounded-full\">\n<div class=\"relative p-1 rounded-sm flex items-center justify-center bg-token-main-surface-primary text-token-text-primary h-8 w-8\"><\/div>\n<\/div>\n<\/div>\n<\/div>\n<\/div>\n<div class=\"group\/conversation-turn relative flex w-full min-w-0 flex-col agent-turn\">\n<div class=\"flex-col gap-1 md:gap-3\">\n<div class=\"flex max-w-full flex-col flex-grow\">\n<div class=\"min-h-8 text-message flex w-full flex-col items-end gap-2 whitespace-normal break-words [.text-message+&amp;]:mt-5\" dir=\"auto\" data-message-author-role=\"assistant\" data-message-id=\"a0bfd15b-42d2-4ea2-a20e-f0aeb2882c87\" data-message-model-slug=\"gpt-4o\">\n<div class=\"flex w-full flex-col gap-1 empty:hidden first:pt-[3px]\">\n<div class=\"markdown prose w-full break-words dark:prose-invert light\">\n<p><strong>T\u00f5lkeb\u00fcroo Baltic Media<\/strong> Stockholmis on \u00fcks juhtivaid t\u00f5lketeenuste pakkujaid P\u00f5hja-Euroopas. Baltic Media on spetsialiseerunud kvaliteetsetele t\u00f5lketeenustele ja lokaliseerimisele ning pakub oma teenuseid nii ettev\u00f5tetele kui ka eraisikutele. T\u00e4nu kogenud t\u00f5lkijatele ja kaasaegsetele t\u00f6\u00f6riistadele suudab Baltic Media t\u00e4ita mitmesuguseid keelelisi vajadusi paljudes valdkondades.<\/p>\n<p><img data-recalc-dims=\"1\" loading=\"lazy\" decoding=\"async\" class=\"alignnone wp-image-131869 size-full\" src=\"https:\/\/i0.wp.com\/www.balticmedia.com\/wp-content\/uploads\/oversattningsbyra-i-stockholm-sverige.webp?resize=300%2C298&#038;ssl=1\" alt=\"T\u00f5lkeb\u00fcroo Stockholmis\" width=\"300\" height=\"298\" srcset=\"https:\/\/i0.wp.com\/www.balticmedia.com\/wp-content\/uploads\/oversattningsbyra-i-stockholm-sverige.webp?w=300&amp;ssl=1 300w, https:\/\/i0.wp.com\/www.balticmedia.com\/wp-content\/uploads\/oversattningsbyra-i-stockholm-sverige.webp?resize=150%2C150&amp;ssl=1 150w\" sizes=\"auto, (max-width: 300px) 100vw, 300px\" title=\"\"><\/p>\n<h3>Baltic Media Stockholmi teenused:<\/h3>\n<ol>\n<li><strong>Kirjalik t\u00f5lge<\/strong>:\n<ul>\n<li>Professionaalne dokumentide t\u00f5lkimine enam kui 150 keeles, sealhulgas juriidiliste, tehniliste, meditsiiniliste ja \u00e4ridokumentide t\u00f5lked.<\/li>\n<\/ul>\n<\/li>\n<li><strong>Kinnitatud ja notariaalselt t\u00f5estatud t\u00f5lked<\/strong>:\n<ul>\n<li>Ametlikud t\u00f5lked, nagu s\u00fcnnitunnistused, diplomid, lepingud ja muud juriidilised dokumendid, koos v\u00f5imalusega saada t\u00f5lkele notariaalne v\u00f5i muu kinnitamine.<\/li>\n<\/ul>\n<\/li>\n<li><strong>Lokaliseerimine<\/strong>:\n<ul>\n<li>Veebisaitide, tarkvara ja turundusmaterjalide kohandamine kohalikele turgudele, et sisu oleks kultuuriliselt ja keeleliselt asjakohane sihtr\u00fchma jaoks.<\/li>\n<\/ul>\n<\/li>\n<li><strong>Suuline t\u00f5lge<\/strong>:\n<ul>\n<li>S\u00fcnkroont\u00f5lke ja j\u00e4rjestikt\u00f5lke teenused konverentsidel, \u00e4rikohtumistel ja \u00fcritustel, saadaval nii kohapeal kui ka veebis.<\/li>\n<\/ul>\n<\/li>\n<li><strong>Audiovisuaalne t\u00f5lge<\/strong>:\n<ul>\n<li>Teenused, mis h\u00f5lmavad subtiitrimist, pealelugemist ja dubleerimist filmidele, videotele ja muudele multimeediaprojektidele.<\/li>\n<\/ul>\n<\/li>\n<li><strong>Keelekursused<\/strong>:\n<ul>\n<li>Baltic Media pakub keele\u00f5pet nii eraisikutele kui ka ettev\u00f5tetele, sealhulgas rootsi, inglise, saksa ja teiste keelte kursusi.<\/li>\n<\/ul>\n<\/li>\n<\/ol>\n<h3>Baltic Media Stockholmi eelised:<\/h3>\n<ul>\n<li><strong>Professionaalsed t\u00f5lkijad<\/strong>: K\u00f5ik t\u00f5lkijad on k\u00f5rgelt kvalifitseeritud ja spetsialiseerunud erinevatele valdkondadele, tagades t\u00e4psed ja kvaliteetsed t\u00f5lked.<\/li>\n<li><strong>Kvaliteedi tagamine<\/strong>: Baltic Media j\u00e4rgib rangeid kvaliteedistandardeid ja peab kinni t\u00e4htaegadest, pakkudes usaldusv\u00e4\u00e4rset koost\u00f6\u00f6d.<\/li>\n<li><strong>Kaasaegsed tehnoloogiad<\/strong>: Kasutatakse arvuti abil t\u00f5lkimise t\u00f6\u00f6riistu (CAT), mis tagab terminoloogia j\u00e4rjepidevuse ja t\u00f5hususe suurprojektides.<\/li>\n<li><strong>Lai keeltevalik<\/strong>: Baltic Media pakub t\u00f5lketeenuseid paljudes keeltes, sealhulgas P\u00f5hjamaade ja Balti keeltes nagu rootsi, l\u00e4ti, eesti, samuti rahvusvahelistes keeltes nagu inglise, prantsuse ja saksa.<\/li>\n<\/ul>\n<p><strong>T\u00f5lkeb\u00fcroo Baltic Media<\/strong> Stockholmis on usaldusv\u00e4\u00e4rne partner, pakkudes kvaliteetseid keelelisi lahendusi, mis aitavad klientidel t\u00f5husalt suhelda globaalses turus. Olgu vajadus kirjaliku t\u00f5lke, lokaliseerimise v\u00f5i suulise t\u00f5lke j\u00e4rele, Baltic Media pakub professionaalset teenust, mis vastab igale keelealasele n\u00f5udmisele.<\/p>\n<\/div>\n<\/div>\n<\/div>\n<\/div>\n<\/div>\n<\/div>\n<div>\n<h3><a href=\"\/et\/meist\/miks-valida-tolkeburoo-baltic-media\/\">Miks valida P\u00f5hja- ja Baltimaade t\u00f5lkeb\u00fcroo Baltic Media<sup>\u00ae<\/sup>?<\/a><\/h3>\n<h3><a href=\"\/et\/hinnad\/\">Kuidas v\u00e4hendada t\u00f5lke kulusid kvaliteeti ohverdamata?<\/a><\/h3>\n<h3><a href=\"\/et\/meist\/inimtolge\/\">Miks on inimt\u00f5lketeenused teie parim valik?<\/a><\/h3>\n<h3><a href=\"https:\/\/www.balticmedia.com\/et\/ulemaailmsed-tolketeenused\/automaatse-masintolke-jareltoimetamine\/\">T\u00f5lkige Google'i, Bingi, Microsofti, Tilde v\u00f5i Yandexiga ning tellige meilt toimetamine!<\/a><\/h3>\n<h3><a href=\"https:\/\/www.balticmedia.com\/et\/tolkehind-maksumus-tolkehinnad\/\">Hinnapakkumised tasuta<\/a><\/h3>\n<h3><a href=\"https:\/\/www.balticmedia.com\/et\/infoparing\/\">Teabep\u00e4ring<\/a><\/h3>\n<h3><a href=\"mailto:info@balticmedia.com\">E-post<\/a><\/h3>\n<\/div>\n<\/div>\n<div>\n<p><!-- \/wp:paragraph --><\/p>\n<\/div>\n<\/div>\n<\/div>\n<\/div><\/div><div id=\"panel-16977-1-1-1\" class=\"so-panel widget widget_sow-image-grid widgetopts-SO\" data-index=\"5\" ><div\n\t\t\t\n\t\t\tclass=\"so-widget-sow-image-grid so-widget-sow-image-grid-default-46e3cddde1e5-16977\"\n\t\t\t\n\t\t>\t<div\n\t\tclass=\"sow-image-grid-wrapper\"\n\t\t\t\t\t>\n\t\t\t\t\t<div class=\"sow-image-grid-image\">\n\t\t\t\t\t\t\t\t\t\t\t\t<img loading=\"lazy\" decoding=\"async\" width=\"300\" height=\"300\" src=\"https:\/\/i0.wp.com\/www.balticmedia.com\/wp-content\/uploads\/swedish-language-translation-services-e1771414594183.jpg?fit=300%2C300&amp;ssl=1\" class=\"sow-image-grid-image_html\" alt=\"\" title=\"T\u00f5lkeb\u00fcroo Stockholmis\">\t\t\t\t\t\t\t\t\t\t\t<\/div>\n\t\t\t\t\t<div class=\"sow-image-grid-image\">\n\t\t\t\t\t\t\t\t\t\t\t\t<img loading=\"lazy\" decoding=\"async\" width=\"300\" height=\"87\" src=\"https:\/\/i0.wp.com\/www.balticmedia.com\/wp-content\/uploads\/balticmedia_logo.png?fit=300%2C87&amp;ssl=1\" class=\"sow-image-grid-image_html\" alt=\"Baltic Media&lt;sup&gt;\u00ae&lt;\/sup&gt;&quot;\" title=\"balticmedia_logo_globallanguageservices_rgb-300&#215;100\">\t\t\t\t\t\t\t\t\t\t\t<\/div>\n\t\t\t<\/div>\n<\/div><\/div><div id=\"panel-16977-1-1-2\" class=\"so-panel widget widget_sow-editor panel-last-child widgetopts-SO\" data-index=\"6\" ><div\n\t\t\t\n\t\t\tclass=\"so-widget-sow-editor so-widget-sow-editor-base\"\n\t\t\t\n\t\t>\n<div class=\"siteorigin-widget-tinymce textwidget\">\n\t<p>&nbsp;<\/p>\n<p><iframe loading=\"lazy\" title=\"YouTube video player\" src=\"https:\/\/www.youtube.com\/embed\/ISW1rVGV34c\" width=\"468\" height=\"315\" frameborder=\"0\" allowfullscreen=\"allowfullscreen\"><\/iframe><\/p>\n<h3>Teie veebip\u00f5hine P\u00f5hja- ja Baltimaade t\u00f5lkeb\u00fcroo | Stockholm | Riia<\/h3>\n<\/div>\n<\/div><\/div><\/div><\/div><\/div>","protected":false},"excerpt":{"rendered":"<p>T\u00f5lkeb\u00fcroo Stockholmis P\u00f5hjamaade ja Balti t\u00f5lkeb\u00fcroo Baltic Media\u00ae Baltic Media Translations AB Box 2349 SE-116 74 Stockholm, Sweden\/Su\u00e8de \u2022 \u00a0+46 8 767 60 24 \u2022 \u00a0nordics@balticmedia.com T\u00f5lkeb\u00fcroo Baltic Media\u00ae P\u00f5hja-Euroopas P\u00f5hjamaade ja Balti riikide t\u00f5lkeb\u00fcroo Baltic Media\u00ae on P\u00f5hja-Euroopa juhtiv digitaalt\u00f5lketeenuste pakkuja, kes on spetsialiseerunud P\u00f5hja-Euroopa (sh P\u00f5hjamaade, balti, slaavi) keeltele, peamiselt t\u00f5lkimisele rootsi, soome, [&hellip;]<\/p>\n","protected":false},"author":2,"featured_media":132221,"parent":12057,"menu_order":0,"comment_status":"closed","ping_status":"closed","template":"","meta":{"ocean_post_layout":"","ocean_both_sidebars_style":"","ocean_both_sidebars_content_width":0,"ocean_both_sidebars_sidebars_width":0,"ocean_sidebar":"0","ocean_second_sidebar":"0","ocean_disable_margins":"enable","ocean_add_body_class":"","ocean_shortcode_before_top_bar":"","ocean_shortcode_after_top_bar":"","ocean_shortcode_before_header":"","ocean_shortcode_after_header":"","ocean_has_shortcode":"","ocean_shortcode_after_title":"","ocean_shortcode_before_footer_widgets":"","ocean_shortcode_after_footer_widgets":"","ocean_shortcode_before_footer_bottom":"","ocean_shortcode_after_footer_bottom":"","ocean_display_top_bar":"default","ocean_display_header":"default","ocean_header_style":"","ocean_center_header_left_menu":"0","ocean_custom_header_template":"0","ocean_custom_logo":0,"ocean_custom_retina_logo":0,"ocean_custom_logo_max_width":0,"ocean_custom_logo_tablet_max_width":0,"ocean_custom_logo_mobile_max_width":0,"ocean_custom_logo_max_height":0,"ocean_custom_logo_tablet_max_height":0,"ocean_custom_logo_mobile_max_height":0,"ocean_header_custom_menu":"0","ocean_menu_typo_font_family":"0","ocean_menu_typo_font_subset":"","ocean_menu_typo_font_size":0,"ocean_menu_typo_font_size_tablet":0,"ocean_menu_typo_font_size_mobile":0,"ocean_menu_typo_font_size_unit":"px","ocean_menu_typo_font_weight":"","ocean_menu_typo_font_weight_tablet":"","ocean_menu_typo_font_weight_mobile":"","ocean_menu_typo_transform":"","ocean_menu_typo_transform_tablet":"","ocean_menu_typo_transform_mobile":"","ocean_menu_typo_line_height":0,"ocean_menu_typo_line_height_tablet":0,"ocean_menu_typo_line_height_mobile":0,"ocean_menu_typo_line_height_unit":"","ocean_menu_typo_spacing":0,"ocean_menu_typo_spacing_tablet":0,"ocean_menu_typo_spacing_mobile":0,"ocean_menu_typo_spacing_unit":"","ocean_menu_link_color":"","ocean_menu_link_color_hover":"","ocean_menu_link_color_active":"","ocean_menu_link_background":"","ocean_menu_link_hover_background":"","ocean_menu_link_active_background":"","ocean_menu_social_links_bg":"","ocean_menu_social_hover_links_bg":"","ocean_menu_social_links_color":"","ocean_menu_social_hover_links_color":"","ocean_disable_title":"default","ocean_disable_heading":"default","ocean_post_title":"","ocean_post_subheading":"","ocean_post_title_style":"","ocean_post_title_background_color":"","ocean_post_title_background":0,"ocean_post_title_bg_image_position":"","ocean_post_title_bg_image_attachment":"","ocean_post_title_bg_image_repeat":"","ocean_post_title_bg_image_size":"","ocean_post_title_height":0,"ocean_post_title_bg_overlay":0.5,"ocean_post_title_bg_overlay_color":"","ocean_disable_breadcrumbs":"default","ocean_breadcrumbs_color":"","ocean_breadcrumbs_separator_color":"","ocean_breadcrumbs_links_color":"","ocean_breadcrumbs_links_hover_color":"","ocean_display_footer_widgets":"default","ocean_display_footer_bottom":"default","ocean_custom_footer_template":"0","ofc_meta_disable_footer_callout":"","ofc_meta_callout_button_url":"","ofc_meta_callout_button_txt":"","ofc_meta_callout_text":"","osh_disable_topbar_sticky":"default","osh_disable_header_sticky":"default","osh_sticky_header_style":"default","osh_sticky_header_effect":"","osh_custom_sticky_logo":0,"osh_custom_retina_sticky_logo":0,"osh_custom_sticky_logo_height":0,"osh_background_color":"","osh_links_color":"","osh_links_hover_color":"","osh_links_active_color":"","osh_links_bg_color":"","osh_links_hover_bg_color":"","osh_links_active_bg_color":"","osh_menu_social_links_color":"","osh_menu_social_hover_links_color":"","footnotes":""},"class_list":["post-16977","page","type-page","status-publish","has-post-thumbnail","hentry","entry","has-media"],"jetpack_sharing_enabled":true,"jetpack_likes_enabled":true,"jetpack-related-posts":[],"jetpack_shortlink":"https:\/\/wp.me\/Pe7Cu3-4pP","_links":{"self":[{"href":"https:\/\/www.balticmedia.com\/et\/wp-json\/wp\/v2\/pages\/16977","targetHints":{"allow":["GET"]}}],"collection":[{"href":"https:\/\/www.balticmedia.com\/et\/wp-json\/wp\/v2\/pages"}],"about":[{"href":"https:\/\/www.balticmedia.com\/et\/wp-json\/wp\/v2\/types\/page"}],"author":[{"embeddable":true,"href":"https:\/\/www.balticmedia.com\/et\/wp-json\/wp\/v2\/users\/2"}],"replies":[{"embeddable":true,"href":"https:\/\/www.balticmedia.com\/et\/wp-json\/wp\/v2\/comments?post=16977"}],"version-history":[{"count":14,"href":"https:\/\/www.balticmedia.com\/et\/wp-json\/wp\/v2\/pages\/16977\/revisions"}],"predecessor-version":[{"id":138941,"href":"https:\/\/www.balticmedia.com\/et\/wp-json\/wp\/v2\/pages\/16977\/revisions\/138941"}],"up":[{"embeddable":true,"href":"https:\/\/www.balticmedia.com\/et\/wp-json\/wp\/v2\/pages\/12057"}],"wp:featuredmedia":[{"embeddable":true,"href":"https:\/\/www.balticmedia.com\/et\/wp-json\/wp\/v2\/media\/132221"}],"wp:attachment":[{"href":"https:\/\/www.balticmedia.com\/et\/wp-json\/wp\/v2\/media?parent=16977"}],"curies":[{"name":"wp","href":"https:\/\/api.w.org\/{rel}","templated":true}]}}