{"id":12094,"date":"2021-01-15T18:14:32","date_gmt":"2021-01-15T16:14:32","guid":{"rendered":"https:\/\/wp.balticmedia.dev.telia.lv\/kontaktandmed\/translation-services-in-riga-latvia\/"},"modified":"2025-02-16T19:53:17","modified_gmt":"2025-02-16T17:53:17","slug":"tolkeburoo-riias","status":"publish","type":"page","link":"https:\/\/www.balticmedia.com\/et\/tolkeburood\/tolkeburoo-riias\/","title":{"rendered":"T\u00f5lkeb\u00fcroo Riias"},"content":{"rendered":"<div id=\"pl-12094\"  class=\"panel-layout\" ><div id=\"pg-12094-0\"  class=\"panel-grid panel-no-style\" ><div id=\"pgc-12094-0-0\"  class=\"panel-grid-cell\" ><div id=\"panel-12094-0-0-0\" class=\"so-panel widget widget_sow-image panel-first-child panel-last-child widgetopts-SO\" data-index=\"0\" ><div\n\t\t\t\n\t\t\tclass=\"so-widget-sow-image so-widget-sow-image-default-8b5b6f678277-12094\"\n\t\t\t\n\t\t>\n<div class=\"sow-image-container\">\n\t\t<img src=\"https:\/\/i0.wp.com\/www.balticmedia.com\/wp-content\/uploads\/4price_and_quality-scaled.jpg?fit=2560%2C549&amp;ssl=1\" width=\"2560\" height=\"549\" srcset=\"https:\/\/i0.wp.com\/www.balticmedia.com\/wp-content\/uploads\/4price_and_quality-scaled.jpg?w=2560&amp;ssl=1 2560w, https:\/\/i0.wp.com\/www.balticmedia.com\/wp-content\/uploads\/4price_and_quality-scaled.jpg?resize=300%2C64&amp;ssl=1 300w, https:\/\/i0.wp.com\/www.balticmedia.com\/wp-content\/uploads\/4price_and_quality-scaled.jpg?resize=1024%2C219&amp;ssl=1 1024w, https:\/\/i0.wp.com\/www.balticmedia.com\/wp-content\/uploads\/4price_and_quality-scaled.jpg?resize=768%2C165&amp;ssl=1 768w, https:\/\/i0.wp.com\/www.balticmedia.com\/wp-content\/uploads\/4price_and_quality-scaled.jpg?resize=1536%2C329&amp;ssl=1 1536w, https:\/\/i0.wp.com\/www.balticmedia.com\/wp-content\/uploads\/4price_and_quality-scaled.jpg?resize=2048%2C439&amp;ssl=1 2048w, https:\/\/i0.wp.com\/www.balticmedia.com\/wp-content\/uploads\/4price_and_quality-scaled.jpg?w=2400&amp;ssl=1 2400w\" title=\"T\u00f5lkeb\u00fcroo Riias\" alt=\"T\u00f5lkeb\u00fcroo Riias\" class=\"so-widget-image\">\n\t<\/div>\n\n<\/div><\/div><\/div><\/div><div id=\"pg-12094-1\"  class=\"panel-grid panel-no-style\" ><div id=\"pgc-12094-1-0\"  class=\"panel-grid-cell\" ><div id=\"panel-12094-1-0-0\" class=\"so-panel widget widget_sow-editor panel-first-child widgetopts-SO\" data-index=\"1\" ><div\n\t\t\t\n\t\t\tclass=\"so-widget-sow-editor so-widget-sow-editor-base\"\n\t\t\t\n\t\t>\n<div class=\"siteorigin-widget-tinymce textwidget\">\n\t<pre><form aria-label=\"Search this website\" role=\"search\" method=\"get\" class=\"oceanwp-searchform\" id=\"searchform\" action=\"https:\/\/www.balticmedia.com\/et\/\"><input aria-label=\"Insert search query\" type=\"text\" class=\"field\" name=\"s\" id=\"s\" placeholder=\"Search\"><button aria-label=\"Submit your search\" type=\"submit\" class=\"search-submit\" value=\"\"><i class=\"icon-magnifier\" aria-hidden=\"true\"><\/i><\/button><\/form><\/pre>\n<\/div>\n<\/div><\/div><div id=\"panel-12094-1-0-1\" class=\"so-panel widget widget_ocean_custom_menu widget-oceanwp-custom-menu custom-menu-widget widgetopts-SO\" data-index=\"2\" ><div class=\"oceanwp-custom-menu clr ocean_custom_menu-2 left dropdown-hover\"><ul id=\"menu-kontaktandmed-et\" class=\"dropdown-menu sf-menu\"><li  id=\"menu-item-41586\" class=\"menu-item menu-item-type-post_type menu-item-object-page menu-item-41586\"><a href=\"https:\/\/www.balticmedia.com\/et\/tolkeburood\/\" class=\"menu-link\">T\u00f5lkeb\u00fcrood P\u00f5hjamaades ja Baltikumis<\/a><\/li>\n<li  id=\"menu-item-41587\" class=\"menu-item menu-item-type-post_type menu-item-object-page menu-item-41587\"><a href=\"https:\/\/www.balticmedia.com\/et\/tolkeburood\/tolkeburoo-riias\/\" class=\"menu-link\">T\u00f5lkeb\u00fcroo Riias<\/a><\/li>\n<li  id=\"menu-item-41588\" class=\"menu-item menu-item-type-post_type menu-item-object-page menu-item-41588\"><a href=\"https:\/\/www.balticmedia.com\/et\/tolkeburood\/tolkeburoo-stockholmis\/\" class=\"menu-link\">T\u00f5lkeb\u00fcroo Stockholmis<\/a><\/li>\n<\/ul><\/div><\/div><div id=\"panel-12094-1-0-2\" class=\"so-panel widget widget_ocean_custom_menu widget-oceanwp-custom-menu custom-menu-widget panel-last-child widgetopts-SO\" data-index=\"3\" ><div class=\"oceanwp-custom-menu clr ocean_custom_menu-2 left dropdown-hover\"><ul id=\"menu-partnerid-et\" class=\"dropdown-menu sf-menu\"><li  id=\"menu-item-14902\" class=\"menu-item menu-item-type-custom menu-item-object-custom menu-item-14902\"><a target=\"_blank\" href=\"https:\/\/balticmedia.s.xtrf.eu\/vendors\/#\/sign-in\" class=\"menu-link\" rel=\"nofollow noopener\"><i class=\"icon before line-icon icon-briefcase\" aria-hidden=\"true\" style=\"font-size:2em;\"><\/i><span class=\"menu-text\">Partneriportaal<\/span><\/a><\/li>\n<li  id=\"menu-item-14903\" class=\"menu-item menu-item-type-custom menu-item-object-custom menu-item-14903\"><a target=\"_blank\" href=\"https:\/\/www.balticmedia.com\/wp-content\/uploads\/11-Reasons-to-Choose-Baltic-Media-2026.pdf\" class=\"menu-link\"><i class=\"icon before line-icon icon-people\" aria-hidden=\"true\" style=\"font-size:2em;\"><\/i><span class=\"menu-text\">Firma profiil<\/span><\/a><\/li>\n<li  id=\"menu-item-14904\" class=\"menu-item menu-item-type-custom menu-item-object-custom menu-item-14904\"><a target=\"_blank\" href=\"https:\/\/www.balticmedia.com\/wp-content\/uploads\/tolkeburood-et.pdf\" class=\"menu-link\"><i class=\"icon before line-icon icon-organization\" aria-hidden=\"true\" style=\"font-size:2em;\"><\/i><span class=\"menu-text\">T\u00f5lkimine. Samm-sammult<\/span><\/a><\/li>\n<li  id=\"menu-item-14905\" class=\"menu-item menu-item-type-custom menu-item-object-custom menu-item-14905\"><a target=\"_blank\" href=\"https:\/\/www.balticmedia.com\/wp-content\/uploads\/Baltic-Media-Ltd.-Service-Terms-and-Conditions.pdf\" class=\"menu-link\"><i class=\"icon before line-icon icon-docs\" aria-hidden=\"true\" style=\"font-size:2em;\"><\/i><span class=\"menu-text\">Teenuse tingimused (EN)<\/span><\/a><\/li>\n<li  id=\"menu-item-14906\" class=\"menu-item menu-item-type-custom menu-item-object-custom menu-item-14906\"><a target=\"_blank\" href=\"https:\/\/www.balticmedia.com\/wp-content\/uploads\/iSO-certificate-2023.png\" class=\"menu-link\"><i class=\"icon before line-icon icon-doc\" aria-hidden=\"true\" style=\"font-size:2em;\"><\/i><span class=\"menu-text\">ISO 9001:2015 Quality Certification<\/span><\/a><\/li>\n<li  id=\"menu-item-14907\" class=\"menu-item menu-item-type-custom menu-item-object-custom menu-item-14907\"><a target=\"_blank\" href=\"https:\/\/www.balticmedia.com\/wp-content\/uploads\/362531_copyrighttrademarkbalticmedia.pdf\" class=\"menu-link\"><i class=\"icon before line-icon icon-info\" aria-hidden=\"true\" style=\"font-size:2em;\"><\/i><span class=\"menu-text\">Copyright | Trademark Baltic Media<sup>\u00ae<\/sup><\/span><\/a><\/li>\n<\/ul><\/div><\/div><\/div><div id=\"pgc-12094-1-1\"  class=\"panel-grid-cell\" ><div id=\"panel-12094-1-1-0\" class=\"so-panel widget widget_sow-editor panel-first-child panel-last-child widgetopts-hide_title widgetopts-SO\" data-index=\"4\" ><div class=\"panel-widget-style panel-widget-style-for-12094-1-1-0\" ><div\n\t\t\t\n\t\t\tclass=\"so-widget-sow-editor so-widget-sow-editor-base\"\n\t\t\t\n\t\t><h3 class=\"widget-title\">T\u00f5lkeb\u00fcroo Riias | P\u00f5hja-Euroopa t\u00f5lkeb\u00fcroo Baltic Media<\/h3>\n<div class=\"siteorigin-widget-tinymce textwidget\">\n\t<p><!-- wp:paragraph --><\/p>\n<div class=\"formatedtext\">\n<h1><strong>T\u00f5lkeb\u00fcroo Riias <\/strong><\/h1>\n<h2><strong>P\u00f5hja-Euroopa t\u00f5lkeb\u00fcroo Baltic Media<\/strong><\/h2>\n<div class=\"flex-shrink-0 flex flex-col relative items-end\">\n<div class=\"pt-0\">\n<div class=\"gizmo-bot-avatar flex h-8 w-8 items-center justify-center overflow-hidden rounded-full\">\n<div><span style=\"color: #000080;\"><strong>Eesti klientidele antakse veebi kaudu abi meie Balti keskkontorist Riias.<\/strong><\/span><\/div>\n<div><\/div>\n<\/div>\n<\/div>\n<\/div>\n<div class=\"group\/conversation-turn relative flex w-full min-w-0 flex-col agent-turn\">\n<div class=\"flex-col gap-1 md:gap-3\">\n<div class=\"flex max-w-full flex-col flex-grow\">\n<div class=\"min-h-8 text-message flex w-full flex-col items-end gap-2 whitespace-normal break-words [.text-message+&amp;]:mt-5\" dir=\"auto\" data-message-author-role=\"assistant\" data-message-id=\"66748647-22b6-468b-a038-10d1d482a5df\" data-message-model-slug=\"gpt-4o\">\n<div class=\"flex w-full flex-col gap-1 empty:hidden first:pt-[3px]\">\n<div class=\"markdown prose w-full break-words dark:prose-invert light\">\n<p><strong>T\u00f5lkeb\u00fcroo Baltic Media\u00ae<\/strong> on \u00fcks juhtivaid keele- ja t\u00f5lketeenuste pakkujaid P\u00f5hja-Euroopas, mille peakontor asub Riias, L\u00e4tis. Baltic Media on spetsialiseerunud mitmekeelsele kommunikatsioonile ning pakub professionaalseid t\u00f5lketeenuseid paljudele rahvusvahelistele ja kohalikele ettev\u00f5tetele, valitsusasutustele ja \u00fcksikisikutele. Ettev\u00f5te on tuntud oma kvaliteedi, t\u00e4psuse ja laia keelevaliku poolest, mis h\u00f5lmab k\u00f5iki P\u00f5hja- ja Baltimaade keeli ning paljusid teisi rahvusvahelisi keeli.<\/p>\n<p><img data-recalc-dims=\"1\" loading=\"lazy\" decoding=\"async\" class=\"alignnone wp-image-1981 size-full\" src=\"https:\/\/i0.wp.com\/www.balticmedia.com\/wp-content\/uploads\/logo_ar_globusu_stillbild_garena.png?resize=300%2C120&#038;ssl=1\" alt=\"T\u00f5lkeb\u00fcroo Riias | P\u00f5hja-Euroopa t\u00f5lkeb\u00fcroo Baltic Media\" width=\"300\" height=\"120\" title=\"\"><\/p>\n<p><strong>Baltic Media<\/strong>\u00ae<strong> Ltd<\/strong><br \/>\nDzirnavu iela 57a, Regus Business Centre<br \/>\nLV-1010 R\u012bga Latvia\/Lettonie<\/p>\n<p><strong>+37167224327\u00a0<\/strong><\/p>\n<p><strong>+37167224328<\/strong><\/p>\n<p><strong>+37126404054\u00a0\u00a0\u00a0<\/strong><\/p>\n<p><strong><a href=\"https:\/\/wa.me\/37126404054\" rel=\"nofollow noopener\" target=\"_blank\">WhatsApp<\/a><\/strong><\/p>\n<p><strong><a href=\"mailto:info@balticmedia.com\">info@balticmedia.com<\/a><\/strong><\/p>\n<p><img data-recalc-dims=\"1\" loading=\"lazy\" decoding=\"async\" class=\"alignnone wp-image-132308 size-full\" src=\"https:\/\/i0.wp.com\/www.balticmedia.com\/wp-content\/uploads\/Baltic-Media-Riga-e1739713434495.jpg?resize=700%2C525&#038;ssl=1\" alt=\"T\u00f5lkeb\u00fcroo Riias | P\u00f5hja-Euroopa t\u00f5lkeb\u00fcroo Baltic Media\" width=\"700\" height=\"525\" title=\"\"><\/p>\n<h3>Baltic Media\u00ae t\u00f5lkeb\u00fcroo teenused:<\/h3>\n<p><strong>Kirjalik t\u00f5lge<\/strong>:<\/p>\n<p>Kirjalike dokumentide t\u00f5lkimine enam kui 150 keeles. Baltic Media t\u00f5lkeb\u00fcroo pakub spetsialiseeritud t\u00f5lkeid juriidilistes, tehnilistes, meditsiinilistes ja \u00e4rivaldkondades.<\/p>\n<p><strong>Spetsialiseeritud t\u00f5lketeenused<\/strong>:<\/p>\n<p>Tehnilised t\u00f5lked, meditsiinilised t\u00f5lked, juriidilised t\u00f5lked ja muud erivaldkondade t\u00f5lked, mis n\u00f5uavad t\u00f5lkijatelt erialaseid teadmisi ja terminoloogiat.<\/p>\n<p><strong>Notariaalselt kinnitatud ja vandet\u00f5lgitud t\u00f5lked<\/strong>:<\/p>\n<p>Ametlikult kinnitatud t\u00f5lked, mis on vajalikud juriidilisteks ja halduslikeks protsessideks, n\u00e4iteks lepingud, s\u00fcnnitunnistused, diplomid ja muud ametlikud dokumendid.<\/p>\n<p><strong>Lokaliseerimine<\/strong>:<\/p>\n<p>Veebilehtede, tarkvara ja rakenduste kohandamine vastavalt sihtturu kultuurilistele ja keelelistele erip\u00e4radele. Lokaliseerimine h\u00f5lmab t\u00f5lkeid, mis on kohandatud konkreetse piirkonna kultuuri ja turu vajadustele.<\/p>\n<p><strong>S\u00fcnkroont\u00f5lge ja j\u00e4relt\u00f5lge<\/strong>:<\/p>\n<p>Baltic Media pakub s\u00fcnkroon- ja j\u00e4relt\u00f5lke teenuseid rahvusvahelisteks konverentsideks, kohtumisteks ja \u00fcritusteks. Need teenused v\u00f5ivad toimuda nii kohapeal kui ka kaug\u00fchenduse kaudu.<\/p>\n<p><strong>Audiovisuaalne t\u00f5lge<\/strong>:<\/p>\n<p>Subtiitrite, dublaa\u017ei ja helindamise teenused filmidele, videotele ja muule multimeediasisule.<\/p>\n<p><strong>Keelekursused<\/strong>:<\/p>\n<p>Baltic Media pakub keelekursusi ettev\u00f5tetele ja eraisikutele, keskendudes praktiliste keeleoskuste arendamisele, mis on vajalikud rahvusvahelises suhtluses.<\/p>\n<h3>Baltic Media\u00ae t\u00f5lkeb\u00fcroo eelised:<\/h3>\n<ul>\n<li><strong>Professionaalsed t\u00f5lkijad<\/strong>: K\u00f5ik t\u00f5lkijad on kogenud spetsialistid, kellel on vastava ala haridus ja kogemus, mis tagab t\u00e4psuse ja k\u00f5rge kvaliteedi.<\/li>\n<li><strong>Kvaliteet ja t\u00e4psus<\/strong>: Baltic Media\u00ae on tuntud oma kvaliteedikontrolli s\u00fcsteemi ja t\u00f5lkeprotsesside hoolika j\u00e4lgimise poolest, et tagada kliendi rahulolu.<\/li>\n<li><strong>Tehnoloogilised lahendused<\/strong>: Ettev\u00f5te kasutab kaasaegseid t\u00f5lket\u00f6\u00f6riistu, sealhulgas CAT-t\u00f6\u00f6riistu (arvutip\u00f5hine t\u00f5lkimine), et tagada t\u00f5lgete j\u00e4rjepidevus ja efektiivsus.<\/li>\n<li><strong>Multikeelsus<\/strong>: Baltic Media pakub t\u00f5lkeid paljudes keeltes, sealhulgas P\u00f5hjamaade ja Baltikumi keeltes nagu eesti, l\u00e4ti, leedu, soome, rootsi, norra ja islandi keel, samuti globaalselt levinud keeltes.<\/li>\n<\/ul>\n<p><strong>T\u00f5lkeb\u00fcroo Baltic Media\u00ae<\/strong> on usaldusv\u00e4\u00e4rne partner, kes pakub kvaliteetseid t\u00f5lke- ja keelelahendusi P\u00f5hja-Euroopas. T\u00e4nu oma laiale teenustevalikule, mis h\u00f5lmab kirjalikku t\u00f5lget, lokaliseerimist ja suulist t\u00f5lget, on Baltic Media \u00fcks juhtivaid ettev\u00f5tteid, kes suudab rahuldada klientide keelelisi vajadusi rahvusvahelises keskkonnas.<\/p>\n<\/div>\n<\/div>\n<\/div>\n<\/div>\n<\/div>\n<\/div>\n<div>\n<h2>T\u00f5lkeb\u00fcroo Baltic Media<sup>\u00ae<\/sup> P\u00f5hja-Euroopas<\/h2>\n<div>P\u00f5hjamaade ja Balti riikide t\u00f5lkeb\u00fcroo Baltic Media<sup>\u00ae<\/sup> on P\u00f5hja-Euroopa juhtiv digitaalt\u00f5lketeenuste pakkuja, kes on spetsialiseerunud P\u00f5hja-Euroopa (sh P\u00f5hjamaade, balti, slaavi) keeltele, peamiselt t\u00f5lkimisele rootsi, soome, taani, islandi, f\u00e4\u00e4ri, norra, saksa, inglise, poola, vene, l\u00e4ti, leedu ja eesti keelest\/keelde.<\/div>\n<div><\/div>\n<div>ISO sertifikaadiga keeleteenusepakkujana pakub t\u00f5lkeb\u00fcroo Baltic Media<sup>\u00ae<\/sup> inimt\u00f5lketeenuseid nii ettev\u00f5tetele, valitsusasutustele kui ka eraklientidele.<\/div>\n<div><\/div>\n<p><img data-recalc-dims=\"1\" loading=\"lazy\" decoding=\"async\" class=\"alignnone wp-image-129780 size-medium\" src=\"https:\/\/i0.wp.com\/www.balticmedia.com\/wp-content\/uploads\/regus-dzirnavu-iela-57a.jpeg.png?resize=300%2C224&#038;ssl=1\" alt=\"T\u00f5lkeb\u00fcroo Riias | P\u00f5hja-Euroopa t\u00f5lkeb\u00fcroo Baltic Media\" width=\"300\" height=\"224\" srcset=\"https:\/\/i0.wp.com\/www.balticmedia.com\/wp-content\/uploads\/regus-dzirnavu-iela-57a.jpeg.png?resize=300%2C224&amp;ssl=1 300w, https:\/\/i0.wp.com\/www.balticmedia.com\/wp-content\/uploads\/regus-dzirnavu-iela-57a.jpeg.png?w=545&amp;ssl=1 545w\" sizes=\"auto, (max-width: 300px) 100vw, 300px\" title=\"\"><\/p>\n<\/div>\n<div>\n<div>\n<h3><a href=\"\/et\/meist\/miks-valida-tolkeburoo-baltic-media\/\">Miks valida P\u00f5hja- ja Baltimaade t\u00f5lkeb\u00fcroo Baltic Media<sup>\u00ae<\/sup>?<\/a><\/h3>\n<h3><a href=\"\/et\/hinnad\/\">Kuidas v\u00e4hendada t\u00f5lke kulusid kvaliteeti ohverdamata?<\/a><\/h3>\n<h3><a href=\"\/et\/meist\/inimtolge\/\">Miks on inimt\u00f5lketeenused teie parim valik?<\/a><\/h3>\n<h3><a href=\"https:\/\/www.balticmedia.com\/et\/ulemaailmsed-tolketeenused\/automaatse-masintolke-jareltoimetamine\/\">T\u00f5lkige Google'i, Bingi, Microsofti, Tilde v\u00f5i Yandexiga ning tellige meilt toimetamine!<\/a><\/h3>\n<h3><a href=\"https:\/\/www.balticmedia.com\/et\/tolkehind-maksumus-tolkehinnad\/\">Hinnapakkumised tasuta<\/a><\/h3>\n<h3><a href=\"https:\/\/www.balticmedia.com\/et\/infoparing\/\">Teabep\u00e4ring<\/a><\/h3>\n<h3><a href=\"mailto:info@balticmedia.com\">E-post<\/a><\/h3>\n<\/div>\n<p><iframe loading=\"lazy\" title=\"YouTube video player\" src=\"https:\/\/www.youtube.com\/embed\/ISW1rVGV34c\" width=\"468\" height=\"315\" frameborder=\"0\" allowfullscreen=\"allowfullscreen\"><\/iframe><\/p>\n<p><iframe loading=\"lazy\" src=\"https:\/\/www.google.com\/maps\/embed?pb=!4v1719847048570!6m8!1m7!1susVuy20gkGjcBmaVIyM1tg!2m2!1d56.95589232749178!2d24.11825722647918!3f65.23481351435547!4f22.439266543407925!5f0.4000000000000002\" width=\"600\" height=\"450\" frameborder=\"0\" scrolling=\"no\" allowfullscreen=\"allowfullscreen\" data-mce-fragment=\"1\"><\/iframe><\/p>\n<p><iframe loading=\"lazy\" src=\"https:\/\/www.google.com\/maps\/embed?pb=!1m18!1m12!1m3!1d2175.580314374421!2d24.118382899999997!3d56.955991399999995!2m3!1f0!2f0!3f0!3m2!1i1024!2i768!4f13.1!3m3!1m2!1s0x46eecfc496499589%3A0xf9a65f0181dc94ba!2zQmFsdGljIE1lZGlhIHR1bGtvanVtdSAvIHR1bGtvxaFhbmFzIEJpcm9qcyBSxKtnxIEgUHJvZmVzaW9uxIFsaSB0dWxrb2p1bWkg0JHRjtGA0L4g0L_QtdGA0LXQstC-0LTQvtCy!5e0!3m2!1sen!2slv!4v1719837228742!5m2!1sen!2slv\" width=\"600\" height=\"450\" frameborder=\"0\" marginwidth=\"0\" marginheight=\"0\" scrolling=\"yes\" align=\"left\" data-mce-fragment=\"1\"><\/iframe><\/p>\n<\/div>\n<\/div>\n<p><!-- \/wp:paragraph --><\/p>\n<\/div>\n<\/div><\/div><\/div><\/div><\/div><\/div>","protected":false},"excerpt":{"rendered":"<p>T\u00f5lkeb\u00fcroo Riias P\u00f5hja-Euroopa t\u00f5lkeb\u00fcroo Baltic Media Eesti klientidele antakse veebi kaudu abi meie Balti keskkontorist Riias. T\u00f5lkeb\u00fcroo Baltic Media\u00ae on \u00fcks juhtivaid keele- ja t\u00f5lketeenuste pakkujaid P\u00f5hja-Euroopas, mille peakontor asub Riias, L\u00e4tis. Baltic Media on spetsialiseerunud mitmekeelsele kommunikatsioonile ning pakub professionaalseid t\u00f5lketeenuseid paljudele rahvusvahelistele ja kohalikele ettev\u00f5tetele, valitsusasutustele ja \u00fcksikisikutele. Ettev\u00f5te on tuntud oma kvaliteedi, [&hellip;]<\/p>\n","protected":false},"author":2,"featured_media":132136,"parent":12057,"menu_order":0,"comment_status":"closed","ping_status":"closed","template":"","meta":{"ocean_post_layout":"","ocean_both_sidebars_style":"","ocean_both_sidebars_content_width":0,"ocean_both_sidebars_sidebars_width":0,"ocean_sidebar":"0","ocean_second_sidebar":"0","ocean_disable_margins":"enable","ocean_add_body_class":"","ocean_shortcode_before_top_bar":"","ocean_shortcode_after_top_bar":"","ocean_shortcode_before_header":"","ocean_shortcode_after_header":"","ocean_has_shortcode":"","ocean_shortcode_after_title":"","ocean_shortcode_before_footer_widgets":"","ocean_shortcode_after_footer_widgets":"","ocean_shortcode_before_footer_bottom":"","ocean_shortcode_after_footer_bottom":"","ocean_display_top_bar":"default","ocean_display_header":"default","ocean_header_style":"","ocean_center_header_left_menu":"0","ocean_custom_header_template":"0","ocean_custom_logo":0,"ocean_custom_retina_logo":0,"ocean_custom_logo_max_width":0,"ocean_custom_logo_tablet_max_width":0,"ocean_custom_logo_mobile_max_width":0,"ocean_custom_logo_max_height":0,"ocean_custom_logo_tablet_max_height":0,"ocean_custom_logo_mobile_max_height":0,"ocean_header_custom_menu":"0","ocean_menu_typo_font_family":"0","ocean_menu_typo_font_subset":"","ocean_menu_typo_font_size":0,"ocean_menu_typo_font_size_tablet":0,"ocean_menu_typo_font_size_mobile":0,"ocean_menu_typo_font_size_unit":"px","ocean_menu_typo_font_weight":"","ocean_menu_typo_font_weight_tablet":"","ocean_menu_typo_font_weight_mobile":"","ocean_menu_typo_transform":"","ocean_menu_typo_transform_tablet":"","ocean_menu_typo_transform_mobile":"","ocean_menu_typo_line_height":0,"ocean_menu_typo_line_height_tablet":0,"ocean_menu_typo_line_height_mobile":0,"ocean_menu_typo_line_height_unit":"","ocean_menu_typo_spacing":0,"ocean_menu_typo_spacing_tablet":0,"ocean_menu_typo_spacing_mobile":0,"ocean_menu_typo_spacing_unit":"","ocean_menu_link_color":"","ocean_menu_link_color_hover":"","ocean_menu_link_color_active":"","ocean_menu_link_background":"","ocean_menu_link_hover_background":"","ocean_menu_link_active_background":"","ocean_menu_social_links_bg":"","ocean_menu_social_hover_links_bg":"","ocean_menu_social_links_color":"","ocean_menu_social_hover_links_color":"","ocean_disable_title":"default","ocean_disable_heading":"default","ocean_post_title":"","ocean_post_subheading":"","ocean_post_title_style":"","ocean_post_title_background_color":"","ocean_post_title_background":0,"ocean_post_title_bg_image_position":"","ocean_post_title_bg_image_attachment":"","ocean_post_title_bg_image_repeat":"","ocean_post_title_bg_image_size":"","ocean_post_title_height":0,"ocean_post_title_bg_overlay":0.5,"ocean_post_title_bg_overlay_color":"","ocean_disable_breadcrumbs":"default","ocean_breadcrumbs_color":"","ocean_breadcrumbs_separator_color":"","ocean_breadcrumbs_links_color":"","ocean_breadcrumbs_links_hover_color":"","ocean_display_footer_widgets":"default","ocean_display_footer_bottom":"default","ocean_custom_footer_template":"0","ofc_meta_disable_footer_callout":"","ofc_meta_callout_button_url":"","ofc_meta_callout_button_txt":"","ofc_meta_callout_text":"","osh_disable_topbar_sticky":"default","osh_disable_header_sticky":"default","osh_sticky_header_style":"default","osh_sticky_header_effect":"","osh_custom_sticky_logo":0,"osh_custom_retina_sticky_logo":0,"osh_custom_sticky_logo_height":0,"osh_background_color":"","osh_links_color":"","osh_links_hover_color":"","osh_links_active_color":"","osh_links_bg_color":"","osh_links_hover_bg_color":"","osh_links_active_bg_color":"","osh_menu_social_links_color":"","osh_menu_social_hover_links_color":"","footnotes":""},"class_list":["post-12094","page","type-page","status-publish","has-post-thumbnail","hentry","entry","has-media"],"jetpack_sharing_enabled":true,"jetpack_likes_enabled":true,"jetpack-related-posts":[],"jetpack_shortlink":"https:\/\/wp.me\/Pe7Cu3-394","_links":{"self":[{"href":"https:\/\/www.balticmedia.com\/et\/wp-json\/wp\/v2\/pages\/12094","targetHints":{"allow":["GET"]}}],"collection":[{"href":"https:\/\/www.balticmedia.com\/et\/wp-json\/wp\/v2\/pages"}],"about":[{"href":"https:\/\/www.balticmedia.com\/et\/wp-json\/wp\/v2\/types\/page"}],"author":[{"embeddable":true,"href":"https:\/\/www.balticmedia.com\/et\/wp-json\/wp\/v2\/users\/2"}],"replies":[{"embeddable":true,"href":"https:\/\/www.balticmedia.com\/et\/wp-json\/wp\/v2\/comments?post=12094"}],"version-history":[{"count":23,"href":"https:\/\/www.balticmedia.com\/et\/wp-json\/wp\/v2\/pages\/12094\/revisions"}],"predecessor-version":[{"id":136837,"href":"https:\/\/www.balticmedia.com\/et\/wp-json\/wp\/v2\/pages\/12094\/revisions\/136837"}],"up":[{"embeddable":true,"href":"https:\/\/www.balticmedia.com\/et\/wp-json\/wp\/v2\/pages\/12057"}],"wp:featuredmedia":[{"embeddable":true,"href":"https:\/\/www.balticmedia.com\/et\/wp-json\/wp\/v2\/media\/132136"}],"wp:attachment":[{"href":"https:\/\/www.balticmedia.com\/et\/wp-json\/wp\/v2\/media?parent=12094"}],"curies":[{"name":"wp","href":"https:\/\/api.w.org\/{rel}","templated":true}]}}