{"id":91426,"date":"2021-02-03T12:12:31","date_gmt":"2021-02-03T10:12:31","guid":{"rendered":"https:\/\/www.balticmedia.com\/ofertas-de-traduccion\/online-language-teaching-jobs\/"},"modified":"2025-02-14T22:13:57","modified_gmt":"2025-02-14T20:13:57","slug":"profesor-de-idiomas-trabajos-de-ensenanza-de-idiomas-en-linea","status":"publish","type":"page","link":"https:\/\/www.balticmedia.com\/es\/trabajos-de-traduccion\/profesor-de-idiomas-trabajos-de-ensenanza-de-idiomas-en-linea\/","title":{"rendered":"Profesor de idiomas | Trabajos de ense\u00f1anza de idiomas en l\u00ednea"},"content":{"rendered":"<div id=\"pl-91426\"  class=\"panel-layout\" ><div id=\"pg-91426-0\"  class=\"panel-grid panel-no-style\" ><div id=\"pgc-91426-0-0\"  class=\"panel-grid-cell\" ><div id=\"panel-91426-0-0-0\" class=\"so-panel widget widget_sow-image panel-first-child panel-last-child widgetopts-SO\" data-index=\"0\" ><div\n\t\t\t\n\t\t\tclass=\"so-widget-sow-image so-widget-sow-image-default-8b5b6f678277-91426\"\n\t\t\t\n\t\t>\n<div class=\"sow-image-container\">\n\t\t<img src=\"https:\/\/i0.wp.com\/www.balticmedia.com\/wp-content\/uploads\/4price_and_quality-scaled-1.jpg?fit=2560%2C549&amp;ssl=1\" width=\"2560\" height=\"549\" srcset=\"https:\/\/i0.wp.com\/www.balticmedia.com\/wp-content\/uploads\/4price_and_quality-scaled-1.jpg?w=2560&amp;ssl=1 2560w, https:\/\/i0.wp.com\/www.balticmedia.com\/wp-content\/uploads\/4price_and_quality-scaled-1.jpg?resize=300%2C64&amp;ssl=1 300w, https:\/\/i0.wp.com\/www.balticmedia.com\/wp-content\/uploads\/4price_and_quality-scaled-1.jpg?resize=1024%2C220&amp;ssl=1 1024w, https:\/\/i0.wp.com\/www.balticmedia.com\/wp-content\/uploads\/4price_and_quality-scaled-1.jpg?resize=768%2C165&amp;ssl=1 768w, https:\/\/i0.wp.com\/www.balticmedia.com\/wp-content\/uploads\/4price_and_quality-scaled-1.jpg?resize=1536%2C329&amp;ssl=1 1536w, https:\/\/i0.wp.com\/www.balticmedia.com\/wp-content\/uploads\/4price_and_quality-scaled-1.jpg?resize=2048%2C439&amp;ssl=1 2048w, https:\/\/i0.wp.com\/www.balticmedia.com\/wp-content\/uploads\/4price_and_quality-scaled-1.jpg?w=2400&amp;ssl=1 2400w\" title=\"Profesor de idiomas | Trabajos de ense\u00f1anza de idiomas en l\u00ednea\" alt=\"Profesor de idiomas | Trabajos de ense\u00f1anza de idiomas en l\u00ednea\" class=\"so-widget-image\">\n\t<\/div>\n\n<\/div><\/div><\/div><\/div><div id=\"pg-91426-1\"  class=\"panel-grid panel-no-style\" ><div id=\"pgc-91426-1-0\"  class=\"panel-grid-cell\" ><div id=\"panel-91426-1-0-0\" class=\"so-panel widget widget_sow-editor panel-first-child\" data-index=\"1\" ><div\n\t\t\t\n\t\t\tclass=\"so-widget-sow-editor so-widget-sow-editor-base\"\n\t\t\t\n\t\t>\n<div class=\"siteorigin-widget-tinymce textwidget\">\n\t<pre><form aria-label=\"Buscar en esta web\" role=\"search\" method=\"get\" class=\"oceanwp-searchform\" id=\"searchform\" action=\"https:\/\/www.balticmedia.com\/es\/\"><input aria-label=\"Insertar la consulta de b\u00fasqueda\" type=\"text\" class=\"field\" name=\"s\" id=\"s\" placeholder=\"Buscar\"><button aria-label=\"Env\u00eda tu consulta\" type=\"submit\" class=\"search-submit\" value=\"\"><i class=\"icon-magnifier\" aria-hidden=\"true\"><\/i><\/button><\/form><\/pre>\n<\/div>\n<\/div><\/div><div id=\"panel-91426-1-0-1\" class=\"so-panel widget widget_ocean_custom_menu widget-oceanwp-custom-menu custom-menu-widget extendedwopts-hide extendedwopts-tablet extendedwopts-mobile widgetopts-SO\" data-index=\"2\" ><div class=\"oceanwp-custom-menu clr ocean_custom_menu-2 left dropdown-hover\"><ul id=\"menu-jobs-es\" class=\"dropdown-menu sf-menu\"><li  id=\"menu-item-49383\" class=\"menu-item menu-item-type-post_type menu-item-object-page menu-item-49383\"><a href=\"https:\/\/www.balticmedia.com\/es\/trabajos-de-traduccion\/carrera\/\" class=\"menu-link\">Trabajos para traductores<\/a><\/li>\n<li  id=\"menu-item-49380\" class=\"menu-item menu-item-type-post_type menu-item-object-page menu-item-49380\"><a href=\"https:\/\/www.balticmedia.com\/es\/trabajos-de-traduccion\/narradores-y-locutores\/\" class=\"menu-link\">Narradores y locutores<\/a><\/li>\n<li  id=\"menu-item-102678\" class=\"menu-item menu-item-type-post_type menu-item-object-page menu-item-102678\"><a href=\"https:\/\/www.balticmedia.com\/es\/trabajos-de-traduccion\/profesor-de-idiomas-trabajos-de-ensenanza-de-idiomas-en-linea\/\" class=\"menu-link\">Profesor de idiomas | Trabajos de ense\u00f1anza de idiomas en l\u00ednea<\/a><\/li>\n<li  id=\"menu-item-49382\" class=\"menu-item menu-item-type-post_type menu-item-object-page menu-item-49382\"><a href=\"https:\/\/www.balticmedia.com\/es\/trabajos-de-traduccion\/\" class=\"menu-link\">Trabajos de traducci\u00f3n<\/a><\/li>\n<li  id=\"menu-item-101308\" class=\"menu-item menu-item-type-post_type menu-item-object-page menu-item-101308\"><a href=\"https:\/\/www.balticmedia.com\/es\/mapa-del-sitio\/\" class=\"menu-link\">Mapa del sitio<\/a><\/li>\n<li  id=\"menu-item-133029\" class=\"menu-item menu-item-type-post_type menu-item-object-page menu-item-133029\"><a href=\"https:\/\/www.balticmedia.com\/es\/servicios-de-traduccion-literaria\/\" class=\"menu-link\">Servicios de traducci\u00f3n literaria<\/a><\/li>\n<\/ul><\/div><\/div><div id=\"panel-91426-1-0-2\" class=\"so-panel widget widget_ocean_custom_menu widget-oceanwp-custom-menu custom-menu-widget panel-last-child extendedwopts-hide extendedwopts-tablet extendedwopts-mobile widgetopts-SO\" data-index=\"3\" ><div class=\"oceanwp-custom-menu clr ocean_custom_menu-2 left dropdown-hover\"><ul id=\"menu-socios\" class=\"dropdown-menu sf-menu\"><li  id=\"menu-item-14938\" class=\"menu-item menu-item-type-custom menu-item-object-custom menu-item-14938\"><a target=\"_blank\" href=\"https:\/\/balticmedia.s.xtrf.eu\/vendors\/#\/sign-in\" class=\"menu-link\" rel=\"nofollow noopener\"><i class=\"icon before line-icon icon-briefcase\" aria-hidden=\"true\" style=\"font-size:2em;\"><\/i><span class=\"menu-text\">Portal de socios<\/span><\/a><\/li>\n<li  id=\"menu-item-14939\" class=\"menu-item menu-item-type-custom menu-item-object-custom menu-item-14939\"><a target=\"_blank\" href=\"https:\/\/www.balticmedia.com\/wp-content\/uploads\/11-Reasons-to-Choose-Baltic-Media-2026.pdf\" class=\"menu-link\"><i class=\"icon before line-icon icon-people\" aria-hidden=\"true\" style=\"font-size:2em;\"><\/i><span class=\"menu-text\">Perfil de la Empresa<\/span><\/a><\/li>\n<li  id=\"menu-item-14940\" class=\"menu-item menu-item-type-custom menu-item-object-custom menu-item-14940\"><a target=\"_blank\" href=\"https:\/\/www.balticmedia.com\/wp-content\/uploads\/agencia-de-traduccion-es.pdf\" class=\"menu-link\"><i class=\"icon before line-icon icon-organization\" aria-hidden=\"true\" style=\"font-size:2em;\"><\/i><span class=\"menu-text\">Proceso de traducci\u00f3n. Paso por paso<\/span><\/a><\/li>\n<li  id=\"menu-item-14941\" class=\"menu-item menu-item-type-custom menu-item-object-custom menu-item-14941\"><a target=\"_blank\" href=\"https:\/\/www.balticmedia.com\/wp-content\/uploads\/Baltic-Media-Ltd.-Service-Terms-and-Conditions.pdf\" class=\"menu-link\"><i class=\"icon before line-icon icon-docs\" aria-hidden=\"true\" style=\"font-size:2em;\"><\/i><span class=\"menu-text\">T\u00e9rminos y condiciones de servicio (EN)<\/span><\/a><\/li>\n<li  id=\"menu-item-14944\" class=\"menu-item menu-item-type-custom menu-item-object-custom menu-item-14944\"><a target=\"_blank\" href=\"https:\/\/www.balticmedia.com\/wp-content\/uploads\/iSO-certificate-2023.png\" class=\"menu-link\"><i class=\"icon before line-icon icon-doc\" aria-hidden=\"true\" style=\"font-size:2em;\"><\/i><span class=\"menu-text\">ISO 9001:2015 Quality Certification<\/span><\/a><\/li>\n<li  id=\"menu-item-14945\" class=\"menu-item menu-item-type-custom menu-item-object-custom menu-item-14945\"><a target=\"_blank\" href=\"https:\/\/www.balticmedia.com\/wp-content\/uploads\/362531_copyrighttrademarkbalticmedia.pdf\" class=\"menu-link\"><i class=\"icon before line-icon icon-info\" aria-hidden=\"true\" style=\"font-size:2em;\"><\/i><span class=\"menu-text\">Copyright | Trademark Baltic Media<sup>\u00ae<\/sup><\/span><\/a><\/li>\n<\/ul><\/div><\/div><\/div><div id=\"pgc-91426-1-1\"  class=\"panel-grid-cell\" ><div id=\"panel-91426-1-1-0\" class=\"so-panel widget widget_sow-editor panel-first-child widgetopts-SO\" data-index=\"4\" ><div\n\t\t\t\n\t\t\tclass=\"so-widget-sow-editor so-widget-sow-editor-base\"\n\t\t\t\n\t\t><h3 class=\"widget-title\">Profesor de idiomas | Trabajos de ense\u00f1anza de idiomas en l\u00ednea<\/h3>\n<div class=\"siteorigin-widget-tinymce textwidget\">\n\t<div>\n<h1>Profesor de idiomas | Trabajos de ense\u00f1anza de idiomas en l\u00ednea<\/h1>\n<\/div>\n<div>\n<h2>Empieza una nueva carrera o un trabajo extra trabajando desde casa en cualquier parte del mundo<\/h2>\n<h3>Trabajos para profesores de ingl\u00e9s, espa\u00f1ol, sueco, japon\u00e9s, ruso, chino, noruego, let\u00f3n y otros idiomas en l\u00ednea<\/h3>\n<\/div>\n<p align=\"left\">Ofrecemos la oportunidad de unirse al equipo de Baltic Media<sup>\u00ae<\/sup> Language Learning Centre y actualmente aceptamos solicitudes para profesores de cursos de idiomas en l\u00ednea para varios idiomas. Buscamos profesores de ingl\u00e9s, sueco, japon\u00e9s, ruso, chino, noruego, let\u00f3n y otros idiomas para una cooperaci\u00f3n a largo plazo.<\/p>\n<p align=\"left\">Baltic Media Ltd. es una agencia de servicios ling\u00fc\u00edsticos con certificaci\u00f3n ISO, especializada en todos los idiomas n\u00f3rdicos y b\u00e1lticos. Baltic Media Ltd. fue fundada en Suecia en 1991, y opera en el B\u00e1ltico desde 1994 y es una de las empresas l\u00edderes en la prestaci\u00f3n de servicios ling\u00fc\u00edsticos de alta calidad.<\/p>\n<h3>\u00bfQu\u00e9 hace un profesor de idiomas?<\/h3>\n<p>Un profesor de idiomas es un profesional especializado en la ense\u00f1anza de una lengua, ya sea como lengua extranjera o como lengua nativa. Su objetivo principal es ayudar a los estudiantes a adquirir habilidades ling\u00fc\u00edsticas y culturales que les permitan comunicarse eficazmente. Las tareas principales de un profesor de idiomas incluyen:<\/p>\n<h3><strong>Planificaci\u00f3n y preparaci\u00f3n de las clases<\/strong><\/h3>\n<ul>\n<li>Dise\u00f1ar planes de estudio adaptados a las necesidades y niveles de los estudiantes.<\/li>\n<li>Seleccionar materiales did\u00e1cticos como libros de texto, ejercicios pr\u00e1cticos, videos y herramientas digitales.<\/li>\n<li>Establecer objetivos de aprendizaje claros para cada lecci\u00f3n.<\/li>\n<\/ul>\n<h3><strong>Ense\u00f1anza de la lengua<\/strong><\/h3>\n<ul>\n<li>Impartir clases enfocadas en las cuatro competencias ling\u00fc\u00edsticas: hablar, escuchar, leer y escribir.<\/li>\n<li>Ense\u00f1ar gram\u00e1tica, vocabulario, pronunciaci\u00f3n y reglas ortogr\u00e1ficas.<\/li>\n<li>Facilitar actividades pr\u00e1cticas como juegos de rol, debates y ejercicios interactivos.<\/li>\n<\/ul>\n<h3><strong>Evaluaci\u00f3n del progreso<\/strong><\/h3>\n<ul>\n<li>Dise\u00f1ar y aplicar ex\u00e1menes o evaluaciones para medir el avance de los estudiantes.<\/li>\n<li>Proporcionar retroalimentaci\u00f3n personalizada para identificar \u00e1reas de mejora y reforzar los logros.<\/li>\n<li>Adaptar las estrategias de ense\u00f1anza seg\u00fan las necesidades individuales.<\/li>\n<\/ul>\n<h3><strong>Fomento de la comunicaci\u00f3n<\/strong><\/h3>\n<ul>\n<li>Crear un ambiente en el que los estudiantes se sientan c\u00f3modos practicando el idioma.<\/li>\n<li>Promover la confianza en el uso del idioma mediante la pr\u00e1ctica constante.<\/li>\n<li>Utilizar t\u00e9cnicas como simulaciones, di\u00e1logos y narraci\u00f3n de historias para mejorar la fluidez.<\/li>\n<\/ul>\n<h3><strong>Uso de herramientas tecnol\u00f3gicas<\/strong><\/h3>\n<ul>\n<li>Incorporar recursos digitales como aplicaciones de aprendizaje de idiomas, plataformas virtuales y videos interactivos.<\/li>\n<li>Impartir clases en l\u00ednea o presenciales utilizando tecnolog\u00eda moderna.<\/li>\n<li>Proporcionar materiales adicionales a trav\u00e9s de medios digitales.<\/li>\n<\/ul>\n<h3><strong>Motivaci\u00f3n y apoyo<\/strong><\/h3>\n<ul>\n<li>Mantener a los estudiantes motivados mediante actividades din\u00e1micas y entretenidas.<\/li>\n<li>Ayudar a los estudiantes a superar dificultades como la ansiedad al hablar en p\u00fablico o los errores gramaticales.<\/li>\n<li>Ofrecer orientaci\u00f3n sobre la cultura del idioma para un aprendizaje m\u00e1s integral.<\/li>\n<\/ul>\n<h3><strong>Promoci\u00f3n del aprendizaje aut\u00f3nomo<\/strong><\/h3>\n<ul>\n<li>Ense\u00f1ar t\u00e9cnicas de autoaprendizaje para que los estudiantes puedan seguir practicando fuera de clase.<\/li>\n<li>Recomendar recursos como libros, series, pel\u00edculas y m\u00fasica en el idioma objetivo.<\/li>\n<li>Fomentar h\u00e1bitos de estudio consistentes.<\/li>\n<\/ul>\n<p>Un profesor de idiomas no solo transmite conocimientos ling\u00fc\u00edsticos, sino que tambi\u00e9n act\u00faa como mentor y gu\u00eda, ayudando a sus estudiantes a descubrir una nueva forma de pensar, comunicarse y conectarse con otras culturas.<\/p>\n<\/div>\n<\/div><\/div><div id=\"panel-91426-1-1-1\" class=\"so-panel widget widget_sow-image-grid widgetopts-SO\" data-index=\"5\" ><div\n\t\t\t\n\t\t\tclass=\"so-widget-sow-image-grid so-widget-sow-image-grid-default-46e3cddde1e5-91426\"\n\t\t\t\n\t\t>\t<div\n\t\tclass=\"sow-image-grid-wrapper\"\n\t\t\t\t\t>\n\t\t\t\t\t<div class=\"sow-image-grid-image\">\n\t\t\t\t\t\t\t\t\t\t\t\t<img loading=\"lazy\" decoding=\"async\" width=\"300\" height=\"300\" src=\"https:\/\/i0.wp.com\/www.balticmedia.com\/wp-content\/uploads\/northern-europe-languages-localizing-e1735481415923.jpg?fit=300%2C300&amp;ssl=1\" class=\"sow-image-grid-image_html\" alt=\"Baltic Media&lt;sup&gt;\u00ae&lt;\/sup&gt;&quot;\" title=\"Profesor de idiomas | Trabajos de ense\u00f1anza de idiomas en l\u00ednea\">\t\t\t\t\t\t\t\t\t\t\t<\/div>\n\t\t\t\t\t<div class=\"sow-image-grid-image\">\n\t\t\t\t\t\t\t\t\t\t\t\t<img loading=\"lazy\" decoding=\"async\" width=\"300\" height=\"82\" src=\"https:\/\/i0.wp.com\/www.balticmedia.com\/wp-content\/uploads\/BM-logo-328x90-web-2-e1732657723740.jpg?fit=300%2C82&amp;ssl=1\" class=\"sow-image-grid-image_html\" alt=\"Baltic Media&lt;sup&gt;\u00ae&lt;\/sup&gt;&quot;\" title=\"technical translation services\">\t\t\t\t\t\t\t\t\t\t\t<\/div>\n\t\t\t<\/div>\n<\/div><\/div><div id=\"panel-91426-1-1-2\" class=\"so-panel widget widget_sow-editor panel-last-child widgetopts-SO\" data-index=\"6\" ><div\n\t\t\t\n\t\t\tclass=\"so-widget-sow-editor so-widget-sow-editor-base\"\n\t\t\t\n\t\t>\n<div class=\"siteorigin-widget-tinymce textwidget\">\n\t<p>&nbsp;<\/p>\n<h2>Puestos de ense\u00f1anza de idiomas en l\u00ednea<\/h2>\n<p align=\"left\"><strong>PROFESOR DE CURSOS DE IDIOMAS ONLINE:<\/strong><\/p>\n<p align=\"left\">REQUISITOS<\/p>\n<ul>\n<li>Altamente cualificado y certificado para ense\u00f1ar idiomas;<\/li>\n<li>Excelente conocimiento de los idiomas;<\/li>\n<li>Experiencia en la ense\u00f1anza a distancia;<\/li>\n<li>Experiencia con varias plataformas de ense\u00f1anza en l\u00ednea (Zoom, Skype, Discord, Google Hangouts, etc.)<\/li>\n<li>Capacidad para planificar de forma independiente el flujo de trabajo, la resoluci\u00f3n de problemas y la toma de decisiones;<\/li>\n<li>Gran capacidad de organizaci\u00f3n y gran atenci\u00f3n a los detalles;<\/li>\n<li>Pasi\u00f3n por el aprendizaje de idiomas y por ayudar a otros a alcanzar sus objetivos ling\u00fc\u00edsticos;<\/li>\n<li>Es imprescindible disponer de un ordenador con c\u00e1mara y micr\u00f3fono con conexi\u00f3n a internet de alta velocidad.<\/li>\n<\/ul>\n<p><img data-recalc-dims=\"1\" loading=\"lazy\" decoding=\"async\" class=\"alignnone wp-image-6840 size-medium\" src=\"https:\/\/i0.wp.com\/www.balticmedia.com\/wp-content\/uploads\/online_learning.png?resize=300%2C200&#038;ssl=1\" alt=\"Profesor de idiomas | Trabajos de ense\u00f1anza de idiomas en l\u00ednea\" width=\"300\" height=\"200\" srcset=\"https:\/\/i0.wp.com\/www.balticmedia.com\/wp-content\/uploads\/online_learning.png?resize=300%2C200&amp;ssl=1 300w, https:\/\/i0.wp.com\/www.balticmedia.com\/wp-content\/uploads\/online_learning.png?resize=272%2C182&amp;ssl=1 272w, https:\/\/i0.wp.com\/www.balticmedia.com\/wp-content\/uploads\/online_learning.png?w=680&amp;ssl=1 680w\" sizes=\"auto, (max-width: 300px) 100vw, 300px\" title=\"\"><\/p>\n<p align=\"left\">FUNCIONES<\/p>\n<ul>\n<li>Impartici\u00f3n de cursos de idiomas en l\u00ednea para grupos y\/o particulares;<\/li>\n<li>Preparaci\u00f3n de programas de formaci\u00f3n;<\/li>\n<li>Preparaci\u00f3n de material did\u00e1ctico;<\/li>\n<li>Desempe\u00f1ar con responsabilidad y precisi\u00f3n todas las responsabilidades relacionadas con la realizaci\u00f3n de cursos en l\u00ednea.<\/li>\n<\/ul>\n<p align=\"left\">OFRECEMOS<\/p>\n<ul>\n<li>Trabajo en un entorno multicultural;<\/li>\n<li>Proyectos (trabajo a destajo);<\/li>\n<li>Asesoramiento y apoyo durante todo el periodo del proyecto;<\/li>\n<li>Oportunidad de trabajar desde cualquier lugar que te convenga (trabajo desde casa);<\/li>\n<li>Salario competitivo en funci\u00f3n de la formaci\u00f3n, las calificaciones, la capacidad de trabajo y la experiencia<\/li>\n<\/ul>\n<p align=\"left\">Para solicitar la vacante de profesor de cursos de idiomas en l\u00ednea, env\u00ede su CV a <a href=\"mailto:kursi@balticmedia.com\">kursi@balticmedia.com<\/a>. Indique en la solicitud la remuneraci\u00f3n deseada por una hora acad\u00e9mica (45min) y una hora astron\u00f3mica (60min), as\u00ed como las combinaciones ling\u00fc\u00edsticas en las que puede ense\u00f1ar el idioma a distancia.<\/p>\n<p>Dzirnavu iela 57a<br \/>\nLV-1010 R\u012bga Latvia\/Lettonie<\/p>\n<div><img data-recalc-dims=\"1\" loading=\"lazy\" decoding=\"async\" title=\"Valodu kursi\" src=\"https:\/\/i0.wp.com\/www.valodukursi.lv\/UserFiles\/Image\/contact-ico\/phone.png?resize=15%2C15\" alt=\"Valodu kursi\" width=\"15\" height=\"15\">\u00a0+371 67 224 395<br \/>\n<img data-recalc-dims=\"1\" loading=\"lazy\" decoding=\"async\" title=\"Valodu kursi\" src=\"https:\/\/i0.wp.com\/www.valodukursi.lv\/UserFiles\/Image\/contact-ico\/cell.png?resize=15%2C15\" alt=\"Valodu kursi\" width=\"15\" height=\"15\">\u00a0+371 29 44 68 45<\/div>\n<div><a href=\"mailto:info@balticmedia.com\"><img data-recalc-dims=\"1\" loading=\"lazy\" decoding=\"async\" title=\"Valodu kursi\" src=\"https:\/\/i0.wp.com\/www.valodukursi.lv\/UserFiles\/Image\/contact-ico\/%40.png?resize=15%2C15\" alt=\"Valodu kursi\" width=\"15\" height=\"15\"><\/a>\u00a0<a href=\"mailto:kursi@balticmedia.com\">kursi@balticmedia.com<\/a><\/div>\n<div><a href=\"https:\/\/wa.me\/37129446845\" target=\"_blank\" rel=\"noopener nofollow\">WhatsApp<\/a><\/div>\n<p>&nbsp;<\/p>\n<p align=\"left\"><iframe loading=\"lazy\" src=\"https:\/\/www.youtube.com\/embed\/hiNHZ2fn4Cc\" width=\"640\" height=\"315\" frameborder=\"0\" allowfullscreen=\"allowfullscreen\" data-mce-fragment=\"1\"><\/iframe><\/p>\n<\/div>\n<\/div><\/div><\/div><\/div><\/div>","protected":false},"excerpt":{"rendered":"<p>Profesor de idiomas | Trabajos de ense\u00f1anza de idiomas en l\u00ednea Empieza una nueva carrera o un trabajo extra trabajando desde casa en cualquier parte del mundo Trabajos para profesores de ingl\u00e9s, espa\u00f1ol, sueco, japon\u00e9s, ruso, chino, noruego, let\u00f3n y otros idiomas en l\u00ednea Ofrecemos la oportunidad de unirse al equipo de Baltic Media\u00ae Language [&hellip;]<\/p>\n","protected":false},"author":2,"featured_media":133862,"parent":12330,"menu_order":0,"comment_status":"closed","ping_status":"closed","template":"","meta":{"ocean_post_layout":"","ocean_both_sidebars_style":"","ocean_both_sidebars_content_width":0,"ocean_both_sidebars_sidebars_width":0,"ocean_sidebar":"0","ocean_second_sidebar":"0","ocean_disable_margins":"enable","ocean_add_body_class":"","ocean_shortcode_before_top_bar":"","ocean_shortcode_after_top_bar":"","ocean_shortcode_before_header":"","ocean_shortcode_after_header":"","ocean_has_shortcode":"","ocean_shortcode_after_title":"","ocean_shortcode_before_footer_widgets":"","ocean_shortcode_after_footer_widgets":"","ocean_shortcode_before_footer_bottom":"","ocean_shortcode_after_footer_bottom":"","ocean_display_top_bar":"default","ocean_display_header":"default","ocean_header_style":"","ocean_center_header_left_menu":"0","ocean_custom_header_template":"0","ocean_custom_logo":0,"ocean_custom_retina_logo":0,"ocean_custom_logo_max_width":0,"ocean_custom_logo_tablet_max_width":0,"ocean_custom_logo_mobile_max_width":0,"ocean_custom_logo_max_height":0,"ocean_custom_logo_tablet_max_height":0,"ocean_custom_logo_mobile_max_height":0,"ocean_header_custom_menu":"0","ocean_menu_typo_font_family":"0","ocean_menu_typo_font_subset":"","ocean_menu_typo_font_size":0,"ocean_menu_typo_font_size_tablet":0,"ocean_menu_typo_font_size_mobile":0,"ocean_menu_typo_font_size_unit":"px","ocean_menu_typo_font_weight":"","ocean_menu_typo_font_weight_tablet":"","ocean_menu_typo_font_weight_mobile":"","ocean_menu_typo_transform":"","ocean_menu_typo_transform_tablet":"","ocean_menu_typo_transform_mobile":"","ocean_menu_typo_line_height":0,"ocean_menu_typo_line_height_tablet":0,"ocean_menu_typo_line_height_mobile":0,"ocean_menu_typo_line_height_unit":"","ocean_menu_typo_spacing":0,"ocean_menu_typo_spacing_tablet":0,"ocean_menu_typo_spacing_mobile":0,"ocean_menu_typo_spacing_unit":"","ocean_menu_link_color":"","ocean_menu_link_color_hover":"","ocean_menu_link_color_active":"","ocean_menu_link_background":"","ocean_menu_link_hover_background":"","ocean_menu_link_active_background":"","ocean_menu_social_links_bg":"","ocean_menu_social_hover_links_bg":"","ocean_menu_social_links_color":"","ocean_menu_social_hover_links_color":"","ocean_disable_title":"default","ocean_disable_heading":"default","ocean_post_title":"","ocean_post_subheading":"","ocean_post_title_style":"","ocean_post_title_background_color":"","ocean_post_title_background":0,"ocean_post_title_bg_image_position":"","ocean_post_title_bg_image_attachment":"","ocean_post_title_bg_image_repeat":"","ocean_post_title_bg_image_size":"","ocean_post_title_height":0,"ocean_post_title_bg_overlay":0.5,"ocean_post_title_bg_overlay_color":"","ocean_disable_breadcrumbs":"default","ocean_breadcrumbs_color":"","ocean_breadcrumbs_separator_color":"","ocean_breadcrumbs_links_color":"","ocean_breadcrumbs_links_hover_color":"","ocean_display_footer_widgets":"default","ocean_display_footer_bottom":"default","ocean_custom_footer_template":"0","ofc_meta_disable_footer_callout":"","ofc_meta_callout_button_url":"","ofc_meta_callout_button_txt":"","ofc_meta_callout_text":"","osh_disable_topbar_sticky":"default","osh_disable_header_sticky":"default","osh_sticky_header_style":"default","osh_sticky_header_effect":"","osh_custom_sticky_logo":0,"osh_custom_retina_sticky_logo":0,"osh_custom_sticky_logo_height":0,"osh_background_color":"","osh_links_color":"","osh_links_hover_color":"","osh_links_active_color":"","osh_links_bg_color":"","osh_links_hover_bg_color":"","osh_links_active_bg_color":"","osh_menu_social_links_color":"","osh_menu_social_hover_links_color":"","footnotes":""},"class_list":["post-91426","page","type-page","status-publish","has-post-thumbnail","hentry","entry","has-media"],"jetpack_sharing_enabled":true,"jetpack_likes_enabled":true,"jetpack-related-posts":[],"jetpack_shortlink":"https:\/\/wp.me\/Pe7Cu3-nMC","_links":{"self":[{"href":"https:\/\/www.balticmedia.com\/es\/wp-json\/wp\/v2\/pages\/91426","targetHints":{"allow":["GET"]}}],"collection":[{"href":"https:\/\/www.balticmedia.com\/es\/wp-json\/wp\/v2\/pages"}],"about":[{"href":"https:\/\/www.balticmedia.com\/es\/wp-json\/wp\/v2\/types\/page"}],"author":[{"embeddable":true,"href":"https:\/\/www.balticmedia.com\/es\/wp-json\/wp\/v2\/users\/2"}],"replies":[{"embeddable":true,"href":"https:\/\/www.balticmedia.com\/es\/wp-json\/wp\/v2\/comments?post=91426"}],"version-history":[{"count":8,"href":"https:\/\/www.balticmedia.com\/es\/wp-json\/wp\/v2\/pages\/91426\/revisions"}],"predecessor-version":[{"id":136276,"href":"https:\/\/www.balticmedia.com\/es\/wp-json\/wp\/v2\/pages\/91426\/revisions\/136276"}],"up":[{"embeddable":true,"href":"https:\/\/www.balticmedia.com\/es\/wp-json\/wp\/v2\/pages\/12330"}],"wp:featuredmedia":[{"embeddable":true,"href":"https:\/\/www.balticmedia.com\/es\/wp-json\/wp\/v2\/media\/133862"}],"wp:attachment":[{"href":"https:\/\/www.balticmedia.com\/es\/wp-json\/wp\/v2\/media?parent=91426"}],"curies":[{"name":"wp","href":"https:\/\/api.w.org\/{rel}","templated":true}]}}