{"id":37782,"date":"2021-01-15T17:59:27","date_gmt":"2021-01-15T15:59:27","guid":{"rendered":"https:\/\/www.balticmedia.com\/traduccion-de-idiomas\/northern-europe-is-our-linguistic-region\/"},"modified":"2025-10-06T08:33:09","modified_gmt":"2025-10-06T05:33:09","slug":"europa-del-norte-es-nuestra-region-linguistica","status":"publish","type":"page","link":"https:\/\/www.balticmedia.com\/es\/traduccion\/europa-del-norte-es-nuestra-region-linguistica\/","title":{"rendered":"Europa del Norte es nuestra regi\u00f3n ling\u00fc\u00edstica"},"content":{"rendered":"<div id=\"pl-37782\"  class=\"panel-layout\" ><div id=\"pg-37782-0\"  class=\"panel-grid panel-no-style\" ><div id=\"pgc-37782-0-0\"  class=\"panel-grid-cell\" ><div id=\"panel-37782-0-0-0\" class=\"so-panel widget widget_sow-image panel-first-child panel-last-child widgetopts-SO\" data-index=\"0\" ><div\n\t\t\t\n\t\t\tclass=\"so-widget-sow-image so-widget-sow-image-default-6ec9e3772f75-37782\"\n\t\t\t\n\t\t>\n<div class=\"sow-image-container\">\n\t\t<img src=\"https:\/\/i0.wp.com\/www.balticmedia.com\/wp-content\/uploads\/969091_meitene_ar_vainadzinu-1.jpg?fit=1390%2C441&amp;ssl=1\" width=\"1390\" height=\"441\" srcset=\"https:\/\/i0.wp.com\/www.balticmedia.com\/wp-content\/uploads\/969091_meitene_ar_vainadzinu-1.jpg?w=1390&amp;ssl=1 1390w, https:\/\/i0.wp.com\/www.balticmedia.com\/wp-content\/uploads\/969091_meitene_ar_vainadzinu-1.jpg?resize=300%2C95&amp;ssl=1 300w, https:\/\/i0.wp.com\/www.balticmedia.com\/wp-content\/uploads\/969091_meitene_ar_vainadzinu-1.jpg?resize=1024%2C325&amp;ssl=1 1024w, https:\/\/i0.wp.com\/www.balticmedia.com\/wp-content\/uploads\/969091_meitene_ar_vainadzinu-1.jpg?resize=768%2C244&amp;ssl=1 768w\" title=\"Europa del Norte es nuestra regi\u00f3n ling\u00fc\u00edstica\" alt=\"Europa del Norte es nuestra regi\u00f3n ling\u00fc\u00edstica\" class=\"so-widget-image\">\n\t<\/div>\n\n<\/div><\/div><\/div><\/div><div id=\"pg-37782-1\"  class=\"panel-grid panel-no-style\" ><div id=\"pgc-37782-1-0\"  class=\"panel-grid-cell\" ><div id=\"panel-37782-1-0-0\" class=\"so-panel widget widget_sow-editor panel-first-child widgetopts-SO\" data-index=\"1\" ><div\n\t\t\t\n\t\t\tclass=\"so-widget-sow-editor so-widget-sow-editor-base\"\n\t\t\t\n\t\t>\n<div class=\"siteorigin-widget-tinymce textwidget\">\n\t<pre><form aria-label=\"Buscar en esta web\" role=\"search\" method=\"get\" class=\"oceanwp-searchform\" id=\"searchform\" action=\"https:\/\/www.balticmedia.com\/es\/\"><input aria-label=\"Insertar la consulta de b\u00fasqueda\" type=\"text\" class=\"field\" name=\"s\" id=\"s\" placeholder=\"Buscar\"><button aria-label=\"Env\u00eda tu consulta\" type=\"submit\" class=\"search-submit\" value=\"\"><i class=\"icon-magnifier\" aria-hidden=\"true\"><\/i><\/button><\/form><\/pre>\n<\/div>\n<\/div><\/div><\/div><div id=\"pgc-37782-1-1\"  class=\"panel-grid-cell\" ><div id=\"panel-37782-1-1-0\" class=\"so-panel widget widget_sow-editor panel-first-child panel-last-child widgetopts-hide_title widgetopts-SO\" data-index=\"4\" ><div\n\t\t\t\n\t\t\tclass=\"so-widget-sow-editor so-widget-sow-editor-base\"\n\t\t\t\n\t\t><h3 class=\"widget-title\">Europa del Norte es nuestra regi\u00f3n ling\u00fc\u00edstica<\/h3>\n<div class=\"siteorigin-widget-tinymce textwidget\">\n\t<h1><strong>Europa del Norte es nuestra regi\u00f3n ling\u00fc\u00edstica<\/strong><\/h1>\n<h2><strong>Lenguas <a href=\"https:\/\/www.balticmedia.com\/es\/traduccion-de-idiomas\/lenguas-germanicas-nordicas\/\">germ\u00e1nicas n\u00f3rdicas <\/a>y <a href=\"https:\/\/www.balticmedia.com\/es\/traduccion-de-idiomas\/lenguas-germanicas-occidentales\/\">occidentales<\/a>, <a href=\"https:\/\/www.balticmedia.com\/es\/traduccion-de-idiomas\/lenguas-balticas\/\">b\u00e1lticas<\/a>, <a href=\"https:\/\/www.balticmedia.com\/es\/traduccion-de-idiomas\/lenguas-finesas\/\">finesas <\/a>y <a href=\"https:\/\/www.balticmedia.com\/es\/traduccion-de-idiomas\/lenguas-eslavas\/\">eslavas<\/a><\/strong><\/h2>\n<p><a href=\"https:\/\/i0.wp.com\/www.balticmedia.com\/wp-content\/uploads\/the-baltic-sea-region.png?ssl=1\"><img data-recalc-dims=\"1\" loading=\"lazy\" decoding=\"async\" class=\"alignnone wp-image-7966 size-medium\" src=\"https:\/\/i0.wp.com\/www.balticmedia.com\/wp-content\/uploads\/the-baltic-sea-region.png?resize=238%2C300&#038;ssl=1\" alt=\"Europa del Norte es nuestra regi\u00f3n ling\u00fc\u00edstica\" width=\"238\" height=\"300\" title=\"\"><\/a><a href=\"https:\/\/i0.wp.com\/www.balticmedia.com\/wp-content\/uploads\/balticmedia_logo.png?ssl=1\"><img data-recalc-dims=\"1\" loading=\"lazy\" decoding=\"async\" class=\"alignnone wp-image-7468 size-full\" src=\"https:\/\/i0.wp.com\/www.balticmedia.com\/wp-content\/uploads\/balticmedia_logo.png?resize=300%2C87&#038;ssl=1\" alt=\"Professional Translation Service agency Baltic Media Ltd operates in Nordic- Baltic region\" width=\"300\" height=\"87\" title=\"\"><\/a><\/p>\n<p>Los pa\u00edses de Europa del Norte disfrutan de <strong>econom\u00edas desarrolladas <\/strong>y entre las <strong>mejores condiciones de vida<\/strong> de todo el mundo. <strong>Nordic-Baltic Eight<\/strong> (<strong>NB8<\/strong>) es un formato de asociaci\u00f3n regional que comprende a <a href=\"https:\/\/en.wikipedia.org\/wiki\/Denmark\" target=\"_blank\" rel=\"noopener\">Dinamarca<\/a>, <a href=\"https:\/\/en.wikipedia.org\/wiki\/Estonia\" target=\"_blank\" rel=\"noopener\">Estonia<\/a>, <a href=\"https:\/\/en.wikipedia.org\/wiki\/Finland\" target=\"_blank\" rel=\"noopener\">Finlandia<\/a>,<a href=\"https:\/\/en.wikipedia.org\/wiki\/Iceland\" target=\"_blank\" rel=\"noopener\">Islandia<\/a>, <a href=\"https:\/\/en.wikipedia.org\/wiki\/Latvia\" target=\"_blank\" rel=\"noopener\">Letonia<\/a>, <a href=\"https:\/\/en.wikipedia.org\/wiki\/Lithuania\" target=\"_blank\" rel=\"noopener\">Lituania<\/a>, <a href=\"https:\/\/en.wikipedia.org\/wiki\/Norway\" target=\"_blank\" rel=\"noopener\">Noruega<\/a> y <a href=\"https:\/\/en.wikipedia.org\/wiki\/Sweden\" target=\"_blank\" rel=\"noopener\">Suecia<\/a>.<br \/>\n<iframe loading=\"lazy\" title=\"YouTube video player\" src=\"https:\/\/www.youtube-nocookie.com\/embed\/xAzLi7bFmwE?si=ySJyAyJeGfwius7R\" width=\"560\" height=\"315\" frameborder=\"0\" allowfullscreen=\"allowfullscreen\"><\/iframe><\/p>\n<p>La sociedad n\u00f3rdico-b\u00e1ltica es una de las tres principales comunidades de Europa del Norte: la regi\u00f3n n\u00f3rdica, b\u00e1ltica y del mar B\u00e1ltico.<\/p>\n<p>La regi\u00f3n n\u00f3rdico-b\u00e1ltica tiene unos 32 millones de ciudadanos y un producto interior bruto (PIB) de unos 1,5 billones de d\u00f3lares, lo que la sit\u00faa en d\u00e9cimo lugar en poblaci\u00f3n y en <strong>quinto lugar en t\u00e9rminos econ\u00f3micos<\/strong> de Europa.<\/p>\n<p>Adem\u00e1s, la regi\u00f3n presenta niveles relativamente bajos de corrupci\u00f3n; los pa\u00edses n\u00f3rdicos son de los pa\u00edses <strong>menos corruptos<\/strong> en todo el mundo. Asimismo, los pa\u00edses de la regi\u00f3n ocupan un lugar destacado en la<strong> clasificaci\u00f3n de libertades<\/strong> <strong>mundial<\/strong>, con varios de los pa\u00edses a la cabeza.<\/p>\n<p>Los pa\u00edses n\u00f3rdicos-b\u00e1lticos tambi\u00e9n ocupan puestos de liderazgo en las encuestas que miden la facilidad de <strong>hacer negocios<\/strong> y crear <strong>nuevas empresas<\/strong>. El \u00cdndice de Desarrollo Humano coloca a muchos de los pa\u00edses de la regi\u00f3n entre los <strong>m\u00e1s desarrollados<\/strong> del mundo.<\/p>\n<p>Los t\u00e9rminos <strong>regi\u00f3n b\u00e1ltica<\/strong>, <strong>pa\u00edses de la costa b\u00e1ltica<\/strong> y <strong>pa\u00edses del mar B\u00e1ltico<\/strong> se refieren a diversas combinaciones de pa\u00edses que rodean el <a href=\"https:\/\/en.wikipedia.org\/wiki\/Baltic_Sea\" target=\"_blank\" rel=\"noopener\">mar B\u00e1ltico<\/a>. Los pa\u00edses que tienen costa a lo largo del mar B\u00e1ltico son Dinamarca, Estonia, Letonia, Finlandia, Alemania, Lituania, Polonia, Rusia y Suecia.<\/p>\n<p>Las familias ling\u00fc\u00edsticas en la regi\u00f3n n\u00f3rdico-b\u00e1ltica y los pa\u00edses del mar B\u00e1ltico son la <strong>b\u00e1ltica, finesa, germ\u00e1nica n\u00f3rdica, germ\u00e1nica occidental y eslava<\/strong>.<\/p>\n<p><img data-recalc-dims=\"1\" loading=\"lazy\" decoding=\"async\" class=\"alignnone wp-image-1981 size-full\" src=\"https:\/\/i0.wp.com\/www.balticmedia.com\/wp-content\/uploads\/logo_ar_globusu_stillbild_garena.png?resize=300%2C120&#038;ssl=1\" alt=\"Professional Translation Service agency Baltic Media Ltd operates in Nordic- Baltic region\" width=\"300\" height=\"120\" title=\"\"><\/p>\n<p><iframe loading=\"lazy\" src=\"https:\/\/www.youtube.com\/embed\/5VVAOnOFc-c?enablejsapi=1&amp;origin=https:\/\/www.balticmedia.com\" width=\"560\" height=\"315\" frameborder=\"0\" allowfullscreen=\"allowfullscreen\" data-mce-fragment=\"1\"><\/iframe><\/p>\n<h3><a href=\"\/es\/quienes-somos\/por-que-elegir-la-agencia-baltic-media\/\">\u00bfPor qu\u00e9 escoger la agencia de traducci\u00f3n n\u00f3rdica-b\u00e1ltica Baltic Media<sup>\u00ae<\/sup>?<\/a><\/h3>\n<h3><a href=\"\/es\/precio\/\">\u00bfC\u00f3mo reducir el coste de las traducciones sin sacrificar la calidad?<\/a><\/h3>\n<h3><a href=\"\/es\/quienes-somos\/traduccion-humana\/\">\u00bfPor qu\u00e9 las traducciones humanas son su mejor elecci\u00f3n?<\/a><\/h3>\n<h3><a href=\"https:\/\/www.balticmedia.com\/es\/servicios\/traduccion-automatica-edicion\/\">\u00a1Traduzca con Google, Bing, Microsoft, Tilde, Yandex y realice el pedido de revisi\u00f3n con nosotros!<\/a><\/h3>\n<h3><a href=\"https:\/\/www.balticmedia.com\/es\/solicitud-de-presupuesto-gratuita\/\">Presupuesto sin coste<\/a><\/h3>\n<h3><a href=\"https:\/\/www.balticmedia.com\/es\/solicitud-de-informacion\/\">Solicitud de informaci\u00f3n<\/a><\/h3>\n<h3><a href=\"mailto:info@balticmedia.com\">Correo electr\u00f3nico<\/a><\/h3>\n<h2>Baltic Media<sup>\u00ae<\/sup> - Agencia de Traducciones en el norte de Europa<\/h2>\n<p>Baltic Media<sup>\u00ae<\/sup>- Agencia de Traducciones N\u00f3rdica-B\u00e1ltica, es una de las agencias l\u00edderes proveedoras de servicios de tra \u00e1rea de las traducciones humanas profesionales en Europa del Norte. La agencia de traducciones tiene oficinas en Estocolmo (Suecia) y Riga (Letonia). La agencia de traducciones Baltic Media cuenta entre sus clientes tanto a compa\u00f1ias como a clientes privados. Durante m\u00e1s de 30 a\u00f1os la agencia de traducciones Baltic Media ha trabajado en el mercado y se ha especializado en los idiomas del norte de Europa (incluso n\u00f3rdicos, b\u00e1lticos e Idiomas eslavos) en especial en la traducci\u00f3n a\/del sueco, finland\u00e9s, dan\u00e9s, island\u00e9s, fero\u00e9s, noruego, alem\u00e1n, ingl\u00e9s, polaco, ruso, letonio, lituano y estoniano.<\/p>\n<p>La agencia de traducciones Baltic Media cuenta con el certificado ISO-9001:2015 y es miembro de ELIA - Asociaci\u00f3n Europea en el mercado de los idiomas.<\/p>\n<h2>Traducci\u00f3n humana<\/h2>\n<div>\n<p>Todas nuestras traducciones est\u00e1n realizadas y editadas por seres humanos. El t\u00e9rmino traducci\u00f3n humana se utiliza en oposici\u00f3n a <strong><a href=\"https:\/\/www.balticmedia.com\/es\/servicios\/traduccion-automatica-edicion\/\">traducci\u00f3n autom\u00e1tica<\/a><\/strong>. La traducci\u00f3n humana es ejecutada por un traductor humano, mientras que la <strong><a href=\"https:\/\/www.balticmedia.com\/es\/servicios\/traduccion-automatica-edicion\/\">traducci\u00f3n autom\u00e1tica<\/a><\/strong> es ejecutada por una m\u00e1quina de traducci\u00f3n y editada posteriormente por un editor.<\/p>\n<p>Nuestros traductores humanos hacen traducciones SOLAMENTE en su lengua materna y residen en el pa\u00eds donde este idioma tiene car\u00e1cter oficial o prevalece en la vida social. Tenemos nuestro propio sistema de pruebas para traductores. Criterios: formaci\u00f3n ling\u00fc\u00edstica, al menos cinco a\u00f1os de experiencia en el sector de la traducci\u00f3n, referencias de otros clientes, traducci\u00f3n de pruebas.<\/p>\n<h2><strong>El mejor traductor es humano<\/strong><\/h2>\n<p>La traducci\u00f3n humana es la forma m\u00e1s antigua de traducci\u00f3n y se basa en la pura inteligencia humana para convertir una forma de decir las cosas en otra. Sigue siendo el m\u00e9todo de traducci\u00f3n m\u00e1s utilizado hasta nuestros d\u00edas. La traducci\u00f3n humana es su mejor inversi\u00f3n cuando la precisi\u00f3n es muy importante.<\/p>\n<p>Si bien las soluciones de traducci\u00f3n autom\u00e1tica son incre\u00edblemente r\u00e1pidas en la traducci\u00f3n de grandes vol\u00famenes de contenido, el resultado dista de la calidad que requieren las compa\u00f1\u00edas en la actualidad. Los seres humanos pueden interpretar el contexto y obtener el mismo significado que el texto original, en lugar de simplemente<strong><a href=\"https:\/\/www.balticmedia.com\/es\/servicios\/traduccion-automatica-edicion\/\"> traducir autom\u00e1ticamente <\/a><\/strong>palabra por palabra.<\/p>\n<p>Con todas las inconsistencias gramaticales y frases artificiales, la traducci\u00f3n autom\u00e1tica aparece como contenido no deseado para Google. El posicionamiento en buscadores multiling\u00fce apropiado requiere la traducci\u00f3n humana profesional.<\/p>\n<h2><strong>Memorias de traducci\u00f3n, bases de datos terminol\u00f3gicas y gu\u00edas de estilo | Agencia de traducci\u00f3n Baltic Media<\/strong><\/h2>\n<p><a href=\"https:\/\/i0.wp.com\/www.balticmedia.com\/wp-content\/uploads\/news5-300-1.jpg?ssl=1\"><img data-recalc-dims=\"1\" loading=\"lazy\" decoding=\"async\" class=\"alignnone wp-image-1325 size-full\" src=\"https:\/\/i0.wp.com\/www.balticmedia.com\/wp-content\/uploads\/news5-300-1.jpg?resize=300%2C145&#038;ssl=1\" alt=\"translators\" width=\"300\" height=\"145\" title=\"\"><\/a><\/p>\n<p>Cuando necesita una traducci\u00f3n humana de alta calidad para un proyecto m\u00e1s grande, podemos ofrecerle una plataforma basada en varias fuentes en la que numerosos traductores humanos trabajan simult\u00e1neamente. El enfoque basado en varias fuentes puede ofrecer m\u00e1s valor por su inversi\u00f3n.<\/p>\n<p>Nuestros traductores humanos utilizan herramientas de traducci\u00f3n asistida por ordenador para crear memorias de traducci\u00f3n que se utilizan en el futuro, software de editor de texto, gu\u00edas de estilo y glosarios que nos ayudan a mantener la consistencia terminol\u00f3gica.<\/p>\n<p>Guardamos las memorias de sus traducciones para evitar la duplicaci\u00f3n del trabajo en el futuro. Las memorias de traducci\u00f3n le permitir\u00e1n ahorrar costes en sus documentos y proyectos. El ahorro puede llegar al 70%. Tenga en cuenta que una memoria de traducci\u00f3n no es lo mismo que una <strong><a href=\"https:\/\/www.balticmedia.com\/es\/servicios\/traduccion-automatica-edicion\/\">traducci\u00f3n autom\u00e1tica.<\/a><\/strong><\/p>\n<p><strong>D\u00e9jenos su direcci\u00f3n de correo electr\u00f3nico y nos pondremos en contacto con usted para informarle sobre c\u00f3mo conseguir traducciones humanas apropiadas y ahorrar costes.<\/strong><\/p>\n<\/div>\n<\/div>\n<\/div><\/div><\/div><\/div><\/div>","protected":false},"excerpt":{"rendered":"<p>Europa del Norte es nuestra regi\u00f3n ling\u00fc\u00edstica Lenguas germ\u00e1nicas n\u00f3rdicas y occidentales, b\u00e1lticas, finesas y eslavas Los pa\u00edses de Europa del Norte disfrutan de econom\u00edas desarrolladas y entre las mejores condiciones de vida de todo el mundo. Nordic-Baltic Eight (NB8) es un formato de asociaci\u00f3n regional que comprende a Dinamarca, Estonia, Finlandia,Islandia, Letonia, Lituania, Noruega [&hellip;]<\/p>\n","protected":false},"author":2,"featured_media":11829,"parent":12293,"menu_order":0,"comment_status":"closed","ping_status":"closed","template":"","meta":{"ocean_post_layout":"","ocean_both_sidebars_style":"","ocean_both_sidebars_content_width":0,"ocean_both_sidebars_sidebars_width":0,"ocean_sidebar":"0","ocean_second_sidebar":"0","ocean_disable_margins":"enable","ocean_add_body_class":"","ocean_shortcode_before_top_bar":"","ocean_shortcode_after_top_bar":"","ocean_shortcode_before_header":"","ocean_shortcode_after_header":"","ocean_has_shortcode":"","ocean_shortcode_after_title":"","ocean_shortcode_before_footer_widgets":"","ocean_shortcode_after_footer_widgets":"","ocean_shortcode_before_footer_bottom":"","ocean_shortcode_after_footer_bottom":"","ocean_display_top_bar":"default","ocean_display_header":"default","ocean_header_style":"","ocean_center_header_left_menu":"0","ocean_custom_header_template":"0","ocean_custom_logo":0,"ocean_custom_retina_logo":0,"ocean_custom_logo_max_width":0,"ocean_custom_logo_tablet_max_width":0,"ocean_custom_logo_mobile_max_width":0,"ocean_custom_logo_max_height":0,"ocean_custom_logo_tablet_max_height":0,"ocean_custom_logo_mobile_max_height":0,"ocean_header_custom_menu":"0","ocean_menu_typo_font_family":"0","ocean_menu_typo_font_subset":"","ocean_menu_typo_font_size":0,"ocean_menu_typo_font_size_tablet":0,"ocean_menu_typo_font_size_mobile":0,"ocean_menu_typo_font_size_unit":"px","ocean_menu_typo_font_weight":"","ocean_menu_typo_font_weight_tablet":"","ocean_menu_typo_font_weight_mobile":"","ocean_menu_typo_transform":"","ocean_menu_typo_transform_tablet":"","ocean_menu_typo_transform_mobile":"","ocean_menu_typo_line_height":0,"ocean_menu_typo_line_height_tablet":0,"ocean_menu_typo_line_height_mobile":0,"ocean_menu_typo_line_height_unit":"","ocean_menu_typo_spacing":0,"ocean_menu_typo_spacing_tablet":0,"ocean_menu_typo_spacing_mobile":0,"ocean_menu_typo_spacing_unit":"","ocean_menu_link_color":"","ocean_menu_link_color_hover":"","ocean_menu_link_color_active":"","ocean_menu_link_background":"","ocean_menu_link_hover_background":"","ocean_menu_link_active_background":"","ocean_menu_social_links_bg":"","ocean_menu_social_hover_links_bg":"","ocean_menu_social_links_color":"","ocean_menu_social_hover_links_color":"","ocean_disable_title":"default","ocean_disable_heading":"default","ocean_post_title":"","ocean_post_subheading":"","ocean_post_title_style":"","ocean_post_title_background_color":"","ocean_post_title_background":0,"ocean_post_title_bg_image_position":"","ocean_post_title_bg_image_attachment":"","ocean_post_title_bg_image_repeat":"","ocean_post_title_bg_image_size":"","ocean_post_title_height":0,"ocean_post_title_bg_overlay":0.5,"ocean_post_title_bg_overlay_color":"","ocean_disable_breadcrumbs":"default","ocean_breadcrumbs_color":"","ocean_breadcrumbs_separator_color":"","ocean_breadcrumbs_links_color":"","ocean_breadcrumbs_links_hover_color":"","ocean_display_footer_widgets":"default","ocean_display_footer_bottom":"default","ocean_custom_footer_template":"0","ofc_meta_disable_footer_callout":"","ofc_meta_callout_button_url":"","ofc_meta_callout_button_txt":"","ofc_meta_callout_text":"","osh_disable_topbar_sticky":"default","osh_disable_header_sticky":"default","osh_sticky_header_style":"default","osh_sticky_header_effect":"","osh_custom_sticky_logo":0,"osh_custom_retina_sticky_logo":0,"osh_custom_sticky_logo_height":0,"osh_background_color":"","osh_links_color":"","osh_links_hover_color":"","osh_links_active_color":"","osh_links_bg_color":"","osh_links_hover_bg_color":"","osh_links_active_bg_color":"","osh_menu_social_links_color":"","osh_menu_social_hover_links_color":"","footnotes":""},"class_list":["post-37782","page","type-page","status-publish","has-post-thumbnail","hentry","entry","has-media"],"jetpack_sharing_enabled":true,"jetpack_likes_enabled":true,"jetpack-related-posts":[],"jetpack_shortlink":"https:\/\/wp.me\/Pe7Cu3-9Po","_links":{"self":[{"href":"https:\/\/www.balticmedia.com\/es\/wp-json\/wp\/v2\/pages\/37782","targetHints":{"allow":["GET"]}}],"collection":[{"href":"https:\/\/www.balticmedia.com\/es\/wp-json\/wp\/v2\/pages"}],"about":[{"href":"https:\/\/www.balticmedia.com\/es\/wp-json\/wp\/v2\/types\/page"}],"author":[{"embeddable":true,"href":"https:\/\/www.balticmedia.com\/es\/wp-json\/wp\/v2\/users\/2"}],"replies":[{"embeddable":true,"href":"https:\/\/www.balticmedia.com\/es\/wp-json\/wp\/v2\/comments?post=37782"}],"version-history":[{"count":18,"href":"https:\/\/www.balticmedia.com\/es\/wp-json\/wp\/v2\/pages\/37782\/revisions"}],"predecessor-version":[{"id":139985,"href":"https:\/\/www.balticmedia.com\/es\/wp-json\/wp\/v2\/pages\/37782\/revisions\/139985"}],"up":[{"embeddable":true,"href":"https:\/\/www.balticmedia.com\/es\/wp-json\/wp\/v2\/pages\/12293"}],"wp:featuredmedia":[{"embeddable":true,"href":"https:\/\/www.balticmedia.com\/es\/wp-json\/wp\/v2\/media\/11829"}],"wp:attachment":[{"href":"https:\/\/www.balticmedia.com\/es\/wp-json\/wp\/v2\/media?parent=37782"}],"curies":[{"name":"wp","href":"https:\/\/api.w.org\/{rel}","templated":true}]}}