{"id":35046,"date":"2021-02-03T13:34:02","date_gmt":"2021-02-03T11:34:02","guid":{"rendered":"https:\/\/www.balticmedia.com\/precio\/our-translation-clients\/"},"modified":"2023-10-22T15:15:30","modified_gmt":"2023-10-22T12:15:30","slug":"nuestros-clientes","status":"publish","type":"page","link":"https:\/\/www.balticmedia.com\/es\/precio-de-traduccion\/nuestros-clientes\/","title":{"rendered":"Nuestros clientes"},"content":{"rendered":"<div id=\"pl-35046\"  class=\"panel-layout\" ><div id=\"pg-35046-0\"  class=\"panel-grid panel-no-style\" ><div id=\"pgc-35046-0-0\"  class=\"panel-grid-cell\" ><div id=\"panel-35046-0-0-0\" class=\"so-panel widget widget_sow-image panel-first-child panel-last-child widgetopts-SO\" data-index=\"0\" ><div\n\t\t\t\n\t\t\tclass=\"so-widget-sow-image so-widget-sow-image-default-8b5b6f678277-35046\"\n\t\t\t\n\t\t>\n<div class=\"sow-image-container\">\n\t\t<img loading=\"lazy\" decoding=\"async\" src=\"https:\/\/i0.wp.com\/www.balticmedia.com\/wp-content\/uploads\/5blog-scaled.jpg?fit=2560%2C549&amp;ssl=1\" width=\"2560\" height=\"549\" srcset=\"https:\/\/i0.wp.com\/www.balticmedia.com\/wp-content\/uploads\/5blog-scaled.jpg?w=2560&amp;ssl=1 2560w, https:\/\/i0.wp.com\/www.balticmedia.com\/wp-content\/uploads\/5blog-scaled.jpg?resize=300%2C64&amp;ssl=1 300w, https:\/\/i0.wp.com\/www.balticmedia.com\/wp-content\/uploads\/5blog-scaled.jpg?resize=1024%2C219&amp;ssl=1 1024w, https:\/\/i0.wp.com\/www.balticmedia.com\/wp-content\/uploads\/5blog-scaled.jpg?resize=768%2C165&amp;ssl=1 768w, https:\/\/i0.wp.com\/www.balticmedia.com\/wp-content\/uploads\/5blog-scaled.jpg?resize=1536%2C329&amp;ssl=1 1536w, https:\/\/i0.wp.com\/www.balticmedia.com\/wp-content\/uploads\/5blog-scaled.jpg?resize=2048%2C439&amp;ssl=1 2048w, https:\/\/i0.wp.com\/www.balticmedia.com\/wp-content\/uploads\/5blog-scaled.jpg?w=2400&amp;ssl=1 2400w\" title=\"5blog\" alt=\"\" class=\"so-widget-image\">\n\t<\/div>\n\n<\/div><\/div><\/div><\/div><div id=\"pg-35046-1\"  class=\"panel-grid panel-no-style\" ><div id=\"pgc-35046-1-0\"  class=\"panel-grid-cell\" ><div id=\"panel-35046-1-0-0\" class=\"so-panel widget widget_sow-editor panel-first-child\" data-index=\"1\" ><div\n\t\t\t\n\t\t\tclass=\"so-widget-sow-editor so-widget-sow-editor-base\"\n\t\t\t\n\t\t>\n<div class=\"siteorigin-widget-tinymce textwidget\">\n\t<pre><form aria-label=\"Buscar en esta web\" role=\"search\" method=\"get\" class=\"oceanwp-searchform\" id=\"searchform\" action=\"https:\/\/www.balticmedia.com\/es\/\"><input aria-label=\"Insertar la consulta de b\u00fasqueda\" type=\"text\" class=\"field\" name=\"s\" id=\"s\" placeholder=\"Buscar\"><button aria-label=\"Env\u00eda tu consulta\" type=\"submit\" class=\"search-submit\" value=\"\"><i class=\"icon-magnifier\" aria-hidden=\"true\"><\/i><\/button><\/form><\/pre>\n<\/div>\n<\/div><\/div><div id=\"panel-35046-1-0-1\" class=\"so-panel widget widget_ocean_custom_menu widget-oceanwp-custom-menu custom-menu-widget extendedwopts-hide extendedwopts-tablet extendedwopts-mobile widgetopts-SO\" data-index=\"2\" ><div class=\"oceanwp-custom-menu clr ocean_custom_menu-2 left dropdown-hover\"><ul id=\"menu-prices-es\" class=\"dropdown-menu sf-menu\"><li  id=\"menu-item-49537\" class=\"menu-item menu-item-type-post_type menu-item-object-page menu-item-49537\"><a href=\"https:\/\/www.balticmedia.com\/es\/precio-de-traduccion\/\" class=\"menu-link\">Precio de traducci\u00f3n<\/a><\/li>\n<li  id=\"menu-item-49542\" class=\"menu-item menu-item-type-post_type menu-item-object-page menu-item-49542\"><a href=\"https:\/\/www.balticmedia.com\/es\/precio-de-traduccion\/tarifas-de-traduccion\/\" class=\"menu-link\">Tarifas de traducci\u00f3n<\/a><\/li>\n<li  id=\"menu-item-49539\" class=\"menu-item menu-item-type-post_type menu-item-object-page menu-item-49539\"><a href=\"https:\/\/www.balticmedia.com\/es\/precio-de-traduccion\/servicios-de-traduccion\/\" class=\"menu-link\">C\u00f3mo seleccionar un proveedor de servicios de traducci\u00f3n<\/a><\/li>\n<li  id=\"menu-item-49538\" class=\"menu-item menu-item-type-post_type menu-item-object-page menu-item-49538\"><a href=\"https:\/\/www.balticmedia.com\/es\/precio-de-traduccion\/calidad-de-traduccion\/\" class=\"menu-link\">Calidad de traducci\u00f3n Certificaci\u00f3n de calidad ISO 9001:2015<\/a><\/li>\n<li  id=\"menu-item-49541\" class=\"menu-item menu-item-type-post_type menu-item-object-page menu-item-49541\"><a href=\"https:\/\/www.balticmedia.com\/es\/precio-de-traduccion\/nuestros-clientes\/\" class=\"menu-link\">Nuestros clientes<\/a><\/li>\n<li  id=\"menu-item-49540\" class=\"menu-item menu-item-type-post_type menu-item-object-page menu-item-49540\"><a href=\"https:\/\/www.balticmedia.com\/es\/precio-de-traduccion\/formulario-de-referencias\/\" class=\"menu-link\">Encuesta satisfactoria del cliente<\/a><\/li>\n<li  id=\"menu-item-49543\" class=\"menu-item menu-item-type-post_type menu-item-object-page menu-item-49543\"><a href=\"https:\/\/www.balticmedia.com\/es\/precio-de-traduccion\/referencias-de-clientes\/\" class=\"menu-link\">Referencias de clientes<\/a><\/li>\n<li  id=\"menu-item-101309\" class=\"menu-item menu-item-type-post_type menu-item-object-page menu-item-101309\"><a href=\"https:\/\/www.balticmedia.com\/es\/mapa-del-sitio\/\" class=\"menu-link\">Mapa del sitio<\/a><\/li>\n<li  id=\"menu-item-133030\" class=\"menu-item menu-item-type-post_type menu-item-object-page menu-item-133030\"><a href=\"https:\/\/www.balticmedia.com\/es\/servicios-de-traduccion-literaria\/\" class=\"menu-link\">Servicios de traducci\u00f3n literaria<\/a><\/li>\n<\/ul><\/div><\/div><div id=\"panel-35046-1-0-2\" class=\"so-panel widget widget_ocean_custom_menu widget-oceanwp-custom-menu custom-menu-widget panel-last-child extendedwopts-hide extendedwopts-tablet extendedwopts-mobile widgetopts-SO\" data-index=\"3\" ><div class=\"oceanwp-custom-menu clr ocean_custom_menu-2 left dropdown-hover\"><ul id=\"menu-socios\" class=\"dropdown-menu sf-menu\"><li  id=\"menu-item-14938\" class=\"menu-item menu-item-type-custom menu-item-object-custom menu-item-14938\"><a target=\"_blank\" href=\"https:\/\/balticmedia.s.xtrf.eu\/vendors\/#\/sign-in\" class=\"menu-link\" rel=\"nofollow noopener\"><i class=\"icon before line-icon icon-briefcase\" aria-hidden=\"true\" style=\"font-size:2em;\"><\/i><span class=\"menu-text\">Portal de socios<\/span><\/a><\/li>\n<li  id=\"menu-item-14939\" class=\"menu-item menu-item-type-custom menu-item-object-custom menu-item-14939\"><a target=\"_blank\" href=\"https:\/\/www.balticmedia.com\/wp-content\/uploads\/11-Reasons-to-Choose-Baltic-Media-2026.pdf\" class=\"menu-link\"><i class=\"icon before line-icon icon-people\" aria-hidden=\"true\" style=\"font-size:2em;\"><\/i><span class=\"menu-text\">Perfil de la Empresa<\/span><\/a><\/li>\n<li  id=\"menu-item-14940\" class=\"menu-item menu-item-type-custom menu-item-object-custom menu-item-14940\"><a target=\"_blank\" href=\"https:\/\/www.balticmedia.com\/wp-content\/uploads\/agencia-de-traduccion-es.pdf\" class=\"menu-link\"><i class=\"icon before line-icon icon-organization\" aria-hidden=\"true\" style=\"font-size:2em;\"><\/i><span class=\"menu-text\">Proceso de traducci\u00f3n. Paso por paso<\/span><\/a><\/li>\n<li  id=\"menu-item-14941\" class=\"menu-item menu-item-type-custom menu-item-object-custom menu-item-14941\"><a target=\"_blank\" href=\"https:\/\/www.balticmedia.com\/wp-content\/uploads\/Baltic-Media-Ltd.-Service-Terms-and-Conditions.pdf\" class=\"menu-link\"><i class=\"icon before line-icon icon-docs\" aria-hidden=\"true\" style=\"font-size:2em;\"><\/i><span class=\"menu-text\">T\u00e9rminos y condiciones de servicio (EN)<\/span><\/a><\/li>\n<li  id=\"menu-item-14944\" class=\"menu-item menu-item-type-custom menu-item-object-custom menu-item-14944\"><a target=\"_blank\" href=\"https:\/\/www.balticmedia.com\/wp-content\/uploads\/iSO-certificate-2023.png\" class=\"menu-link\"><i class=\"icon before line-icon icon-doc\" aria-hidden=\"true\" style=\"font-size:2em;\"><\/i><span class=\"menu-text\">ISO 9001:2015 Quality Certification<\/span><\/a><\/li>\n<li  id=\"menu-item-14945\" class=\"menu-item menu-item-type-custom menu-item-object-custom menu-item-14945\"><a target=\"_blank\" href=\"https:\/\/www.balticmedia.com\/wp-content\/uploads\/362531_copyrighttrademarkbalticmedia.pdf\" class=\"menu-link\"><i class=\"icon before line-icon icon-info\" aria-hidden=\"true\" style=\"font-size:2em;\"><\/i><span class=\"menu-text\">Copyright | Trademark Baltic Media<sup>\u00ae<\/sup><\/span><\/a><\/li>\n<\/ul><\/div><\/div><\/div><div id=\"pgc-35046-1-1\"  class=\"panel-grid-cell\" ><div id=\"panel-35046-1-1-0\" class=\"so-panel widget widget_sow-editor panel-first-child panel-last-child widgetopts-hide_title widgetopts-SO\" data-index=\"4\" ><div\n\t\t\t\n\t\t\tclass=\"so-widget-sow-editor so-widget-sow-editor-base\"\n\t\t\t\n\t\t><h3 class=\"widget-title\">Algunos de nuestros clientes de traducci\u00f3n<\/h3>\n<div class=\"siteorigin-widget-tinymce textwidget\">\n\t<h2>Algunos de nuestros clientes de traducci\u00f3n<\/h2>\n<h2>Comentarios positivos de los clientes: promedio de 4,9 de 5 estrellas<\/h2>\n<p>El mayor valor de Baltic Media<sup>\u00ae<\/sup> es respetar los intereses de nuestros clientes brind\u00e1ndoles servicios profesionales, de alta calidad y oportunos. El alto nivel de satisfacci\u00f3n del cliente es nuestra principal prioridad, y cada a\u00f1o recopilamos comentarios de nuestros clientes para evaluar la calidad de los servicios prestados y la experiencia y capacidad de respuesta de nuestros gerentes de proyecto. Nos complace informar que en 2020 nuestros clientes evaluaron altamente los servicios ling\u00fc\u00edsticos de Baltic Media<sup>\u00ae<\/sup> (evaluaci\u00f3n total: 4,9 de 5 puntos), elogiaron la calidad de los archivos entregados, la capacidad de respuesta y la ayuda de nuestros gerentes de proyecto y la puntualidad de las entregas del proyecto.<\/p>\n<p>La satisfacci\u00f3n del cliente es un factor clave para nuestro \u00e9xito. \u00a1Pru\u00e9banos y lo ver\u00e1s por ti mismo!<br \/>\n<iframe loading=\"lazy\" width=\"560\" height=\"315\" src=\"https:\/\/www.youtube-nocookie.com\/embed\/xAzLi7bFmwE?si=ySJyAyJeGfwius7R\" title=\"YouTube video player\" frameborder=\"0\" allow=\"accelerometer; autoplay; clipboard-write; encrypted-media; gyroscope; picture-in-picture; web-share\" allowfullscreen><\/iframe><\/p>\n<p>&nbsp;<\/p>\n<div>\n<p><strong>Baltic Media<sup>\u00ae<\/sup>- Agencia de Traducciones<\/strong> N\u00f3rdica-B\u00e1ltica, es una de las agencias l\u00edderes proveedoras de servicios de tra \u00e1rea de las traducciones humanas profesionales en Europa del Norte. La agencia de traducciones tiene oficinas en Estocolmo (Suecia) y Riga (Latvia). La agencia de traducciones Baltic Media cuenta entre sus clientes tanto a compa\u00f1ias como a clientes privados. Durante m\u00e1s de 30 a\u00f1os la agencia de traducciones Baltic Media ha trabajado en el mercado y se ha especializado en los idiomas del norte de Europa (incluso n\u00f3rdicos, b\u00e1lticos e Idiomas eslavos) en especial en la traducci\u00f3n a\/del sueco, finland\u00e9s, dan\u00e9s, island\u00e9s, fero\u00e9s, noruego, alem\u00e1n, ingl\u00e9s, polaco, ruso, letonio, lituano y estoniano.<\/p>\n<p>La agencia de traducciones Baltic Media cuenta con el certificado ISO-9001:2015 y es miembro de ELIA - Asociaci\u00f3n Europea en el mercado de los idiomas.<\/p>\n<\/div>\n<div>\n<div><img data-recalc-dims=\"1\" loading=\"lazy\" decoding=\"async\" class=\"alignnone size-medium wp-image-6507\" src=\"https:\/\/i0.wp.com\/www.balticmedia.com\/wp-content\/uploads\/logo_ar_globusu_stillbild_kvadrats.jpg?resize=300%2C187&#038;ssl=1\" alt=\"Baltic Media&lt;sup&gt;\u00ae&lt;\/sup&gt;\" width=\"300\" height=\"187\" title=\"\"><\/div>\n<\/div>\n<h2><strong>Industrial<\/strong><\/h2>\n<p><img data-recalc-dims=\"1\" loading=\"lazy\" decoding=\"async\" class=\"alignnone wp-image-14874 size-full\" src=\"https:\/\/i0.wp.com\/www.balticmedia.com\/wp-content\/uploads\/Screenshot-2021-02-03-at-11.01.48-AM-1.png?resize=620%2C807&#038;ssl=1\" alt=\"Industrial Clients\" width=\"620\" height=\"807\" srcset=\"https:\/\/i0.wp.com\/www.balticmedia.com\/wp-content\/uploads\/Screenshot-2021-02-03-at-11.01.48-AM-1.png?w=620&amp;ssl=1 620w, https:\/\/i0.wp.com\/www.balticmedia.com\/wp-content\/uploads\/Screenshot-2021-02-03-at-11.01.48-AM-1.png?resize=230%2C300&amp;ssl=1 230w\" sizes=\"auto, (max-width: 620px) 100vw, 620px\" title=\"\"><\/p>\n<h2><b>Finanzas y Legal<\/b><\/h2>\n<p><img data-recalc-dims=\"1\" loading=\"lazy\" decoding=\"async\" class=\"alignnone size-full wp-image-2986\" src=\"https:\/\/i0.wp.com\/www.balticmedia.com\/wp-content\/uploads\/Screenshot-2021-02-03-at-11.01.59-AM.png?resize=616%2C550&#038;ssl=1\" alt=\"\" width=\"616\" height=\"550\" srcset=\"https:\/\/i0.wp.com\/www.balticmedia.com\/wp-content\/uploads\/Screenshot-2021-02-03-at-11.01.59-AM.png?w=616&amp;ssl=1 616w, https:\/\/i0.wp.com\/www.balticmedia.com\/wp-content\/uploads\/Screenshot-2021-02-03-at-11.01.59-AM.png?resize=300%2C268&amp;ssl=1 300w\" sizes=\"auto, (max-width: 616px) 100vw, 616px\" title=\"\"><\/p>\n<h2><b>EU &amp; Instituciones gubernamentales<\/b><\/h2>\n<p><img data-recalc-dims=\"1\" loading=\"lazy\" decoding=\"async\" class=\"alignnone size-full wp-image-2998\" src=\"https:\/\/i0.wp.com\/www.balticmedia.com\/wp-content\/uploads\/Screenshot-2021-02-03-at-11.02.11-AM.png?resize=662%2C823&#038;ssl=1\" alt=\"\" width=\"662\" height=\"823\" srcset=\"https:\/\/i0.wp.com\/www.balticmedia.com\/wp-content\/uploads\/Screenshot-2021-02-03-at-11.02.11-AM.png?w=662&amp;ssl=1 662w, https:\/\/i0.wp.com\/www.balticmedia.com\/wp-content\/uploads\/Screenshot-2021-02-03-at-11.02.11-AM.png?resize=241%2C300&amp;ssl=1 241w\" sizes=\"auto, (max-width: 662px) 100vw, 662px\" title=\"\"><\/p>\n<h2><b>Tecnolog\u00eda y Telecomunicaciones<\/b><\/h2>\n<p><img data-recalc-dims=\"1\" loading=\"lazy\" decoding=\"async\" class=\"alignnone size-full wp-image-3010\" src=\"https:\/\/i0.wp.com\/www.balticmedia.com\/wp-content\/uploads\/Screenshot-2021-02-03-at-11.02.23-AM.png?resize=608%2C587&#038;ssl=1\" alt=\"\" width=\"608\" height=\"587\" srcset=\"https:\/\/i0.wp.com\/www.balticmedia.com\/wp-content\/uploads\/Screenshot-2021-02-03-at-11.02.23-AM.png?w=608&amp;ssl=1 608w, https:\/\/i0.wp.com\/www.balticmedia.com\/wp-content\/uploads\/Screenshot-2021-02-03-at-11.02.23-AM.png?resize=300%2C290&amp;ssl=1 300w\" sizes=\"auto, (max-width: 608px) 100vw, 608px\" title=\"\"><\/p>\n<h2><b>Construcci\u00f3n, Bienes Raices<\/b><\/h2>\n<p><img data-recalc-dims=\"1\" loading=\"lazy\" decoding=\"async\" class=\"alignnone size-full wp-image-3022\" src=\"https:\/\/i0.wp.com\/www.balticmedia.com\/wp-content\/uploads\/Screenshot-2021-02-03-at-11.02.32-AM.png?resize=607%2C362&#038;ssl=1\" alt=\"\" width=\"607\" height=\"362\" srcset=\"https:\/\/i0.wp.com\/www.balticmedia.com\/wp-content\/uploads\/Screenshot-2021-02-03-at-11.02.32-AM.png?w=607&amp;ssl=1 607w, https:\/\/i0.wp.com\/www.balticmedia.com\/wp-content\/uploads\/Screenshot-2021-02-03-at-11.02.32-AM.png?resize=300%2C179&amp;ssl=1 300w\" sizes=\"auto, (max-width: 607px) 100vw, 607px\" title=\"\"><\/p>\n<h2><b>Farmacolog\u00eda, Medicina<\/b><\/h2>\n<p><img data-recalc-dims=\"1\" loading=\"lazy\" decoding=\"async\" class=\"alignnone size-full wp-image-3034\" src=\"https:\/\/i0.wp.com\/www.balticmedia.com\/wp-content\/uploads\/Screenshot-2021-02-03-at-11.02.41-AM.png?resize=609%2C433&#038;ssl=1\" alt=\"\" width=\"609\" height=\"433\" srcset=\"https:\/\/i0.wp.com\/www.balticmedia.com\/wp-content\/uploads\/Screenshot-2021-02-03-at-11.02.41-AM.png?w=609&amp;ssl=1 609w, https:\/\/i0.wp.com\/www.balticmedia.com\/wp-content\/uploads\/Screenshot-2021-02-03-at-11.02.41-AM.png?resize=300%2C213&amp;ssl=1 300w\" sizes=\"auto, (max-width: 609px) 100vw, 609px\" title=\"\"><\/p>\n<h2><b>Medios de comunicaci\u00f3n, Propagando, Mercadeo Y Relaciones P\u00fablicas<\/b><\/h2>\n<p><img data-recalc-dims=\"1\" loading=\"lazy\" decoding=\"async\" class=\"alignnone size-full wp-image-3046\" src=\"https:\/\/i0.wp.com\/www.balticmedia.com\/wp-content\/uploads\/Screenshot-2021-02-03-at-11.02.52-AM.png?resize=605%2C332&#038;ssl=1\" alt=\"\" width=\"605\" height=\"332\" srcset=\"https:\/\/i0.wp.com\/www.balticmedia.com\/wp-content\/uploads\/Screenshot-2021-02-03-at-11.02.52-AM.png?w=605&amp;ssl=1 605w, https:\/\/i0.wp.com\/www.balticmedia.com\/wp-content\/uploads\/Screenshot-2021-02-03-at-11.02.52-AM.png?resize=300%2C165&amp;ssl=1 300w\" sizes=\"auto, (max-width: 605px) 100vw, 605px\" title=\"\"><\/p>\n<h2><b><u>Automotor &amp; Tranporte<\/u><\/b><\/h2>\n<p><img data-recalc-dims=\"1\" loading=\"lazy\" decoding=\"async\" class=\"alignnone size-full wp-image-3058\" src=\"https:\/\/i0.wp.com\/www.balticmedia.com\/wp-content\/uploads\/Screenshot-2021-02-03-at-11.03.03-AM.png?resize=607%2C537&#038;ssl=1\" alt=\"\" width=\"607\" height=\"537\" srcset=\"https:\/\/i0.wp.com\/www.balticmedia.com\/wp-content\/uploads\/Screenshot-2021-02-03-at-11.03.03-AM.png?w=607&amp;ssl=1 607w, https:\/\/i0.wp.com\/www.balticmedia.com\/wp-content\/uploads\/Screenshot-2021-02-03-at-11.03.03-AM.png?resize=300%2C265&amp;ssl=1 300w\" sizes=\"auto, (max-width: 607px) 100vw, 607px\" title=\"\"><\/p>\n<h2><b>Agricultura, Industria de Alimentos<\/b><\/h2>\n<p><img data-recalc-dims=\"1\" loading=\"lazy\" decoding=\"async\" class=\"alignnone size-full wp-image-3070\" src=\"https:\/\/i0.wp.com\/www.balticmedia.com\/wp-content\/uploads\/Screenshot-2021-02-03-at-11.03.10-AM.png?resize=609%2C347&#038;ssl=1\" alt=\"\" width=\"609\" height=\"347\" srcset=\"https:\/\/i0.wp.com\/www.balticmedia.com\/wp-content\/uploads\/Screenshot-2021-02-03-at-11.03.10-AM.png?w=609&amp;ssl=1 609w, https:\/\/i0.wp.com\/www.balticmedia.com\/wp-content\/uploads\/Screenshot-2021-02-03-at-11.03.10-AM.png?resize=300%2C171&amp;ssl=1 300w\" sizes=\"auto, (max-width: 609px) 100vw, 609px\" title=\"\"><\/p>\n<h2><b>Otros<\/b><\/h2>\n<p><img data-recalc-dims=\"1\" loading=\"lazy\" decoding=\"async\" class=\"alignnone size-full wp-image-3082\" src=\"https:\/\/i0.wp.com\/www.balticmedia.com\/wp-content\/uploads\/Screenshot-2021-02-03-at-11.03.19-AM.png?resize=608%2C332&#038;ssl=1\" alt=\"\" width=\"608\" height=\"332\" srcset=\"https:\/\/i0.wp.com\/www.balticmedia.com\/wp-content\/uploads\/Screenshot-2021-02-03-at-11.03.19-AM.png?w=608&amp;ssl=1 608w, https:\/\/i0.wp.com\/www.balticmedia.com\/wp-content\/uploads\/Screenshot-2021-02-03-at-11.03.19-AM.png?resize=300%2C164&amp;ssl=1 300w\" sizes=\"auto, (max-width: 608px) 100vw, 608px\" title=\"\"><\/p>\n<\/div>\n<\/div><\/div><\/div><\/div><\/div>","protected":false},"excerpt":{"rendered":"<p>Algunos de nuestros clientes de traducci\u00f3n Comentarios positivos de los clientes: promedio de 4,9 de 5 estrellas El mayor valor de Baltic Media\u00ae es respetar los intereses de nuestros clientes brind\u00e1ndoles servicios profesionales, de alta calidad y oportunos. El alto nivel de satisfacci\u00f3n del cliente es nuestra principal prioridad, y cada a\u00f1o recopilamos comentarios de [&hellip;]<\/p>\n","protected":false},"author":2,"featured_media":0,"parent":16200,"menu_order":0,"comment_status":"closed","ping_status":"closed","template":"","meta":{"ocean_post_layout":"","ocean_both_sidebars_style":"","ocean_both_sidebars_content_width":0,"ocean_both_sidebars_sidebars_width":0,"ocean_sidebar":"0","ocean_second_sidebar":"0","ocean_disable_margins":"enable","ocean_add_body_class":"","ocean_shortcode_before_top_bar":"","ocean_shortcode_after_top_bar":"","ocean_shortcode_before_header":"","ocean_shortcode_after_header":"","ocean_has_shortcode":"","ocean_shortcode_after_title":"","ocean_shortcode_before_footer_widgets":"","ocean_shortcode_after_footer_widgets":"","ocean_shortcode_before_footer_bottom":"","ocean_shortcode_after_footer_bottom":"","ocean_display_top_bar":"default","ocean_display_header":"default","ocean_header_style":"","ocean_center_header_left_menu":"0","ocean_custom_header_template":"0","ocean_custom_logo":0,"ocean_custom_retina_logo":0,"ocean_custom_logo_max_width":0,"ocean_custom_logo_tablet_max_width":0,"ocean_custom_logo_mobile_max_width":0,"ocean_custom_logo_max_height":0,"ocean_custom_logo_tablet_max_height":0,"ocean_custom_logo_mobile_max_height":0,"ocean_header_custom_menu":"0","ocean_menu_typo_font_family":"0","ocean_menu_typo_font_subset":"","ocean_menu_typo_font_size":0,"ocean_menu_typo_font_size_tablet":0,"ocean_menu_typo_font_size_mobile":0,"ocean_menu_typo_font_size_unit":"px","ocean_menu_typo_font_weight":"","ocean_menu_typo_font_weight_tablet":"","ocean_menu_typo_font_weight_mobile":"","ocean_menu_typo_transform":"","ocean_menu_typo_transform_tablet":"","ocean_menu_typo_transform_mobile":"","ocean_menu_typo_line_height":0,"ocean_menu_typo_line_height_tablet":0,"ocean_menu_typo_line_height_mobile":0,"ocean_menu_typo_line_height_unit":"","ocean_menu_typo_spacing":0,"ocean_menu_typo_spacing_tablet":0,"ocean_menu_typo_spacing_mobile":0,"ocean_menu_typo_spacing_unit":"","ocean_menu_link_color":"","ocean_menu_link_color_hover":"","ocean_menu_link_color_active":"","ocean_menu_link_background":"","ocean_menu_link_hover_background":"","ocean_menu_link_active_background":"","ocean_menu_social_links_bg":"","ocean_menu_social_hover_links_bg":"","ocean_menu_social_links_color":"","ocean_menu_social_hover_links_color":"","ocean_disable_title":"default","ocean_disable_heading":"default","ocean_post_title":"","ocean_post_subheading":"","ocean_post_title_style":"","ocean_post_title_background_color":"","ocean_post_title_background":0,"ocean_post_title_bg_image_position":"","ocean_post_title_bg_image_attachment":"","ocean_post_title_bg_image_repeat":"","ocean_post_title_bg_image_size":"","ocean_post_title_height":0,"ocean_post_title_bg_overlay":0.5,"ocean_post_title_bg_overlay_color":"","ocean_disable_breadcrumbs":"default","ocean_breadcrumbs_color":"","ocean_breadcrumbs_separator_color":"","ocean_breadcrumbs_links_color":"","ocean_breadcrumbs_links_hover_color":"","ocean_display_footer_widgets":"default","ocean_display_footer_bottom":"default","ocean_custom_footer_template":"0","ofc_meta_disable_footer_callout":"","ofc_meta_callout_button_url":"","ofc_meta_callout_button_txt":"","ofc_meta_callout_text":"","osh_disable_topbar_sticky":"default","osh_disable_header_sticky":"default","osh_sticky_header_style":"default","osh_sticky_header_effect":"","osh_custom_sticky_logo":0,"osh_custom_retina_sticky_logo":0,"osh_custom_sticky_logo_height":0,"osh_background_color":"","osh_links_color":"","osh_links_hover_color":"","osh_links_active_color":"","osh_links_bg_color":"","osh_links_hover_bg_color":"","osh_links_active_bg_color":"","osh_menu_social_links_color":"","osh_menu_social_hover_links_color":"","footnotes":""},"class_list":["post-35046","page","type-page","status-publish","hentry","entry"],"jetpack_sharing_enabled":true,"jetpack_likes_enabled":true,"jetpack-related-posts":[],"jetpack_shortlink":"https:\/\/wp.me\/Pe7Cu3-97g","_links":{"self":[{"href":"https:\/\/www.balticmedia.com\/es\/wp-json\/wp\/v2\/pages\/35046","targetHints":{"allow":["GET"]}}],"collection":[{"href":"https:\/\/www.balticmedia.com\/es\/wp-json\/wp\/v2\/pages"}],"about":[{"href":"https:\/\/www.balticmedia.com\/es\/wp-json\/wp\/v2\/types\/page"}],"author":[{"embeddable":true,"href":"https:\/\/www.balticmedia.com\/es\/wp-json\/wp\/v2\/users\/2"}],"replies":[{"embeddable":true,"href":"https:\/\/www.balticmedia.com\/es\/wp-json\/wp\/v2\/comments?post=35046"}],"version-history":[{"count":6,"href":"https:\/\/www.balticmedia.com\/es\/wp-json\/wp\/v2\/pages\/35046\/revisions"}],"predecessor-version":[{"id":124249,"href":"https:\/\/www.balticmedia.com\/es\/wp-json\/wp\/v2\/pages\/35046\/revisions\/124249"}],"up":[{"embeddable":true,"href":"https:\/\/www.balticmedia.com\/es\/wp-json\/wp\/v2\/pages\/16200"}],"wp:attachment":[{"href":"https:\/\/www.balticmedia.com\/es\/wp-json\/wp\/v2\/media?parent=35046"}],"curies":[{"name":"wp","href":"https:\/\/api.w.org\/{rel}","templated":true}]}}