{"id":16940,"date":"2021-01-15T18:14:32","date_gmt":"2021-01-15T16:14:32","guid":{"rendered":"https:\/\/www.balticmedia.com\/contactanos\/translation-services-in-riga-latvia\/"},"modified":"2025-02-16T15:38:29","modified_gmt":"2025-02-16T13:38:29","slug":"agencia-de-traduccion-en-riga","status":"publish","type":"page","link":"https:\/\/www.balticmedia.com\/es\/empresas-de-traduccion\/agencia-de-traduccion-en-riga\/","title":{"rendered":"Agencia de traducci\u00f3n en Riga"},"content":{"rendered":"<div id=\"pl-16940\"  class=\"panel-layout\" ><div id=\"pg-16940-0\"  class=\"panel-grid panel-no-style\" ><div id=\"pgc-16940-0-0\"  class=\"panel-grid-cell\" ><div id=\"panel-16940-0-0-0\" class=\"so-panel widget widget_sow-image panel-first-child panel-last-child widgetopts-SO\" data-index=\"0\" ><div\n\t\t\t\n\t\t\tclass=\"so-widget-sow-image so-widget-sow-image-default-8b5b6f678277-16940\"\n\t\t\t\n\t\t>\n<div class=\"sow-image-container\">\n\t\t<img src=\"https:\/\/i0.wp.com\/www.balticmedia.com\/wp-content\/uploads\/4price_and_quality-scaled.jpg?fit=2560%2C549&amp;ssl=1\" width=\"2560\" height=\"549\" srcset=\"https:\/\/i0.wp.com\/www.balticmedia.com\/wp-content\/uploads\/4price_and_quality-scaled.jpg?w=2560&amp;ssl=1 2560w, https:\/\/i0.wp.com\/www.balticmedia.com\/wp-content\/uploads\/4price_and_quality-scaled.jpg?resize=300%2C64&amp;ssl=1 300w, https:\/\/i0.wp.com\/www.balticmedia.com\/wp-content\/uploads\/4price_and_quality-scaled.jpg?resize=1024%2C219&amp;ssl=1 1024w, https:\/\/i0.wp.com\/www.balticmedia.com\/wp-content\/uploads\/4price_and_quality-scaled.jpg?resize=768%2C165&amp;ssl=1 768w, https:\/\/i0.wp.com\/www.balticmedia.com\/wp-content\/uploads\/4price_and_quality-scaled.jpg?resize=1536%2C329&amp;ssl=1 1536w, https:\/\/i0.wp.com\/www.balticmedia.com\/wp-content\/uploads\/4price_and_quality-scaled.jpg?resize=2048%2C439&amp;ssl=1 2048w, https:\/\/i0.wp.com\/www.balticmedia.com\/wp-content\/uploads\/4price_and_quality-scaled.jpg?w=2400&amp;ssl=1 2400w\" title=\"Agencia de traducci\u00f3n en Riga\" alt=\"Agencia de traducci\u00f3n en Riga\" class=\"so-widget-image\">\n\t<\/div>\n\n<\/div><\/div><\/div><\/div><div id=\"pg-16940-1\"  class=\"panel-grid panel-no-style\" ><div id=\"pgc-16940-1-0\"  class=\"panel-grid-cell\" ><div id=\"panel-16940-1-0-0\" class=\"so-panel widget widget_sow-editor panel-first-child widgetopts-SO\" data-index=\"1\" ><div\n\t\t\t\n\t\t\tclass=\"so-widget-sow-editor so-widget-sow-editor-base\"\n\t\t\t\n\t\t>\n<div class=\"siteorigin-widget-tinymce textwidget\">\n\t<pre><form aria-label=\"Buscar en esta web\" role=\"search\" method=\"get\" class=\"oceanwp-searchform\" id=\"searchform\" action=\"https:\/\/www.balticmedia.com\/es\/\"><input aria-label=\"Insertar la consulta de b\u00fasqueda\" type=\"text\" class=\"field\" name=\"s\" id=\"s\" placeholder=\"Buscar\"><button aria-label=\"Env\u00eda tu consulta\" type=\"submit\" class=\"search-submit\" value=\"\"><i class=\"icon-magnifier\" aria-hidden=\"true\"><\/i><\/button><\/form><\/pre>\n<\/div>\n<\/div><\/div><div id=\"panel-16940-1-0-1\" class=\"so-panel widget widget_ocean_custom_menu widget-oceanwp-custom-menu custom-menu-widget widgetopts-SO\" data-index=\"2\" ><div class=\"oceanwp-custom-menu clr ocean_custom_menu-2 left dropdown-hover\"><ul id=\"menu-info-request-es\" class=\"dropdown-menu sf-menu\"><li  id=\"menu-item-42347\" class=\"menu-item menu-item-type-post_type menu-item-object-page menu-item-42347\"><a href=\"https:\/\/www.balticmedia.com\/es\/solicitud-de-informacion\/\" class=\"menu-link\">Solicitud de informaci\u00f3n<\/a><\/li>\n<li  id=\"menu-item-42346\" class=\"menu-item menu-item-type-post_type menu-item-object-page menu-item-42346\"><a href=\"https:\/\/www.balticmedia.com\/es\/empresas-de-traduccion\/agencia-de-traduccion-en-riga\/\" class=\"menu-link\">Agencia de traducci\u00f3n en Riga<\/a><\/li>\n<li  id=\"menu-item-42345\" class=\"menu-item menu-item-type-post_type menu-item-object-page menu-item-42345\"><a href=\"https:\/\/www.balticmedia.com\/es\/empresas-de-traduccion\/agencia-de-traduccion-en-estocolmo\/\" class=\"menu-link\">Agencia de traducci\u00f3n en Estocolmo<\/a><\/li>\n<\/ul><\/div><\/div><div id=\"panel-16940-1-0-2\" class=\"so-panel widget widget_ocean_custom_menu widget-oceanwp-custom-menu custom-menu-widget panel-last-child widgetopts-SO\" data-index=\"3\" ><div class=\"oceanwp-custom-menu clr ocean_custom_menu-2 left dropdown-hover\"><ul id=\"menu-socios\" class=\"dropdown-menu sf-menu\"><li  id=\"menu-item-14938\" class=\"menu-item menu-item-type-custom menu-item-object-custom menu-item-14938\"><a target=\"_blank\" href=\"https:\/\/balticmedia.s.xtrf.eu\/vendors\/#\/sign-in\" class=\"menu-link\" rel=\"nofollow noopener\"><i class=\"icon before line-icon icon-briefcase\" aria-hidden=\"true\" style=\"font-size:2em;\"><\/i><span class=\"menu-text\">Portal de socios<\/span><\/a><\/li>\n<li  id=\"menu-item-14939\" class=\"menu-item menu-item-type-custom menu-item-object-custom menu-item-14939\"><a target=\"_blank\" href=\"https:\/\/www.balticmedia.com\/wp-content\/uploads\/11-Reasons-to-Choose-Baltic-Media-2026.pdf\" class=\"menu-link\"><i class=\"icon before line-icon icon-people\" aria-hidden=\"true\" style=\"font-size:2em;\"><\/i><span class=\"menu-text\">Perfil de la Empresa<\/span><\/a><\/li>\n<li  id=\"menu-item-14940\" class=\"menu-item menu-item-type-custom menu-item-object-custom menu-item-14940\"><a target=\"_blank\" href=\"https:\/\/www.balticmedia.com\/wp-content\/uploads\/agencia-de-traduccion-es.pdf\" class=\"menu-link\"><i class=\"icon before line-icon icon-organization\" aria-hidden=\"true\" style=\"font-size:2em;\"><\/i><span class=\"menu-text\">Proceso de traducci\u00f3n. Paso por paso<\/span><\/a><\/li>\n<li  id=\"menu-item-14941\" class=\"menu-item menu-item-type-custom menu-item-object-custom menu-item-14941\"><a target=\"_blank\" href=\"https:\/\/www.balticmedia.com\/wp-content\/uploads\/Baltic-Media-Ltd.-Service-Terms-and-Conditions.pdf\" class=\"menu-link\"><i class=\"icon before line-icon icon-docs\" aria-hidden=\"true\" style=\"font-size:2em;\"><\/i><span class=\"menu-text\">T\u00e9rminos y condiciones de servicio (EN)<\/span><\/a><\/li>\n<li  id=\"menu-item-14944\" class=\"menu-item menu-item-type-custom menu-item-object-custom menu-item-14944\"><a target=\"_blank\" href=\"https:\/\/www.balticmedia.com\/wp-content\/uploads\/iSO-certificate-2023.png\" class=\"menu-link\"><i class=\"icon before line-icon icon-doc\" aria-hidden=\"true\" style=\"font-size:2em;\"><\/i><span class=\"menu-text\">ISO 9001:2015 Quality Certification<\/span><\/a><\/li>\n<li  id=\"menu-item-14945\" class=\"menu-item menu-item-type-custom menu-item-object-custom menu-item-14945\"><a target=\"_blank\" href=\"https:\/\/www.balticmedia.com\/wp-content\/uploads\/362531_copyrighttrademarkbalticmedia.pdf\" class=\"menu-link\"><i class=\"icon before line-icon icon-info\" aria-hidden=\"true\" style=\"font-size:2em;\"><\/i><span class=\"menu-text\">Copyright | Trademark Baltic Media<sup>\u00ae<\/sup><\/span><\/a><\/li>\n<\/ul><\/div><\/div><\/div><div id=\"pgc-16940-1-1\"  class=\"panel-grid-cell\" ><div id=\"panel-16940-1-1-0\" class=\"so-panel widget widget_sow-editor panel-first-child panel-last-child widgetopts-SO\" data-index=\"4\" ><div class=\"panel-widget-style panel-widget-style-for-16940-1-1-0\" ><div\n\t\t\t\n\t\t\tclass=\"so-widget-sow-editor so-widget-sow-editor-base\"\n\t\t\t\n\t\t><h3 class=\"widget-title\">Oficina central internacional | Agencia de traducci\u00f3n Baltic Media<\/h3>\n<div class=\"siteorigin-widget-tinymce textwidget\">\n\t<p><!-- wp:paragraph --><\/p>\n<div class=\"formatedtext\">\n<h1>Agencia de traducci\u00f3n en Riga<\/h1>\n<h2><img data-recalc-dims=\"1\" loading=\"lazy\" decoding=\"async\" class=\"alignnone wp-image-132317 size-full\" src=\"https:\/\/i0.wp.com\/www.balticmedia.com\/wp-content\/uploads\/Baltic-Media-Riga-e1739713048380.jpg?resize=700%2C525&#038;ssl=1\" alt=\"Oficina central internacional | Agencia de traducci\u00f3n Baltic Media\" width=\"700\" height=\"525\" title=\"\"><\/h2>\n<p>Dzirnavu iela 57a, Regus Business Centre<br \/>\nLV-1010 Riga Latvia\/Lettonie<\/p>\n<p><img data-recalc-dims=\"1\" loading=\"lazy\" decoding=\"async\" class=\"alignnone wp-image-129820 size-medium\" src=\"https:\/\/i0.wp.com\/www.balticmedia.com\/wp-content\/uploads\/REgus-bilde-Dzirnavu-57A.webp?resize=300%2C188&#038;ssl=1\" alt=\"Agencia de traducci\u00f3n Baltic Media Riga\" width=\"300\" height=\"188\" title=\"\"><\/p>\n<p><img data-recalc-dims=\"1\" loading=\"lazy\" decoding=\"async\" class=\"alignnone wp-image-62819 size-medium\" src=\"https:\/\/i0.wp.com\/www.balticmedia.com\/wp-content\/uploads\/balticmedia_logo_512x148.png?resize=300%2C87&#038;ssl=1\" alt=\"Oficina central internacional | Agencia de traducci\u00f3n Baltic Media\" width=\"300\" height=\"87\" title=\"\"><\/p>\n<p><strong>+37167224327 <\/strong><\/p>\n<p><strong>+37167224328<\/strong><\/p>\n<p><strong>+37126404054 <\/strong><\/p>\n<p><strong><a href=\"https:\/\/wa.me\/37126404054\" rel=\"nofollow noopener\" target=\"_blank\">WhatsApp<\/a><\/strong><\/p>\n<p><a href=\"mailto:info@balticmedia.com\">info@balticmedia.com<\/a><\/p>\n<div class=\"group\/conversation-turn relative flex w-full min-w-0 flex-col agent-turn\">\n<div class=\"flex-col gap-1 md:gap-3\">\n<div class=\"flex max-w-full flex-col flex-grow\">\n<div class=\"min-h-8 text-message flex w-full flex-col items-end gap-2 whitespace-normal break-words [.text-message+&amp;]:mt-5\" dir=\"auto\" data-message-author-role=\"assistant\" data-message-id=\"4228cd3b-8708-4a4c-b547-475c265a1bf9\" data-message-model-slug=\"gpt-4o\">\n<div class=\"flex w-full flex-col gap-1 empty:hidden first:pt-[3px]\">\n<div class=\"markdown prose w-full break-words dark:prose-invert light\">\n<p>La <strong>Agencia de Traducci\u00f3n Baltic Media\u00ae<\/strong>, con sede en Riga, Letonia, es una de las principales agencias de traducci\u00f3n en el norte de Europa. Esta agencia cuenta con una larga trayectoria y ofrece servicios ling\u00fc\u00edsticos de alta calidad a nivel internacional, atendiendo tanto a empresas como a particulares. Baltic Media\u00ae est\u00e1 especializada en la traducci\u00f3n y localizaci\u00f3n en m\u00e1s de 150 idiomas, especialmente en las lenguas de los pa\u00edses b\u00e1lticos y n\u00f3rdicos.<\/p>\n<p>&nbsp;<\/p>\n<h3>Servicios que ofrece Baltic Media\u00ae:<\/h3>\n<p><strong>Traducci\u00f3n escrita<\/strong>:<\/p>\n<p>Traducci\u00f3n profesional de documentos en una amplia variedad de campos, como el legal, t\u00e9cnico, m\u00e9dico y comercial, en m\u00e1s de 150 idiomas.<\/p>\n<p><strong>Traducciones certificadas y notariales<\/strong>:<\/p>\n<p>Traducciones oficiales de documentos como certificados de nacimiento, t\u00edtulos, contratos y otros documentos legales, con la posibilidad de ser notarizadas o certificadas seg\u00fan sea necesario.<\/p>\n<p><strong>Localizaci\u00f3n<\/strong>:<\/p>\n<p>Adaptaci\u00f3n ling\u00fc\u00edstica y cultural de sitios web, software, aplicaciones m\u00f3viles y materiales de marketing, garantizando que el contenido se ajuste a los mercados locales.<\/p>\n<p><strong>Interpretaci\u00f3n simult\u00e1nea y consecutiva<\/strong>:<\/p>\n<p>Servicios de interpretaci\u00f3n para conferencias, reuniones de negocios y eventos, disponibles tanto de manera presencial como en l\u00ednea.<\/p>\n<p><strong>Traducci\u00f3n audiovisual<\/strong>:<\/p>\n<p>Servicios de subtitulado, doblaje y voice-over para pel\u00edculas, v\u00eddeos y otros contenidos multimedia.<\/p>\n<p><strong>Cursos de idiomas<\/strong>:<\/p>\n<p>Baltic Media\u00ae ofrece cursos de idiomas tanto para particulares como para empresas, con una amplia oferta de idiomas como let\u00f3n, ingl\u00e9s, alem\u00e1n y otros.<\/p>\n<h3>Ventajas de elegir Baltic Media\u00ae:<\/h3>\n<ul>\n<li><strong>Traductores profesionales<\/strong>: Los traductores de Baltic Media\u00ae son especialistas altamente cualificados en distintas \u00e1reas, lo que garantiza traducciones precisas y de calidad.<\/li>\n<li><strong>Fiabilidad y calidad<\/strong>: La agencia cumple con rigurosos est\u00e1ndares de calidad y siempre respeta los plazos acordados, lo que asegura un servicio de confianza.<\/li>\n<li><strong>Tecnolog\u00eda avanzada<\/strong>: Baltic Media\u00ae utiliza herramientas avanzadas de traducci\u00f3n asistida por ordenador (TAO), lo que garantiza consistencia terminol\u00f3gica y eficiencia en proyectos de gran envergadura.<\/li>\n<li><strong>Diversidad ling\u00fc\u00edstica<\/strong>: La agencia ofrece traducciones en una amplia gama de idiomas, incluyendo los idiomas n\u00f3rdicos y b\u00e1lticos (let\u00f3n, estonio, finland\u00e9s) y lenguas internacionales como el ingl\u00e9s, franc\u00e9s, alem\u00e1n, entre otros.<\/li>\n<\/ul>\n<h3>Conclusi\u00f3n:<\/h3>\n<p>La <strong>Agencia de Traducci\u00f3n Baltic Media\u00ae<\/strong> es un socio confiable para quienes buscan servicios de traducci\u00f3n de alta calidad en Europa del Norte y m\u00e1s all\u00e1. Gracias a su equipo de traductores cualificados y al uso de tecnolog\u00edas modernas, Baltic Media\u00ae asegura que sus clientes reciban servicios ling\u00fc\u00edsticos precisos, adaptados a sus necesidades y al contexto internacional.<\/p>\n<\/div>\n<\/div>\n<\/div>\n<\/div>\n<\/div>\n<\/div>\n<h3><a href=\"\/es\/quienes-somos\/por-que-elegir-la-agencia-baltic-media\/\">\u00bfPor qu\u00e9 escoger la agencia de traducci\u00f3n n\u00f3rdica-b\u00e1ltica Baltic Media<sup>\u00ae<\/sup>?<\/a><\/h3>\n<h3><a href=\"\/es\/precio\/\">\u00bfC\u00f3mo reducir el coste de las traducciones sin sacrificar la calidad?<\/a><\/h3>\n<h3><a href=\"\/es\/quienes-somos\/traduccion-humana\/\">\u00bfPor qu\u00e9 las traducciones humanas son su mejor elecci\u00f3n?<\/a><\/h3>\n<h3><a href=\"https:\/\/www.balticmedia.com\/es\/servicios\/traduccion-automatica-edicion\/\">\u00a1Traduzca con Google, Bing, Microsoft, Tilde, Yandex y realice el pedido de revisi\u00f3n con nosotros!<\/a><\/h3>\n<h3><a href=\"https:\/\/www.balticmedia.com\/es\/solicitud-de-presupuesto-gratuita\/\">Presupuesto sin coste<\/a><\/h3>\n<h3><a href=\"https:\/\/www.balticmedia.com\/es\/solicitud-de-informacion\/\">Solicitud de informaci\u00f3n<\/a><\/h3>\n<h3><a href=\"mailto:info@balticmedia.com\">Correo electr\u00f3nico<\/a><\/h3>\n<\/div>\n<p><iframe loading=\"lazy\" title=\"YouTube video player\" src=\"https:\/\/www.youtube.com\/embed\/xAzLi7bFmwE\" width=\"468\" height=\"315\" frameborder=\"0\" allowfullscreen=\"allowfullscreen\"><\/iframe><br \/>\n<!-- \/wp:paragraph --><\/p>\n<h2><strong>Su agencia de traducci\u00f3n en l\u00ednea Baltic Media<\/strong><sup>\u00ae<\/sup><\/h2>\n<p>Baltic Media<sup>\u00ae<\/sup>-\u00a0<a href=\"https:\/\/www.balticmedia.com\/es\/quienes-somos\/que-es-una-agencia-de-traduccion\/\">Agencia de Traducciones<\/a>\u00a0N\u00f3rdica-B\u00e1ltica, es una de las agencias l\u00edderes proveedoras de servicios de tra \u00e1rea de las traducciones humanas profesionales en Europa del Norte. La agencia de traducciones tiene oficinas en Estocolmo (Suecia) y Riga (Latvia). La agencia de traducciones Baltic Media cuenta entre sus clientes tanto a compa\u00f1ias como a clientes privados.<\/p>\n<p>Durante m\u00e1s de 30 a\u00f1os la agencia de traducciones Baltic Media ha trabajado en el mercado y se ha especializado en los idiomas del norte de Europa (incluso n\u00f3rdicos, b\u00e1lticos e Idiomas eslavos) en especial en la traducci\u00f3n a\/del\u00a0<strong><a href=\"https:\/\/www.balticmedia.com\/es\/traduccion-de-idiomas\/traduccion-de-sueco\/\">sueco<\/a>,\u00a0<a href=\"https:\/\/www.balticmedia.com\/es\/traduccion-de-idiomas\/traduccion-de-fines\/\">finland\u00e9s<\/a>,\u00a0<a href=\"https:\/\/www.balticmedia.com\/es\/traduccion-de-idiomas\/traduccion-de-danes\/\">dan\u00e9s<\/a>,<a href=\"https:\/\/www.balticmedia.com\/es\/traduccion-de-idiomas\/traduccion-de-islandes\/\">\u00a0island\u00e9s,<\/a>\u00a0<a href=\"https:\/\/www.balticmedia.com\/es\/traduccion-de-idiomas\/traduccion-de-noruego\/\">noruego<\/a>,\u00a0<a href=\"https:\/\/www.balticmedia.com\/es\/traduccion-de-idiomas\/traduccion-de-aleman\/\">alem\u00e1n<\/a>,\u00a0<a href=\"https:\/\/www.balticmedia.com\/es\/traduccion-de-idiomas\/traduccion-de-ingles\/\">ingl\u00e9s<\/a>,\u00a0<a href=\"https:\/\/www.balticmedia.com\/es\/traduccion-de-idiomas\/traduccion-de-polaco\/\">polaco<\/a>,\u00a0<a href=\"https:\/\/www.balticmedia.com\/es\/traduccion-de-idiomas\/traduccion-de-ruso\/\">ruso<\/a>,\u00a0<a href=\"https:\/\/www.balticmedia.com\/es\/traduccion-de-idiomas\/traduccion-de-leton\/\">letonio<\/a>,\u00a0<a href=\"https:\/\/www.balticmedia.com\/es\/traduccion-de-idiomas\/traduccion-de-lituano\/\">lituano<\/a>\u00a0y\u00a0<a href=\"https:\/\/www.balticmedia.com\/es\/traduccion-de-idiomas\/traduccion-de-estonio\/\">estoniano<\/a><\/strong>.<br \/>\n<iframe loading=\"lazy\" src=\"https:\/\/www.google.com\/maps\/embed?pb=!4v1719847048570!6m8!1m7!1susVuy20gkGjcBmaVIyM1tg!2m2!1d56.95589232749178!2d24.11825722647918!3f65.23481351435547!4f22.439266543407925!5f0.4000000000000002\" width=\"600\" height=\"450\" frameborder=\"0\" scrolling=\"no\" allowfullscreen=\"allowfullscreen\" data-mce-fragment=\"1\"><\/iframe><\/p>\n<p><iframe loading=\"lazy\" src=\"https:\/\/www.google.com\/maps\/embed?pb=!1m18!1m12!1m3!1d2175.580314374421!2d24.118382899999997!3d56.955991399999995!2m3!1f0!2f0!3f0!3m2!1i1024!2i768!4f13.1!3m3!1m2!1s0x46eecfc496499589%3A0xf9a65f0181dc94ba!2zQmFsdGljIE1lZGlhIHR1bGtvanVtdSAvIHR1bGtvxaFhbmFzIEJpcm9qcyBSxKtnxIEgUHJvZmVzaW9uxIFsaSB0dWxrb2p1bWkg0JHRjtGA0L4g0L_QtdGA0LXQstC-0LTQvtCy!5e0!3m2!1sen!2slv!4v1719837228742!5m2!1sen!2slv\" width=\"600\" height=\"450\" frameborder=\"0\" marginwidth=\"0\" marginheight=\"0\" scrolling=\"yes\" align=\"left\" data-mce-fragment=\"1\"><\/iframe><\/p>\n<p>&nbsp;<\/p>\n<\/div>\n<\/div><\/div><\/div><\/div><\/div><\/div>","protected":false},"excerpt":{"rendered":"<p>Agencia de traducci\u00f3n en Riga Dzirnavu iela 57a, Regus Business Centre LV-1010 Riga Latvia\/Lettonie +37167224327 +37167224328 +37126404054 WhatsApp info@balticmedia.com La Agencia de Traducci\u00f3n Baltic Media\u00ae, con sede en Riga, Letonia, es una de las principales agencias de traducci\u00f3n en el norte de Europa. Esta agencia cuenta con una larga trayectoria y ofrece servicios ling\u00fc\u00edsticos de [&hellip;]<\/p>\n","protected":false},"author":2,"featured_media":132146,"parent":12051,"menu_order":0,"comment_status":"closed","ping_status":"closed","template":"","meta":{"ocean_post_layout":"","ocean_both_sidebars_style":"","ocean_both_sidebars_content_width":0,"ocean_both_sidebars_sidebars_width":0,"ocean_sidebar":"0","ocean_second_sidebar":"0","ocean_disable_margins":"enable","ocean_add_body_class":"","ocean_shortcode_before_top_bar":"","ocean_shortcode_after_top_bar":"","ocean_shortcode_before_header":"","ocean_shortcode_after_header":"","ocean_has_shortcode":"","ocean_shortcode_after_title":"","ocean_shortcode_before_footer_widgets":"","ocean_shortcode_after_footer_widgets":"","ocean_shortcode_before_footer_bottom":"","ocean_shortcode_after_footer_bottom":"","ocean_display_top_bar":"default","ocean_display_header":"default","ocean_header_style":"","ocean_center_header_left_menu":"0","ocean_custom_header_template":"0","ocean_custom_logo":0,"ocean_custom_retina_logo":0,"ocean_custom_logo_max_width":0,"ocean_custom_logo_tablet_max_width":0,"ocean_custom_logo_mobile_max_width":0,"ocean_custom_logo_max_height":0,"ocean_custom_logo_tablet_max_height":0,"ocean_custom_logo_mobile_max_height":0,"ocean_header_custom_menu":"0","ocean_menu_typo_font_family":"0","ocean_menu_typo_font_subset":"","ocean_menu_typo_font_size":0,"ocean_menu_typo_font_size_tablet":0,"ocean_menu_typo_font_size_mobile":0,"ocean_menu_typo_font_size_unit":"px","ocean_menu_typo_font_weight":"","ocean_menu_typo_font_weight_tablet":"","ocean_menu_typo_font_weight_mobile":"","ocean_menu_typo_transform":"","ocean_menu_typo_transform_tablet":"","ocean_menu_typo_transform_mobile":"","ocean_menu_typo_line_height":0,"ocean_menu_typo_line_height_tablet":0,"ocean_menu_typo_line_height_mobile":0,"ocean_menu_typo_line_height_unit":"","ocean_menu_typo_spacing":0,"ocean_menu_typo_spacing_tablet":0,"ocean_menu_typo_spacing_mobile":0,"ocean_menu_typo_spacing_unit":"","ocean_menu_link_color":"","ocean_menu_link_color_hover":"","ocean_menu_link_color_active":"","ocean_menu_link_background":"","ocean_menu_link_hover_background":"","ocean_menu_link_active_background":"","ocean_menu_social_links_bg":"","ocean_menu_social_hover_links_bg":"","ocean_menu_social_links_color":"","ocean_menu_social_hover_links_color":"","ocean_disable_title":"default","ocean_disable_heading":"default","ocean_post_title":"","ocean_post_subheading":"","ocean_post_title_style":"","ocean_post_title_background_color":"","ocean_post_title_background":0,"ocean_post_title_bg_image_position":"","ocean_post_title_bg_image_attachment":"","ocean_post_title_bg_image_repeat":"","ocean_post_title_bg_image_size":"","ocean_post_title_height":0,"ocean_post_title_bg_overlay":0.5,"ocean_post_title_bg_overlay_color":"","ocean_disable_breadcrumbs":"default","ocean_breadcrumbs_color":"","ocean_breadcrumbs_separator_color":"","ocean_breadcrumbs_links_color":"","ocean_breadcrumbs_links_hover_color":"","ocean_display_footer_widgets":"default","ocean_display_footer_bottom":"default","ocean_custom_footer_template":"0","ofc_meta_disable_footer_callout":"","ofc_meta_callout_button_url":"","ofc_meta_callout_button_txt":"","ofc_meta_callout_text":"","osh_disable_topbar_sticky":"default","osh_disable_header_sticky":"default","osh_sticky_header_style":"default","osh_sticky_header_effect":"","osh_custom_sticky_logo":0,"osh_custom_retina_sticky_logo":0,"osh_custom_sticky_logo_height":0,"osh_background_color":"","osh_links_color":"","osh_links_hover_color":"","osh_links_active_color":"","osh_links_bg_color":"","osh_links_hover_bg_color":"","osh_links_active_bg_color":"","osh_menu_social_links_color":"","osh_menu_social_hover_links_color":"","footnotes":""},"class_list":["post-16940","page","type-page","status-publish","has-post-thumbnail","hentry","entry","has-media"],"jetpack_sharing_enabled":true,"jetpack_likes_enabled":true,"jetpack-related-posts":[],"jetpack_shortlink":"https:\/\/wp.me\/Pe7Cu3-4pe","_links":{"self":[{"href":"https:\/\/www.balticmedia.com\/es\/wp-json\/wp\/v2\/pages\/16940","targetHints":{"allow":["GET"]}}],"collection":[{"href":"https:\/\/www.balticmedia.com\/es\/wp-json\/wp\/v2\/pages"}],"about":[{"href":"https:\/\/www.balticmedia.com\/es\/wp-json\/wp\/v2\/types\/page"}],"author":[{"embeddable":true,"href":"https:\/\/www.balticmedia.com\/es\/wp-json\/wp\/v2\/users\/2"}],"replies":[{"embeddable":true,"href":"https:\/\/www.balticmedia.com\/es\/wp-json\/wp\/v2\/comments?post=16940"}],"version-history":[{"count":12,"href":"https:\/\/www.balticmedia.com\/es\/wp-json\/wp\/v2\/pages\/16940\/revisions"}],"predecessor-version":[{"id":136744,"href":"https:\/\/www.balticmedia.com\/es\/wp-json\/wp\/v2\/pages\/16940\/revisions\/136744"}],"up":[{"embeddable":true,"href":"https:\/\/www.balticmedia.com\/es\/wp-json\/wp\/v2\/pages\/12051"}],"wp:featuredmedia":[{"embeddable":true,"href":"https:\/\/www.balticmedia.com\/es\/wp-json\/wp\/v2\/media\/132146"}],"wp:attachment":[{"href":"https:\/\/www.balticmedia.com\/es\/wp-json\/wp\/v2\/media?parent=16940"}],"curies":[{"name":"wp","href":"https:\/\/api.w.org\/{rel}","templated":true}]}}