{"id":12330,"date":"2021-01-15T18:38:58","date_gmt":"2021-01-15T16:38:58","guid":{"rendered":"https:\/\/wp.balticmedia.dev.telia.lv\/translation-jobs\/"},"modified":"2023-10-22T18:42:53","modified_gmt":"2023-10-22T15:42:53","slug":"trabajos-de-traduccion","status":"publish","type":"page","link":"https:\/\/www.balticmedia.com\/es\/trabajos-de-traduccion\/","title":{"rendered":"Trabajos de traducci\u00f3n"},"content":{"rendered":"<div id=\"pl-12330\"  class=\"panel-layout\" ><div id=\"pg-12330-0\"  class=\"panel-grid panel-no-style\" ><div id=\"pgc-12330-0-0\"  class=\"panel-grid-cell\" ><div id=\"panel-12330-0-0-0\" class=\"so-panel widget widget_sow-image panel-first-child panel-last-child widgetopts-SO\" data-index=\"0\" ><div\n\t\t\t\n\t\t\tclass=\"so-widget-sow-image so-widget-sow-image-default-6ec9e3772f75-12330\"\n\t\t\t\n\t\t>\n<div class=\"sow-image-container\">\n\t\t<img loading=\"lazy\" decoding=\"async\" src=\"https:\/\/i0.wp.com\/www.balticmedia.com\/wp-content\/uploads\/1about_us-scaled.jpg?fit=2560%2C549&amp;ssl=1\" width=\"2560\" height=\"549\" srcset=\"https:\/\/i0.wp.com\/www.balticmedia.com\/wp-content\/uploads\/1about_us-scaled.jpg?w=2560&amp;ssl=1 2560w, https:\/\/i0.wp.com\/www.balticmedia.com\/wp-content\/uploads\/1about_us-scaled.jpg?resize=300%2C64&amp;ssl=1 300w, https:\/\/i0.wp.com\/www.balticmedia.com\/wp-content\/uploads\/1about_us-scaled.jpg?resize=1024%2C219&amp;ssl=1 1024w, https:\/\/i0.wp.com\/www.balticmedia.com\/wp-content\/uploads\/1about_us-scaled.jpg?resize=768%2C165&amp;ssl=1 768w, https:\/\/i0.wp.com\/www.balticmedia.com\/wp-content\/uploads\/1about_us-scaled.jpg?resize=1536%2C329&amp;ssl=1 1536w, https:\/\/i0.wp.com\/www.balticmedia.com\/wp-content\/uploads\/1about_us-scaled.jpg?resize=2048%2C439&amp;ssl=1 2048w, https:\/\/i0.wp.com\/www.balticmedia.com\/wp-content\/uploads\/1about_us-scaled.jpg?w=2400&amp;ssl=1 2400w\" title=\"1about_us\" alt=\"\" class=\"so-widget-image\">\n\t<\/div>\n\n<\/div><\/div><\/div><\/div><div id=\"pg-12330-1\"  class=\"panel-grid panel-no-style\" ><div id=\"pgc-12330-1-0\"  class=\"panel-grid-cell\" ><div id=\"panel-12330-1-0-0\" class=\"so-panel widget widget_sow-editor panel-first-child extendedwopts-hide extendedwopts-tablet extendedwopts-mobile widgetopts-SO\" data-index=\"1\" ><div\n\t\t\t\n\t\t\tclass=\"so-widget-sow-editor so-widget-sow-editor-base\"\n\t\t\t\n\t\t>\n<div class=\"siteorigin-widget-tinymce textwidget\">\n\t<pre><form aria-label=\"Buscar en esta web\" role=\"search\" method=\"get\" class=\"oceanwp-searchform\" id=\"searchform\" action=\"https:\/\/www.balticmedia.com\/es\/\"><input aria-label=\"Insertar la consulta de b\u00fasqueda\" type=\"text\" class=\"field\" name=\"s\" id=\"s\" placeholder=\"Buscar\"><button aria-label=\"Env\u00eda tu consulta\" type=\"submit\" class=\"search-submit\" value=\"\"><i class=\"icon-magnifier\" aria-hidden=\"true\"><\/i><\/button><\/form><\/pre>\n<\/div>\n<\/div><\/div><div id=\"panel-12330-1-0-1\" class=\"so-panel widget widget_ocean_custom_menu widget-oceanwp-custom-menu custom-menu-widget extendedwopts-hide extendedwopts-tablet extendedwopts-mobile widgetopts-SO\" data-index=\"2\" ><div class=\"oceanwp-custom-menu clr ocean_custom_menu-2 left dropdown-hover\"><ul id=\"menu-jobs-es\" class=\"dropdown-menu sf-menu\"><li  id=\"menu-item-49383\" class=\"menu-item menu-item-type-post_type menu-item-object-page menu-item-49383\"><a href=\"https:\/\/www.balticmedia.com\/es\/trabajos-de-traduccion\/carrera\/\" class=\"menu-link\">Trabajos para traductores<\/a><\/li>\n<li  id=\"menu-item-49380\" class=\"menu-item menu-item-type-post_type menu-item-object-page menu-item-49380\"><a href=\"https:\/\/www.balticmedia.com\/es\/trabajos-de-traduccion\/narradores-y-locutores\/\" class=\"menu-link\">Narradores y locutores<\/a><\/li>\n<li  id=\"menu-item-102678\" class=\"menu-item menu-item-type-post_type menu-item-object-page menu-item-102678\"><a href=\"https:\/\/www.balticmedia.com\/es\/trabajos-de-traduccion\/profesor-de-idiomas-trabajos-de-ensenanza-de-idiomas-en-linea\/\" class=\"menu-link\">Profesor de idiomas | Trabajos de ense\u00f1anza de idiomas en l\u00ednea<\/a><\/li>\n<li  id=\"menu-item-49382\" class=\"menu-item menu-item-type-post_type menu-item-object-page menu-item-49382\"><a href=\"https:\/\/www.balticmedia.com\/es\/trabajos-de-traduccion\/\" class=\"menu-link\">Trabajos de traducci\u00f3n<\/a><\/li>\n<li  id=\"menu-item-101308\" class=\"menu-item menu-item-type-post_type menu-item-object-page menu-item-101308\"><a href=\"https:\/\/www.balticmedia.com\/es\/mapa-del-sitio\/\" class=\"menu-link\">Mapa del sitio<\/a><\/li>\n<li  id=\"menu-item-133029\" class=\"menu-item menu-item-type-post_type menu-item-object-page menu-item-133029\"><a href=\"https:\/\/www.balticmedia.com\/es\/servicios-de-traduccion-literaria\/\" class=\"menu-link\">Servicios de traducci\u00f3n literaria<\/a><\/li>\n<\/ul><\/div><\/div><div id=\"panel-12330-1-0-2\" class=\"so-panel widget widget_ocean_custom_menu widget-oceanwp-custom-menu custom-menu-widget panel-last-child extendedwopts-hide extendedwopts-tablet extendedwopts-mobile widgetopts-SO\" data-index=\"3\" ><div class=\"oceanwp-custom-menu clr ocean_custom_menu-2 left dropdown-hover\"><ul id=\"menu-socios\" class=\"dropdown-menu sf-menu\"><li  id=\"menu-item-14938\" class=\"menu-item menu-item-type-custom menu-item-object-custom menu-item-14938\"><a target=\"_blank\" href=\"https:\/\/balticmedia.s.xtrf.eu\/vendors\/#\/sign-in\" class=\"menu-link\" rel=\"nofollow noopener\"><i class=\"icon before line-icon icon-briefcase\" aria-hidden=\"true\" style=\"font-size:2em;\"><\/i><span class=\"menu-text\">Portal de socios<\/span><\/a><\/li>\n<li  id=\"menu-item-14939\" class=\"menu-item menu-item-type-custom menu-item-object-custom menu-item-14939\"><a target=\"_blank\" href=\"https:\/\/www.balticmedia.com\/wp-content\/uploads\/11-Reasons-to-Choose-Baltic-Media-2026.pdf\" class=\"menu-link\"><i class=\"icon before line-icon icon-people\" aria-hidden=\"true\" style=\"font-size:2em;\"><\/i><span class=\"menu-text\">Perfil de la Empresa<\/span><\/a><\/li>\n<li  id=\"menu-item-14940\" class=\"menu-item menu-item-type-custom menu-item-object-custom menu-item-14940\"><a target=\"_blank\" href=\"https:\/\/www.balticmedia.com\/wp-content\/uploads\/agencia-de-traduccion-es.pdf\" class=\"menu-link\"><i class=\"icon before line-icon icon-organization\" aria-hidden=\"true\" style=\"font-size:2em;\"><\/i><span class=\"menu-text\">Proceso de traducci\u00f3n. Paso por paso<\/span><\/a><\/li>\n<li  id=\"menu-item-14941\" class=\"menu-item menu-item-type-custom menu-item-object-custom menu-item-14941\"><a target=\"_blank\" href=\"https:\/\/www.balticmedia.com\/wp-content\/uploads\/Baltic-Media-Ltd.-Service-Terms-and-Conditions.pdf\" class=\"menu-link\"><i class=\"icon before line-icon icon-docs\" aria-hidden=\"true\" style=\"font-size:2em;\"><\/i><span class=\"menu-text\">T\u00e9rminos y condiciones de servicio (EN)<\/span><\/a><\/li>\n<li  id=\"menu-item-14944\" class=\"menu-item menu-item-type-custom menu-item-object-custom menu-item-14944\"><a target=\"_blank\" href=\"https:\/\/www.balticmedia.com\/wp-content\/uploads\/iSO-certificate-2023.png\" class=\"menu-link\"><i class=\"icon before line-icon icon-doc\" aria-hidden=\"true\" style=\"font-size:2em;\"><\/i><span class=\"menu-text\">ISO 9001:2015 Quality Certification<\/span><\/a><\/li>\n<li  id=\"menu-item-14945\" class=\"menu-item menu-item-type-custom menu-item-object-custom menu-item-14945\"><a target=\"_blank\" href=\"https:\/\/www.balticmedia.com\/wp-content\/uploads\/362531_copyrighttrademarkbalticmedia.pdf\" class=\"menu-link\"><i class=\"icon before line-icon icon-info\" aria-hidden=\"true\" style=\"font-size:2em;\"><\/i><span class=\"menu-text\">Copyright | Trademark Baltic Media<sup>\u00ae<\/sup><\/span><\/a><\/li>\n<\/ul><\/div><\/div><\/div><div id=\"pgc-12330-1-1\"  class=\"panel-grid-cell\" ><div id=\"panel-12330-1-1-0\" class=\"so-panel widget widget_sow-editor panel-first-child panel-last-child widgetopts-hide_title widgetopts-SO\" data-index=\"4\" ><div\n\t\t\t\n\t\t\tclass=\"so-widget-sow-editor so-widget-sow-editor-base\"\n\t\t\t\n\t\t><h3 class=\"widget-title\">Trabajos de traducci\u00f3n | Trabajos disponibles para traductores | Trabajar como traductor<\/h3>\n<div class=\"siteorigin-widget-tinymce textwidget\">\n\t<div class=\"formatedtext\">\n<h2>Trabajos de traducci\u00f3n | Trabajos disponibles para traductores | Trabajar como traductor<\/h2>\n<\/div>\n<h3>Traductores \/ Int\u00e9rpretes \/ Editores \/ Correctores \/ Redactores \/ Voz<\/h3>\n<p><strong>Si es traductor, int\u00e9rprete, corrector, creativo y desea cooperar con Baltic Media Ltd, <a href=\"https:\/\/www.balticmedia.com\/es\/ofertas-de-traduccion\/carrera\/\">por favor env\u00edenos tu solicitud<\/a>. Puede colaborar con nosotros como persona f\u00edsica como jur\u00eddica si tiene una empresa constituida. Trataremos toda la informaci\u00f3n facilitada de manera estrictamente confidencial.<\/strong><\/p>\n<p>Si es locutor o actor de doblaje y desea cooperar con Baltic Media Ltd, <a href=\"https:\/\/www.balticmedia.com\/es\/precio\/precio-de-la-traduccion\/\">por favor env\u00edenos su solicitud<\/a>. Puede cooperar con nosotros como persona tanto f\u00edsica como jur\u00eddica si tiene una empresa constituida. Trataremos toda la informaci\u00f3n facilitada de manera estrictamente confidencial.<\/p>\n<hr \/>\n<p><strong>Baltic Media<sup>\u00ae<\/sup>- Agencia de Traducciones N\u00f3rdica-B\u00e1ltica<\/strong>, es una de las agencias l\u00edderes proveedoras de servicios de tra \u00e1rea de las traducciones humanas profesionales en Europa del Norte. La agencia de traducciones tiene oficinas en Estocolmo (Suecia) y Riga (Latvia). La agencia de traducciones Baltic Media cuenta entre sus clientes tanto a compa\u00f1ias como a clientes privados. Durante m\u00e1s de 30 a\u00f1os la agencia de traducciones Baltic Media ha trabajado en el mercado y se ha especializado en los idiomas del norte de Europa (incluso n\u00f3rdicos, b\u00e1lticos e Idiomas eslavos) en especial en la traducci\u00f3n a\/del sueco, finland\u00e9s, dan\u00e9s, island\u00e9s, fero\u00e9s, noruego, alem\u00e1n, ingl\u00e9s, polaco, ruso, letonio, lituano y estoniano.<\/p>\n<p>La agencia de traducciones Baltic Media cuenta con el certificado ISO-9001:2015 y es miembro de ELIA - Asociaci\u00f3n Europea en el mercado de los idiomas.<\/p>\n<p><iframe loading=\"lazy\" title=\"YouTube video player\" src=\"https:\/\/www.youtube.com\/embed\/xAzLi7bFmwE\" width=\"600\" height=\"450\" frameborder=\"0\" allowfullscreen=\"allowfullscreen\"><\/iframe><\/p>\n<hr \/>\n<p><img data-recalc-dims=\"1\" loading=\"lazy\" decoding=\"async\" class=\"alignnone wp-image-7468 size-full\" src=\"https:\/\/i0.wp.com\/www.balticmedia.com\/wp-content\/uploads\/balticmedia_logo.png?resize=300%2C87&#038;ssl=1\" alt=\"Baltic Media&lt;sup&gt;\u00ae&lt;\/sup&gt; Trabajos de traducci\u00f3n | Trabajos disponibles para traductores | Trabajar como traductor\" width=\"300\" height=\"87\" title=\"\"><\/p>\n<\/div>\n<\/div><\/div><\/div><\/div><\/div>","protected":false},"excerpt":{"rendered":"<p>Trabajos de traducci\u00f3n | Trabajos disponibles para traductores | Trabajar como traductor Traductores \/ Int\u00e9rpretes \/ Editores \/ Correctores \/ Redactores \/ Voz Si es traductor, int\u00e9rprete, corrector, creativo y desea cooperar con Baltic Media Ltd, por favor env\u00edenos tu solicitud. Puede colaborar con nosotros como persona f\u00edsica como jur\u00eddica si tiene una empresa constituida. [&hellip;]<\/p>\n","protected":false},"author":2,"featured_media":115088,"parent":0,"menu_order":0,"comment_status":"closed","ping_status":"closed","template":"","meta":{"ocean_post_layout":"","ocean_both_sidebars_style":"","ocean_both_sidebars_content_width":0,"ocean_both_sidebars_sidebars_width":0,"ocean_sidebar":"0","ocean_second_sidebar":"0","ocean_disable_margins":"enable","ocean_add_body_class":"","ocean_shortcode_before_top_bar":"","ocean_shortcode_after_top_bar":"","ocean_shortcode_before_header":"","ocean_shortcode_after_header":"","ocean_has_shortcode":"","ocean_shortcode_after_title":"","ocean_shortcode_before_footer_widgets":"","ocean_shortcode_after_footer_widgets":"","ocean_shortcode_before_footer_bottom":"","ocean_shortcode_after_footer_bottom":"","ocean_display_top_bar":"default","ocean_display_header":"default","ocean_header_style":"","ocean_center_header_left_menu":"0","ocean_custom_header_template":"0","ocean_custom_logo":0,"ocean_custom_retina_logo":0,"ocean_custom_logo_max_width":0,"ocean_custom_logo_tablet_max_width":0,"ocean_custom_logo_mobile_max_width":0,"ocean_custom_logo_max_height":0,"ocean_custom_logo_tablet_max_height":0,"ocean_custom_logo_mobile_max_height":0,"ocean_header_custom_menu":"0","ocean_menu_typo_font_family":"0","ocean_menu_typo_font_subset":"","ocean_menu_typo_font_size":0,"ocean_menu_typo_font_size_tablet":0,"ocean_menu_typo_font_size_mobile":0,"ocean_menu_typo_font_size_unit":"px","ocean_menu_typo_font_weight":"","ocean_menu_typo_font_weight_tablet":"","ocean_menu_typo_font_weight_mobile":"","ocean_menu_typo_transform":"","ocean_menu_typo_transform_tablet":"","ocean_menu_typo_transform_mobile":"","ocean_menu_typo_line_height":0,"ocean_menu_typo_line_height_tablet":0,"ocean_menu_typo_line_height_mobile":0,"ocean_menu_typo_line_height_unit":"","ocean_menu_typo_spacing":0,"ocean_menu_typo_spacing_tablet":0,"ocean_menu_typo_spacing_mobile":0,"ocean_menu_typo_spacing_unit":"","ocean_menu_link_color":"","ocean_menu_link_color_hover":"","ocean_menu_link_color_active":"","ocean_menu_link_background":"","ocean_menu_link_hover_background":"","ocean_menu_link_active_background":"","ocean_menu_social_links_bg":"","ocean_menu_social_hover_links_bg":"","ocean_menu_social_links_color":"","ocean_menu_social_hover_links_color":"","ocean_disable_title":"default","ocean_disable_heading":"default","ocean_post_title":"","ocean_post_subheading":"","ocean_post_title_style":"","ocean_post_title_background_color":"","ocean_post_title_background":0,"ocean_post_title_bg_image_position":"","ocean_post_title_bg_image_attachment":"","ocean_post_title_bg_image_repeat":"","ocean_post_title_bg_image_size":"","ocean_post_title_height":0,"ocean_post_title_bg_overlay":0.5,"ocean_post_title_bg_overlay_color":"","ocean_disable_breadcrumbs":"default","ocean_breadcrumbs_color":"","ocean_breadcrumbs_separator_color":"","ocean_breadcrumbs_links_color":"","ocean_breadcrumbs_links_hover_color":"","ocean_display_footer_widgets":"default","ocean_display_footer_bottom":"default","ocean_custom_footer_template":"0","ofc_meta_disable_footer_callout":"","ofc_meta_callout_button_url":"","ofc_meta_callout_button_txt":"","ofc_meta_callout_text":"","osh_disable_topbar_sticky":"default","osh_disable_header_sticky":"default","osh_sticky_header_style":"default","osh_sticky_header_effect":"","osh_custom_sticky_logo":0,"osh_custom_retina_sticky_logo":0,"osh_custom_sticky_logo_height":0,"osh_background_color":"","osh_links_color":"","osh_links_hover_color":"","osh_links_active_color":"","osh_links_bg_color":"","osh_links_hover_bg_color":"","osh_links_active_bg_color":"","osh_menu_social_links_color":"","osh_menu_social_hover_links_color":"","footnotes":""},"class_list":["post-12330","page","type-page","status-publish","has-post-thumbnail","hentry","entry","has-media"],"jetpack_sharing_enabled":true,"jetpack_likes_enabled":true,"jetpack-related-posts":[],"jetpack_shortlink":"https:\/\/wp.me\/Pe7Cu3-3cS","_links":{"self":[{"href":"https:\/\/www.balticmedia.com\/es\/wp-json\/wp\/v2\/pages\/12330","targetHints":{"allow":["GET"]}}],"collection":[{"href":"https:\/\/www.balticmedia.com\/es\/wp-json\/wp\/v2\/pages"}],"about":[{"href":"https:\/\/www.balticmedia.com\/es\/wp-json\/wp\/v2\/types\/page"}],"author":[{"embeddable":true,"href":"https:\/\/www.balticmedia.com\/es\/wp-json\/wp\/v2\/users\/2"}],"replies":[{"embeddable":true,"href":"https:\/\/www.balticmedia.com\/es\/wp-json\/wp\/v2\/comments?post=12330"}],"version-history":[{"count":14,"href":"https:\/\/www.balticmedia.com\/es\/wp-json\/wp\/v2\/pages\/12330\/revisions"}],"predecessor-version":[{"id":124311,"href":"https:\/\/www.balticmedia.com\/es\/wp-json\/wp\/v2\/pages\/12330\/revisions\/124311"}],"wp:featuredmedia":[{"embeddable":true,"href":"https:\/\/www.balticmedia.com\/es\/wp-json\/wp\/v2\/media\/115088"}],"wp:attachment":[{"href":"https:\/\/www.balticmedia.com\/es\/wp-json\/wp\/v2\/media?parent=12330"}],"curies":[{"name":"wp","href":"https:\/\/api.w.org\/{rel}","templated":true}]}}