{"id":91420,"date":"2021-02-03T12:12:31","date_gmt":"2021-02-03T10:12:31","guid":{"rendered":"https:\/\/www.balticmedia.com\/ubersetzungsstellen\/online-language-teaching-jobs\/"},"modified":"2025-02-14T22:11:07","modified_gmt":"2025-02-14T20:11:07","slug":"sprachlehrer-online-sprachunterrichtsjobs","status":"publish","type":"page","link":"https:\/\/www.balticmedia.com\/de\/ubersetzungsstellen\/sprachlehrer-online-sprachunterrichtsjobs\/","title":{"rendered":"Sprachlehrer | Online-Sprachunterrichtsjobs"},"content":{"rendered":"<div id=\"pl-91420\"  class=\"panel-layout\" ><div id=\"pg-91420-0\"  class=\"panel-grid panel-no-style\" ><div id=\"pgc-91420-0-0\"  class=\"panel-grid-cell\" ><div id=\"panel-91420-0-0-0\" class=\"so-panel widget widget_sow-image panel-first-child panel-last-child widgetopts-SO\" data-index=\"0\" ><div\n\t\t\t\n\t\t\tclass=\"so-widget-sow-image so-widget-sow-image-default-8b5b6f678277-91420\"\n\t\t\t\n\t\t>\n<div class=\"sow-image-container\">\n\t\t<img src=\"https:\/\/i0.wp.com\/www.balticmedia.com\/wp-content\/uploads\/4price_and_quality-scaled-1.jpg?fit=2560%2C549&amp;ssl=1\" width=\"2560\" height=\"549\" srcset=\"https:\/\/i0.wp.com\/www.balticmedia.com\/wp-content\/uploads\/4price_and_quality-scaled-1.jpg?w=2560&amp;ssl=1 2560w, https:\/\/i0.wp.com\/www.balticmedia.com\/wp-content\/uploads\/4price_and_quality-scaled-1.jpg?resize=300%2C64&amp;ssl=1 300w, https:\/\/i0.wp.com\/www.balticmedia.com\/wp-content\/uploads\/4price_and_quality-scaled-1.jpg?resize=1024%2C220&amp;ssl=1 1024w, https:\/\/i0.wp.com\/www.balticmedia.com\/wp-content\/uploads\/4price_and_quality-scaled-1.jpg?resize=768%2C165&amp;ssl=1 768w, https:\/\/i0.wp.com\/www.balticmedia.com\/wp-content\/uploads\/4price_and_quality-scaled-1.jpg?resize=1536%2C329&amp;ssl=1 1536w, https:\/\/i0.wp.com\/www.balticmedia.com\/wp-content\/uploads\/4price_and_quality-scaled-1.jpg?resize=2048%2C439&amp;ssl=1 2048w, https:\/\/i0.wp.com\/www.balticmedia.com\/wp-content\/uploads\/4price_and_quality-scaled-1.jpg?w=2400&amp;ssl=1 2400w\" title=\"Sprachlehrer | Online-Sprachunterrichtsjobs\" alt=\"Sprachlehrer | Online-Sprachunterrichtsjobs\" class=\"so-widget-image\">\n\t<\/div>\n\n<\/div><\/div><\/div><\/div><div id=\"pg-91420-1\"  class=\"panel-grid panel-no-style\" ><div id=\"pgc-91420-1-0\"  class=\"panel-grid-cell\" ><div id=\"panel-91420-1-0-0\" class=\"so-panel widget widget_sow-editor panel-first-child\" data-index=\"1\" ><div\n\t\t\t\n\t\t\tclass=\"so-widget-sow-editor so-widget-sow-editor-base\"\n\t\t\t\n\t\t>\n<div class=\"siteorigin-widget-tinymce textwidget\">\n\t<pre><form aria-label=\"Search this website\" role=\"search\" method=\"get\" class=\"oceanwp-searchform\" id=\"searchform\" action=\"https:\/\/www.balticmedia.com\/de\/\"><input aria-label=\"Insert search query\" type=\"text\" class=\"field\" name=\"s\" id=\"s\" placeholder=\"Search\"><button aria-label=\"Submit your search\" type=\"submit\" class=\"search-submit\" value=\"\"><i class=\"icon-magnifier\" aria-hidden=\"true\"><\/i><\/button><\/form><\/pre>\n<\/div>\n<\/div><\/div><div id=\"panel-91420-1-0-1\" class=\"so-panel widget widget_ocean_custom_menu widget-oceanwp-custom-menu custom-menu-widget extendedwopts-hide extendedwopts-tablet extendedwopts-mobile widgetopts-SO\" data-index=\"2\" ><div class=\"oceanwp-custom-menu clr ocean_custom_menu-2 left dropdown-hover\"><ul id=\"menu-jobs-de\" class=\"dropdown-menu sf-menu\"><li  id=\"menu-item-49349\" class=\"menu-item menu-item-type-post_type menu-item-object-page menu-item-49349\"><a href=\"https:\/\/www.balticmedia.com\/de\/ubersetzungsstellen\/\" class=\"menu-link\">\u00dcbersetzungsstellen<\/a><\/li>\n<li  id=\"menu-item-49350\" class=\"menu-item menu-item-type-post_type menu-item-object-page menu-item-49350\"><a href=\"https:\/\/www.balticmedia.com\/de\/ubersetzungsstellen\/karriere\/\" class=\"menu-link\">Jobs f\u00fcr \u00dcbersetzer<\/a><\/li>\n<li  id=\"menu-item-49351\" class=\"menu-item menu-item-type-post_type menu-item-object-page menu-item-49351\"><a href=\"https:\/\/www.balticmedia.com\/de\/ubersetzungsstellen\/sprecher-voice-over-talente\/\" class=\"menu-link\">Sprecher und Voice-over-Talente<\/a><\/li>\n<li  id=\"menu-item-102688\" class=\"menu-item menu-item-type-post_type menu-item-object-page menu-item-102688\"><a href=\"https:\/\/www.balticmedia.com\/de\/ubersetzungsstellen\/sprachlehrer-online-sprachunterrichtsjobs\/\" class=\"menu-link\">Sprachlehrer | Online-Sprachunterrichtsjobs<\/a><\/li>\n<li  id=\"menu-item-101258\" class=\"menu-item menu-item-type-post_type menu-item-object-page menu-item-101258\"><a href=\"https:\/\/www.balticmedia.com\/de\/seitenverzeichnis\/\" class=\"menu-link\">Seitenverzeichnis<\/a><\/li>\n<li  id=\"menu-item-132975\" class=\"menu-item menu-item-type-post_type menu-item-object-page menu-item-132975\"><a href=\"https:\/\/www.balticmedia.com\/de\/literarische-uebersetzungsdienste\/\" class=\"menu-link\">Literarische \u00dcbersetzungsdienste<\/a><\/li>\n<\/ul><\/div><\/div><div id=\"panel-91420-1-0-2\" class=\"so-panel widget widget_ocean_custom_menu widget-oceanwp-custom-menu custom-menu-widget panel-last-child extendedwopts-hide extendedwopts-tablet extendedwopts-mobile widgetopts-SO\" data-index=\"3\" ><div class=\"oceanwp-custom-menu clr ocean_custom_menu-2 left dropdown-hover\"><ul id=\"menu-partner-de\" class=\"dropdown-menu sf-menu\"><li  id=\"menu-item-14914\" class=\"menu-item menu-item-type-custom menu-item-object-custom menu-item-14914\"><a target=\"_blank\" href=\"https:\/\/balticmedia.s.xtrf.eu\/vendors\/#\/sign-in\" class=\"menu-link\" rel=\"nofollow noopener\"><i class=\"icon before line-icon icon-briefcase\" aria-hidden=\"true\" style=\"font-size:2em;\"><\/i><span class=\"menu-text\">Partnerportal<\/span><\/a><\/li>\n<li  id=\"menu-item-14915\" class=\"menu-item menu-item-type-custom menu-item-object-custom menu-item-14915\"><a target=\"_blank\" href=\"https:\/\/www.balticmedia.com\/wp-content\/uploads\/11-Reasons-to-Choose-Baltic-Media-2026.pdf\" class=\"menu-link\"><i class=\"icon before line-icon icon-people\" aria-hidden=\"true\" style=\"font-size:2em;\"><\/i><span class=\"menu-text\">Unternehmensprofil<\/span><\/a><\/li>\n<li  id=\"menu-item-14916\" class=\"menu-item menu-item-type-custom menu-item-object-custom menu-item-14916\"><a target=\"_blank\" href=\"https:\/\/www.balticmedia.com\/wp-content\/uploads\/ubersetzungs-de.pdf\" class=\"menu-link\"><i class=\"icon before line-icon icon-organization\" aria-hidden=\"true\" style=\"font-size:2em;\"><\/i><span class=\"menu-text\">\u00dcbersetzung. Schrittweises Vorgehen<\/span><\/a><\/li>\n<li  id=\"menu-item-14917\" class=\"menu-item menu-item-type-custom menu-item-object-custom menu-item-14917\"><a target=\"_blank\" href=\"https:\/\/www.balticmedia.com\/wp-content\/uploads\/Baltic-Media-Ltd.-Service-Terms-and-Conditions.pdf\" class=\"menu-link\"><i class=\"icon before line-icon icon-docs\" aria-hidden=\"true\" style=\"font-size:2em;\"><\/i><span class=\"menu-text\">Allgemeine Gesch\u00e4ftsbedingungen  (EN)<\/span><\/a><\/li>\n<li  id=\"menu-item-14918\" class=\"menu-item menu-item-type-custom menu-item-object-custom menu-item-14918\"><a target=\"_blank\" href=\"https:\/\/www.balticmedia.com\/wp-content\/uploads\/iSO-certificate-2023.png\" class=\"menu-link\"><i class=\"icon before line-icon icon-doc\" aria-hidden=\"true\" style=\"font-size:2em;\"><\/i><span class=\"menu-text\">ISO 9001:2015 Quality Certification<\/span><\/a><\/li>\n<li  id=\"menu-item-14919\" class=\"menu-item menu-item-type-custom menu-item-object-custom menu-item-14919\"><a target=\"_blank\" href=\"https:\/\/www.balticmedia.com\/wp-content\/uploads\/362531_copyrighttrademarkbalticmedia.pdf\" class=\"menu-link\"><i class=\"icon before line-icon icon-info\" aria-hidden=\"true\" style=\"font-size:2em;\"><\/i><span class=\"menu-text\">Copyright | Trademark Baltic Media<sup>\u00ae<\/sup><\/span><\/a><\/li>\n<\/ul><\/div><\/div><\/div><div id=\"pgc-91420-1-1\"  class=\"panel-grid-cell\" ><div id=\"panel-91420-1-1-0\" class=\"so-panel widget widget_sow-editor panel-first-child widgetopts-SO\" data-index=\"4\" ><div\n\t\t\t\n\t\t\tclass=\"so-widget-sow-editor so-widget-sow-editor-base\"\n\t\t\t\n\t\t><h3 class=\"widget-title\">Sprachlehrer | Online-Sprachunterrichtsjobs<\/h3>\n<div class=\"siteorigin-widget-tinymce textwidget\">\n\t<div>\n<h1>Sprachlehrer | Online-Sprachunterrichtsjobs<\/h1>\n<\/div>\n<div>\n<h2>Starten Sie eine neue Karriere oder einen Nebenjob, indem Sie von zu Hause aus arbeiten, egal wo auf der Welt<\/h2>\n<h3>Jobs f\u00fcr Online- und Vor-Ort-Lehrer f\u00fcr Englisch, Deutsch, Finnisch, Schwedisch, Spanisch, Franz\u00f6sisch, Finnisch, Estnisch, Litauisch, D\u00e4nisch, Isl\u00e4ndisch, Japanisch, Russisch, Chinesisch, Norwegisch, Lettisch und andere Sprachen<\/h3>\n<\/div>\n<p align=\"left\">Wir bieten die M\u00f6glichkeit, dem Team des Baltic Media<sup>\u00ae<\/sup> Language Learning Centre beizutreten und nehmen derzeit Bewerbungen f\u00fcr Online-Sprachkurslehrer f\u00fcr verschiedene Sprachen entgegen. Wir suchen Online-Lehrer f\u00fcr Englisch, Schwedisch, Japanisch, Russisch, Chinesisch, Norwegisch, Lettisch und andere Sprachen f\u00fcr eine langfristige Zusammenarbeit.<\/p>\n<p align=\"left\">Baltic Media Ltd. ist eine ISO-zertifizierte Sprachdienstleistungsagentur, die sich auf alle nordischen und baltischen Sprachen spezialisiert hat. Baltic Media Ltd. wurde 1991 in Schweden gegr\u00fcndet, ist seit 1994 im Baltikum t\u00e4tig und geh\u00f6rt zu den f\u00fchrenden Unternehmen f\u00fcr hochwertige Sprachdienstleistungen.<\/p>\n<h3>Was tun Sprachlehrer?<\/h3>\n<p>Sprachlehrer sind Experten f\u00fcr den Unterricht von Fremdsprachen und tragen wesentlich dazu bei, Menschen Sprachkenntnisse und kulturelle Kompetenzen zu vermitteln. Ihre T\u00e4tigkeiten umfassen verschiedene Aspekte des Lehrens, Betreuens und Bewertens. Hier sind die Hauptaufgaben von Sprachlehrern:<\/p>\n<h3><strong>Planung und Vorbereitung des Unterrichts<\/strong><\/h3>\n<ul>\n<li>Entwicklung von Lehrpl\u00e4nen basierend auf den Bed\u00fcrfnissen der Lernenden.<\/li>\n<li>Auswahl geeigneter Lehrmaterialien, wie Lehrb\u00fccher, Arbeitsbl\u00e4tter und digitale Tools.<\/li>\n<li>Anpassung des Unterrichts an das Sprachniveau (Anf\u00e4nger, Fortgeschrittene, Experten).<\/li>\n<\/ul>\n<h3><strong>Durchf\u00fchrung des Unterrichts<\/strong><\/h3>\n<ul>\n<li>Vermittlung von Sprachgrundlagen, wie Grammatik, Wortschatz und Aussprache.<\/li>\n<li>F\u00f6rderung von Kommunikationsf\u00e4higkeiten durch Dialog\u00fcbungen und interaktive Aufgaben.<\/li>\n<li>Verwendung von Methoden wie Rollenspielen, Diskussionen und H\u00f6rverstehen.<\/li>\n<\/ul>\n<h3><strong>F\u00f6rderung von Sprachkompetenz<\/strong><\/h3>\n<ul>\n<li>Verbesserung der Sprech-, Lese-, Schreib- und H\u00f6rf\u00e4higkeiten.<\/li>\n<li>Unterst\u00fctzung beim Aufbau von Selbstvertrauen im Sprachgebrauch.<\/li>\n<li>Vermittlung von interkulturellem Verst\u00e4ndnis und kulturellen Hintergr\u00fcnden der Sprache.<\/li>\n<\/ul>\n<h3><strong>Bewertung und Feedback<\/strong><\/h3>\n<ul>\n<li>Erstellung von Tests und Pr\u00fcfungen, um den Lernfortschritt zu messen.<\/li>\n<li>Individuelles Feedback, um St\u00e4rken und Schw\u00e4chen aufzuzeigen.<\/li>\n<li>Anpassung der Lehrmethoden basierend auf den Fortschritten der Lernenden.<\/li>\n<\/ul>\n<h3><strong>Einsatz moderner Technologien<\/strong><\/h3>\n<ul>\n<li>Nutzung von Sprachlern-Apps, interaktiven Whiteboards und Online-Plattformen.<\/li>\n<li>Durchf\u00fchrung von Online-Kursen und virtuellen Klassenzimmern.<\/li>\n<li>Integration audiovisueller Medien zur Veranschaulichung von Inhalten.<\/li>\n<\/ul>\n<h3><strong>Motivation und Unterst\u00fctzung<\/strong><\/h3>\n<ul>\n<li>F\u00f6rderung von Lernmotivation durch kreative und ansprechende Unterrichtsformen.<\/li>\n<li>Unterst\u00fctzung der Lernenden bei der \u00dcberwindung von Sprachbarrieren.<\/li>\n<li>Aufbau einer positiven Lernatmosph\u00e4re.<\/li>\n<\/ul>\n<p>Sprachlehrer sind nicht nur Lehrkr\u00e4fte, sondern auch Mentoren, die ihre Sch\u00fcler dabei unterst\u00fctzen, eine neue Sprache zu meistern und in eine neue Kultur einzutauchen.<\/p>\n<\/div>\n<\/div><\/div><div id=\"panel-91420-1-1-1\" class=\"so-panel widget widget_sow-image-grid widgetopts-SO\" data-index=\"5\" ><div\n\t\t\t\n\t\t\tclass=\"so-widget-sow-image-grid so-widget-sow-image-grid-default-46e3cddde1e5-91420\"\n\t\t\t\n\t\t>\t<div\n\t\tclass=\"sow-image-grid-wrapper\"\n\t\t\t\t\t>\n\t\t\t\t\t<div class=\"sow-image-grid-image\">\n\t\t\t\t\t\t\t\t\t\t\t\t<img loading=\"lazy\" decoding=\"async\" width=\"300\" height=\"300\" src=\"https:\/\/i0.wp.com\/www.balticmedia.com\/wp-content\/uploads\/northern-europe-languages-localizing-e1735481415923.jpg?fit=300%2C300&amp;ssl=1\" class=\"sow-image-grid-image_html\" alt=\"Baltic Media&lt;sup&gt;\u00ae&lt;\/sup&gt;&quot;\" title=\"Sprachlehrer | Online-Sprachunterrichtsjobs\">\t\t\t\t\t\t\t\t\t\t\t<\/div>\n\t\t\t\t\t<div class=\"sow-image-grid-image\">\n\t\t\t\t\t\t\t\t\t\t\t\t<img loading=\"lazy\" decoding=\"async\" width=\"300\" height=\"82\" src=\"https:\/\/i0.wp.com\/www.balticmedia.com\/wp-content\/uploads\/BM-logo-328x90-web-2-e1732657723740.jpg?fit=300%2C82&amp;ssl=1\" class=\"sow-image-grid-image_html\" alt=\"Baltic Media&lt;sup&gt;\u00ae&lt;\/sup&gt;&quot;\" title=\"technical translation services\">\t\t\t\t\t\t\t\t\t\t\t<\/div>\n\t\t\t<\/div>\n<\/div><\/div><div id=\"panel-91420-1-1-2\" class=\"so-panel widget widget_sow-editor panel-last-child widgetopts-SO\" data-index=\"6\" ><div\n\t\t\t\n\t\t\tclass=\"so-widget-sow-editor so-widget-sow-editor-base\"\n\t\t\t\n\t\t>\n<div class=\"siteorigin-widget-tinymce textwidget\">\n\t<p>&nbsp;<\/p>\n<h2>Online-Sprachlehrerstellen<\/h2>\n<p align=\"left\">LEHRER F\u00dcR ONLINE-SPRACHKURSE:<\/p>\n<p align=\"left\">VORAUSSETZUNGEN<\/p>\n<ul>\n<li>Hoch qualifiziert und zertifiziert f\u00fcr den Sprachunterricht;<\/li>\n<li>Ausgezeichnete Sprachkenntnisse;<\/li>\n<li>Erfahrung im Fernunterricht;<\/li>\n<li>Erfahrung mit verschiedenen Online-Unterrichtsplattformen (Zoom, Skype, Discord, Google Hangouts usw.);<\/li>\n<li>F\u00e4higkeit, Arbeitsabl\u00e4ufe selbst\u00e4ndig zu planen, Probleme zu l\u00f6sen und Entscheidungen zu treffen;<\/li>\n<li>Ausgepr\u00e4gte Organisationsf\u00e4higkeiten und hohe Aufmerksamkeit f\u00fcr Details;<\/li>\n<li>Leidenschaft f\u00fcr das Sprachenlernen und die Unterst\u00fctzung anderer beim Erreichen ihrer Sprachziele;<\/li>\n<li>Ein Computer mit Kamera und Mikrofon sowie eine zuverl\u00e4ssige Hochgeschwindigkeits-Internetverbindung sind ein Muss.<\/li>\n<\/ul>\n<p><img data-recalc-dims=\"1\" loading=\"lazy\" decoding=\"async\" class=\"alignnone size-medium wp-image-6834\" src=\"https:\/\/i0.wp.com\/www.balticmedia.com\/wp-content\/uploads\/\/online_learning.png?resize=300%2C200&#038;ssl=1\" alt=\"online learning languages\" width=\"300\" height=\"200\" srcset=\"https:\/\/i0.wp.com\/www.balticmedia.com\/wp-content\/uploads\/online_learning.png?resize=300%2C200&amp;ssl=1 300w, https:\/\/i0.wp.com\/www.balticmedia.com\/wp-content\/uploads\/online_learning.png?resize=272%2C182&amp;ssl=1 272w, https:\/\/i0.wp.com\/www.balticmedia.com\/wp-content\/uploads\/online_learning.png?w=680&amp;ssl=1 680w\" sizes=\"auto, (max-width: 300px) 100vw, 300px\" title=\"\"><\/p>\n<p align=\"left\">AUFGABEN<\/p>\n<ul>\n<li>Durchf\u00fchrung von Online-Sprachkursen f\u00fcr Gruppen und\/oder Einzelpersonen;<\/li>\n<li>Vorbereitung von Schulungsprogrammen;<\/li>\n<li>Erstellung von Lehrmaterial;<\/li>\n<li>Verantwortungsbewusste und genaue Ausf\u00fchrung aller Aufgaben im Zusammenhang mit der Durchf\u00fchrung von Online-Kursen.<\/li>\n<\/ul>\n<p align=\"left\">WIR BIETEN<\/p>\n<ul>\n<li>Arbeit in einem multikulturellen Umfeld;<\/li>\n<li>Projekte (Akkordarbeit);<\/li>\n<li>Beratung und Unterst\u00fctzung w\u00e4hrend der gesamten Projektlaufzeit;<\/li>\n<li>M\u00f6glichkeit, von jedem Ort aus zu arbeiten, der Ihnen zusagt (Heimarbeit);<\/li>\n<li>Wettbewerbsf\u00e4higes Gehalt je nach Ausbildung, Qualifikation, Arbeitsf\u00e4higkeit und Erfahrung<\/li>\n<\/ul>\n<p align=\"left\">Um sich f\u00fcr die Stelle des Online-Sprachkurslehrers zu bewerben, senden Sie Ihren Lebenslauf an kursi@balticmedia.com. Bitte geben Sie in der Bewerbung die gew\u00fcnschte Verg\u00fctung f\u00fcr eine akademische Stunde (45 Minuten) und eine astronomische Stunde (60 Minuten) sowie die Sprachkombinationen an, in denen Sie die Sprache aus der Ferne unterrichten k\u00f6nnen.<\/p>\n<p align=\"left\">\n<p>Dzirnavu iela 57a<br \/>\nLV-1010 R\u012bga Latvia\/Lettonie<\/p>\n<div><img data-recalc-dims=\"1\" loading=\"lazy\" decoding=\"async\" title=\"Valodu kursi\" src=\"https:\/\/i0.wp.com\/www.valodukursi.lv\/UserFiles\/Image\/contact-ico\/phone.png?resize=15%2C15\" alt=\"Valodu kursi\" width=\"15\" height=\"15\">\u00a0+371 67 224 395<br \/>\n<img data-recalc-dims=\"1\" loading=\"lazy\" decoding=\"async\" title=\"Valodu kursi\" src=\"https:\/\/i0.wp.com\/www.valodukursi.lv\/UserFiles\/Image\/contact-ico\/cell.png?resize=15%2C15\" alt=\"Valodu kursi\" width=\"15\" height=\"15\">\u00a0+371 29 44 68 45<\/div>\n<div><a href=\"mailto:info@balticmedia.com\"><img data-recalc-dims=\"1\" loading=\"lazy\" decoding=\"async\" title=\"Valodu kursi\" src=\"https:\/\/i0.wp.com\/www.valodukursi.lv\/UserFiles\/Image\/contact-ico\/%40.png?resize=15%2C15\" alt=\"Valodu kursi\" width=\"15\" height=\"15\"><\/a>\u00a0<a href=\"mailto:kursi@balticmedia.com\">kursi@balticmedia.com<\/a><\/div>\n<div><a href=\"https:\/\/wa.me\/37129446845\" target=\"_blank\" rel=\"noopener nofollow\">WhatsApp<\/a><\/div>\n<p>&nbsp;<\/p>\n<p align=\"left\"><iframe loading=\"lazy\" src=\"https:\/\/www.youtube.com\/embed\/hiNHZ2fn4Cc\" width=\"640\" height=\"315\" frameborder=\"0\" allowfullscreen=\"allowfullscreen\" data-mce-fragment=\"1\"><\/iframe><\/p>\n<\/div>\n<\/div><\/div><\/div><\/div><\/div>","protected":false},"excerpt":{"rendered":"<p>Sprachlehrer | Online-Sprachunterrichtsjobs Starten Sie eine neue Karriere oder einen Nebenjob, indem Sie von zu Hause aus arbeiten, egal wo auf der Welt Jobs f\u00fcr Online- und Vor-Ort-Lehrer f\u00fcr Englisch, Deutsch, Finnisch, Schwedisch, Spanisch, Franz\u00f6sisch, Finnisch, Estnisch, Litauisch, D\u00e4nisch, Isl\u00e4ndisch, Japanisch, Russisch, Chinesisch, Norwegisch, Lettisch und andere Sprachen Wir bieten die M\u00f6glichkeit, dem Team des [&hellip;]<\/p>\n","protected":false},"author":2,"featured_media":133855,"parent":12318,"menu_order":0,"comment_status":"closed","ping_status":"closed","template":"","meta":{"ocean_post_layout":"","ocean_both_sidebars_style":"","ocean_both_sidebars_content_width":0,"ocean_both_sidebars_sidebars_width":0,"ocean_sidebar":"0","ocean_second_sidebar":"0","ocean_disable_margins":"enable","ocean_add_body_class":"","ocean_shortcode_before_top_bar":"","ocean_shortcode_after_top_bar":"","ocean_shortcode_before_header":"","ocean_shortcode_after_header":"","ocean_has_shortcode":"","ocean_shortcode_after_title":"","ocean_shortcode_before_footer_widgets":"","ocean_shortcode_after_footer_widgets":"","ocean_shortcode_before_footer_bottom":"","ocean_shortcode_after_footer_bottom":"","ocean_display_top_bar":"default","ocean_display_header":"default","ocean_header_style":"","ocean_center_header_left_menu":"0","ocean_custom_header_template":"0","ocean_custom_logo":0,"ocean_custom_retina_logo":0,"ocean_custom_logo_max_width":0,"ocean_custom_logo_tablet_max_width":0,"ocean_custom_logo_mobile_max_width":0,"ocean_custom_logo_max_height":0,"ocean_custom_logo_tablet_max_height":0,"ocean_custom_logo_mobile_max_height":0,"ocean_header_custom_menu":"0","ocean_menu_typo_font_family":"0","ocean_menu_typo_font_subset":"","ocean_menu_typo_font_size":0,"ocean_menu_typo_font_size_tablet":0,"ocean_menu_typo_font_size_mobile":0,"ocean_menu_typo_font_size_unit":"px","ocean_menu_typo_font_weight":"","ocean_menu_typo_font_weight_tablet":"","ocean_menu_typo_font_weight_mobile":"","ocean_menu_typo_transform":"","ocean_menu_typo_transform_tablet":"","ocean_menu_typo_transform_mobile":"","ocean_menu_typo_line_height":0,"ocean_menu_typo_line_height_tablet":0,"ocean_menu_typo_line_height_mobile":0,"ocean_menu_typo_line_height_unit":"","ocean_menu_typo_spacing":0,"ocean_menu_typo_spacing_tablet":0,"ocean_menu_typo_spacing_mobile":0,"ocean_menu_typo_spacing_unit":"","ocean_menu_link_color":"","ocean_menu_link_color_hover":"","ocean_menu_link_color_active":"","ocean_menu_link_background":"","ocean_menu_link_hover_background":"","ocean_menu_link_active_background":"","ocean_menu_social_links_bg":"","ocean_menu_social_hover_links_bg":"","ocean_menu_social_links_color":"","ocean_menu_social_hover_links_color":"","ocean_disable_title":"default","ocean_disable_heading":"default","ocean_post_title":"","ocean_post_subheading":"","ocean_post_title_style":"","ocean_post_title_background_color":"","ocean_post_title_background":0,"ocean_post_title_bg_image_position":"","ocean_post_title_bg_image_attachment":"","ocean_post_title_bg_image_repeat":"","ocean_post_title_bg_image_size":"","ocean_post_title_height":0,"ocean_post_title_bg_overlay":0.5,"ocean_post_title_bg_overlay_color":"","ocean_disable_breadcrumbs":"default","ocean_breadcrumbs_color":"","ocean_breadcrumbs_separator_color":"","ocean_breadcrumbs_links_color":"","ocean_breadcrumbs_links_hover_color":"","ocean_display_footer_widgets":"default","ocean_display_footer_bottom":"default","ocean_custom_footer_template":"0","ofc_meta_disable_footer_callout":"","ofc_meta_callout_button_url":"","ofc_meta_callout_button_txt":"","ofc_meta_callout_text":"","osh_disable_topbar_sticky":"default","osh_disable_header_sticky":"default","osh_sticky_header_style":"default","osh_sticky_header_effect":"","osh_custom_sticky_logo":0,"osh_custom_retina_sticky_logo":0,"osh_custom_sticky_logo_height":0,"osh_background_color":"","osh_links_color":"","osh_links_hover_color":"","osh_links_active_color":"","osh_links_bg_color":"","osh_links_hover_bg_color":"","osh_links_active_bg_color":"","osh_menu_social_links_color":"","osh_menu_social_hover_links_color":"","footnotes":""},"class_list":["post-91420","page","type-page","status-publish","has-post-thumbnail","hentry","entry","has-media"],"jetpack_sharing_enabled":true,"jetpack_likes_enabled":true,"jetpack-related-posts":[],"jetpack_shortlink":"https:\/\/wp.me\/Pe7Cu3-nMw","_links":{"self":[{"href":"https:\/\/www.balticmedia.com\/de\/wp-json\/wp\/v2\/pages\/91420","targetHints":{"allow":["GET"]}}],"collection":[{"href":"https:\/\/www.balticmedia.com\/de\/wp-json\/wp\/v2\/pages"}],"about":[{"href":"https:\/\/www.balticmedia.com\/de\/wp-json\/wp\/v2\/types\/page"}],"author":[{"embeddable":true,"href":"https:\/\/www.balticmedia.com\/de\/wp-json\/wp\/v2\/users\/2"}],"replies":[{"embeddable":true,"href":"https:\/\/www.balticmedia.com\/de\/wp-json\/wp\/v2\/comments?post=91420"}],"version-history":[{"count":7,"href":"https:\/\/www.balticmedia.com\/de\/wp-json\/wp\/v2\/pages\/91420\/revisions"}],"predecessor-version":[{"id":136271,"href":"https:\/\/www.balticmedia.com\/de\/wp-json\/wp\/v2\/pages\/91420\/revisions\/136271"}],"up":[{"embeddable":true,"href":"https:\/\/www.balticmedia.com\/de\/wp-json\/wp\/v2\/pages\/12318"}],"wp:featuredmedia":[{"embeddable":true,"href":"https:\/\/www.balticmedia.com\/de\/wp-json\/wp\/v2\/media\/133855"}],"wp:attachment":[{"href":"https:\/\/www.balticmedia.com\/de\/wp-json\/wp\/v2\/media?parent=91420"}],"curies":[{"name":"wp","href":"https:\/\/api.w.org\/{rel}","templated":true}]}}