{"id":32764,"date":"2021-01-21T18:49:33","date_gmt":"2021-01-21T16:49:33","guid":{"rendered":"https:\/\/www.balticmedia.com\/preise\/select-language-translation-service-provider-lsp\/"},"modified":"2025-04-28T22:16:40","modified_gmt":"2025-04-28T19:16:40","slug":"wie-waehlt-man-einen-uebersetzungsburo-aus","status":"publish","type":"page","link":"https:\/\/www.balticmedia.com\/de\/uebersetzungsbuero-preise\/wie-waehlt-man-einen-uebersetzungsburo-aus\/","title":{"rendered":"Wie w\u00e4hlt man einen \u00dcbersetzungsb\u00fcro richtig aus?"},"content":{"rendered":"<div id=\"pl-32764\"  class=\"panel-layout\" ><div id=\"pg-32764-0\"  class=\"panel-grid panel-no-style\" ><div id=\"pgc-32764-0-0\"  class=\"panel-grid-cell\" ><div id=\"panel-32764-0-0-0\" class=\"so-panel widget widget_sow-image panel-first-child panel-last-child widgetopts-SO\" data-index=\"0\" ><div\n\t\t\t\n\t\t\tclass=\"so-widget-sow-image so-widget-sow-image-default-8b5b6f678277-32764\"\n\t\t\t\n\t\t>\n<div class=\"sow-image-container\">\n\t\t<img src=\"https:\/\/i0.wp.com\/www.balticmedia.com\/wp-content\/uploads\/4price_and_quality-scaled.jpg?fit=2560%2C549&amp;ssl=1\" width=\"2560\" height=\"549\" srcset=\"https:\/\/i0.wp.com\/www.balticmedia.com\/wp-content\/uploads\/4price_and_quality-scaled.jpg?w=2560&amp;ssl=1 2560w, https:\/\/i0.wp.com\/www.balticmedia.com\/wp-content\/uploads\/4price_and_quality-scaled.jpg?resize=300%2C64&amp;ssl=1 300w, https:\/\/i0.wp.com\/www.balticmedia.com\/wp-content\/uploads\/4price_and_quality-scaled.jpg?resize=1024%2C219&amp;ssl=1 1024w, https:\/\/i0.wp.com\/www.balticmedia.com\/wp-content\/uploads\/4price_and_quality-scaled.jpg?resize=768%2C165&amp;ssl=1 768w, https:\/\/i0.wp.com\/www.balticmedia.com\/wp-content\/uploads\/4price_and_quality-scaled.jpg?resize=1536%2C329&amp;ssl=1 1536w, https:\/\/i0.wp.com\/www.balticmedia.com\/wp-content\/uploads\/4price_and_quality-scaled.jpg?resize=2048%2C439&amp;ssl=1 2048w, https:\/\/i0.wp.com\/www.balticmedia.com\/wp-content\/uploads\/4price_and_quality-scaled.jpg?w=2400&amp;ssl=1 2400w\" title=\"Wie w\u00e4hlt man einen \u00dcbersetzungsb\u00fcro richtig aus?\" alt=\"Wie w\u00e4hlt man einen \u00dcbersetzungsb\u00fcro richtig aus?\" class=\"so-widget-image\">\n\t<\/div>\n\n<\/div><\/div><\/div><\/div><div id=\"pg-32764-1\"  class=\"panel-grid panel-no-style\" ><div id=\"pgc-32764-1-0\"  class=\"panel-grid-cell\" ><div id=\"panel-32764-1-0-0\" class=\"so-panel widget widget_sow-editor panel-first-child extendedwopts-hide extendedwopts-tablet extendedwopts-mobile widgetopts-SO\" data-index=\"1\" ><div\n\t\t\t\n\t\t\tclass=\"so-widget-sow-editor so-widget-sow-editor-base\"\n\t\t\t\n\t\t>\n<div class=\"siteorigin-widget-tinymce textwidget\">\n\t<pre><form aria-label=\"Search this website\" role=\"search\" method=\"get\" class=\"oceanwp-searchform\" id=\"searchform\" action=\"https:\/\/www.balticmedia.com\/de\/\"><input aria-label=\"Insert search query\" type=\"text\" class=\"field\" name=\"s\" id=\"s\" placeholder=\"Search\"><button aria-label=\"Submit your search\" type=\"submit\" class=\"search-submit\" value=\"\"><i class=\"icon-magnifier\" aria-hidden=\"true\"><\/i><\/button><\/form><\/pre>\n<\/div>\n<\/div><\/div><div id=\"panel-32764-1-0-1\" class=\"so-panel widget widget_ocean_custom_menu widget-oceanwp-custom-menu custom-menu-widget extendedwopts-hide extendedwopts-tablet extendedwopts-mobile widgetopts-SO\" data-index=\"2\" ><div class=\"oceanwp-custom-menu clr ocean_custom_menu-2 left dropdown-hover\"><ul id=\"menu-prices-de\" class=\"dropdown-menu sf-menu\"><li  id=\"menu-item-49499\" class=\"menu-item menu-item-type-post_type menu-item-object-page menu-item-49499\"><a href=\"https:\/\/www.balticmedia.com\/de\/uebersetzungsbuero-preise\/\" class=\"menu-link\">\u00dcbersetzungsb\u00fcro Preise | Was kostet eine \u00dcbersetzung?<\/a><\/li>\n<li  id=\"menu-item-49502\" class=\"menu-item menu-item-type-post_type menu-item-object-page menu-item-49502\"><a href=\"https:\/\/www.balticmedia.com\/de\/uebersetzungsbuero-preise\/preis-der-uebersetzung\/\" class=\"menu-link\">\u00dcbersetzungspreise Preise und Kosten f\u00fcr \u00dcbersetzungen<\/a><\/li>\n<li  id=\"menu-item-49505\" class=\"menu-item menu-item-type-post_type menu-item-object-page menu-item-49505\"><a href=\"https:\/\/www.balticmedia.com\/de\/uebersetzungsbuero-preise\/wie-waehlt-man-einen-uebersetzungsburo-aus\/\" class=\"menu-link\">Wie w\u00e4hlt man einen \u00dcbersetzungsb\u00fcro richtig aus?<\/a><\/li>\n<li  id=\"menu-item-49500\" class=\"menu-item menu-item-type-post_type menu-item-object-page menu-item-49500\"><a href=\"https:\/\/www.balticmedia.com\/de\/uebersetzungsbuero-preise\/qualitaet-des-uebersetzungsdienstes\/\" class=\"menu-link\">\u00dcbersetzungsqualit\u00e4t ISO 9001:2015 Qualit\u00e4tszertifizierung<\/a><\/li>\n<li  id=\"menu-item-49504\" class=\"menu-item menu-item-type-post_type menu-item-object-page menu-item-49504\"><a href=\"https:\/\/www.balticmedia.com\/de\/uebersetzungsbuero-preise\/unsere-kunden\/\" class=\"menu-link\">Unsere Kunden<\/a><\/li>\n<li  id=\"menu-item-49501\" class=\"menu-item menu-item-type-post_type menu-item-object-page menu-item-49501\"><a href=\"https:\/\/www.balticmedia.com\/de\/uebersetzungsbuero-preise\/ruckmeldungsformular\/\" class=\"menu-link\">Kundenzufriedenheitsumfrage<\/a><\/li>\n<li  id=\"menu-item-49503\" class=\"menu-item menu-item-type-post_type menu-item-object-page menu-item-49503\"><a href=\"https:\/\/www.balticmedia.com\/de\/uebersetzungsbuero-preise\/rueckmeldungen-von-kunden\/\" class=\"menu-link\">R\u00fcckmeldungen von Kunden Bewertungen von \u00dcbersetzungsdiensten<\/a><\/li>\n<\/ul><\/div><\/div><div id=\"panel-32764-1-0-2\" class=\"so-panel widget widget_ocean_custom_menu widget-oceanwp-custom-menu custom-menu-widget panel-last-child extendedwopts-hide extendedwopts-tablet extendedwopts-mobile widgetopts-SO\" data-index=\"3\" ><div class=\"oceanwp-custom-menu clr ocean_custom_menu-2 left dropdown-hover\"><ul id=\"menu-partner-de\" class=\"dropdown-menu sf-menu\"><li  id=\"menu-item-14914\" class=\"menu-item menu-item-type-custom menu-item-object-custom menu-item-14914\"><a target=\"_blank\" href=\"https:\/\/balticmedia.s.xtrf.eu\/vendors\/#\/sign-in\" class=\"menu-link\" rel=\"nofollow noopener\"><i class=\"icon before line-icon icon-briefcase\" aria-hidden=\"true\" style=\"font-size:2em;\"><\/i><span class=\"menu-text\">Partnerportal<\/span><\/a><\/li>\n<li  id=\"menu-item-14915\" class=\"menu-item menu-item-type-custom menu-item-object-custom menu-item-14915\"><a target=\"_blank\" href=\"https:\/\/www.balticmedia.com\/wp-content\/uploads\/11-Reasons-to-Choose-Baltic-Media-2026.pdf\" class=\"menu-link\"><i class=\"icon before line-icon icon-people\" aria-hidden=\"true\" style=\"font-size:2em;\"><\/i><span class=\"menu-text\">Unternehmensprofil<\/span><\/a><\/li>\n<li  id=\"menu-item-14916\" class=\"menu-item menu-item-type-custom menu-item-object-custom menu-item-14916\"><a target=\"_blank\" href=\"https:\/\/www.balticmedia.com\/wp-content\/uploads\/ubersetzungs-de.pdf\" class=\"menu-link\"><i class=\"icon before line-icon icon-organization\" aria-hidden=\"true\" style=\"font-size:2em;\"><\/i><span class=\"menu-text\">\u00dcbersetzung. Schrittweises Vorgehen<\/span><\/a><\/li>\n<li  id=\"menu-item-14917\" class=\"menu-item menu-item-type-custom menu-item-object-custom menu-item-14917\"><a target=\"_blank\" href=\"https:\/\/www.balticmedia.com\/wp-content\/uploads\/Baltic-Media-Ltd.-Service-Terms-and-Conditions.pdf\" class=\"menu-link\"><i class=\"icon before line-icon icon-docs\" aria-hidden=\"true\" style=\"font-size:2em;\"><\/i><span class=\"menu-text\">Allgemeine Gesch\u00e4ftsbedingungen  (EN)<\/span><\/a><\/li>\n<li  id=\"menu-item-14918\" class=\"menu-item menu-item-type-custom menu-item-object-custom menu-item-14918\"><a target=\"_blank\" href=\"https:\/\/www.balticmedia.com\/wp-content\/uploads\/iSO-certificate-2023.png\" class=\"menu-link\"><i class=\"icon before line-icon icon-doc\" aria-hidden=\"true\" style=\"font-size:2em;\"><\/i><span class=\"menu-text\">ISO 9001:2015 Quality Certification<\/span><\/a><\/li>\n<li  id=\"menu-item-14919\" class=\"menu-item menu-item-type-custom menu-item-object-custom menu-item-14919\"><a target=\"_blank\" href=\"https:\/\/www.balticmedia.com\/wp-content\/uploads\/362531_copyrighttrademarkbalticmedia.pdf\" class=\"menu-link\"><i class=\"icon before line-icon icon-info\" aria-hidden=\"true\" style=\"font-size:2em;\"><\/i><span class=\"menu-text\">Copyright | Trademark Baltic Media<sup>\u00ae<\/sup><\/span><\/a><\/li>\n<\/ul><\/div><\/div><\/div><div id=\"pgc-32764-1-1\"  class=\"panel-grid-cell\" ><div id=\"panel-32764-1-1-0\" class=\"so-panel widget widget_sow-editor panel-first-child panel-last-child widgetopts-hide_title widgetopts-SO\" data-index=\"4\" ><div\n\t\t\t\n\t\t\tclass=\"so-widget-sow-editor so-widget-sow-editor-base\"\n\t\t\t\n\t\t><h3 class=\"widget-title\">Wie w\u00e4hlt man einen \u00dcbersetzungsb\u00fcro richtig aus?<\/h3>\n<div class=\"siteorigin-widget-tinymce textwidget\">\n\t<h1><strong>Wie w\u00e4hlt man einen \u00dcbersetzungsb\u00fcro richtig aus? <\/strong><\/h1>\n<h2><strong>Skandinavische und nordeurop\u00e4ische Sprachen | Gute Qualit\u00e4t zu einem sehr g\u00fcnstigen Preis | \u00dcbersetzungsb\u00fcro in den nordischen und baltischen Staaten<\/strong><\/h2>\n<p><img data-recalc-dims=\"1\" loading=\"lazy\" decoding=\"async\" class=\"alignnone wp-image-1985 size-full\" src=\"https:\/\/i0.wp.com\/www.balticmedia.com\/wp-content\/uploads\/logo_ar_globusu_stillbild_garena.png?resize=300%2C120&#038;ssl=1\" alt=\"Wie w\u00e4hlt man einen \u00dcbersetzungsb\u00fcro richtig aus?\" width=\"300\" height=\"120\" title=\"\"><\/p>\n<p>Sie ben\u00f6tigen \u00dcbersetzung eines Vertragstextes, einer Bedienungsanleitung oder Ausbildungsunterlagen, aber Sie wissen nicht, wie man eine \u00dcbersetzung bestellt und ein gutes \u00dcbersetzungsb\u00fcro aussucht?<\/p>\n<p>Das \u00dcbersetzungsb\u00fcro Baltic Media Ltd. stellt Ihnen eine kleine Anleitung zur Verf\u00fcgung, die Ihnen bei der Wahl des \u00dcbersetzungsb\u00fcros oder \u00dcbersetzers hilfreich sein k\u00f6nnte.<\/p>\n<p><iframe loading=\"lazy\" title=\"YouTube video player\" src=\"https:\/\/www.youtube.com\/embed\/4iBHfTrGJYc\" width=\"600\" height=\"450\" frameborder=\"0\" allowfullscreen=\"allowfullscreen\"><\/iframe><br \/>\nW\u00e4hrend der \u00dcbersetzung k\u00f6nnen Unklarheiten auftreten, aus diesem Grunde ist es w\u00fcnschenswert, dass der \u00dcbersetzer vor dem Projekt m\u00f6glichst viele Informationen von dem Kunden bekommt.<\/p>\n<p><strong>1. Sprache<\/strong><br \/>\nRichtig gew\u00e4hlte Zielsprache oder ein Dialekt, k\u00f6nnen wesentlich den Arbeitsstil und die visuelle Gestaltung des Textes beinflussen (z.B. British oder American English, in Brazilien gesprochene oder in Portugal gesprochene portugiesische Sprache u.a.).<\/p>\n<p><strong>2. Thema und Umfang <\/strong><br \/>\nSie sollten deutlich hinweisen, wof\u00fcr Sie die \u00dcbersetzung ben\u00f6tigen: f\u00fcr interne oder externe Nutzung, als Verkaufsbrosch\u00fcre, Vertrag oder andere \u00dcbersetzung. Bei den Unterlagen, die f\u00fcr externe Nutzung gedacht sind, etwa wie Brosch\u00fcren, Texten f\u00fcr Webseiten, Werbungstexten u.\u00c4. muss man auf COPYRIGHT bzw. Vorbereitung der Werbetexte aufmerksam machen.<\/p>\n<p><strong>3. Zielgruppe<\/strong><br \/>\nDer Textstil und sogar die Terminologie k\u00f6nnen unterschiedlich ausfallen, je nachdem ob als Zielgruppe Fachleute oder ein Laienpublikum angesprochen werden soll. In jedem Fall muss die \u00dcbersetzung in einer f\u00fcr den Leser leicht verst\u00e4ndlichen Sprache geschrieben sein.<\/p>\n<p><strong>4. Thema und Umfang <\/strong><br \/>\nAngaben zum Schwierigkeitsgrad des Textes und Thema, damit der \u00dcbersetzer einsch\u00e4tzen kann, ob er diesen Auftrag nehmen kann. Es ist w\u00fcnschenswert den Text zur Einsch\u00e4tzung einzuschicken.<\/p>\n<p><strong>5. Format<\/strong><br \/>\nWird der Text als einfache Textdatei (WORD, TXT, EXCEL u.tml.) ben\u00f6tigt oder ist das Projekt oder besonderes Format (PDF, CDR usw) erforderlich? Wird der Text f\u00fcr sp\u00e4teren Druckverfahren bearbeitet?<\/p>\n<p><strong>6. Verst\u00e4ndlich geschriebener Text <\/strong><br \/>\nDer \u00dcbersetzer sollte einen verst\u00e4ndlich geschriebenen Text zur \u00dcbersetzung erhalten, bei einem schwer lesbaren Text wird auch die \u00dcbersetzung nicht pr\u00e4zise sein, was besonders bei den medizinischen und Rechtstexten von gro\u00dfer Bedeutung ist. Der Ausgangstext kann sowohl elektronische (auf einer CD oder per E-Mail geschickt) oder in gedruckter Form. Die Qualit\u00e4t des Ausgangstextes spielt eine gro\u00dfe Rolle, denn sogar ein Komma kann die Bedeutung und Struktur des Textes \u00e4ndern.<\/p>\n<p><strong>7. Abgabetermin<\/strong><br \/>\nVor dem Beginn des Projekts ist es notwendig den Abgabetermin zu vereinbaren, sowie auch die Einzelheiten (soll die \u00dcbersetzung im WORD, EXCEL, PDF Format sein oder mit notarieller Beglaubigung usw.), wird die \u00dcbersetzung per E-Mail, Post oder mit einem Kurrierservice geliefert.<\/p>\n<p><strong>8. Zus\u00e4tzliche Unterlagen<\/strong><br \/>\nBei der \u00dcbersetzung sind alle m\u00f6glichen zus\u00e4tzlichen Unterlagen sehr hilfreich. Als zus\u00e4tzliche Unterlagen gelten Beschreibungen \u00e4hnlicher Produkte, die f\u00fcr die vorherigen Projekte verwendeten Datenbanken der \u00dcbersetzersoftware, im Unternehmen ausgearbeitete und benutzte Terminilisten, allgemeine Informationen \u00fcber den Auftraggeber (Jahres\u00fcbersichten, Brosch\u00fcren). Sind die Unterlagen der \u00dcbersetzerin\/dem \u00dcbersetzer frei zur Verf\u00fcgung gestellt, so kann er\/sie die entsprechende Terminologie f\u00fcr die \u00dcbersetzung schneller finden und die passenden, im Unternehmen benutzten Termini, einsetzen.<\/p>\n<p><strong>9. Kontaktpersonen und Kontaktdaten<\/strong><br \/>\nUm den Text vollst\u00e4ndig zu verstehen kann auch ein Gespr\u00e4ch mit einem Fachmann aus diesem Bereich oder Vertreter Ihres Unternehmens, der an diesem Projekt bereits arbeitet, beitragen. Besonders wenn es sich um die schwierigen technischen Texte handelt wie Beschreibung einer Anlage u.\u00c4. k\u00f6nnen solche Beratungsgespr\u00e4che von gro\u00dfer Bedeutung sein, denn um den Text richtig in einer anderen Sprache wiederzugeben, muss der \u00dcbersetzer zuerst die Arbeitsweise der Anlage verstehen.<\/p>\n<p><strong>10. Lokalisierung<\/strong><br \/>\nSprechen Sie den \u00dcbersetzer an, ob die \u00dcbersetzung an die zielsprachliche Umgebung angepasst werden soll oder sp\u00e4ter f\u00fcr bestimmte Zwecke oder Zielgruppe eingesetzt wird.<\/p>\n<p><strong>11. Ausreichende Arbeitszeit<\/strong><br \/>\nPlanen Sie ausreichend Arbeitszeit ein, damit der \u00dcbersetzer auch ausreichend Zeit f\u00fcr die eigentliche \u00dcbersetzung hat. Es braucht Zeit, einen Text logisch und gut strukturiert zu verfassen. Bei einer zu kurzen Frist besteht das Risiko, dass die Qualit\u00e4t niedriger ausfallen wird, da in der \u00dcbersetzungsbranche immer noch menschliche Fehler auftreten k\u00f6nnen - auch der beste \u00dcbersetzer kann in Eile kleine Fehler \u00fcbersehen, die durch eine zu enge Terminsetzung nicht immer zu beheben sind.<\/p>\n<p><strong>12. \u00dcberpr\u00fcfung des Textes | \u00dcbersetzungsb\u00fcro Baltic Media<\/strong><br \/>\nFragen Sie nach, ob der \u00dcbersetzer bereits \u00fcber einschl\u00e4gige Erfahrung in der \u00dcbersetzung derartiger Texte verf\u00fcgt. Im Laufe unserer Zusammenarbeit k\u00f6nnen wir Ihre W\u00fcnsche ber\u00fccksichtigen, sowie auch auf die Besonderheiten des f\u00fcr Sie passenden Textstils und auf die Terminologie achten. Davon k\u00f6nnen alle nur profitieren!<\/p>\n<p><strong>13. Professionelle Zusammenarbeit <\/strong><br \/>\nFragen Sie nach, ob die \u00dcbersetzer bereits \u00fcber die einschl\u00e4gige Erfahrung in der \u00dcbersetzung solcher Texte verf\u00fcgt. Wird unsere Zusammenarbeit immer fester, so wir k\u00f6nnen immer Ihre W\u00fcnsche ber\u00fccksichtigen, sowie auch auf die Besonderheiten des f\u00fcr Sie passenden Textstils und auf die Terminologie achten. Davon k\u00f6nnen alle nur profitieren!<\/p>\n<p><strong>14. Langfristige Zusammenarbeit<\/strong><br \/>\nMit dem eigentlichen \u00dcbersetzen kann man nur dann anfangen, wenn sich eine erfolgreiche Zusammenarbeit zwischen dem Projektleiter, \u00dcbersetzer und Auftraggeber etabliert hat. Auch wenn ein \u00dcbersetzer ein Experte in der ausgew\u00e4hlten Sprache ist und sich in einem Bereich sehr gut auskennt, kann er trotzdem nicht alles wissen. Die \u00dcbersetzer spezialisieren sich auf bestimmte Sparten, aber Begriffe, die nur in einem bestimmten Unternehmen benutzt werden, stehen ihnen nur selten zur Verf\u00fcgung. Deshalb ist die Zusammenarbeit sehr wichtig. Erstellen Sie einige Probetexte, anhand welcher man pr\u00fcfen kann, ob der \u00dcbersetzer diesen Auftrag erfolgreich \u00fcbersetzen wird. Damit wird eine erfolgreiche k\u00fcnftige Zusammenarbeit gesichert.<\/p>\n<p><strong>15. Muttersprache <\/strong><br \/>\nDie meisten \u00dcbersetzer beherrschen mehrere Sprachen, aber jeder von uns hat nur eine Muttersprache. Bei der \u00dcbersetzung von spezifischen Texten, die sp\u00e4ter auch extern benutzt werden, fragen Sie immer nach, dass die \u00dcbersetzung von einem Muttersprachler oder von einem \u00dcbersetzer, der in dem Land lebt und tagt\u00e4glich diese Sprache spricht und h\u00f6rt, gefertigt wird. Dadurch wird der Text m\u00f6glichst flie\u00dfend und authentisch sein.<\/p>\n<p><strong>16. Zweck<\/strong><br \/>\n\u00dcbersetzungen werden oft f\u00fcr einen bestimmten Zweck angefertigt. Wenden Sie sich an den \u00dcbersetzer, wenn Sie \u00c4nderungen am Text vornehmen m\u00f6chten.<\/p>\n<p>Der Artikel wurde anhand des Artikels der Schwedischen Assoziation f\u00fcr professionelle \u00dcbersetzer (<em>SF\u00d6 \u2013 Swedish Association of Professional Translators<\/em>) verfasst.<\/p>\n<h3><a href=\"\/de\/ueber-uns\/warum-baltic-media\/\">Warum sollten Sie sich f\u00fcr das nordisch-baltische \u00dcbersetzungsb\u00fcro Baltic Media<sup>\u00ae<\/sup> entscheiden?<\/a><\/h3>\n<h3><a href=\"\/de\/preise\/\">Wie senken Sie die Kosten Ihrer \u00dcbersetzungen ohne Abstriche bei der Qualit\u00e4t?<\/a><\/h3>\n<h3><a href=\"\/de\/ueber-uns\/menschliche-uebersetzung\/\">Warum sind menschliche \u00dcbersetzungsdienste Ihre beste Wahl?<\/a><\/h3>\n<h3><a href=\"https:\/\/www.balticmedia.com\/de\/globale-uebersetzungsdienste\/post-editing-maschinelle-uebersetzungen\/\">\u00dcbersetzen Sie anhand von Google, Bing, Microsoft, Tilde, Yandex und lassen Sie die \u00dcbersetzung von uns \u00fcberarbeiten!<\/a><\/h3>\n<h3><a href=\"https:\/\/www.balticmedia.com\/de\/preisanfrage\/\">Kostenlose Voranschl\u00e4ge<\/a><\/h3>\n<h3><a href=\"https:\/\/www.balticmedia.com\/de\/informationsanfrage\/\">Informationsanfrage<\/a><\/h3>\n<h3><a href=\"mailto:info@balticmedia.com\">E-Mail<\/a><\/h3>\n<\/div>\n<\/div><\/div><\/div><\/div><\/div>","protected":false},"excerpt":{"rendered":"<p>Wie w\u00e4hlt man einen \u00dcbersetzungsb\u00fcro richtig aus? Skandinavische und nordeurop\u00e4ische Sprachen | Gute Qualit\u00e4t zu einem sehr g\u00fcnstigen Preis | \u00dcbersetzungsb\u00fcro in den nordischen und baltischen Staaten Sie ben\u00f6tigen \u00dcbersetzung eines Vertragstextes, einer Bedienungsanleitung oder Ausbildungsunterlagen, aber Sie wissen nicht, wie man eine \u00dcbersetzung bestellt und ein gutes \u00dcbersetzungsb\u00fcro aussucht? Das \u00dcbersetzungsb\u00fcro Baltic Media Ltd. [&hellip;]<\/p>\n","protected":false},"author":2,"featured_media":133957,"parent":16065,"menu_order":0,"comment_status":"closed","ping_status":"closed","template":"","meta":{"ocean_post_layout":"","ocean_both_sidebars_style":"","ocean_both_sidebars_content_width":0,"ocean_both_sidebars_sidebars_width":0,"ocean_sidebar":"0","ocean_second_sidebar":"0","ocean_disable_margins":"enable","ocean_add_body_class":"","ocean_shortcode_before_top_bar":"","ocean_shortcode_after_top_bar":"","ocean_shortcode_before_header":"","ocean_shortcode_after_header":"","ocean_has_shortcode":"","ocean_shortcode_after_title":"","ocean_shortcode_before_footer_widgets":"","ocean_shortcode_after_footer_widgets":"","ocean_shortcode_before_footer_bottom":"","ocean_shortcode_after_footer_bottom":"","ocean_display_top_bar":"default","ocean_display_header":"default","ocean_header_style":"","ocean_center_header_left_menu":"0","ocean_custom_header_template":"0","ocean_custom_logo":0,"ocean_custom_retina_logo":0,"ocean_custom_logo_max_width":0,"ocean_custom_logo_tablet_max_width":0,"ocean_custom_logo_mobile_max_width":0,"ocean_custom_logo_max_height":0,"ocean_custom_logo_tablet_max_height":0,"ocean_custom_logo_mobile_max_height":0,"ocean_header_custom_menu":"0","ocean_menu_typo_font_family":"0","ocean_menu_typo_font_subset":"","ocean_menu_typo_font_size":0,"ocean_menu_typo_font_size_tablet":0,"ocean_menu_typo_font_size_mobile":0,"ocean_menu_typo_font_size_unit":"px","ocean_menu_typo_font_weight":"","ocean_menu_typo_font_weight_tablet":"","ocean_menu_typo_font_weight_mobile":"","ocean_menu_typo_transform":"","ocean_menu_typo_transform_tablet":"","ocean_menu_typo_transform_mobile":"","ocean_menu_typo_line_height":0,"ocean_menu_typo_line_height_tablet":0,"ocean_menu_typo_line_height_mobile":0,"ocean_menu_typo_line_height_unit":"","ocean_menu_typo_spacing":0,"ocean_menu_typo_spacing_tablet":0,"ocean_menu_typo_spacing_mobile":0,"ocean_menu_typo_spacing_unit":"","ocean_menu_link_color":"","ocean_menu_link_color_hover":"","ocean_menu_link_color_active":"","ocean_menu_link_background":"","ocean_menu_link_hover_background":"","ocean_menu_link_active_background":"","ocean_menu_social_links_bg":"","ocean_menu_social_hover_links_bg":"","ocean_menu_social_links_color":"","ocean_menu_social_hover_links_color":"","ocean_disable_title":"default","ocean_disable_heading":"default","ocean_post_title":"","ocean_post_subheading":"","ocean_post_title_style":"","ocean_post_title_background_color":"","ocean_post_title_background":0,"ocean_post_title_bg_image_position":"","ocean_post_title_bg_image_attachment":"","ocean_post_title_bg_image_repeat":"","ocean_post_title_bg_image_size":"","ocean_post_title_height":0,"ocean_post_title_bg_overlay":0.5,"ocean_post_title_bg_overlay_color":"","ocean_disable_breadcrumbs":"default","ocean_breadcrumbs_color":"","ocean_breadcrumbs_separator_color":"","ocean_breadcrumbs_links_color":"","ocean_breadcrumbs_links_hover_color":"","ocean_display_footer_widgets":"default","ocean_display_footer_bottom":"default","ocean_custom_footer_template":"0","ofc_meta_disable_footer_callout":"","ofc_meta_callout_button_url":"","ofc_meta_callout_button_txt":"","ofc_meta_callout_text":"","osh_disable_topbar_sticky":"default","osh_disable_header_sticky":"default","osh_sticky_header_style":"default","osh_sticky_header_effect":"","osh_custom_sticky_logo":0,"osh_custom_retina_sticky_logo":0,"osh_custom_sticky_logo_height":0,"osh_background_color":"","osh_links_color":"","osh_links_hover_color":"","osh_links_active_color":"","osh_links_bg_color":"","osh_links_hover_bg_color":"","osh_links_active_bg_color":"","osh_menu_social_links_color":"","osh_menu_social_hover_links_color":"","footnotes":""},"class_list":["post-32764","page","type-page","status-publish","has-post-thumbnail","hentry","entry","has-media"],"jetpack_sharing_enabled":true,"jetpack_likes_enabled":true,"jetpack-related-posts":[],"jetpack_shortlink":"https:\/\/wp.me\/Pe7Cu3-8ws","_links":{"self":[{"href":"https:\/\/www.balticmedia.com\/de\/wp-json\/wp\/v2\/pages\/32764","targetHints":{"allow":["GET"]}}],"collection":[{"href":"https:\/\/www.balticmedia.com\/de\/wp-json\/wp\/v2\/pages"}],"about":[{"href":"https:\/\/www.balticmedia.com\/de\/wp-json\/wp\/v2\/types\/page"}],"author":[{"embeddable":true,"href":"https:\/\/www.balticmedia.com\/de\/wp-json\/wp\/v2\/users\/2"}],"replies":[{"embeddable":true,"href":"https:\/\/www.balticmedia.com\/de\/wp-json\/wp\/v2\/comments?post=32764"}],"version-history":[{"count":11,"href":"https:\/\/www.balticmedia.com\/de\/wp-json\/wp\/v2\/pages\/32764\/revisions"}],"predecessor-version":[{"id":137842,"href":"https:\/\/www.balticmedia.com\/de\/wp-json\/wp\/v2\/pages\/32764\/revisions\/137842"}],"up":[{"embeddable":true,"href":"https:\/\/www.balticmedia.com\/de\/wp-json\/wp\/v2\/pages\/16065"}],"wp:featuredmedia":[{"embeddable":true,"href":"https:\/\/www.balticmedia.com\/de\/wp-json\/wp\/v2\/media\/133957"}],"wp:attachment":[{"href":"https:\/\/www.balticmedia.com\/de\/wp-json\/wp\/v2\/media?parent=32764"}],"curies":[{"name":"wp","href":"https:\/\/api.w.org\/{rel}","templated":true}]}}