{"id":28887,"date":"2021-01-30T12:49:28","date_gmt":"2021-01-30T10:49:28","guid":{"rendered":"https:\/\/www.balticmedia.com\/ueber-uns\/our-values\/"},"modified":"2025-09-29T11:02:50","modified_gmt":"2025-09-29T08:02:50","slug":"unsere-werte","status":"publish","type":"page","link":"https:\/\/www.balticmedia.com\/de\/ubersetzung\/unsere-werte\/","title":{"rendered":"Unsere Werte"},"content":{"rendered":"<div id=\"pl-28887\"  class=\"panel-layout\" ><div id=\"pg-28887-0\"  class=\"panel-grid panel-no-style\" ><div id=\"pgc-28887-0-0\"  class=\"panel-grid-cell\" ><div id=\"panel-28887-0-0-0\" class=\"so-panel widget widget_sow-image panel-first-child panel-last-child\" data-index=\"0\" ><div\n\t\t\t\n\t\t\tclass=\"so-widget-sow-image so-widget-sow-image-default-8b5b6f678277-28887\"\n\t\t\t\n\t\t>\n<div class=\"sow-image-container\">\n\t\t<img loading=\"lazy\" decoding=\"async\" src=\"https:\/\/i0.wp.com\/www.balticmedia.com\/wp-content\/uploads\/1about_us-scaled-1.jpg?fit=2560%2C549&amp;ssl=1\" width=\"2560\" height=\"549\" srcset=\"https:\/\/i0.wp.com\/www.balticmedia.com\/wp-content\/uploads\/1about_us-scaled-1.jpg?w=2560&amp;ssl=1 2560w, https:\/\/i0.wp.com\/www.balticmedia.com\/wp-content\/uploads\/1about_us-scaled-1.jpg?resize=300%2C64&amp;ssl=1 300w, https:\/\/i0.wp.com\/www.balticmedia.com\/wp-content\/uploads\/1about_us-scaled-1.jpg?resize=1024%2C220&amp;ssl=1 1024w, https:\/\/i0.wp.com\/www.balticmedia.com\/wp-content\/uploads\/1about_us-scaled-1.jpg?resize=768%2C165&amp;ssl=1 768w, https:\/\/i0.wp.com\/www.balticmedia.com\/wp-content\/uploads\/1about_us-scaled-1.jpg?resize=1536%2C329&amp;ssl=1 1536w, https:\/\/i0.wp.com\/www.balticmedia.com\/wp-content\/uploads\/1about_us-scaled-1.jpg?resize=2048%2C439&amp;ssl=1 2048w, https:\/\/i0.wp.com\/www.balticmedia.com\/wp-content\/uploads\/1about_us-scaled-1.jpg?w=2400&amp;ssl=1 2400w\" title=\"1about_us\" alt=\"\" class=\"so-widget-image\">\n\t<\/div>\n\n<\/div><\/div><\/div><\/div><div id=\"pg-28887-1\"  class=\"panel-grid panel-no-style\" ><div id=\"pgc-28887-1-0\"  class=\"panel-grid-cell\" ><div id=\"panel-28887-1-0-0\" class=\"so-panel widget widget_sow-editor panel-first-child widgetopts-SO\" data-index=\"1\" ><div\n\t\t\t\n\t\t\tclass=\"so-widget-sow-editor so-widget-sow-editor-base\"\n\t\t\t\n\t\t>\n<div class=\"siteorigin-widget-tinymce textwidget\">\n\t<pre><form aria-label=\"Search this website\" role=\"search\" method=\"get\" class=\"oceanwp-searchform\" id=\"searchform\" action=\"https:\/\/www.balticmedia.com\/de\/\"><input aria-label=\"Insert search query\" type=\"text\" class=\"field\" name=\"s\" id=\"s\" placeholder=\"Search\"><button aria-label=\"Submit your search\" type=\"submit\" class=\"search-submit\" value=\"\"><i class=\"icon-magnifier\" aria-hidden=\"true\"><\/i><\/button><\/form><\/pre>\n<\/div>\n<\/div><\/div><div id=\"panel-28887-1-0-1\" class=\"so-panel widget widget_ocean_custom_menu widget-oceanwp-custom-menu custom-menu-widget widgetopts-SO\" data-index=\"2\" ><div class=\"oceanwp-custom-menu clr ocean_custom_menu-2 left dropdown-hover\"><ul id=\"menu-ueber-uns-about-us\" class=\"dropdown-menu sf-menu\"><li  id=\"menu-item-41210\" class=\"menu-item menu-item-type-post_type menu-item-object-page menu-item-41210\"><a href=\"https:\/\/www.balticmedia.com\/de\/ubersetzung\/\" class=\"menu-link\">Professionelle \u00dcbersetzung<\/a><\/li>\n<li  id=\"menu-item-41213\" class=\"menu-item menu-item-type-post_type menu-item-object-page menu-item-41213\"><a href=\"https:\/\/www.balticmedia.com\/de\/der-beste-ubersetzer\/\" class=\"menu-link\">Der beste \u00dcbersetzer<\/a><\/li>\n<li  id=\"menu-item-41214\" class=\"menu-item menu-item-type-post_type menu-item-object-page menu-item-41214\"><a href=\"https:\/\/www.balticmedia.com\/de\/ubersetzung\/unser-team\/\" class=\"menu-link\">Unser Team<\/a><\/li>\n<li  id=\"menu-item-41215\" class=\"menu-item menu-item-type-post_type menu-item-object-page menu-item-41215\"><a href=\"https:\/\/www.balticmedia.com\/de\/ubersetzung\/unsere-geschichte\/\" class=\"menu-link\">Unsere Geschichte<\/a><\/li>\n<li  id=\"menu-item-102676\" class=\"menu-item menu-item-type-post_type menu-item-object-page menu-item-102676\"><a href=\"https:\/\/www.balticmedia.com\/de\/was-ist-ein-uebersetzungsbuero\/\" class=\"menu-link\">Was ist ein \u00dcbersetzungsb\u00fcro?<\/a><\/li>\n<li  id=\"menu-item-102798\" class=\"menu-item menu-item-type-post_type menu-item-object-page menu-item-102798\"><a href=\"https:\/\/www.balticmedia.com\/de\/ubersetzung\/wie-ein-uebersetzungsbuero-funktioniert\/\" class=\"menu-link\">Wie ein \u00dcbersetzungsb\u00fcro funktioniert?<\/a><\/li>\n<li  id=\"menu-item-41216\" class=\"menu-item menu-item-type-post_type menu-item-object-page menu-item-41216\"><a href=\"https:\/\/www.balticmedia.com\/de\/ubersetzung\/unsere-werte\/\" class=\"menu-link\">Unsere Werte<\/a><\/li>\n<li  id=\"menu-item-41217\" class=\"menu-item menu-item-type-post_type menu-item-object-page menu-item-41217\"><a href=\"https:\/\/www.balticmedia.com\/de\/ubersetzung\/warum-baltic-media\/\" class=\"menu-link\">Warum das \u00dcbersetzungsb\u00fcro Baltic Media w\u00e4hlen?<\/a><\/li>\n<li  id=\"menu-item-41211\" class=\"menu-item menu-item-type-post_type menu-item-object-page menu-item-41211\"><a href=\"https:\/\/www.balticmedia.com\/de\/ubersetzung\/allgemeine-geschaeftsbedingungen\/\" class=\"menu-link\">Allgemeine Gesch\u00e4ftsbedingungen (EN)<\/a><\/li>\n<li  id=\"menu-item-41212\" class=\"menu-item menu-item-type-post_type menu-item-object-page menu-item-41212\"><a href=\"https:\/\/www.balticmedia.com\/de\/ubersetzung\/ausbildung-des-personals\/\" class=\"menu-link\">Ausbildung des Personals (EN)<\/a><\/li>\n<li  id=\"menu-item-79201\" class=\"menu-item menu-item-type-post_type menu-item-object-page menu-item-79201\"><a href=\"https:\/\/www.balticmedia.com\/de\/ubersetzung\/zurueck-in-unsere-geschichte\/\" class=\"menu-link\">Zur\u00fcck in unsere Geschichte<\/a><\/li>\n<\/ul><\/div><\/div><div id=\"panel-28887-1-0-2\" class=\"so-panel widget widget_ocean_custom_menu widget-oceanwp-custom-menu custom-menu-widget panel-last-child widgetopts-SO\" data-index=\"3\" ><div class=\"oceanwp-custom-menu clr ocean_custom_menu-2 left dropdown-hover\"><ul id=\"menu-partner-de\" class=\"dropdown-menu sf-menu\"><li  id=\"menu-item-14914\" class=\"menu-item menu-item-type-custom menu-item-object-custom menu-item-14914\"><a target=\"_blank\" href=\"https:\/\/balticmedia.s.xtrf.eu\/vendors\/#\/sign-in\" class=\"menu-link\" rel=\"nofollow noopener\"><i class=\"icon before line-icon icon-briefcase\" aria-hidden=\"true\" style=\"font-size:2em;\"><\/i><span class=\"menu-text\">Partnerportal<\/span><\/a><\/li>\n<li  id=\"menu-item-14915\" class=\"menu-item menu-item-type-custom menu-item-object-custom menu-item-14915\"><a target=\"_blank\" href=\"https:\/\/www.balticmedia.com\/wp-content\/uploads\/11-Reasons-to-Choose-Baltic-Media-2026.pdf\" class=\"menu-link\"><i class=\"icon before line-icon icon-people\" aria-hidden=\"true\" style=\"font-size:2em;\"><\/i><span class=\"menu-text\">Unternehmensprofil<\/span><\/a><\/li>\n<li  id=\"menu-item-14916\" class=\"menu-item menu-item-type-custom menu-item-object-custom menu-item-14916\"><a target=\"_blank\" href=\"https:\/\/www.balticmedia.com\/wp-content\/uploads\/ubersetzungs-de.pdf\" class=\"menu-link\"><i class=\"icon before line-icon icon-organization\" aria-hidden=\"true\" style=\"font-size:2em;\"><\/i><span class=\"menu-text\">\u00dcbersetzung. Schrittweises Vorgehen<\/span><\/a><\/li>\n<li  id=\"menu-item-14917\" class=\"menu-item menu-item-type-custom menu-item-object-custom menu-item-14917\"><a target=\"_blank\" href=\"https:\/\/www.balticmedia.com\/wp-content\/uploads\/Baltic-Media-Ltd.-Service-Terms-and-Conditions.pdf\" class=\"menu-link\"><i class=\"icon before line-icon icon-docs\" aria-hidden=\"true\" style=\"font-size:2em;\"><\/i><span class=\"menu-text\">Allgemeine Gesch\u00e4ftsbedingungen  (EN)<\/span><\/a><\/li>\n<li  id=\"menu-item-14918\" class=\"menu-item menu-item-type-custom menu-item-object-custom menu-item-14918\"><a target=\"_blank\" href=\"https:\/\/www.balticmedia.com\/wp-content\/uploads\/iSO-certificate-2023.png\" class=\"menu-link\"><i class=\"icon before line-icon icon-doc\" aria-hidden=\"true\" style=\"font-size:2em;\"><\/i><span class=\"menu-text\">ISO 9001:2015 Quality Certification<\/span><\/a><\/li>\n<li  id=\"menu-item-14919\" class=\"menu-item menu-item-type-custom menu-item-object-custom menu-item-14919\"><a target=\"_blank\" href=\"https:\/\/www.balticmedia.com\/wp-content\/uploads\/362531_copyrighttrademarkbalticmedia.pdf\" class=\"menu-link\"><i class=\"icon before line-icon icon-info\" aria-hidden=\"true\" style=\"font-size:2em;\"><\/i><span class=\"menu-text\">Copyright | Trademark Baltic Media<sup>\u00ae<\/sup><\/span><\/a><\/li>\n<\/ul><\/div><\/div><\/div><div id=\"pgc-28887-1-1\"  class=\"panel-grid-cell\" ><div id=\"panel-28887-1-1-0\" class=\"so-panel widget widget_sow-editor panel-first-child panel-last-child widgetopts-hide_title widgetopts-SO\" data-index=\"4\" ><div\n\t\t\t\n\t\t\tclass=\"so-widget-sow-editor so-widget-sow-editor-base\"\n\t\t\t\n\t\t><h3 class=\"widget-title\">Unsere Werte<\/h3>\n<div class=\"siteorigin-widget-tinymce textwidget\">\n\t<h2 class=\"serp-title\">Unsere Werte\u00a0 | <strong>\u00dcbersetzungsb\u00fcro<\/strong>\u00a0<strong>Baltic Media<\/strong><\/h2>\n<p><img data-recalc-dims=\"1\" loading=\"lazy\" decoding=\"async\" class=\"alignnone size-full wp-image-1967\" src=\"https:\/\/i0.wp.com\/www.balticmedia.com\/wp-content\/uploads\/Baltic-Media-baneris-2020-stockholm-lidingo-bro-OK-2.jpg?resize=300%2C178&#038;ssl=1\" alt=\"Baltic Media Team 2020\" width=\"300\" height=\"178\" title=\"\"><img data-recalc-dims=\"1\" loading=\"lazy\" decoding=\"async\" class=\"alignnone wp-image-1474 size-medium\" src=\"https:\/\/i0.wp.com\/www.balticmedia.com\/wp-content\/uploads\/BM-logo-328x90-web-2.jpg?resize=300%2C82&#038;ssl=1\" alt=\"Unsere Werte\" width=\"300\" height=\"82\" srcset=\"https:\/\/i0.wp.com\/www.balticmedia.com\/wp-content\/uploads\/BM-logo-328x90-web-2-e1732657723740.jpg?resize=300%2C82&amp;ssl=1 300w, https:\/\/i0.wp.com\/www.balticmedia.com\/wp-content\/uploads\/BM-logo-328x90-web-2-e1732657723740.jpg?w=328&amp;ssl=1 328w\" sizes=\"auto, (max-width: 300px) 100vw, 300px\" title=\"\"><\/p>\n<p><strong>Die Grundwerte<\/strong> des \u00dcbersetzungsb\u00fcros und der Sprachschule Baltic Media Ltd.:<\/p>\n<ul>\n<li>Wahrnehmung der Kundeninteressen durch professionelle, qualitative und schnelle Dienstleistungen. Immer zug\u00e4nglich sein und die Kundenanspr\u00fcche verstehen. Unsere Kunden m\u00fcssen davon \u00fcberzeugt sein, dass sie sich auf Baltic Media Ltd. verlassen k\u00f6nnen.<\/li>\n<li>Pflege der langfristigen Beziehungen mit den Kunden. Die Kunden \u00fcber die Spezifik der gekauften Dienstleistung und die Qualit\u00e4tsicherung zu informieren.<\/li>\n<li>Gew\u00e4hrleistung einer progressiven, demokratischen und den Marktumst\u00e4nden entsprechenden Arbeitsumgebung und Kulturf\u00f6rderung im Unternehmen.<\/li>\n<li>Wahrnehmung der W\u00fcnsche von Kunden und Lieferanten, durch einen w\u00fcrdevoller Umgang und Gew\u00e4hrleistung der M\u00f6glichkeiten der Weiterbildung und Karriere, dank positiv orientierten sozialen Umgebung und durch Beachten jedes einzelnen Mitarbeiters und Lieferantes.<\/li>\n<\/ul>\n<p>Baltic Media Ltd. legt hohen Wert auf eine erfolgreiche Zusammenarbeit nicht nur mit unseren Kunden, sondern auch mit unseren Mitarbeitern und Lieferanten.<\/p>\n<p>Baltic Media Ltd. organisiert die angebotenen Dienstleistungen je nach Kundenanspr\u00fcchen. Einer der wichtigsten Anspr\u00fcche ist ein schneller Service. Wir sind auch au\u00dferhalb der \u00fcblichen Arbeitszeiten erreichbar.<\/p>\n<p><strong>Qualit\u00e4t und umgehende Auftragsbearbeitung\u00a0<\/strong>sind die wesentlichen Faktoren, die f\u00fcr die Kunden bei der Wahl von Baltic Media Ltd. ausschlaggebend sind.<\/p>\n<h2>Baltic Media<sup>\u00ae<\/sup> \u00dcbersetzungsb\u00fcro in Nordeuropa<\/h2>\n<p>Das skandinavisch-baltische \u00dcbersetzungsb\u00fcro Baltic Media<sup>\u00ae<\/sup> ist ein f\u00fchrender Anbieter von digitalen \u00dcbersetzungsdiensten in Nordeuropa, das sich auf nordeurop\u00e4ische Sprachen (einschlie\u00dflich skandinavischer, baltischer und slavischer) Sprachen spezialisiert. Vorrangig werden \u00dcbersetzungsdienste in den Sprachen Schwedisch, Finnisch, D\u00e4nisch, Isl\u00e4ndisch, Far\u00f6isch, Norwegisch, Deutsch, Englisch, Polnisch, Russisch, Lettisch, Litauisch und Estnisch angeboten.<\/p>\n<p>Als ISO-zertifizierer Sprachdienstanbeiter stellt das menschliche \u00dcbersetzungsdienste f\u00fcr Unternehmen, Beh\u00f6rden und Privatkunden bereit.<\/p>\n<h3><a href=\"\/de\/ueber-uns\/warum-baltic-media\/\">Warum sollten Sie sich f\u00fcr das nordisch-baltische \u00dcbersetzungsb\u00fcro Baltic Media<sup>\u00ae<\/sup> entscheiden?<\/a><\/h3>\n<h3><a href=\"\/de\/preise\/\">Wie senken Sie die Kosten Ihrer \u00dcbersetzungen ohne Abstriche bei der Qualit\u00e4t?<\/a><\/h3>\n<h3><a href=\"\/de\/ueber-uns\/menschliche-uebersetzung\/\">Warum sind menschliche \u00dcbersetzungsdienste Ihre beste Wahl?<\/a><\/h3>\n<h3><a href=\"https:\/\/www.balticmedia.com\/de\/globale-uebersetzungsdienste\/post-editing-maschinelle-uebersetzungen\/\">\u00dcbersetzen Sie anhand von Google, Bing, Microsoft, Tilde, Yandex und lassen Sie die \u00dcbersetzung von uns \u00fcberarbeiten!<\/a><\/h3>\n<h3><a href=\"https:\/\/www.balticmedia.com\/de\/preisanfrage\/\">Kostenlose Voranschl\u00e4ge<\/a><\/h3>\n<h3><a href=\"https:\/\/www.balticmedia.com\/de\/informationsanfrage\/\">Informationsanfrage<\/a><\/h3>\n<h3><a href=\"mailto:info@balticmedia.com\">E-Mail<\/a><\/h3>\n<p><iframe loading=\"lazy\" title=\"YouTube video player\" src=\"https:\/\/www.youtube.com\/embed\/4iBHfTrGJYc\" width=\"600\" height=\"450\" frameborder=\"0\" allowfullscreen=\"allowfullscreen\"><\/iframe><\/p>\n<\/div>\n<\/div><\/div><\/div><\/div><\/div>","protected":false},"excerpt":{"rendered":"<p>Unsere Werte\u00a0 | \u00dcbersetzungsb\u00fcro\u00a0Baltic Media Die Grundwerte des \u00dcbersetzungsb\u00fcros und der Sprachschule Baltic Media Ltd.: Wahrnehmung der Kundeninteressen durch professionelle, qualitative und schnelle Dienstleistungen. Immer zug\u00e4nglich sein und die Kundenanspr\u00fcche verstehen. Unsere Kunden m\u00fcssen davon \u00fcberzeugt sein, dass sie sich auf Baltic Media Ltd. verlassen k\u00f6nnen. Pflege der langfristigen Beziehungen mit den Kunden. Die Kunden [&hellip;]<\/p>\n","protected":false},"author":2,"featured_media":135484,"parent":16014,"menu_order":0,"comment_status":"closed","ping_status":"closed","template":"","meta":{"ocean_post_layout":"","ocean_both_sidebars_style":"","ocean_both_sidebars_content_width":0,"ocean_both_sidebars_sidebars_width":0,"ocean_sidebar":"0","ocean_second_sidebar":"0","ocean_disable_margins":"enable","ocean_add_body_class":"","ocean_shortcode_before_top_bar":"","ocean_shortcode_after_top_bar":"","ocean_shortcode_before_header":"","ocean_shortcode_after_header":"","ocean_has_shortcode":"","ocean_shortcode_after_title":"","ocean_shortcode_before_footer_widgets":"","ocean_shortcode_after_footer_widgets":"","ocean_shortcode_before_footer_bottom":"","ocean_shortcode_after_footer_bottom":"","ocean_display_top_bar":"default","ocean_display_header":"default","ocean_header_style":"","ocean_center_header_left_menu":"0","ocean_custom_header_template":"0","ocean_custom_logo":0,"ocean_custom_retina_logo":0,"ocean_custom_logo_max_width":0,"ocean_custom_logo_tablet_max_width":0,"ocean_custom_logo_mobile_max_width":0,"ocean_custom_logo_max_height":0,"ocean_custom_logo_tablet_max_height":0,"ocean_custom_logo_mobile_max_height":0,"ocean_header_custom_menu":"0","ocean_menu_typo_font_family":"0","ocean_menu_typo_font_subset":"","ocean_menu_typo_font_size":0,"ocean_menu_typo_font_size_tablet":0,"ocean_menu_typo_font_size_mobile":0,"ocean_menu_typo_font_size_unit":"px","ocean_menu_typo_font_weight":"","ocean_menu_typo_font_weight_tablet":"","ocean_menu_typo_font_weight_mobile":"","ocean_menu_typo_transform":"","ocean_menu_typo_transform_tablet":"","ocean_menu_typo_transform_mobile":"","ocean_menu_typo_line_height":0,"ocean_menu_typo_line_height_tablet":0,"ocean_menu_typo_line_height_mobile":0,"ocean_menu_typo_line_height_unit":"","ocean_menu_typo_spacing":0,"ocean_menu_typo_spacing_tablet":0,"ocean_menu_typo_spacing_mobile":0,"ocean_menu_typo_spacing_unit":"","ocean_menu_link_color":"","ocean_menu_link_color_hover":"","ocean_menu_link_color_active":"","ocean_menu_link_background":"","ocean_menu_link_hover_background":"","ocean_menu_link_active_background":"","ocean_menu_social_links_bg":"","ocean_menu_social_hover_links_bg":"","ocean_menu_social_links_color":"","ocean_menu_social_hover_links_color":"","ocean_disable_title":"default","ocean_disable_heading":"default","ocean_post_title":"","ocean_post_subheading":"","ocean_post_title_style":"","ocean_post_title_background_color":"","ocean_post_title_background":0,"ocean_post_title_bg_image_position":"","ocean_post_title_bg_image_attachment":"","ocean_post_title_bg_image_repeat":"","ocean_post_title_bg_image_size":"","ocean_post_title_height":0,"ocean_post_title_bg_overlay":0.5,"ocean_post_title_bg_overlay_color":"","ocean_disable_breadcrumbs":"default","ocean_breadcrumbs_color":"","ocean_breadcrumbs_separator_color":"","ocean_breadcrumbs_links_color":"","ocean_breadcrumbs_links_hover_color":"","ocean_display_footer_widgets":"default","ocean_display_footer_bottom":"default","ocean_custom_footer_template":"0","ofc_meta_disable_footer_callout":"","ofc_meta_callout_button_url":"","ofc_meta_callout_button_txt":"","ofc_meta_callout_text":"","osh_disable_topbar_sticky":"default","osh_disable_header_sticky":"default","osh_sticky_header_style":"default","osh_sticky_header_effect":"","osh_custom_sticky_logo":0,"osh_custom_retina_sticky_logo":0,"osh_custom_sticky_logo_height":0,"osh_background_color":"","osh_links_color":"","osh_links_hover_color":"","osh_links_active_color":"","osh_links_bg_color":"","osh_links_hover_bg_color":"","osh_links_active_bg_color":"","osh_menu_social_links_color":"","osh_menu_social_hover_links_color":"","footnotes":""},"class_list":["post-28887","page","type-page","status-publish","has-post-thumbnail","hentry","entry","has-media"],"jetpack_sharing_enabled":true,"jetpack_likes_enabled":true,"jetpack-related-posts":[],"jetpack_shortlink":"https:\/\/wp.me\/Pe7Cu3-7vV","_links":{"self":[{"href":"https:\/\/www.balticmedia.com\/de\/wp-json\/wp\/v2\/pages\/28887","targetHints":{"allow":["GET"]}}],"collection":[{"href":"https:\/\/www.balticmedia.com\/de\/wp-json\/wp\/v2\/pages"}],"about":[{"href":"https:\/\/www.balticmedia.com\/de\/wp-json\/wp\/v2\/types\/page"}],"author":[{"embeddable":true,"href":"https:\/\/www.balticmedia.com\/de\/wp-json\/wp\/v2\/users\/2"}],"replies":[{"embeddable":true,"href":"https:\/\/www.balticmedia.com\/de\/wp-json\/wp\/v2\/comments?post=28887"}],"version-history":[{"count":5,"href":"https:\/\/www.balticmedia.com\/de\/wp-json\/wp\/v2\/pages\/28887\/revisions"}],"predecessor-version":[{"id":139017,"href":"https:\/\/www.balticmedia.com\/de\/wp-json\/wp\/v2\/pages\/28887\/revisions\/139017"}],"up":[{"embeddable":true,"href":"https:\/\/www.balticmedia.com\/de\/wp-json\/wp\/v2\/pages\/16014"}],"wp:featuredmedia":[{"embeddable":true,"href":"https:\/\/www.balticmedia.com\/de\/wp-json\/wp\/v2\/media\/135484"}],"wp:attachment":[{"href":"https:\/\/www.balticmedia.com\/de\/wp-json\/wp\/v2\/media?parent=28887"}],"curies":[{"name":"wp","href":"https:\/\/api.w.org\/{rel}","templated":true}]}}