{"id":28532,"date":"2021-01-30T12:07:58","date_gmt":"2021-01-30T10:07:58","guid":{"rendered":"https:\/\/www.balticmedia.com\/ueber-uns\/our-story\/"},"modified":"2022-05-11T11:37:28","modified_gmt":"2022-05-11T08:37:28","slug":"unsere-geschichte","status":"publish","type":"page","link":"https:\/\/www.balticmedia.com\/de\/ubersetzung\/unsere-geschichte\/","title":{"rendered":"Unsere Geschichte"},"content":{"rendered":"<div id=\"pl-28532\"  class=\"panel-layout\" ><div id=\"pg-28532-0\"  class=\"panel-grid panel-no-style\" ><div id=\"pgc-28532-0-0\"  class=\"panel-grid-cell\" ><div id=\"panel-28532-0-0-0\" class=\"so-panel widget widget_sow-image panel-first-child panel-last-child widgetopts-SO\" data-index=\"0\" ><div\n\t\t\t\n\t\t\tclass=\"so-widget-sow-image so-widget-sow-image-default-8b5b6f678277-28532\"\n\t\t\t\n\t\t>\n<div class=\"sow-image-container\">\n\t\t<img loading=\"lazy\" decoding=\"async\" src=\"https:\/\/i0.wp.com\/www.balticmedia.com\/wp-content\/uploads\/1about_us-scaled-1.jpg?fit=2560%2C549&amp;ssl=1\" width=\"2560\" height=\"549\" srcset=\"https:\/\/i0.wp.com\/www.balticmedia.com\/wp-content\/uploads\/1about_us-scaled-1.jpg?w=2560&amp;ssl=1 2560w, https:\/\/i0.wp.com\/www.balticmedia.com\/wp-content\/uploads\/1about_us-scaled-1.jpg?resize=300%2C64&amp;ssl=1 300w, https:\/\/i0.wp.com\/www.balticmedia.com\/wp-content\/uploads\/1about_us-scaled-1.jpg?resize=1024%2C220&amp;ssl=1 1024w, https:\/\/i0.wp.com\/www.balticmedia.com\/wp-content\/uploads\/1about_us-scaled-1.jpg?resize=768%2C165&amp;ssl=1 768w, https:\/\/i0.wp.com\/www.balticmedia.com\/wp-content\/uploads\/1about_us-scaled-1.jpg?resize=1536%2C329&amp;ssl=1 1536w, https:\/\/i0.wp.com\/www.balticmedia.com\/wp-content\/uploads\/1about_us-scaled-1.jpg?resize=2048%2C439&amp;ssl=1 2048w, https:\/\/i0.wp.com\/www.balticmedia.com\/wp-content\/uploads\/1about_us-scaled-1.jpg?w=2400&amp;ssl=1 2400w\" title=\"1about_us\" alt=\"\" class=\"so-widget-image\">\n\t<\/div>\n\n<\/div><\/div><\/div><\/div><div id=\"pg-28532-1\"  class=\"panel-grid panel-no-style\" ><div id=\"pgc-28532-1-0\"  class=\"panel-grid-cell\" ><div id=\"panel-28532-1-0-0\" class=\"so-panel widget widget_sow-editor panel-first-child widgetopts-SO\" data-index=\"1\" ><div\n\t\t\t\n\t\t\tclass=\"so-widget-sow-editor so-widget-sow-editor-base\"\n\t\t\t\n\t\t>\n<div class=\"siteorigin-widget-tinymce textwidget\">\n\t<pre><form aria-label=\"Search this website\" role=\"search\" method=\"get\" class=\"oceanwp-searchform\" id=\"searchform\" action=\"https:\/\/www.balticmedia.com\/de\/\"><input aria-label=\"Insert search query\" type=\"text\" class=\"field\" name=\"s\" id=\"s\" placeholder=\"Search\"><button aria-label=\"Submit your search\" type=\"submit\" class=\"search-submit\" value=\"\"><i class=\"icon-magnifier\" aria-hidden=\"true\"><\/i><\/button><\/form><\/pre>\n<\/div>\n<\/div><\/div><div id=\"panel-28532-1-0-1\" class=\"so-panel widget widget_ocean_custom_menu widget-oceanwp-custom-menu custom-menu-widget extendedwopts-hide extendedwopts-tablet extendedwopts-mobile widgetopts-SO\" data-index=\"2\" ><div class=\"oceanwp-custom-menu clr ocean_custom_menu-2 left dropdown-hover\"><ul id=\"menu-ueber-uns-about-us\" class=\"dropdown-menu sf-menu\"><li  id=\"menu-item-41210\" class=\"menu-item menu-item-type-post_type menu-item-object-page menu-item-41210\"><a href=\"https:\/\/www.balticmedia.com\/de\/ubersetzung\/\" class=\"menu-link\">Professionelle \u00dcbersetzung<\/a><\/li>\n<li  id=\"menu-item-41213\" class=\"menu-item menu-item-type-post_type menu-item-object-page menu-item-41213\"><a href=\"https:\/\/www.balticmedia.com\/de\/der-beste-ubersetzer\/\" class=\"menu-link\">Der beste \u00dcbersetzer<\/a><\/li>\n<li  id=\"menu-item-41214\" class=\"menu-item menu-item-type-post_type menu-item-object-page menu-item-41214\"><a href=\"https:\/\/www.balticmedia.com\/de\/ubersetzung\/unser-team\/\" class=\"menu-link\">Unser Team<\/a><\/li>\n<li  id=\"menu-item-41215\" class=\"menu-item menu-item-type-post_type menu-item-object-page menu-item-41215\"><a href=\"https:\/\/www.balticmedia.com\/de\/ubersetzung\/unsere-geschichte\/\" class=\"menu-link\">Unsere Geschichte<\/a><\/li>\n<li  id=\"menu-item-102676\" class=\"menu-item menu-item-type-post_type menu-item-object-page menu-item-102676\"><a href=\"https:\/\/www.balticmedia.com\/de\/was-ist-ein-uebersetzungsbuero\/\" class=\"menu-link\">Was ist ein \u00dcbersetzungsb\u00fcro?<\/a><\/li>\n<li  id=\"menu-item-102798\" class=\"menu-item menu-item-type-post_type menu-item-object-page menu-item-102798\"><a href=\"https:\/\/www.balticmedia.com\/de\/ubersetzung\/wie-ein-uebersetzungsbuero-funktioniert\/\" class=\"menu-link\">Wie ein \u00dcbersetzungsb\u00fcro funktioniert?<\/a><\/li>\n<li  id=\"menu-item-41216\" class=\"menu-item menu-item-type-post_type menu-item-object-page menu-item-41216\"><a href=\"https:\/\/www.balticmedia.com\/de\/ubersetzung\/unsere-werte\/\" class=\"menu-link\">Unsere Werte<\/a><\/li>\n<li  id=\"menu-item-41217\" class=\"menu-item menu-item-type-post_type menu-item-object-page menu-item-41217\"><a href=\"https:\/\/www.balticmedia.com\/de\/ubersetzung\/warum-baltic-media\/\" class=\"menu-link\">Warum das \u00dcbersetzungsb\u00fcro Baltic Media w\u00e4hlen?<\/a><\/li>\n<li  id=\"menu-item-41211\" class=\"menu-item menu-item-type-post_type menu-item-object-page menu-item-41211\"><a href=\"https:\/\/www.balticmedia.com\/de\/ubersetzung\/allgemeine-geschaeftsbedingungen\/\" class=\"menu-link\">Allgemeine Gesch\u00e4ftsbedingungen (EN)<\/a><\/li>\n<li  id=\"menu-item-41212\" class=\"menu-item menu-item-type-post_type menu-item-object-page menu-item-41212\"><a href=\"https:\/\/www.balticmedia.com\/de\/ubersetzung\/ausbildung-des-personals\/\" class=\"menu-link\">Ausbildung des Personals (EN)<\/a><\/li>\n<li  id=\"menu-item-79201\" class=\"menu-item menu-item-type-post_type menu-item-object-page menu-item-79201\"><a href=\"https:\/\/www.balticmedia.com\/de\/ubersetzung\/zurueck-in-unsere-geschichte\/\" class=\"menu-link\">Zur\u00fcck in unsere Geschichte<\/a><\/li>\n<\/ul><\/div><\/div><div id=\"panel-28532-1-0-2\" class=\"so-panel widget widget_ocean_custom_menu widget-oceanwp-custom-menu custom-menu-widget panel-last-child widgetopts-SO\" data-index=\"3\" ><div class=\"oceanwp-custom-menu clr ocean_custom_menu-2 left dropdown-hover\"><ul id=\"menu-partner-de\" class=\"dropdown-menu sf-menu\"><li  id=\"menu-item-14914\" class=\"menu-item menu-item-type-custom menu-item-object-custom menu-item-14914\"><a target=\"_blank\" href=\"https:\/\/balticmedia.s.xtrf.eu\/vendors\/#\/sign-in\" class=\"menu-link\" rel=\"nofollow noopener\"><i class=\"icon before line-icon icon-briefcase\" aria-hidden=\"true\" style=\"font-size:2em;\"><\/i><span class=\"menu-text\">Partnerportal<\/span><\/a><\/li>\n<li  id=\"menu-item-14915\" class=\"menu-item menu-item-type-custom menu-item-object-custom menu-item-14915\"><a target=\"_blank\" href=\"https:\/\/www.balticmedia.com\/wp-content\/uploads\/11-Reasons-to-Choose-Baltic-Media-2026.pdf\" class=\"menu-link\"><i class=\"icon before line-icon icon-people\" aria-hidden=\"true\" style=\"font-size:2em;\"><\/i><span class=\"menu-text\">Unternehmensprofil<\/span><\/a><\/li>\n<li  id=\"menu-item-14916\" class=\"menu-item menu-item-type-custom menu-item-object-custom menu-item-14916\"><a target=\"_blank\" href=\"https:\/\/www.balticmedia.com\/wp-content\/uploads\/ubersetzungs-de.pdf\" class=\"menu-link\"><i class=\"icon before line-icon icon-organization\" aria-hidden=\"true\" style=\"font-size:2em;\"><\/i><span class=\"menu-text\">\u00dcbersetzung. Schrittweises Vorgehen<\/span><\/a><\/li>\n<li  id=\"menu-item-14917\" class=\"menu-item menu-item-type-custom menu-item-object-custom menu-item-14917\"><a target=\"_blank\" href=\"https:\/\/www.balticmedia.com\/wp-content\/uploads\/Baltic-Media-Ltd.-Service-Terms-and-Conditions.pdf\" class=\"menu-link\"><i class=\"icon before line-icon icon-docs\" aria-hidden=\"true\" style=\"font-size:2em;\"><\/i><span class=\"menu-text\">Allgemeine Gesch\u00e4ftsbedingungen  (EN)<\/span><\/a><\/li>\n<li  id=\"menu-item-14918\" class=\"menu-item menu-item-type-custom menu-item-object-custom menu-item-14918\"><a target=\"_blank\" href=\"https:\/\/www.balticmedia.com\/wp-content\/uploads\/iSO-certificate-2023.png\" class=\"menu-link\"><i class=\"icon before line-icon icon-doc\" aria-hidden=\"true\" style=\"font-size:2em;\"><\/i><span class=\"menu-text\">ISO 9001:2015 Quality Certification<\/span><\/a><\/li>\n<li  id=\"menu-item-14919\" class=\"menu-item menu-item-type-custom menu-item-object-custom menu-item-14919\"><a target=\"_blank\" href=\"https:\/\/www.balticmedia.com\/wp-content\/uploads\/362531_copyrighttrademarkbalticmedia.pdf\" class=\"menu-link\"><i class=\"icon before line-icon icon-info\" aria-hidden=\"true\" style=\"font-size:2em;\"><\/i><span class=\"menu-text\">Copyright | Trademark Baltic Media<sup>\u00ae<\/sup><\/span><\/a><\/li>\n<\/ul><\/div><\/div><\/div><div id=\"pgc-28532-1-1\"  class=\"panel-grid-cell\" ><div id=\"panel-28532-1-1-0\" class=\"so-panel widget widget_sow-editor panel-first-child widgetopts-SO\" data-index=\"4\" ><div\n\t\t\t\n\t\t\tclass=\"so-widget-sow-editor so-widget-sow-editor-base\"\n\t\t\t\n\t\t>\n<div class=\"siteorigin-widget-tinymce textwidget\">\n\t<h1>\u00dcbersetzungsb\u00fcro |\u00a0<strong>Unsere Geschichte: 30 Jahre Erfahrung<\/strong>\u00a0|\u00a0\u00dcbersetztungsb\u00fcro Baltic Media<sup>\u00ae<\/sup><\/h1>\n<h2>Skandinavische und nordeurop\u00e4ische Sprachen |\u00a0Gute Qualit\u00e4t zu einem sehr g\u00fcnstigen Preis |\u00a0\u00dcbersetzungsb\u00fcro in den nordischen und baltischen Staaten<\/h2>\n<p>Anfang der 1990er-Jahre gr\u00fcndeten die promovierten Sprach- und Kommunikationswissenschaftler\u00a0<strong>Guntar und Sandra Veinberg<\/strong>\u00a0das Unternehmen Baltikumspecialisten Sangun Veinberg, sp\u00e4ter BalticMedia.<\/p>\n<p><iframe loading=\"lazy\" src=\"https:\/\/www.youtube.com\/embed\/5VVAOnOFc-c\" width=\"560\" height=\"315\" frameborder=\"0\" allowfullscreen=\"allowfullscreen\" data-mce-fragment=\"1\"><\/iframe><\/p>\n<p>Das Unternehmen erf\u00fcllte nach der Sowjet-\u00c4ra den\u00a0<strong>Kommunikations-, \u00dcbersetzungs-, Dolmetsch- und Lokalisierungsbedarf<\/strong>\u00a0von Beh\u00f6rden und Unternehmen in Skandinavien und dem Baltikum, wobei die Sprachen rund um das Baltikum im Mittelpunkt standen.<\/p>\n<p><iframe loading=\"lazy\" src=\"https:\/\/www.youtube.com\/embed\/v1QvNwqmztQ\" width=\"560\" height=\"350\" frameborder=\"0\" scrolling=\"no\" allowfullscreen=\"allowfullscreen\" data-mce-fragment=\"1\"><\/iframe><\/p>\n<p>Das erste Hilfsmittel bei Baltic Media war ein Macintosch SE. Von Steve Jobs erfunden und von Apple hergestellt l\u00e4utete dieser Computer eine neue \u00c4ra in der Kommunikationstechnologie ein.<\/p>\n<p>Das \u00dcbersetzungsunternehmen Baltic Media Ltd ist ein f\u00fchrender Anbieter von \u00dcbersetzungs- und Lokalisierungsdienstleistungen in Nordeuropa. Seit 1991 wird das vollst\u00e4ndige Spektrum der professionellen \u00dcbersetzungsdienste in \u00fcber\u00a0<strong>150 Sprachen\u00a0<\/strong>angeboten.<\/p>\n<\/div>\n<\/div><\/div><div id=\"panel-28532-1-1-1\" class=\"so-panel widget widget_sow-image-grid widgetopts-SO\" data-index=\"5\" ><div\n\t\t\t\n\t\t\tclass=\"so-widget-sow-image-grid so-widget-sow-image-grid-default-3fbf13dff59f-28532\"\n\t\t\t\n\t\t>\t<div\n\t\tclass=\"sow-image-grid-wrapper\"\n\t\t\t\t\t>\n\t\t\t\t\t<div class=\"sow-image-grid-image\">\n\t\t\t\t\t\t\t\t\t\t\t\t<img loading=\"lazy\" decoding=\"async\" width=\"300\" height=\"120\" src=\"https:\/\/i0.wp.com\/www.balticmedia.com\/wp-content\/uploads\/logo_ar_globusu_stillbild_garena.png?fit=300%2C120&amp;ssl=1\" class=\"sow-image-grid-image_html\" alt=\"Baltic Media&lt;sup&gt;\u00ae&lt;\/sup&gt;&quot;\" title=\"\">\t\t\t\t\t\t\t\t\t\t\t<\/div>\n\t\t\t\t\t<div class=\"sow-image-grid-image\">\n\t\t\t\t\t\t\t\t\t\t\t\t<img loading=\"lazy\" decoding=\"async\" width=\"300\" height=\"82\" src=\"https:\/\/i0.wp.com\/www.balticmedia.com\/wp-content\/uploads\/BM-logo-328x90-web-2-e1732657723740.jpg?fit=300%2C82&amp;ssl=1\" class=\"sow-image-grid-image_html\" alt=\"Baltic Media&lt;sup&gt;\u00ae&lt;\/sup&gt;&quot;\" title=\"technical translation services\">\t\t\t\t\t\t\t\t\t\t\t<\/div>\n\t\t\t\t\t<div class=\"sow-image-grid-image\">\n\t\t\t\t\t\t\t\t\t\t\t\t<img loading=\"lazy\" decoding=\"async\" width=\"300\" height=\"226\" src=\"https:\/\/i0.wp.com\/www.balticmedia.com\/wp-content\/uploads\/20050117_095228.jpg?fit=300%2C226&amp;ssl=1\" class=\"sow-image-grid-image_html\" alt=\"Baltic Media Team&quot;\" title=\"20050117_09.52.28\" srcset=\"https:\/\/i0.wp.com\/www.balticmedia.com\/wp-content\/uploads\/20050117_095228.jpg?w=1024&amp;ssl=1 1024w, https:\/\/i0.wp.com\/www.balticmedia.com\/wp-content\/uploads\/20050117_095228.jpg?resize=300%2C226&amp;ssl=1 300w, https:\/\/i0.wp.com\/www.balticmedia.com\/wp-content\/uploads\/20050117_095228.jpg?resize=768%2C579&amp;ssl=1 768w\" sizes=\"auto, (max-width: 300px) 100vw, 300px\">\t\t\t\t\t\t\t\t\t\t\t<\/div>\n\t\t\t\t\t<div class=\"sow-image-grid-image\">\n\t\t\t\t\t\t\t\t\t\t\t\t<img loading=\"lazy\" decoding=\"async\" width=\"300\" height=\"199\" src=\"https:\/\/i0.wp.com\/www.balticmedia.com\/wp-content\/uploads\/baltic_media_komanda_2009.jpg?fit=300%2C199&amp;ssl=1\" class=\"sow-image-grid-image_html\" alt=\"Baltic Media Team&quot;\" title=\"\" srcset=\"https:\/\/i0.wp.com\/www.balticmedia.com\/wp-content\/uploads\/baltic_media_komanda_2009.jpg?w=2240&amp;ssl=1 2240w, https:\/\/i0.wp.com\/www.balticmedia.com\/wp-content\/uploads\/baltic_media_komanda_2009.jpg?resize=300%2C199&amp;ssl=1 300w, https:\/\/i0.wp.com\/www.balticmedia.com\/wp-content\/uploads\/baltic_media_komanda_2009.jpg?resize=1024%2C680&amp;ssl=1 1024w, https:\/\/i0.wp.com\/www.balticmedia.com\/wp-content\/uploads\/baltic_media_komanda_2009.jpg?resize=768%2C510&amp;ssl=1 768w, https:\/\/i0.wp.com\/www.balticmedia.com\/wp-content\/uploads\/baltic_media_komanda_2009.jpg?resize=1536%2C1020&amp;ssl=1 1536w, https:\/\/i0.wp.com\/www.balticmedia.com\/wp-content\/uploads\/baltic_media_komanda_2009.jpg?resize=2048%2C1360&amp;ssl=1 2048w\" sizes=\"auto, (max-width: 300px) 100vw, 300px\">\t\t\t\t\t\t\t\t\t\t\t<\/div>\n\t\t\t\t\t<div class=\"sow-image-grid-image\">\n\t\t\t\t\t\t\t\t\t\t\t\t<img loading=\"lazy\" decoding=\"async\" width=\"300\" height=\"199\" src=\"https:\/\/i0.wp.com\/www.balticmedia.com\/wp-content\/uploads\/seminars_klaipeda-scaled.jpg?fit=300%2C199&amp;ssl=1\" class=\"sow-image-grid-image_html\" alt=\"Klaipeda&quot;\" title=\"seminars_klaipeda\" srcset=\"https:\/\/i0.wp.com\/www.balticmedia.com\/wp-content\/uploads\/seminars_klaipeda-scaled.jpg?w=2560&amp;ssl=1 2560w, https:\/\/i0.wp.com\/www.balticmedia.com\/wp-content\/uploads\/seminars_klaipeda-scaled.jpg?resize=300%2C199&amp;ssl=1 300w, https:\/\/i0.wp.com\/www.balticmedia.com\/wp-content\/uploads\/seminars_klaipeda-scaled.jpg?resize=1024%2C681&amp;ssl=1 1024w, https:\/\/i0.wp.com\/www.balticmedia.com\/wp-content\/uploads\/seminars_klaipeda-scaled.jpg?resize=768%2C511&amp;ssl=1 768w, https:\/\/i0.wp.com\/www.balticmedia.com\/wp-content\/uploads\/seminars_klaipeda-scaled.jpg?resize=1536%2C1021&amp;ssl=1 1536w, https:\/\/i0.wp.com\/www.balticmedia.com\/wp-content\/uploads\/seminars_klaipeda-scaled.jpg?resize=2048%2C1362&amp;ssl=1 2048w, https:\/\/i0.wp.com\/www.balticmedia.com\/wp-content\/uploads\/seminars_klaipeda-scaled.jpg?w=2400&amp;ssl=1 2400w\" sizes=\"auto, (max-width: 300px) 100vw, 300px\">\t\t\t\t\t\t\t\t\t\t\t<\/div>\n\t\t\t\t\t<div class=\"sow-image-grid-image\">\n\t\t\t\t\t\t\t\t\t\t\t\t<img loading=\"lazy\" decoding=\"async\" width=\"300\" height=\"222\" src=\"https:\/\/i0.wp.com\/www.balticmedia.com\/wp-content\/uploads\/baltic_media_2014.jpg?fit=300%2C222&amp;ssl=1\" class=\"sow-image-grid-image_html\" alt=\"Baltic Media Christmas 2014&quot;\" title=\"\" srcset=\"https:\/\/i0.wp.com\/www.balticmedia.com\/wp-content\/uploads\/baltic_media_2014.jpg?w=1644&amp;ssl=1 1644w, https:\/\/i0.wp.com\/www.balticmedia.com\/wp-content\/uploads\/baltic_media_2014.jpg?resize=300%2C222&amp;ssl=1 300w, https:\/\/i0.wp.com\/www.balticmedia.com\/wp-content\/uploads\/baltic_media_2014.jpg?resize=1024%2C757&amp;ssl=1 1024w, https:\/\/i0.wp.com\/www.balticmedia.com\/wp-content\/uploads\/baltic_media_2014.jpg?resize=768%2C568&amp;ssl=1 768w, https:\/\/i0.wp.com\/www.balticmedia.com\/wp-content\/uploads\/baltic_media_2014.jpg?resize=1536%2C1135&amp;ssl=1 1536w\" sizes=\"auto, (max-width: 300px) 100vw, 300px\">\t\t\t\t\t\t\t\t\t\t\t<\/div>\n\t\t\t<\/div>\n<\/div><\/div><div id=\"panel-28532-1-1-2\" class=\"so-panel widget widget_sow-editor panel-last-child widgetopts-SO\" data-index=\"6\" ><div\n\t\t\t\n\t\t\tclass=\"so-widget-sow-editor so-widget-sow-editor-base\"\n\t\t\t\n\t\t>\n<div class=\"siteorigin-widget-tinymce textwidget\">\n\t<p>Wir k\u00f6nnen Ihre Dokumente in \u00fcber 150 Sprachen \u00fcbersetzen lassen, damit Sie mit hochwertigen lokalisierten Produkten und Dienstleistungen auf den globalen Markt gehen, die die Sprach- und Funktionsanforderungen der Kunden allerorts erf\u00fcllen.<\/p>\n<p>Dank uns k\u00f6nnen nordeurop\u00e4ische Unternehmen globale M\u00e4rkte ansprechen und wir helfen internationalen und globalen Unternehmen dabei, europ\u00e4ische M\u00e4rkte im\u00a0<strong>Baltikum und in Nordeuropa<\/strong>\u00a0zu erschlie\u00dfen.<\/p>\n<p>M\u00f6chten Sie gerne mehr erfahren? Senden Sie uns eine E-Mail an\u00a0<a href=\"mailto:info@balticmedia.com\">info@balticmedia.com<\/a>. Wir senden Ihnen gerne ein Angebot zu und beantworten jederzeit Ihre Fragen.<\/p>\n<p><iframe loading=\"lazy\" title=\"YouTube video player\" src=\"https:\/\/www.youtube.com\/embed\/4iBHfTrGJYc\" width=\"600\" height=\"450\" frameborder=\"0\" allowfullscreen=\"allowfullscreen\"><\/iframe><\/p>\n<h3><a href=\"\/de\/ueber-uns\/warum-baltic-media\/\">Warum sollten Sie sich f\u00fcr das nordisch-baltische \u00dcbersetzungsb\u00fcro Baltic Media<sup>\u00ae<\/sup> entscheiden?<\/a><\/h3>\n<h3><a href=\"\/de\/preise\/\">Wie senken Sie die Kosten Ihrer \u00dcbersetzungen ohne Abstriche bei der Qualit\u00e4t?<\/a><\/h3>\n<h3><a href=\"\/de\/ueber-uns\/menschliche-uebersetzung\/\">Warum sind menschliche \u00dcbersetzungsdienste Ihre beste Wahl?<\/a><\/h3>\n<h3><a href=\"https:\/\/www.balticmedia.com\/de\/globale-uebersetzungsdienste\/post-editing-maschinelle-uebersetzungen\/\">\u00dcbersetzen Sie anhand von Google, Bing, Microsoft, Tilde, Yandex und lassen Sie die \u00dcbersetzung von uns \u00fcberarbeiten!<\/a><\/h3>\n<h3><a href=\"https:\/\/www.balticmedia.com\/de\/preisanfrage\/\">Kostenlose Voranschl\u00e4ge<\/a><\/h3>\n<h3><a href=\"https:\/\/www.balticmedia.com\/de\/informationsanfrage\/\">Informationsanfrage<\/a><\/h3>\n<h3><a href=\"mailto:info@balticmedia.com\">E-Mail<\/a><\/h3>\n<\/div>\n<\/div><\/div><\/div><\/div><\/div>","protected":false},"excerpt":{"rendered":"<p>\u00dcbersetzungsb\u00fcro |\u00a0Unsere Geschichte: 30 Jahre Erfahrung\u00a0|\u00a0\u00dcbersetztungsb\u00fcro Baltic Media\u00ae Skandinavische und nordeurop\u00e4ische Sprachen |\u00a0Gute Qualit\u00e4t zu einem sehr g\u00fcnstigen Preis |\u00a0\u00dcbersetzungsb\u00fcro in den nordischen und baltischen Staaten Anfang der 1990er-Jahre gr\u00fcndeten die promovierten Sprach- und Kommunikationswissenschaftler\u00a0Guntar und Sandra Veinberg\u00a0das Unternehmen Baltikumspecialisten Sangun Veinberg, sp\u00e4ter BalticMedia. Das Unternehmen erf\u00fcllte nach der Sowjet-\u00c4ra den\u00a0Kommunikations-, \u00dcbersetzungs-, Dolmetsch- und Lokalisierungsbedarf\u00a0von [&hellip;]<\/p>\n","protected":false},"author":2,"featured_media":129081,"parent":16014,"menu_order":0,"comment_status":"closed","ping_status":"closed","template":"","meta":{"ocean_post_layout":"","ocean_both_sidebars_style":"","ocean_both_sidebars_content_width":0,"ocean_both_sidebars_sidebars_width":0,"ocean_sidebar":"0","ocean_second_sidebar":"0","ocean_disable_margins":"enable","ocean_add_body_class":"","ocean_shortcode_before_top_bar":"","ocean_shortcode_after_top_bar":"","ocean_shortcode_before_header":"","ocean_shortcode_after_header":"","ocean_has_shortcode":"","ocean_shortcode_after_title":"","ocean_shortcode_before_footer_widgets":"","ocean_shortcode_after_footer_widgets":"","ocean_shortcode_before_footer_bottom":"","ocean_shortcode_after_footer_bottom":"","ocean_display_top_bar":"default","ocean_display_header":"default","ocean_header_style":"","ocean_center_header_left_menu":"0","ocean_custom_header_template":"0","ocean_custom_logo":0,"ocean_custom_retina_logo":0,"ocean_custom_logo_max_width":0,"ocean_custom_logo_tablet_max_width":0,"ocean_custom_logo_mobile_max_width":0,"ocean_custom_logo_max_height":0,"ocean_custom_logo_tablet_max_height":0,"ocean_custom_logo_mobile_max_height":0,"ocean_header_custom_menu":"0","ocean_menu_typo_font_family":"0","ocean_menu_typo_font_subset":"","ocean_menu_typo_font_size":0,"ocean_menu_typo_font_size_tablet":0,"ocean_menu_typo_font_size_mobile":0,"ocean_menu_typo_font_size_unit":"px","ocean_menu_typo_font_weight":"","ocean_menu_typo_font_weight_tablet":"","ocean_menu_typo_font_weight_mobile":"","ocean_menu_typo_transform":"","ocean_menu_typo_transform_tablet":"","ocean_menu_typo_transform_mobile":"","ocean_menu_typo_line_height":0,"ocean_menu_typo_line_height_tablet":0,"ocean_menu_typo_line_height_mobile":0,"ocean_menu_typo_line_height_unit":"","ocean_menu_typo_spacing":0,"ocean_menu_typo_spacing_tablet":0,"ocean_menu_typo_spacing_mobile":0,"ocean_menu_typo_spacing_unit":"","ocean_menu_link_color":"","ocean_menu_link_color_hover":"","ocean_menu_link_color_active":"","ocean_menu_link_background":"","ocean_menu_link_hover_background":"","ocean_menu_link_active_background":"","ocean_menu_social_links_bg":"","ocean_menu_social_hover_links_bg":"","ocean_menu_social_links_color":"","ocean_menu_social_hover_links_color":"","ocean_disable_title":"default","ocean_disable_heading":"default","ocean_post_title":"","ocean_post_subheading":"","ocean_post_title_style":"","ocean_post_title_background_color":"","ocean_post_title_background":0,"ocean_post_title_bg_image_position":"","ocean_post_title_bg_image_attachment":"","ocean_post_title_bg_image_repeat":"","ocean_post_title_bg_image_size":"","ocean_post_title_height":0,"ocean_post_title_bg_overlay":0.5,"ocean_post_title_bg_overlay_color":"","ocean_disable_breadcrumbs":"default","ocean_breadcrumbs_color":"","ocean_breadcrumbs_separator_color":"","ocean_breadcrumbs_links_color":"","ocean_breadcrumbs_links_hover_color":"","ocean_display_footer_widgets":"default","ocean_display_footer_bottom":"default","ocean_custom_footer_template":"0","ofc_meta_disable_footer_callout":"","ofc_meta_callout_button_url":"","ofc_meta_callout_button_txt":"","ofc_meta_callout_text":"","osh_disable_topbar_sticky":"default","osh_disable_header_sticky":"default","osh_sticky_header_style":"default","osh_sticky_header_effect":"","osh_custom_sticky_logo":0,"osh_custom_retina_sticky_logo":0,"osh_custom_sticky_logo_height":0,"osh_background_color":"","osh_links_color":"","osh_links_hover_color":"","osh_links_active_color":"","osh_links_bg_color":"","osh_links_hover_bg_color":"","osh_links_active_bg_color":"","osh_menu_social_links_color":"","osh_menu_social_hover_links_color":"","footnotes":""},"class_list":["post-28532","page","type-page","status-publish","has-post-thumbnail","hentry","entry","has-media"],"jetpack_sharing_enabled":true,"jetpack_likes_enabled":true,"jetpack-related-posts":[],"jetpack_shortlink":"https:\/\/wp.me\/Pe7Cu3-7qc","_links":{"self":[{"href":"https:\/\/www.balticmedia.com\/de\/wp-json\/wp\/v2\/pages\/28532","targetHints":{"allow":["GET"]}}],"collection":[{"href":"https:\/\/www.balticmedia.com\/de\/wp-json\/wp\/v2\/pages"}],"about":[{"href":"https:\/\/www.balticmedia.com\/de\/wp-json\/wp\/v2\/types\/page"}],"author":[{"embeddable":true,"href":"https:\/\/www.balticmedia.com\/de\/wp-json\/wp\/v2\/users\/2"}],"replies":[{"embeddable":true,"href":"https:\/\/www.balticmedia.com\/de\/wp-json\/wp\/v2\/comments?post=28532"}],"version-history":[{"count":4,"href":"https:\/\/www.balticmedia.com\/de\/wp-json\/wp\/v2\/pages\/28532\/revisions"}],"predecessor-version":[{"id":100914,"href":"https:\/\/www.balticmedia.com\/de\/wp-json\/wp\/v2\/pages\/28532\/revisions\/100914"}],"up":[{"embeddable":true,"href":"https:\/\/www.balticmedia.com\/de\/wp-json\/wp\/v2\/pages\/16014"}],"wp:featuredmedia":[{"embeddable":true,"href":"https:\/\/www.balticmedia.com\/de\/wp-json\/wp\/v2\/media\/129081"}],"wp:attachment":[{"href":"https:\/\/www.balticmedia.com\/de\/wp-json\/wp\/v2\/media?parent=28532"}],"curies":[{"name":"wp","href":"https:\/\/api.w.org\/{rel}","templated":true}]}}