{"id":24447,"date":"2021-01-15T16:49:30","date_gmt":"2021-01-15T14:49:30","guid":{"rendered":"https:\/\/www.balticmedia.com\/preise\/translation-rates-and-prices\/"},"modified":"2025-02-14T22:50:14","modified_gmt":"2025-02-14T20:50:14","slug":"preis-der-uebersetzung","status":"publish","type":"page","link":"https:\/\/www.balticmedia.com\/de\/uebersetzungsbuero-preise\/preis-der-uebersetzung\/","title":{"rendered":"\u00dcbersetzungspreise Preise und Kosten f\u00fcr \u00dcbersetzungen"},"content":{"rendered":"<div id=\"pl-24447\"  class=\"panel-layout\" ><div id=\"pg-24447-0\"  class=\"panel-grid panel-no-style\" ><div id=\"pgc-24447-0-0\"  class=\"panel-grid-cell\" ><div id=\"panel-24447-0-0-0\" class=\"so-panel widget widget_sow-image panel-first-child panel-last-child\" data-index=\"0\" ><div\n\t\t\t\n\t\t\tclass=\"so-widget-sow-image so-widget-sow-image-default-8b5b6f678277-24447\"\n\t\t\t\n\t\t>\n<div class=\"sow-image-container\">\n\t\t<img loading=\"lazy\" decoding=\"async\" src=\"https:\/\/i0.wp.com\/www.balticmedia.com\/wp-content\/uploads\/4price_and_quality-scaled.jpg?fit=2560%2C549&amp;ssl=1\" width=\"2560\" height=\"549\" srcset=\"https:\/\/i0.wp.com\/www.balticmedia.com\/wp-content\/uploads\/4price_and_quality-scaled.jpg?w=2560&amp;ssl=1 2560w, https:\/\/i0.wp.com\/www.balticmedia.com\/wp-content\/uploads\/4price_and_quality-scaled.jpg?resize=300%2C64&amp;ssl=1 300w, https:\/\/i0.wp.com\/www.balticmedia.com\/wp-content\/uploads\/4price_and_quality-scaled.jpg?resize=1024%2C219&amp;ssl=1 1024w, https:\/\/i0.wp.com\/www.balticmedia.com\/wp-content\/uploads\/4price_and_quality-scaled.jpg?resize=768%2C165&amp;ssl=1 768w, https:\/\/i0.wp.com\/www.balticmedia.com\/wp-content\/uploads\/4price_and_quality-scaled.jpg?resize=1536%2C329&amp;ssl=1 1536w, https:\/\/i0.wp.com\/www.balticmedia.com\/wp-content\/uploads\/4price_and_quality-scaled.jpg?resize=2048%2C439&amp;ssl=1 2048w, https:\/\/i0.wp.com\/www.balticmedia.com\/wp-content\/uploads\/4price_and_quality-scaled.jpg?w=2400&amp;ssl=1 2400w\" title=\"4price_and_quality\" alt=\"\" class=\"so-widget-image\">\n\t<\/div>\n\n<\/div><\/div><\/div><\/div><div id=\"pg-24447-1\"  class=\"panel-grid panel-no-style\" ><div id=\"pgc-24447-1-0\"  class=\"panel-grid-cell\" ><div id=\"panel-24447-1-0-0\" class=\"so-panel widget widget_sow-editor panel-first-child extendedwopts-hide extendedwopts-tablet extendedwopts-mobile widgetopts-SO\" data-index=\"1\" ><div\n\t\t\t\n\t\t\tclass=\"so-widget-sow-editor so-widget-sow-editor-base\"\n\t\t\t\n\t\t>\n<div class=\"siteorigin-widget-tinymce textwidget\">\n\t<pre><form aria-label=\"Search this website\" role=\"search\" method=\"get\" class=\"oceanwp-searchform\" id=\"searchform\" action=\"https:\/\/www.balticmedia.com\/de\/\"><input aria-label=\"Insert search query\" type=\"text\" class=\"field\" name=\"s\" id=\"s\" placeholder=\"Search\"><button aria-label=\"Submit your search\" type=\"submit\" class=\"search-submit\" value=\"\"><i class=\"icon-magnifier\" aria-hidden=\"true\"><\/i><\/button><\/form><\/pre>\n<\/div>\n<\/div><\/div><div id=\"panel-24447-1-0-1\" class=\"so-panel widget widget_ocean_custom_menu widget-oceanwp-custom-menu custom-menu-widget extendedwopts-hide extendedwopts-tablet extendedwopts-mobile widgetopts-SO\" data-index=\"2\" ><div class=\"oceanwp-custom-menu clr ocean_custom_menu-2 left dropdown-hover\"><ul id=\"menu-prices-de\" class=\"dropdown-menu sf-menu\"><li  id=\"menu-item-49499\" class=\"menu-item menu-item-type-post_type menu-item-object-page menu-item-49499\"><a href=\"https:\/\/www.balticmedia.com\/de\/uebersetzungsbuero-preise\/\" class=\"menu-link\">\u00dcbersetzungsb\u00fcro Preise | Was kostet eine \u00dcbersetzung?<\/a><\/li>\n<li  id=\"menu-item-49502\" class=\"menu-item menu-item-type-post_type menu-item-object-page menu-item-49502\"><a href=\"https:\/\/www.balticmedia.com\/de\/uebersetzungsbuero-preise\/preis-der-uebersetzung\/\" class=\"menu-link\">\u00dcbersetzungspreise Preise und Kosten f\u00fcr \u00dcbersetzungen<\/a><\/li>\n<li  id=\"menu-item-49505\" class=\"menu-item menu-item-type-post_type menu-item-object-page menu-item-49505\"><a href=\"https:\/\/www.balticmedia.com\/de\/uebersetzungsbuero-preise\/wie-waehlt-man-einen-uebersetzungsburo-aus\/\" class=\"menu-link\">Wie w\u00e4hlt man einen \u00dcbersetzungsb\u00fcro richtig aus?<\/a><\/li>\n<li  id=\"menu-item-49500\" class=\"menu-item menu-item-type-post_type menu-item-object-page menu-item-49500\"><a href=\"https:\/\/www.balticmedia.com\/de\/uebersetzungsbuero-preise\/qualitaet-des-uebersetzungsdienstes\/\" class=\"menu-link\">\u00dcbersetzungsqualit\u00e4t ISO 9001:2015 Qualit\u00e4tszertifizierung<\/a><\/li>\n<li  id=\"menu-item-49504\" class=\"menu-item menu-item-type-post_type menu-item-object-page menu-item-49504\"><a href=\"https:\/\/www.balticmedia.com\/de\/uebersetzungsbuero-preise\/unsere-kunden\/\" class=\"menu-link\">Unsere Kunden<\/a><\/li>\n<li  id=\"menu-item-49501\" class=\"menu-item menu-item-type-post_type menu-item-object-page menu-item-49501\"><a href=\"https:\/\/www.balticmedia.com\/de\/uebersetzungsbuero-preise\/ruckmeldungsformular\/\" class=\"menu-link\">Kundenzufriedenheitsumfrage<\/a><\/li>\n<li  id=\"menu-item-49503\" class=\"menu-item menu-item-type-post_type menu-item-object-page menu-item-49503\"><a href=\"https:\/\/www.balticmedia.com\/de\/uebersetzungsbuero-preise\/rueckmeldungen-von-kunden\/\" class=\"menu-link\">R\u00fcckmeldungen von Kunden Bewertungen von \u00dcbersetzungsdiensten<\/a><\/li>\n<\/ul><\/div><\/div><div id=\"panel-24447-1-0-2\" class=\"so-panel widget widget_ocean_custom_menu widget-oceanwp-custom-menu custom-menu-widget panel-last-child extendedwopts-hide extendedwopts-tablet extendedwopts-mobile widgetopts-SO\" data-index=\"3\" ><div class=\"oceanwp-custom-menu clr ocean_custom_menu-2 left dropdown-hover\"><ul id=\"menu-partner-de\" class=\"dropdown-menu sf-menu\"><li  id=\"menu-item-14914\" class=\"menu-item menu-item-type-custom menu-item-object-custom menu-item-14914\"><a target=\"_blank\" href=\"https:\/\/balticmedia.s.xtrf.eu\/vendors\/#\/sign-in\" class=\"menu-link\" rel=\"nofollow noopener\"><i class=\"icon before line-icon icon-briefcase\" aria-hidden=\"true\" style=\"font-size:2em;\"><\/i><span class=\"menu-text\">Partnerportal<\/span><\/a><\/li>\n<li  id=\"menu-item-14915\" class=\"menu-item menu-item-type-custom menu-item-object-custom menu-item-14915\"><a target=\"_blank\" href=\"https:\/\/www.balticmedia.com\/wp-content\/uploads\/11-Reasons-to-Choose-Baltic-Media-2026.pdf\" class=\"menu-link\"><i class=\"icon before line-icon icon-people\" aria-hidden=\"true\" style=\"font-size:2em;\"><\/i><span class=\"menu-text\">Unternehmensprofil<\/span><\/a><\/li>\n<li  id=\"menu-item-14916\" class=\"menu-item menu-item-type-custom menu-item-object-custom menu-item-14916\"><a target=\"_blank\" href=\"https:\/\/www.balticmedia.com\/wp-content\/uploads\/ubersetzungs-de.pdf\" class=\"menu-link\"><i class=\"icon before line-icon icon-organization\" aria-hidden=\"true\" style=\"font-size:2em;\"><\/i><span class=\"menu-text\">\u00dcbersetzung. Schrittweises Vorgehen<\/span><\/a><\/li>\n<li  id=\"menu-item-14917\" class=\"menu-item menu-item-type-custom menu-item-object-custom menu-item-14917\"><a target=\"_blank\" href=\"https:\/\/www.balticmedia.com\/wp-content\/uploads\/Baltic-Media-Ltd.-Service-Terms-and-Conditions.pdf\" class=\"menu-link\"><i class=\"icon before line-icon icon-docs\" aria-hidden=\"true\" style=\"font-size:2em;\"><\/i><span class=\"menu-text\">Allgemeine Gesch\u00e4ftsbedingungen  (EN)<\/span><\/a><\/li>\n<li  id=\"menu-item-14918\" class=\"menu-item menu-item-type-custom menu-item-object-custom menu-item-14918\"><a target=\"_blank\" href=\"https:\/\/www.balticmedia.com\/wp-content\/uploads\/iSO-certificate-2023.png\" class=\"menu-link\"><i class=\"icon before line-icon icon-doc\" aria-hidden=\"true\" style=\"font-size:2em;\"><\/i><span class=\"menu-text\">ISO 9001:2015 Quality Certification<\/span><\/a><\/li>\n<li  id=\"menu-item-14919\" class=\"menu-item menu-item-type-custom menu-item-object-custom menu-item-14919\"><a target=\"_blank\" href=\"https:\/\/www.balticmedia.com\/wp-content\/uploads\/362531_copyrighttrademarkbalticmedia.pdf\" class=\"menu-link\"><i class=\"icon before line-icon icon-info\" aria-hidden=\"true\" style=\"font-size:2em;\"><\/i><span class=\"menu-text\">Copyright | Trademark Baltic Media<sup>\u00ae<\/sup><\/span><\/a><\/li>\n<\/ul><\/div><\/div><\/div><div id=\"pgc-24447-1-1\"  class=\"panel-grid-cell\" ><div id=\"panel-24447-1-1-0\" class=\"so-panel widget widget_sow-editor panel-first-child panel-last-child widgetopts-hide_title widgetopts-SO\" data-index=\"4\" ><div\n\t\t\t\n\t\t\tclass=\"so-widget-sow-editor so-widget-sow-editor-base\"\n\t\t\t\n\t\t><h3 class=\"widget-title\">Preise und Kosten f\u00fcr \u00dcbersetzungen<\/h3>\n<div class=\"siteorigin-widget-tinymce textwidget\">\n\t<p><!-- wp:paragraph --><\/p>\n<h1 class=\"LC20lb MBeuO DKV0Md\">Preise und Kosten f\u00fcr \u00dcbersetzungen<\/h1>\n<h3><strong>Preise und Kosten | \u00dcbersetzungspreise | Wie wird Preis f\u00fcr die Dienstleistungen der Baltic Media Ltd. berechnet? | \u00dcbersetzungsb\u00fcro Baltic Media<sup>\u00ae<\/sup> \u00dcbersetzung in Schwedisch, Norwegisch, Isl\u00e4ndisch, Finnisch, D\u00e4nisch<\/strong><\/h3>\n<p>\u00dcbersetzungspreise: Der Preis f\u00fcr eine professionelle \u00dcbersetzung h\u00e4ngt von verschiedenen Faktoren ab, darunter:<\/p>\n<ul data-sourcepos=\"3:1-7:0\">\n<li data-sourcepos=\"3:1-3:140\"><strong>Sprachkombination:<\/strong>\u00a0Die \u00dcbersetzung von selteneren Sprachen ist in der Regel teurer als die \u00dcbersetzung von weit verbreiteten Sprachen.<\/li>\n<li data-sourcepos=\"4:1-4:166\"><strong>Fachgebiet:<\/strong>\u00a0Die \u00dcbersetzung von Fachtexten, wie z. B. technischen oder medizinischen Texten, ist in der Regel teurer als die \u00dcbersetzung von allgemeinen Texten.<\/li>\n<li data-sourcepos=\"5:1-5:86\"><strong>Umfang des Textes:<\/strong>\u00a0Der Preis pro Wort sinkt, wenn der Umfang des Textes zunimmt.<\/li>\n<li data-sourcepos=\"6:1-7:0\"><strong>Bearbeitungszeit:<\/strong>\u00a0Die \u00dcbersetzung in k\u00fcrzerer Zeit ist in der Regel teurer als die \u00dcbersetzung in l\u00e4ngerer Zeit.<\/li>\n<\/ul>\n<p><img data-recalc-dims=\"1\" loading=\"lazy\" decoding=\"async\" class=\"alignnone wp-image-132476 size-medium\" src=\"https:\/\/i0.wp.com\/www.balticmedia.com\/wp-content\/uploads\/Price-for-translation-services.jpg?resize=300%2C300&#038;ssl=1\" alt=\"Preise und Kosten f\u00fcr \u00dcbersetzungen\" width=\"300\" height=\"300\" srcset=\"https:\/\/i0.wp.com\/www.balticmedia.com\/wp-content\/uploads\/Price-for-translation-services.jpg?resize=300%2C300&amp;ssl=1 300w, https:\/\/i0.wp.com\/www.balticmedia.com\/wp-content\/uploads\/Price-for-translation-services.jpg?resize=1024%2C1024&amp;ssl=1 1024w, https:\/\/i0.wp.com\/www.balticmedia.com\/wp-content\/uploads\/Price-for-translation-services.jpg?resize=150%2C150&amp;ssl=1 150w, https:\/\/i0.wp.com\/www.balticmedia.com\/wp-content\/uploads\/Price-for-translation-services.jpg?resize=768%2C768&amp;ssl=1 768w, https:\/\/i0.wp.com\/www.balticmedia.com\/wp-content\/uploads\/Price-for-translation-services.jpg?resize=600%2C600&amp;ssl=1 600w, https:\/\/i0.wp.com\/www.balticmedia.com\/wp-content\/uploads\/Price-for-translation-services.jpg?w=1080&amp;ssl=1 1080w\" sizes=\"auto, (max-width: 300px) 100vw, 300px\" title=\"\"><\/p>\n<p data-sourcepos=\"8:1-8:87\">In der Regel wird der Preis f\u00fcr eine \u00dcbersetzung pro Wort oder pro Zeile berechnet.<\/p>\n<p data-sourcepos=\"10:1-10:131\"><span class=\"citation-0\">Der Durchschnittspreis pro Wort liegt in Europa bei etwa 0,15 Euro und kann jedoch zwischen 0,08 bis 0,28 Euro variieren.<\/span><\/p>\n<p data-sourcepos=\"12:1-12:78\"><span class=\"citation-0\">Der Preis pro Zeile liegt in der Regel zwischen 0,80 und 4,00 Euro.<\/span><\/p>\n<p data-sourcepos=\"14:1-14:76\">F\u00fcr beglaubigte \u00dcbersetzungen fallen in der Regel zus\u00e4tzliche Kosten an.<\/p>\n<p data-sourcepos=\"16:1-16:139\">Bei der Beauftragung einer professionellen \u00dcbersetzung ist es wichtig, einen Anbieter zu w\u00e4hlen, der qualifizierte \u00dcbersetzer anbietet.<\/p>\n<p data-sourcepos=\"18:1-18:113\">Qualifizierte \u00dcbersetzer verf\u00fcgen \u00fcber die notwendigen Sprachkenntnisse und Kenntnisse der jeweiligen Kultur.<\/p>\n<p data-sourcepos=\"20:1-20:71\">Hier sind einige Tipps f\u00fcr die Auswahl eines \u00dcbersetzungsanbieters:<\/p>\n<ul data-sourcepos=\"22:1-25:0\">\n<li data-sourcepos=\"22:1-22:53\">Fordern Sie Angebote von mehreren Anbietern an.<\/li>\n<li data-sourcepos=\"23:1-23:51\">Lesen Sie die Bewertungen von anderen Kunden.<\/li>\n<li data-sourcepos=\"24:1-25:0\">Vergleichen Sie die Preise und Leistungen der Anbieter.<\/li>\n<\/ul>\n<p data-sourcepos=\"26:1-26:153\">Wenn Sie eine \u00dcbersetzung in einer seltenen Sprache ben\u00f6tigen, ist es ratsam, einen Anbieter zu w\u00e4hlen, der sich auf diese Sprache spezialisiert hat.<\/p>\n<h2><strong> \u00dcbersetzungspreise<\/strong><\/h2>\n<p>Der Preis wird meistens nach dem Ausgangstext (Original) berechnet. Ist der Text in elektronischer Form nicht vorhanden, z.B. in handschriftlichem Format, so kann der Preis auch nach dem Umfang des Zieltextes (\u00dcbersetzung) berechnet werden.<\/p>\n<h2><a href=\"https:\/\/i0.wp.com\/www.balticmedia.com\/wp-content\/uploads\/logo-ar-globusu-stillbild-kvadrats.png?ssl=1\"><img data-recalc-dims=\"1\" loading=\"lazy\" decoding=\"async\" class=\"alignnone wp-image-118638 size-medium\" src=\"https:\/\/i0.wp.com\/www.balticmedia.com\/wp-content\/uploads\/logo-ar-globusu-stillbild-kvadrats.png?resize=300%2C187&#038;ssl=1\" alt=\"\u00dcbersetzungspreise\" width=\"300\" height=\"187\" title=\"\"><\/a> <img data-recalc-dims=\"1\" loading=\"lazy\" decoding=\"async\" class=\"alignnone wp-image-115150 size-medium\" src=\"https:\/\/i0.wp.com\/www.balticmedia.com\/wp-content\/uploads\/iso-certified-company.png?resize=300%2C116&#038;ssl=1\" alt=\" Preise und Kosten f\u00fcr \u00dcbersetzungen\" width=\"300\" height=\"116\" title=\"\"><\/h2>\n<h3><strong>\u00dcbersetzung Preise und Kosten | \u00dcbersetzungspreise | Skandinavisch und Nordeurop\u00e4ische Sprachen <\/strong><\/h3>\n<p>Die Preise f\u00fcr <strong><a href=\"https:\/\/de.balticmedia.com\/bm\/de\/dienstleistungen\/ubersetzung-und-lokalisierung\/ubersetzung\" rel=\"nofollow noopener\" target=\"_blank\">\u00dcbersetzungsdienstleistungen<\/a> <\/strong>und <strong><a href=\"https:\/\/de.balticmedia.com\/bm\/de\/dienstleistungen\/ubersetzung-und-lokalisierung\/lokalisierung\" rel=\"nofollow noopener\" target=\"_blank\">Lokalisierung<\/a><\/strong> werden normalerweise<\/p>\n<ol>\n<li>Pro Anzahl der W\u00f6rter<\/li>\n<li>oder pro Anzahl der Standardseiten (eine Seite 1800 Zeichen mit Zwischenschl\u00e4gen oder 1500 ohne errechnet)<\/li>\n<\/ol>\n<p>Der Preis wird meistens nach dem Ausgangstext (Original) berechnet. Ist der Text in elektronischer Form nicht vorhanden, z.B. geschrieben mit der Hand, so kann der Preis auch nach dem Umfang des Zieltextes (\u00dcbersetzung) berechnet werden.<\/p>\n<p>Bei der Preisbestimmung sind solche Faktoren wie Verbreitung der Sprache, Schwierigkeitsgrad des Textes und ggf. auch die Projekterstellung von Bedeutung.<\/p>\n<p>Auch der Abgabetermin wird den Preis beeinflussen. Bei den Eilauftr\u00e4gen kann ein Preisaufschlag um 50% oder 100% zutreffen.<\/p>\n<h3><strong>\u00dcbersetzung | Preis pro Wort | Billiger als andere \u00dcbersetzungsb\u00fcros<\/strong><\/h3>\n<p>Je nach Sprache und Thema kostet eine \u00dcbersetzung bei uns 0,08 bis 0.16 Euro pro Wort. Wir bieten professionelle \u00dcbersetzungen einschlie\u00dflich Bearbeitung und Korrekturlesen im Vergleich zu anderen, in den nordischen L\u00e4ndern vertretenen \u00dcbersetzungsagenturen um 20 bis 25 % billiger an, weil wir ein internetbasiertes Unternehmen mit Produktionsb\u00fcro in Riga, Lettland sind. Daher k\u00f6nnen wir \u00dcbersetzungen zu g\u00fcnstigeren Preisen als andere nordische \u00dcbersetzungsagenturen anbieten.<\/p>\n<p>Sie k\u00f6nnen zudem Ihre \u00dcbersetzung mit der Nutzung unserer CAT-Werkzeuge noch weiter senken.<\/p>\n<p>Einen Preisnachlass gew\u00e4hren wir bei den \u00dcbersetzungsauftr\u00e4gen, deren Textumfang mehr als 50 Standardseiten betr\u00e4gt.<\/p>\n<p><a href=\"https:\/\/www.balticmedia.com\/de\/ueber-uns\/wie-ein-uebersetzungsbuero-funktioniert\/\"><strong>Hier erfahren Sie mehr, wie Sie Ihre \u00dcbersetzungskosten senken, ohne Qualit\u00e4t einzub\u00fc\u00dfen.<\/strong><\/a><\/p>\n<p><iframe loading=\"lazy\" title=\"YouTube video player\" src=\"https:\/\/www.youtube.com\/embed\/4iBHfTrGJYc\" width=\"640\" height=\"360\" frameborder=\"0\" allowfullscreen=\"allowfullscreen\"><\/iframe><\/p>\n<h3><a href=\"\/de\/ueber-uns\/warum-baltic-media\/\">Warum sollten Sie sich f\u00fcr das nordisch-baltische \u00dcbersetzungsb\u00fcro Baltic Media<sup>\u00ae<\/sup> entscheiden?<\/a><\/h3>\n<h3><a href=\"\/de\/preise\/\">Wie senken Sie die Kosten Ihrer \u00dcbersetzungen ohne Abstriche bei der Qualit\u00e4t?<\/a><\/h3>\n<h3><a href=\"\/de\/ueber-uns\/menschliche-uebersetzung\/\">Warum sind menschliche \u00dcbersetzungsdienste Ihre beste Wahl?<\/a><\/h3>\n<h3><a href=\"https:\/\/www.balticmedia.com\/de\/globale-uebersetzungsdienste\/post-editing-maschinelle-uebersetzungen\/\">\u00dcbersetzen Sie anhand von Google, Bing, Microsoft, Tilde, Yandex und lassen Sie die \u00dcbersetzung von uns \u00fcberarbeiten!<\/a><\/h3>\n<h3><a href=\"https:\/\/www.balticmedia.com\/de\/preisanfrage\/\">Kostenlose Voranschl\u00e4ge<\/a><\/h3>\n<h3><a href=\"https:\/\/www.balticmedia.com\/de\/informationsanfrage\/\">Informationsanfrage<\/a><\/h3>\n<h3><a href=\"mailto:info@balticmedia.com\">E-Mail<\/a><\/h3>\n<h3><strong>Preise und Kosten | Dolmetschen | \u00dcbersetzungsb\u00fcro Baltic Media<\/strong><\/h3>\n<p>F\u00fcr die Verdolmetschung wird der Preis pro Stunde berechnet. Man berechnet normalerweise die Arbeitsstunden, sowie auch die Zeit, in der Dolmetscher nicht dolmetscht, aber trotzdem anwesend sein muss. Zus\u00e4tzlich werden noch Kosten f\u00fcr Transport und Aufenthalt berechnet. Bei der Bestellung der Simultanverdolmetschung, ber\u00fccksichtigen Sie bitte, dass \u00fcblicherweise zwei Dolmetscher besch\u00e4ftigt werden, die sich alle 20-30 Min. abwechseln.<\/p>\n<p>Wenn Sie einen Kostenvoranschlag f\u00fcr die Vermietung der Dolmetschanlagen anfordern, teilen Sie bitte dem Projektleiter unbedingt auch den Veranstaltungsort und Zeit, Sprachkombination sowie Anzahl der Konferenzteilnehmer mit.<\/p>\n<h3><strong>Preise und Kosten | Sprachkurse | \u00dcbersetzungsb\u00fcro Baltic Media<\/strong><\/h3>\n<p>Bei der Bestimmung des Preises f\u00fcr einen Sprachkurs richten wir uns nach der Anzahl der akademischen Stunden (45 Minuten). Die Preise f\u00fcr den entsprechenden Kurs finden Sie auf der Homepage <a href=\"http:\/\/www.valodukursi.lv\/\" target=\"_blank\" rel=\"noopener\">http:\/\/www.valodukursi.lv<\/a><\/p>\n<p>Im Preisangebot f\u00fcr Firmenkunden werden die Anforderungen des Kunden bez\u00fcglich der Lokation, H\u00e4ufigkeit und Dauer beachtet.<\/p>\n<p>Im Preis f\u00fcr Sprachkurse sind auch die ben\u00f6tigten Kursunterlagen beinhaltet.<\/p>\n<h3><strong>Preise und Kosten | Andere Dienstleistungen | \u00dcbersetzungsb\u00fcro Baltic Media<\/strong><\/h3>\n<p>F\u00fcr <a href=\"https:\/\/de.balticmedia.com\/bm\/de\/dienstleistungen\/ubersetzung-und-lokalisierung\/ubersetzen-von-audio--und-video\" rel=\"nofollow noopener\" target=\"_blank\"><strong>Transkription der Medientexte, \u00dcbersetzung und Vertonung, sowie Konvertierung der Textdatei<\/strong><\/a> wird der Stundenpreis f\u00fcr die zu erf\u00fcllende Arbeit berechnet. Bei der <a href=\"https:\/\/de.balticmedia.com\/bm\/de\/dienstleistungen\/layout-auslegung-von-textdatei\/\" rel=\"nofollow noopener\" target=\"_blank\"><strong>Projekterstellung<\/strong><\/a> wird der Preis pro Stunde oder pro Anzahl der Seiten berechnet.<\/p>\n<p>Der Preis f\u00fcr <a href=\"https:\/\/de.balticmedia.com\/bm\/de\/dienstleistungen\/textkorrektur\/\" rel=\"nofollow noopener\" target=\"_blank\"><strong>Korrekturlesen<\/strong><\/a> wird entweder nach Stundenarbeit berechnet oder er betr\u00e4gt die H\u00e4lfte des Betrags f\u00fcr den \u00dcbersetzungsauftrag.<\/p>\n<p>Der <a href=\"https:\/\/de.balticmedia.com\/bm\/de\/dienstleistungen\/ubersetzung-und-lokalisierung\/ubersetzen-von-audio--und-video\" rel=\"nofollow noopener\" target=\"_blank\"><strong>Preis f\u00fcr die \u00dcbersetzung von Untertiteln<\/strong><\/a> wird nach der W\u00f6rteranzahl im Ausgangstext berechnet. Der Preis f\u00fcr Transkription und Bestimming des Time-Codes f\u00fcr die Untertiteln wird nach Stundenarbeit berechnet.<\/p>\n<p><strong><a href=\"https:\/\/de.balticmedia.com\/uebersetzungspreise\/\" rel=\"nofollow noopener\" target=\"_blank\">Holen Sie sich \u00fcber das unverbindliche Anfrageformular einen Kostenvoranschlag f\u00fcr diese Dienstleistung ein!<\/a><\/strong><\/p>\n<h3>Baltic Media<sup>\u00ae<\/sup> \u00dcbersetzungsb\u00fcro in Nordeuropa<\/h3>\n<p>Das skandinavisch-baltische \u00dcbersetzungsb\u00fcro Baltic Media<sup>\u00ae<\/sup> ist ein f\u00fchrender Anbieter von digitalen \u00dcbersetzungsdiensten in Nordeuropa, das sich auf nordeurop\u00e4ische Sprachen (einschlie\u00dflich skandinavischer, baltischer und slavischer) Sprachen spezialisiert. Vorrangig werden \u00dcbersetzungsdienste in den Sprachen Schwedisch, Finnisch, D\u00e4nisch, Isl\u00e4ndisch, Far\u00f6isch, Norwegisch, Deutsch, Englisch, Polnisch, Russisch, Lettisch, Litauisch und Estnisch angeboten.<\/p>\n<p>Als ISO-zertifizierer Sprachdienstanbeiter stellt das menschliche \u00dcbersetzungsdienste f\u00fcr Unternehmen, Beh\u00f6rden und Privatkunden bereit.<\/p>\n<h3><\/h3>\n<p>\u00a9 Baltic Media<sup>\u00ae<\/sup><\/p>\n<p><!-- \/wp:paragraph --><\/p>\n<\/div>\n<\/div><\/div><\/div><\/div><\/div>","protected":false},"excerpt":{"rendered":"<p>Preise und Kosten f\u00fcr \u00dcbersetzungen Preise und Kosten | \u00dcbersetzungspreise | Wie wird Preis f\u00fcr die Dienstleistungen der Baltic Media Ltd. berechnet? | \u00dcbersetzungsb\u00fcro Baltic Media\u00ae \u00dcbersetzung in Schwedisch, Norwegisch, Isl\u00e4ndisch, Finnisch, D\u00e4nisch \u00dcbersetzungspreise: Der Preis f\u00fcr eine professionelle \u00dcbersetzung h\u00e4ngt von verschiedenen Faktoren ab, darunter: Sprachkombination:\u00a0Die \u00dcbersetzung von selteneren Sprachen ist in der Regel [&hellip;]<\/p>\n","protected":false},"author":2,"featured_media":132069,"parent":16065,"menu_order":0,"comment_status":"closed","ping_status":"closed","template":"","meta":{"ocean_post_layout":"","ocean_both_sidebars_style":"","ocean_both_sidebars_content_width":0,"ocean_both_sidebars_sidebars_width":0,"ocean_sidebar":"0","ocean_second_sidebar":"0","ocean_disable_margins":"enable","ocean_add_body_class":"","ocean_shortcode_before_top_bar":"","ocean_shortcode_after_top_bar":"","ocean_shortcode_before_header":"","ocean_shortcode_after_header":"","ocean_has_shortcode":"","ocean_shortcode_after_title":"","ocean_shortcode_before_footer_widgets":"","ocean_shortcode_after_footer_widgets":"","ocean_shortcode_before_footer_bottom":"","ocean_shortcode_after_footer_bottom":"","ocean_display_top_bar":"default","ocean_display_header":"default","ocean_header_style":"","ocean_center_header_left_menu":"0","ocean_custom_header_template":"0","ocean_custom_logo":0,"ocean_custom_retina_logo":0,"ocean_custom_logo_max_width":0,"ocean_custom_logo_tablet_max_width":0,"ocean_custom_logo_mobile_max_width":0,"ocean_custom_logo_max_height":0,"ocean_custom_logo_tablet_max_height":0,"ocean_custom_logo_mobile_max_height":0,"ocean_header_custom_menu":"0","ocean_menu_typo_font_family":"0","ocean_menu_typo_font_subset":"","ocean_menu_typo_font_size":0,"ocean_menu_typo_font_size_tablet":0,"ocean_menu_typo_font_size_mobile":0,"ocean_menu_typo_font_size_unit":"px","ocean_menu_typo_font_weight":"","ocean_menu_typo_font_weight_tablet":"","ocean_menu_typo_font_weight_mobile":"","ocean_menu_typo_transform":"","ocean_menu_typo_transform_tablet":"","ocean_menu_typo_transform_mobile":"","ocean_menu_typo_line_height":0,"ocean_menu_typo_line_height_tablet":0,"ocean_menu_typo_line_height_mobile":0,"ocean_menu_typo_line_height_unit":"","ocean_menu_typo_spacing":0,"ocean_menu_typo_spacing_tablet":0,"ocean_menu_typo_spacing_mobile":0,"ocean_menu_typo_spacing_unit":"","ocean_menu_link_color":"","ocean_menu_link_color_hover":"","ocean_menu_link_color_active":"","ocean_menu_link_background":"","ocean_menu_link_hover_background":"","ocean_menu_link_active_background":"","ocean_menu_social_links_bg":"","ocean_menu_social_hover_links_bg":"","ocean_menu_social_links_color":"","ocean_menu_social_hover_links_color":"","ocean_disable_title":"default","ocean_disable_heading":"default","ocean_post_title":"","ocean_post_subheading":"","ocean_post_title_style":"","ocean_post_title_background_color":"","ocean_post_title_background":0,"ocean_post_title_bg_image_position":"","ocean_post_title_bg_image_attachment":"","ocean_post_title_bg_image_repeat":"","ocean_post_title_bg_image_size":"","ocean_post_title_height":0,"ocean_post_title_bg_overlay":0.5,"ocean_post_title_bg_overlay_color":"","ocean_disable_breadcrumbs":"default","ocean_breadcrumbs_color":"","ocean_breadcrumbs_separator_color":"","ocean_breadcrumbs_links_color":"","ocean_breadcrumbs_links_hover_color":"","ocean_display_footer_widgets":"default","ocean_display_footer_bottom":"default","ocean_custom_footer_template":"0","ofc_meta_disable_footer_callout":"","ofc_meta_callout_button_url":"","ofc_meta_callout_button_txt":"","ofc_meta_callout_text":"","osh_disable_topbar_sticky":"default","osh_disable_header_sticky":"default","osh_sticky_header_style":"default","osh_sticky_header_effect":"","osh_custom_sticky_logo":0,"osh_custom_retina_sticky_logo":0,"osh_custom_sticky_logo_height":0,"osh_background_color":"","osh_links_color":"","osh_links_hover_color":"","osh_links_active_color":"","osh_links_bg_color":"","osh_links_hover_bg_color":"","osh_links_active_bg_color":"","osh_menu_social_links_color":"","osh_menu_social_hover_links_color":"","footnotes":""},"class_list":["post-24447","page","type-page","status-publish","has-post-thumbnail","hentry","entry","has-media"],"jetpack_sharing_enabled":true,"jetpack_likes_enabled":true,"jetpack-related-posts":[],"jetpack_shortlink":"https:\/\/wp.me\/Pe7Cu3-6mj","_links":{"self":[{"href":"https:\/\/www.balticmedia.com\/de\/wp-json\/wp\/v2\/pages\/24447","targetHints":{"allow":["GET"]}}],"collection":[{"href":"https:\/\/www.balticmedia.com\/de\/wp-json\/wp\/v2\/pages"}],"about":[{"href":"https:\/\/www.balticmedia.com\/de\/wp-json\/wp\/v2\/types\/page"}],"author":[{"embeddable":true,"href":"https:\/\/www.balticmedia.com\/de\/wp-json\/wp\/v2\/users\/2"}],"replies":[{"embeddable":true,"href":"https:\/\/www.balticmedia.com\/de\/wp-json\/wp\/v2\/comments?post=24447"}],"version-history":[{"count":12,"href":"https:\/\/www.balticmedia.com\/de\/wp-json\/wp\/v2\/pages\/24447\/revisions"}],"predecessor-version":[{"id":136321,"href":"https:\/\/www.balticmedia.com\/de\/wp-json\/wp\/v2\/pages\/24447\/revisions\/136321"}],"up":[{"embeddable":true,"href":"https:\/\/www.balticmedia.com\/de\/wp-json\/wp\/v2\/pages\/16065"}],"wp:featuredmedia":[{"embeddable":true,"href":"https:\/\/www.balticmedia.com\/de\/wp-json\/wp\/v2\/media\/132069"}],"wp:attachment":[{"href":"https:\/\/www.balticmedia.com\/de\/wp-json\/wp\/v2\/media?parent=24447"}],"curies":[{"name":"wp","href":"https:\/\/api.w.org\/{rel}","templated":true}]}}