{"id":16980,"date":"2021-01-15T18:28:30","date_gmt":"2021-01-15T16:28:30","guid":{"rendered":"https:\/\/www.balticmedia.com\/kontakte\/translation-agency-stockholm\/"},"modified":"2025-10-26T11:26:46","modified_gmt":"2025-10-26T09:26:46","slug":"uebersetzungsbuero-schweden","status":"publish","type":"page","link":"https:\/\/www.balticmedia.com\/de\/ubersetzungsagenturen\/uebersetzungsbuero-schweden\/","title":{"rendered":"\u00dcbersetzungsb\u00fcro Schweden"},"content":{"rendered":"<div id=\"pl-16980\"  class=\"panel-layout\" ><div id=\"pg-16980-0\"  class=\"panel-grid panel-no-style\" ><div id=\"pgc-16980-0-0\"  class=\"panel-grid-cell\" ><div id=\"panel-16980-0-0-0\" class=\"so-panel widget widget_sow-image panel-first-child panel-last-child widgetopts-SO\" data-index=\"0\" ><div\n\t\t\t\n\t\t\tclass=\"so-widget-sow-image so-widget-sow-image-default-8b5b6f678277-16980\"\n\t\t\t\n\t\t>\n<div class=\"sow-image-container\">\n\t\t<img src=\"https:\/\/i0.wp.com\/www.balticmedia.com\/wp-content\/uploads\/4price_and_quality-scaled.jpg?fit=2560%2C549&amp;ssl=1\" width=\"2560\" height=\"549\" srcset=\"https:\/\/i0.wp.com\/www.balticmedia.com\/wp-content\/uploads\/4price_and_quality-scaled.jpg?w=2560&amp;ssl=1 2560w, https:\/\/i0.wp.com\/www.balticmedia.com\/wp-content\/uploads\/4price_and_quality-scaled.jpg?resize=300%2C64&amp;ssl=1 300w, https:\/\/i0.wp.com\/www.balticmedia.com\/wp-content\/uploads\/4price_and_quality-scaled.jpg?resize=1024%2C219&amp;ssl=1 1024w, https:\/\/i0.wp.com\/www.balticmedia.com\/wp-content\/uploads\/4price_and_quality-scaled.jpg?resize=768%2C165&amp;ssl=1 768w, https:\/\/i0.wp.com\/www.balticmedia.com\/wp-content\/uploads\/4price_and_quality-scaled.jpg?resize=1536%2C329&amp;ssl=1 1536w, https:\/\/i0.wp.com\/www.balticmedia.com\/wp-content\/uploads\/4price_and_quality-scaled.jpg?resize=2048%2C439&amp;ssl=1 2048w, https:\/\/i0.wp.com\/www.balticmedia.com\/wp-content\/uploads\/4price_and_quality-scaled.jpg?w=2400&amp;ssl=1 2400w\" title=\"\u00dcbersetzungsb\u00fcro Schweden\" alt=\"\u00dcbersetzungsb\u00fcro Schweden\" class=\"so-widget-image\">\n\t<\/div>\n\n<\/div><\/div><\/div><\/div><div id=\"pg-16980-1\"  class=\"panel-grid panel-no-style\" ><div id=\"pgc-16980-1-0\"  class=\"panel-grid-cell\" ><div id=\"panel-16980-1-0-0\" class=\"so-panel widget widget_sow-editor panel-first-child\" data-index=\"1\" ><div\n\t\t\t\n\t\t\tclass=\"so-widget-sow-editor so-widget-sow-editor-base\"\n\t\t\t\n\t\t>\n<div class=\"siteorigin-widget-tinymce textwidget\">\n\t<pre><form aria-label=\"Search this website\" role=\"search\" method=\"get\" class=\"oceanwp-searchform\" id=\"searchform\" action=\"https:\/\/www.balticmedia.com\/de\/\"><input aria-label=\"Insert search query\" type=\"text\" class=\"field\" name=\"s\" id=\"s\" placeholder=\"Search\"><button aria-label=\"Submit your search\" type=\"submit\" class=\"search-submit\" value=\"\"><i class=\"icon-magnifier\" aria-hidden=\"true\"><\/i><\/button><\/form><\/pre>\n<\/div>\n<\/div><\/div><div id=\"panel-16980-1-0-1\" class=\"so-panel widget widget_ocean_custom_menu widget-oceanwp-custom-menu custom-menu-widget widgetopts-SO\" data-index=\"2\" ><div class=\"oceanwp-custom-menu clr ocean_custom_menu-2 left dropdown-hover\"><ul id=\"menu-info-request-de\" class=\"dropdown-menu sf-menu\"><li  id=\"menu-item-42307\" class=\"menu-item menu-item-type-post_type menu-item-object-page menu-item-42307\"><a href=\"https:\/\/www.balticmedia.com\/de\/informationsanfrage\/\" class=\"menu-link\">Informationsanfrage<\/a><\/li>\n<li  id=\"menu-item-42308\" class=\"menu-item menu-item-type-post_type menu-item-object-page menu-item-42308\"><a href=\"https:\/\/www.balticmedia.com\/de\/ubersetzungsagenturen\/uebersetzungsbuero-in-riga\/\" class=\"menu-link\">\u00dcbersetzungsb\u00fcro in Riga<\/a><\/li>\n<li  id=\"menu-item-42309\" class=\"menu-item menu-item-type-post_type menu-item-object-page menu-item-42309\"><a href=\"https:\/\/www.balticmedia.com\/de\/ubersetzungsagenturen\/uebersetzungsbuero-schweden\/\" class=\"menu-link\">\u00dcbersetzungsb\u00fcro Schweden<\/a><\/li>\n<\/ul><\/div><\/div><div id=\"panel-16980-1-0-2\" class=\"so-panel widget widget_ocean_custom_menu widget-oceanwp-custom-menu custom-menu-widget panel-last-child widgetopts-SO\" data-index=\"3\" ><div class=\"oceanwp-custom-menu clr ocean_custom_menu-2 left dropdown-hover\"><ul id=\"menu-partner-de\" class=\"dropdown-menu sf-menu\"><li  id=\"menu-item-14914\" class=\"menu-item menu-item-type-custom menu-item-object-custom menu-item-14914\"><a target=\"_blank\" href=\"https:\/\/balticmedia.s.xtrf.eu\/vendors\/#\/sign-in\" class=\"menu-link\" rel=\"nofollow noopener\"><i class=\"icon before line-icon icon-briefcase\" aria-hidden=\"true\" style=\"font-size:2em;\"><\/i><span class=\"menu-text\">Partnerportal<\/span><\/a><\/li>\n<li  id=\"menu-item-14915\" class=\"menu-item menu-item-type-custom menu-item-object-custom menu-item-14915\"><a target=\"_blank\" href=\"https:\/\/www.balticmedia.com\/wp-content\/uploads\/11-Reasons-to-Choose-Baltic-Media-2026.pdf\" class=\"menu-link\"><i class=\"icon before line-icon icon-people\" aria-hidden=\"true\" style=\"font-size:2em;\"><\/i><span class=\"menu-text\">Unternehmensprofil<\/span><\/a><\/li>\n<li  id=\"menu-item-14916\" class=\"menu-item menu-item-type-custom menu-item-object-custom menu-item-14916\"><a target=\"_blank\" href=\"https:\/\/www.balticmedia.com\/wp-content\/uploads\/ubersetzungs-de.pdf\" class=\"menu-link\"><i class=\"icon before line-icon icon-organization\" aria-hidden=\"true\" style=\"font-size:2em;\"><\/i><span class=\"menu-text\">\u00dcbersetzung. Schrittweises Vorgehen<\/span><\/a><\/li>\n<li  id=\"menu-item-14917\" class=\"menu-item menu-item-type-custom menu-item-object-custom menu-item-14917\"><a target=\"_blank\" href=\"https:\/\/www.balticmedia.com\/wp-content\/uploads\/Baltic-Media-Ltd.-Service-Terms-and-Conditions.pdf\" class=\"menu-link\"><i class=\"icon before line-icon icon-docs\" aria-hidden=\"true\" style=\"font-size:2em;\"><\/i><span class=\"menu-text\">Allgemeine Gesch\u00e4ftsbedingungen  (EN)<\/span><\/a><\/li>\n<li  id=\"menu-item-14918\" class=\"menu-item menu-item-type-custom menu-item-object-custom menu-item-14918\"><a target=\"_blank\" href=\"https:\/\/www.balticmedia.com\/wp-content\/uploads\/iSO-certificate-2023.png\" class=\"menu-link\"><i class=\"icon before line-icon icon-doc\" aria-hidden=\"true\" style=\"font-size:2em;\"><\/i><span class=\"menu-text\">ISO 9001:2015 Quality Certification<\/span><\/a><\/li>\n<li  id=\"menu-item-14919\" class=\"menu-item menu-item-type-custom menu-item-object-custom menu-item-14919\"><a target=\"_blank\" href=\"https:\/\/www.balticmedia.com\/wp-content\/uploads\/362531_copyrighttrademarkbalticmedia.pdf\" class=\"menu-link\"><i class=\"icon before line-icon icon-info\" aria-hidden=\"true\" style=\"font-size:2em;\"><\/i><span class=\"menu-text\">Copyright | Trademark Baltic Media<sup>\u00ae<\/sup><\/span><\/a><\/li>\n<\/ul><\/div><\/div><\/div><div id=\"pgc-16980-1-1\"  class=\"panel-grid-cell\" ><div id=\"panel-16980-1-1-0\" class=\"so-panel widget widget_sow-editor panel-first-child widgetopts-hide_title widgetopts-SO\" data-index=\"4\" ><div\n\t\t\t\n\t\t\tclass=\"so-widget-sow-editor so-widget-sow-editor-base\"\n\t\t\t\n\t\t><h3 class=\"widget-title\">\u00dcbersetzungsb\u00fcro Schweden<\/h3>\n<div class=\"siteorigin-widget-tinymce textwidget\">\n\t<h1><strong>\u00dcbersetzungsb\u00fcro Schweden<\/strong><\/h1>\n<h2><strong>\u00dcbersetzungsb\u00fcro in Stockholm Schweden<\/strong><\/h2>\n<h3><strong>\u00dcbersetzungsdienste in Stockholm, Schweden<\/strong><\/h3>\n\n<p><strong>Baltic Media Translations AB<\/strong><br \/>\nBox 2349<br \/>\nSE-11674 Stockholm<br \/>\nSweden\/Su\u00e8de<\/p>\n<div>\n<p>\u2022 \u00a0+46 8 767 60 24<br \/>\n\u2022 \u00a0<a href=\"mailto:nordics@balticmedia.com\">nordics@balticmedia.com<\/a><\/p>\n<figure id=\"attachment_136013\" aria-describedby=\"caption-attachment-136013\" style=\"width: 300px\" class=\"wp-caption alignnone\"><img data-recalc-dims=\"1\" loading=\"lazy\" decoding=\"async\" class=\"wp-image-136013 size-medium\" src=\"https:\/\/i0.wp.com\/www.balticmedia.com\/wp-content\/uploads\/oversattningsbyra-1.jpg?resize=300%2C300&#038;ssl=1\" alt=\"\u00dcbersetzungsb\u00fcro Schweden\" width=\"300\" height=\"300\" title=\"\"><figcaption id=\"caption-attachment-136013\" class=\"wp-caption-text\">\u00dcbersetzungsb\u00fcro Schweden<\/figcaption><\/figure>\n<p data-sourcepos=\"1:1-1:265\">Ein \u00dcbersetzungsb\u00fcro ist ein Unternehmen, das Dienstleistungen im Bereich der Sprach\u00fcbersetzung anbietet. \u00dcbersetzungsb\u00fcros arbeiten mit qualifizierten \u00dcbersetzern und Lektoren zusammen, um Texte und Dokumente aus einer Sprache in eine andere Sprache zu \u00fcbersetzen.<\/p>\n<p data-sourcepos=\"1:1-1:265\"><img data-recalc-dims=\"1\" loading=\"lazy\" decoding=\"async\" class=\"alignnone wp-image-131968 size-medium\" src=\"https:\/\/i0.wp.com\/www.balticmedia.com\/wp-content\/uploads\/swedish-language-translation-services.jpg?resize=300%2C300&#038;ssl=1\" alt=\"Das \u00dcbersetzungsb\u00fcro Baltic Media in Schweden bietet professionelle \" width=\"300\" height=\"300\" title=\"\"><\/p>\n<p data-sourcepos=\"3:1-3:153\">Die Leistungen eines \u00dcbersetzungsb\u00fcros k\u00f6nnen je nach Unternehmen und Fachgebiet variieren. In der Regel bieten \u00dcbersetzungsb\u00fcros folgende Leistungen an:<\/p>\n<ul data-sourcepos=\"5:1-9:0\">\n<li data-sourcepos=\"5:1-5:188\"><strong>Fach\u00fcbersetzungen:<\/strong>\u00a0\u00dcbersetzungen von Texten und Dokumenten aus einem bestimmten Fachgebiet, z. B. technische \u00dcbersetzungen, juristische \u00dcbersetzungen oder medizinische \u00dcbersetzungen.<\/li>\n<li data-sourcepos=\"6:1-6:154\"><strong>Beglaubigte \u00dcbersetzungen:<\/strong>\u00a0\u00dcbersetzungen, die von einem vereidigten \u00dcbersetzer angefertigt wurden und f\u00fcr offizielle Zwecke verwendet werden k\u00f6nnen.<\/li>\n<li data-sourcepos=\"7:1-7:131\"><strong>Lokalisierung:<\/strong>\u00a0Anpassung von Texten und Dokumenten an die kulturelle und sprachliche Eigenheiten eines bestimmten Zielmarkts.<\/li>\n<li data-sourcepos=\"8:1-9:0\"><strong>Konferenzdolmetschen:<\/strong>\u00a0Dolmetschen von m\u00fcndlichen \u00c4u\u00dferungen von einer Sprache in eine andere Sprache.<\/li>\n<\/ul>\n<p data-sourcepos=\"10:1-10:186\">Die Kosten f\u00fcr eine \u00dcbersetzung h\u00e4ngen von verschiedenen Faktoren ab, darunter die Sprachkombination, das Fachgebiet, der Umfang des Textes oder Dokuments und der gew\u00fcnschten Lieferzeit.<\/p>\n<p data-sourcepos=\"12:1-12:147\">In Deutschland gibt es eine Vielzahl von \u00dcbersetzungsb\u00fcros. Bei der Auswahl eines \u00dcbersetzungsb\u00fcros sollten Sie folgende Kriterien ber\u00fccksichtigen:<\/p>\n<ul data-sourcepos=\"14:1-18:0\">\n<li data-sourcepos=\"14:1-14:155\"><strong>Qualit\u00e4t:<\/strong>\u00a0Das \u00dcbersetzungsb\u00fcro sollte \u00fcber qualifizierte \u00dcbersetzer und Lektoren verf\u00fcgen, die \u00fcber Erfahrung in dem gew\u00fcnschten Fachgebiet verf\u00fcgen.<\/li>\n<li data-sourcepos=\"15:1-15:69\"><strong>Kosten:<\/strong>\u00a0Die Kosten f\u00fcr die \u00dcbersetzung sollten angemessen sein.<\/li>\n<li data-sourcepos=\"16:1-16:128\"><strong>Lieferzeit:<\/strong>\u00a0Das \u00dcbersetzungsb\u00fcro sollte in der Lage sein, die \u00dcbersetzung innerhalb der gew\u00fcnschten Lieferzeit zu liefern.<\/li>\n<li data-sourcepos=\"17:1-18:0\"><strong>Service:<\/strong>\u00a0Das \u00dcbersetzungsb\u00fcro sollte einen guten Kundenservice bieten.<\/li>\n<\/ul>\n<p data-sourcepos=\"19:1-19:63\">Hier sind einige Tipps f\u00fcr die Auswahl eines \u00dcbersetzungsb\u00fcros:<\/p>\n<ul data-sourcepos=\"21:1-24:0\">\n<li data-sourcepos=\"21:1-21:154\"><strong>Vergleichen Sie Angebote:<\/strong>\u00a0Holen Sie sich Angebote von mehreren \u00dcbersetzungsb\u00fcros ein, um einen \u00dcberblick \u00fcber die Preise und Leistungen zu erhalten.<\/li>\n<li data-sourcepos=\"22:1-22:142\"><strong>Lesen Sie Bewertungen:<\/strong>\u00a0Lesen Sie Bewertungen von anderen Kunden, um sich ein Bild von der Qualit\u00e4t der \u00dcbersetzungsleistungen zu machen.<\/li>\n<li data-sourcepos=\"23:1-24:0\"><strong>Fragen Sie nach Referenzen:<\/strong>\u00a0Fragen Sie das \u00dcbersetzungsb\u00fcro nach Referenzen von fr\u00fcheren Kunden.<\/li>\n<\/ul>\n<p data-sourcepos=\"25:1-25:158\">Wenn Sie eine \u00dcbersetzung ben\u00f6tigen, sollten Sie sich an ein \u00dcbersetzungsb\u00fcro wenden, um eine qualitativ hochwertige und zuverl\u00e4ssige \u00dcbersetzung zu erhalten.<\/p>\n<h2><strong>Baltic Media<\/strong>\u00ae \u00dcbersetzungsb\u00fcro in Nordeuropa<\/h2>\n<p>Das skandinavisch-baltische \u00dcbersetzungsb\u00fcro Baltic Media<sup>\u00ae<\/sup> ist ein f\u00fchrender Anbieter von digitalen \u00dcbersetzungsdiensten in Nordeuropa, das sich auf nordeurop\u00e4ische Sprachen (einschlie\u00dflich skandinavischer, baltischer und slavischer) Sprachen spezialisiert. Vorrangig werden \u00dcbersetzungsdienste in den Sprachen Schwedisch, Finnisch, D\u00e4nisch, Isl\u00e4ndisch, Far\u00f6isch, Norwegisch, Deutsch, Englisch, Polnisch, Russisch, Lettisch, Litauisch und Estnisch angeboten.<\/p>\n<p>Als ISO-zertifizierer Sprachdienstanbeiter stellt das menschliche \u00dcbersetzungsdienste f\u00fcr Unternehmen, Beh\u00f6rden und Privatkunden bereit.<\/p>\n<div class=\"flex-shrink-0 flex flex-col relative items-end\">\n<div>\n<div class=\"pt-0\">\n<div class=\"gizmo-bot-avatar flex h-8 w-8 items-center justify-center overflow-hidden rounded-full\">\n<div class=\"relative p-1 rounded-sm flex items-center justify-center bg-token-main-surface-primary text-token-text-primary h-8 w-8\"><\/div>\n<\/div>\n<\/div>\n<\/div>\n<\/div>\n<div class=\"group\/conversation-turn relative flex w-full min-w-0 flex-col agent-turn\">\n<div class=\"flex-col gap-1 md:gap-3\">\n<div class=\"flex max-w-full flex-col flex-grow\">\n<div class=\"min-h-8 text-message flex w-full flex-col items-end gap-2 whitespace-normal break-words [.text-message+&amp;]:mt-5\" dir=\"auto\" data-message-author-role=\"assistant\" data-message-id=\"844ab1e4-f8c6-4ea9-aaab-7716ced86e32\" data-message-model-slug=\"gpt-4o\">\n<div class=\"flex w-full flex-col gap-1 empty:hidden first:pt-[3px]\">\n<div class=\"markdown prose w-full break-words dark:prose-invert light\">\n<p>Das <strong>\u00dcbersetzungsb\u00fcro Baltic Media in Schweden<\/strong> bietet professionelle \u00dcbersetzungs- und Sprachdienstleistungen mit einem Schwerpunkt auf nordeurop\u00e4ische Sprachen wie Schwedisch, Norwegisch, D\u00e4nisch, Finnisch, und Baltische Sprachen (Lettisch, Litauisch, Estnisch) sowie alle gro\u00dfen Weltsprachen. Die Agentur bedient Unternehmen, Beh\u00f6rden und Privatpersonen, die auf pr\u00e4zise, qualitativ hochwertige \u00dcbersetzungen und Sprachl\u00f6sungen angewiesen sind.<\/p>\n<h3>Hauptmerkmale des \u00dcbersetzungsb\u00fcros Baltic Media in Schweden:<\/h3>\n<p><strong>Fach\u00fcbersetzungen<\/strong>:<\/p>\n<p>Baltic Media bietet spezialisierte \u00dcbersetzungen f\u00fcr verschiedene Fachbereiche, darunter Recht, Medizin, Technik, Marketing und Finanzen. Die Agentur besch\u00e4ftigt Fach\u00fcbersetzer mit branchenspezifischem Wissen und Erfahrung.<\/p>\n<p><strong>Zertifizierte \u00dcbersetzungen<\/strong>:<\/p>\n<p>Das B\u00fcro bietet beglaubigte und notarielle \u00dcbersetzungen an, die in Schweden und international anerkannt sind. Diese sind ideal f\u00fcr offizielle Dokumente, die bei Beh\u00f6rden oder in rechtlichen Angelegenheiten eingereicht werden m\u00fcssen.<\/p>\n<p><strong>Nordeurop\u00e4ische Sprachkompetenz<\/strong>:<\/p>\n<p>Baltic Media ist bekannt f\u00fcr seine Expertise in skandinavischen und baltischen Sprachen und bietet Dienstleistungen, die f\u00fcr den skandinavischen Markt besonders relevant sind.<\/p>\n<p><strong>Technologiebasierte L\u00f6sungen<\/strong>:<\/p>\n<p>Die Agentur nutzt moderne \u00dcbersetzungstechnologien wie \u00dcbersetzungsspeicher und Terminologiedatenbanken, die Konsistenz und Effizienz bei gro\u00dfen Projekten gew\u00e4hrleisten und die Qualit\u00e4t der \u00dcbersetzungen erh\u00f6hen.<\/p>\n<p><strong>Sprachlokalisierung und Multimedia-Dienste<\/strong>:<\/p>\n<p>Zus\u00e4tzlich zur reinen Text\u00fcbersetzung bietet Baltic Media auch Lokalisierungsdienste f\u00fcr Webseiten und Software sowie audiovisuelle \u00dcbersetzungen, die sich an die kulturellen und sprachlichen Besonderheiten des Zielmarktes anpassen.<\/p>\n<p><strong>Corporate Language Services<\/strong>:<\/p>\n<p>F\u00fcr Unternehmen bietet Baltic Media ma\u00dfgeschneiderte Sprachdienste, wie Corporate Language Consulting und Schulungen f\u00fcr Mitarbeiter, um Kommunikation und Markterfolg zu verbessern.<\/p>\n<p><strong>Internationales Netzwerk und Expertise<\/strong>:<\/p>\n<p>Mit einem Netzwerk von qualifizierten Muttersprachlern weltweit und B\u00fcros in Nord- und Osteuropa garantiert Baltic Media schnelle und pr\u00e4zise Dienstleistungen f\u00fcr internationale Projekte.<\/p>\n<p>Die Kombination aus nordeurop\u00e4ischer Expertise, moderner Technologie und einem hohen Qualit\u00e4tsstandard macht Baltic Media in Schweden zu einem idealen Partner f\u00fcr anspruchsvolle \u00dcbersetzungs- und Sprachprojekte.<\/p>\n<\/div>\n<\/div>\n<\/div>\n<\/div>\n<\/div>\n<\/div>\n<div>\n<h3><a href=\"\/de\/ueber-uns\/warum-baltic-media\/\">Warum sollten Sie sich f\u00fcr das nordisch-baltische \u00dcbersetzungsb\u00fcro Baltic Media<sup>\u00ae<\/sup> entscheiden?<\/a><\/h3>\n<h3><a href=\"\/de\/preise\/\">Wie senken Sie die Kosten Ihrer \u00dcbersetzungen ohne Abstriche bei der Qualit\u00e4t?<\/a><\/h3>\n<h3><a href=\"\/de\/ueber-uns\/menschliche-uebersetzung\/\">Warum sind menschliche \u00dcbersetzungsdienste Ihre beste Wahl?<\/a><\/h3>\n<h3><a href=\"https:\/\/www.balticmedia.com\/de\/globale-uebersetzungsdienste\/post-editing-maschinelle-uebersetzungen\/\">\u00dcbersetzen Sie anhand von Google, Bing, Microsoft, Tilde, Yandex und lassen Sie die \u00dcbersetzung von uns \u00fcberarbeiten!<\/a><\/h3>\n<h3><a href=\"https:\/\/www.balticmedia.com\/de\/preisanfrage\/\">Kostenlose Voranschl\u00e4ge<\/a><\/h3>\n<h3><a href=\"https:\/\/www.balticmedia.com\/de\/informationsanfrage\/\">Informationsanfrage<\/a><\/h3>\n<h3><a href=\"mailto:info@balticmedia.com\">E-Mail<\/a><\/h3>\n<\/div>\n<\/div>\n<div>\n<p><!-- \/wp:paragraph --><\/p>\n<\/div>\n<\/div>\n<\/div><\/div><div id=\"panel-16980-1-1-1\" class=\"so-panel widget widget_sow-image-grid widgetopts-SO\" data-index=\"5\" ><div\n\t\t\t\n\t\t\tclass=\"so-widget-sow-image-grid so-widget-sow-image-grid-default-46e3cddde1e5-16980\"\n\t\t\t\n\t\t>\t<div\n\t\tclass=\"sow-image-grid-wrapper\"\n\t\t\t\t\t>\n\t\t\t\t\t<div class=\"sow-image-grid-image\">\n\t\t\t\t\t\t\t\t\t\t\t\t<img loading=\"lazy\" decoding=\"async\" width=\"300\" height=\"298\" src=\"https:\/\/i0.wp.com\/www.balticmedia.com\/wp-content\/uploads\/oversattningsbyra-i-stockholm-sverige.webp?fit=300%2C298&amp;ssl=1\" class=\"sow-image-grid-image_html\" alt=\"\u00dcbersetzungsb\u00fcro in Stockholm Schweden \u00dcbersetzungsdienste in Stockholm, Schweden&quot;\" title=\"Billig \u00f6vers\u00e4ttning hos kvalitetscertifierad \u00f6vers\u00e4ttningsbyr\u00e5\" srcset=\"https:\/\/i0.wp.com\/www.balticmedia.com\/wp-content\/uploads\/oversattningsbyra-i-stockholm-sverige.webp?w=300&amp;ssl=1 300w, https:\/\/i0.wp.com\/www.balticmedia.com\/wp-content\/uploads\/oversattningsbyra-i-stockholm-sverige.webp?resize=150%2C150&amp;ssl=1 150w\" sizes=\"auto, (max-width: 300px) 100vw, 300px\">\t\t\t\t\t\t\t\t\t\t\t<\/div>\n\t\t\t<\/div>\n<\/div><\/div><div id=\"panel-16980-1-1-2\" class=\"so-panel widget widget_sow-editor panel-last-child widgetopts-SO\" data-index=\"6\" ><div\n\t\t\t\n\t\t\tclass=\"so-widget-sow-editor so-widget-sow-editor-base\"\n\t\t\t\n\t\t>\n<div class=\"siteorigin-widget-tinymce textwidget\">\n\t<p>&nbsp;<\/p>\n<p><iframe loading=\"lazy\" title=\"YouTube video player\" src=\"https:\/\/www.youtube.com\/embed\/4iBHfTrGJYc\" width=\"560\" height=\"315\" frameborder=\"0\" allowfullscreen=\"allowfullscreen\"><\/iframe><\/p>\n<h3>Ihr Online-\u00dcbersetzungsb\u00fcro f\u00fcr Nordisch-Baltikum | Stockholm | Riga<\/h3>\n<\/div>\n<\/div><\/div><\/div><\/div><\/div>","protected":false},"excerpt":{"rendered":"<p>\u00dcbersetzungsb\u00fcro Schweden \u00dcbersetzungsb\u00fcro in Stockholm Schweden \u00dcbersetzungsdienste in Stockholm, Schweden Baltic Media Translations AB Box 2349 SE-11674 Stockholm Sweden\/Su\u00e8de \u2022 \u00a0+46 8 767 60 24 \u2022 \u00a0nordics@balticmedia.com Ein \u00dcbersetzungsb\u00fcro ist ein Unternehmen, das Dienstleistungen im Bereich der Sprach\u00fcbersetzung anbietet. \u00dcbersetzungsb\u00fcros arbeiten mit qualifizierten \u00dcbersetzern und Lektoren zusammen, um Texte und Dokumente aus einer Sprache in [&hellip;]<\/p>\n","protected":false},"author":2,"featured_media":132224,"parent":12048,"menu_order":0,"comment_status":"closed","ping_status":"closed","template":"","meta":{"ocean_post_layout":"","ocean_both_sidebars_style":"","ocean_both_sidebars_content_width":0,"ocean_both_sidebars_sidebars_width":0,"ocean_sidebar":"0","ocean_second_sidebar":"0","ocean_disable_margins":"enable","ocean_add_body_class":"","ocean_shortcode_before_top_bar":"","ocean_shortcode_after_top_bar":"","ocean_shortcode_before_header":"","ocean_shortcode_after_header":"","ocean_has_shortcode":"","ocean_shortcode_after_title":"","ocean_shortcode_before_footer_widgets":"","ocean_shortcode_after_footer_widgets":"","ocean_shortcode_before_footer_bottom":"","ocean_shortcode_after_footer_bottom":"","ocean_display_top_bar":"default","ocean_display_header":"default","ocean_header_style":"","ocean_center_header_left_menu":"0","ocean_custom_header_template":"0","ocean_custom_logo":0,"ocean_custom_retina_logo":0,"ocean_custom_logo_max_width":0,"ocean_custom_logo_tablet_max_width":0,"ocean_custom_logo_mobile_max_width":0,"ocean_custom_logo_max_height":0,"ocean_custom_logo_tablet_max_height":0,"ocean_custom_logo_mobile_max_height":0,"ocean_header_custom_menu":"0","ocean_menu_typo_font_family":"0","ocean_menu_typo_font_subset":"","ocean_menu_typo_font_size":0,"ocean_menu_typo_font_size_tablet":0,"ocean_menu_typo_font_size_mobile":0,"ocean_menu_typo_font_size_unit":"px","ocean_menu_typo_font_weight":"","ocean_menu_typo_font_weight_tablet":"","ocean_menu_typo_font_weight_mobile":"","ocean_menu_typo_transform":"","ocean_menu_typo_transform_tablet":"","ocean_menu_typo_transform_mobile":"","ocean_menu_typo_line_height":0,"ocean_menu_typo_line_height_tablet":0,"ocean_menu_typo_line_height_mobile":0,"ocean_menu_typo_line_height_unit":"","ocean_menu_typo_spacing":0,"ocean_menu_typo_spacing_tablet":0,"ocean_menu_typo_spacing_mobile":0,"ocean_menu_typo_spacing_unit":"","ocean_menu_link_color":"","ocean_menu_link_color_hover":"","ocean_menu_link_color_active":"","ocean_menu_link_background":"","ocean_menu_link_hover_background":"","ocean_menu_link_active_background":"","ocean_menu_social_links_bg":"","ocean_menu_social_hover_links_bg":"","ocean_menu_social_links_color":"","ocean_menu_social_hover_links_color":"","ocean_disable_title":"default","ocean_disable_heading":"default","ocean_post_title":"","ocean_post_subheading":"","ocean_post_title_style":"","ocean_post_title_background_color":"","ocean_post_title_background":0,"ocean_post_title_bg_image_position":"","ocean_post_title_bg_image_attachment":"","ocean_post_title_bg_image_repeat":"","ocean_post_title_bg_image_size":"","ocean_post_title_height":0,"ocean_post_title_bg_overlay":0.5,"ocean_post_title_bg_overlay_color":"","ocean_disable_breadcrumbs":"default","ocean_breadcrumbs_color":"","ocean_breadcrumbs_separator_color":"","ocean_breadcrumbs_links_color":"","ocean_breadcrumbs_links_hover_color":"","ocean_display_footer_widgets":"default","ocean_display_footer_bottom":"default","ocean_custom_footer_template":"0","ofc_meta_disable_footer_callout":"","ofc_meta_callout_button_url":"","ofc_meta_callout_button_txt":"","ofc_meta_callout_text":"","osh_disable_topbar_sticky":"default","osh_disable_header_sticky":"default","osh_sticky_header_style":"default","osh_sticky_header_effect":"","osh_custom_sticky_logo":0,"osh_custom_retina_sticky_logo":0,"osh_custom_sticky_logo_height":0,"osh_background_color":"","osh_links_color":"","osh_links_hover_color":"","osh_links_active_color":"","osh_links_bg_color":"","osh_links_hover_bg_color":"","osh_links_active_bg_color":"","osh_menu_social_links_color":"","osh_menu_social_hover_links_color":"","footnotes":""},"class_list":["post-16980","page","type-page","status-publish","has-post-thumbnail","hentry","entry","has-media"],"jetpack_sharing_enabled":true,"jetpack_likes_enabled":true,"jetpack-related-posts":[],"jetpack_shortlink":"https:\/\/wp.me\/Pe7Cu3-4pS","_links":{"self":[{"href":"https:\/\/www.balticmedia.com\/de\/wp-json\/wp\/v2\/pages\/16980","targetHints":{"allow":["GET"]}}],"collection":[{"href":"https:\/\/www.balticmedia.com\/de\/wp-json\/wp\/v2\/pages"}],"about":[{"href":"https:\/\/www.balticmedia.com\/de\/wp-json\/wp\/v2\/types\/page"}],"author":[{"embeddable":true,"href":"https:\/\/www.balticmedia.com\/de\/wp-json\/wp\/v2\/users\/2"}],"replies":[{"embeddable":true,"href":"https:\/\/www.balticmedia.com\/de\/wp-json\/wp\/v2\/comments?post=16980"}],"version-history":[{"count":24,"href":"https:\/\/www.balticmedia.com\/de\/wp-json\/wp\/v2\/pages\/16980\/revisions"}],"predecessor-version":[{"id":140273,"href":"https:\/\/www.balticmedia.com\/de\/wp-json\/wp\/v2\/pages\/16980\/revisions\/140273"}],"up":[{"embeddable":true,"href":"https:\/\/www.balticmedia.com\/de\/wp-json\/wp\/v2\/pages\/12048"}],"wp:featuredmedia":[{"embeddable":true,"href":"https:\/\/www.balticmedia.com\/de\/wp-json\/wp\/v2\/media\/132224"}],"wp:attachment":[{"href":"https:\/\/www.balticmedia.com\/de\/wp-json\/wp\/v2\/media?parent=16980"}],"curies":[{"name":"wp","href":"https:\/\/api.w.org\/{rel}","templated":true}]}}