{"id":128208,"date":"2021-01-15T18:28:30","date_gmt":"2021-01-15T16:28:30","guid":{"rendered":"https:\/\/www.balticmedia.com\/translation-agency-stockholm\/"},"modified":"2025-02-23T20:40:45","modified_gmt":"2025-02-23T18:40:45","slug":"oversaettelsesbureau-i-stockholm-sverige","status":"publish","type":"page","link":"https:\/\/www.balticmedia.com\/da\/oversaettelsesbureau-i-stockholm-sverige\/","title":{"rendered":"Overs\u00e6ttelsesbureau Stockholm | Sverige Online"},"content":{"rendered":"<div id=\"pl-128208\"  class=\"panel-layout\" ><div id=\"pg-128208-0\"  class=\"panel-grid panel-no-style\" ><div id=\"pgc-128208-0-0\"  class=\"panel-grid-cell\" ><div id=\"panel-128208-0-0-0\" class=\"so-panel widget widget_sow-image panel-first-child panel-last-child widgetopts-SO\" data-index=\"0\" ><div\n\t\t\t\n\t\t\tclass=\"so-widget-sow-image so-widget-sow-image-default-6ec9e3772f75-128208\"\n\t\t\t\n\t\t>\n<div class=\"sow-image-container\">\n\t\t<img src=\"https:\/\/i0.wp.com\/www.balticmedia.com\/wp-content\/uploads\/4price_and_quality-scaled.jpg?fit=2560%2C549&amp;ssl=1\" width=\"2560\" height=\"549\" srcset=\"https:\/\/i0.wp.com\/www.balticmedia.com\/wp-content\/uploads\/4price_and_quality-scaled.jpg?w=2560&amp;ssl=1 2560w, https:\/\/i0.wp.com\/www.balticmedia.com\/wp-content\/uploads\/4price_and_quality-scaled.jpg?resize=300%2C64&amp;ssl=1 300w, https:\/\/i0.wp.com\/www.balticmedia.com\/wp-content\/uploads\/4price_and_quality-scaled.jpg?resize=1024%2C219&amp;ssl=1 1024w, https:\/\/i0.wp.com\/www.balticmedia.com\/wp-content\/uploads\/4price_and_quality-scaled.jpg?resize=768%2C165&amp;ssl=1 768w, https:\/\/i0.wp.com\/www.balticmedia.com\/wp-content\/uploads\/4price_and_quality-scaled.jpg?resize=1536%2C329&amp;ssl=1 1536w, https:\/\/i0.wp.com\/www.balticmedia.com\/wp-content\/uploads\/4price_and_quality-scaled.jpg?resize=2048%2C439&amp;ssl=1 2048w, https:\/\/i0.wp.com\/www.balticmedia.com\/wp-content\/uploads\/4price_and_quality-scaled.jpg?w=2400&amp;ssl=1 2400w\" title=\"Overs\u00e6ttelsesbureau Stockholm Sverige\" alt=\"Overs\u00e6ttelsesbureau Stockholm\" class=\"so-widget-image\">\n\t<\/div>\n\n<\/div><\/div><\/div><\/div><div id=\"pg-128208-1\"  class=\"panel-grid panel-no-style\" ><div id=\"pgc-128208-1-0\"  class=\"panel-grid-cell\" ><div id=\"panel-128208-1-0-0\" class=\"so-panel widget widget_sow-editor panel-first-child extendedwopts-hide extendedwopts-tablet extendedwopts-mobile widgetopts-SO\" data-index=\"1\" ><div\n\t\t\t\n\t\t\tclass=\"so-widget-sow-editor so-widget-sow-editor-base\"\n\t\t\t\n\t\t>\n<div class=\"siteorigin-widget-tinymce textwidget\">\n\t<pre><form aria-label=\"Search this website\" role=\"search\" method=\"get\" class=\"oceanwp-searchform\" id=\"searchform\" action=\"https:\/\/www.balticmedia.com\/da\/\"><input aria-label=\"Insert search query\" type=\"text\" class=\"field\" name=\"s\" id=\"s\" placeholder=\"Search\"><button aria-label=\"Submit your search\" type=\"submit\" class=\"search-submit\" value=\"\"><i class=\"icon-magnifier\" aria-hidden=\"true\"><\/i><\/button><\/form><\/pre>\n<\/div>\n<\/div><\/div><div id=\"panel-128208-1-0-1\" class=\"so-panel widget widget_ocean_custom_menu widget-oceanwp-custom-menu custom-menu-widget extendedwopts-hide extendedwopts-tablet extendedwopts-mobile widgetopts-SO\" data-index=\"2\" ><div class=\"oceanwp-custom-menu clr ocean_custom_menu-2 left dropdown-hover\"><ul id=\"menu-info-request\" class=\"dropdown-menu sf-menu\"><li  id=\"menu-item-2052\" class=\"menu-item menu-item-type-post_type menu-item-object-page menu-item-2052\"><a href=\"https:\/\/www.balticmedia.com\/translation-companies\/translation-agency-stockholm\/\" class=\"menu-link\">Overs\u00e6ttelsesbureau Stockholm | Sverige Online<\/a><\/li>\n<\/ul><\/div><\/div><div id=\"panel-128208-1-0-2\" class=\"so-panel widget widget_ocean_custom_menu widget-oceanwp-custom-menu custom-menu-widget panel-last-child extendedwopts-hide extendedwopts-tablet extendedwopts-mobile widgetopts-SO\" data-index=\"3\" ><div class=\"oceanwp-custom-menu clr ocean_custom_menu-2 left dropdown-hover\"><ul id=\"menu-partners\" class=\"dropdown-menu sf-menu\"><li  id=\"menu-item-9003\" class=\"menu-item menu-item-type-custom menu-item-object-custom menu-item-9003\"><a target=\"_blank\" href=\"https:\/\/balticmedia.s.xtrf.eu\/vendors\/#\/sign-in\" class=\"menu-link\" rel=\"nofollow noopener\"><i class=\"icon before line-icon icon-briefcase\" aria-hidden=\"true\" style=\"font-size:2em;\"><\/i><span class=\"menu-text\">Partners Portal<\/span><\/a><\/li>\n<li  id=\"menu-item-2462\" class=\"menu-item menu-item-type-custom menu-item-object-custom menu-item-2462\"><a target=\"_blank\" href=\"https:\/\/www.balticmedia.com\/wp-content\/uploads\/11-Reasons-to-Choose-Baltic-Media-2026.pdf\" class=\"menu-link\"><i class=\"icon before line-icon icon-people\" aria-hidden=\"true\" style=\"font-size:2em;\"><\/i><span class=\"menu-text\">Translation Agency<\/span><\/a><\/li>\n<li  id=\"menu-item-2463\" class=\"menu-item menu-item-type-custom menu-item-object-custom menu-item-2463\"><a target=\"_blank\" href=\"https:\/\/www.balticmedia.com\/wp-content\/uploads\/translation-agency-en.pdf\" class=\"menu-link\"><i class=\"icon before line-icon icon-organization\" aria-hidden=\"true\" style=\"font-size:2em;\"><\/i><span class=\"menu-text\">Translation Process. Step by Step<\/span><\/a><\/li>\n<li  id=\"menu-item-2464\" class=\"menu-item menu-item-type-custom menu-item-object-custom menu-item-2464\"><a target=\"_blank\" href=\"https:\/\/www.balticmedia.com\/wp-content\/uploads\/Baltic-Media-Ltd.-Service-Terms-and-Conditions-EN.pdf\" class=\"menu-link\"><i class=\"icon before line-icon icon-docs\" aria-hidden=\"true\" style=\"font-size:2em;\"><\/i><span class=\"menu-text\">Translation Service Terms and Conditions<\/span><\/a><\/li>\n<li  id=\"menu-item-2465\" class=\"menu-item menu-item-type-custom menu-item-object-custom menu-item-2465\"><a target=\"_blank\" href=\"https:\/\/www.balticmedia.com\/wp-content\/uploads\/iSO-certificate-2023.png\" class=\"menu-link\"><i class=\"icon before line-icon icon-doc\" aria-hidden=\"true\" style=\"font-size:2em;\"><\/i><span class=\"menu-text\">ISO 9001:2015 Quality Certification<\/span><\/a><\/li>\n<li  id=\"menu-item-2466\" class=\"menu-item menu-item-type-custom menu-item-object-custom menu-item-2466\"><a target=\"_blank\" href=\"https:\/\/www.balticmedia.com\/wp-content\/uploads\/362531_copyrighttrademarkbalticmedia.pdf\" class=\"menu-link\"><i class=\"icon before line-icon icon-info\" aria-hidden=\"true\" style=\"font-size:2em;\"><\/i><span class=\"menu-text\">Copyright | Trademark Baltic Media<sup>\u00ae<\/sup><\/span><\/a><\/li>\n<\/ul><\/div><\/div><\/div><div id=\"pgc-128208-1-1\"  class=\"panel-grid-cell\" ><div id=\"panel-128208-1-1-0\" class=\"so-panel widget widget_sow-editor panel-first-child widgetopts-hide_title widgetopts-SO\" data-index=\"4\" ><div\n\t\t\t\n\t\t\tclass=\"so-widget-sow-editor so-widget-sow-editor-base\"\n\t\t\t\n\t\t><h3 class=\"widget-title\">Overs\u00e6ttelsesbureau i Stockholm - Sverige - Online<\/h3>\n<div class=\"siteorigin-widget-tinymce textwidget\">\n\t<p><!-- wp:paragraph --><\/p>\n<div class=\"formatedtext\">\n<h1>Overs\u00e6ttelsesbureau i Stockholm - Sverige - Online<\/h1>\n\n<p><strong>Baltic Media Translations AB<\/strong><br \/>\nBox 2349<br \/>\n116 74 Stockholm<br \/>\nSweden\/Su\u00e8de<\/p>\n<div>\n<p>\u2022 \u00a0+46 8 767 60 24<br \/>\n\u2022 \u00a0<a href=\"mailto:nordics@balticmedia.com\">nordics@balticmedia.com<\/a><\/p>\n<p><img data-recalc-dims=\"1\" loading=\"lazy\" decoding=\"async\" class=\"alignnone wp-image-118693 size-medium\" src=\"https:\/\/i0.wp.com\/www.balticmedia.com\/wp-content\/uploads\/baltic-media-reception-office-.jpg?resize=300%2C200&#038;ssl=1\" alt=\"Overs\u00e6ttelsesbureau i Stockholm - Sverige - Online\" width=\"300\" height=\"200\" title=\"\"><\/p>\n<h2>Autoriseret translat\u00f8r Sverige | Overs\u00e6ttelsesbureau Stockholm, Sverige<\/h2>\n<p>N\u00e5r du v\u00e6lger en autoriseret overs\u00e6tter, er det vigtigt at overveje f\u00f8lgende faktorer:<\/p>\n<p>Sprogpar: S\u00f8rg for, at overs\u00e6tteren er autoriseret til at overs\u00e6tte det sprogpar, du har brug for.<br \/>\nEkspertise: Overvej overs\u00e6tterens ekspertise inden for det emne, dit dokument handler om. Hvis du f.eks. skal overs\u00e6tte et juridisk dokument, kan det v\u00e6re en god id\u00e9 at v\u00e6lge en overs\u00e6tter, der har ekspertise i juridisk overs\u00e6ttelse.<br \/>\nPris: Sammenlign de forskellige overs\u00e6tteres priser, f\u00f8r du beslutter dig.<\/p>\n<h2>Certificerede overs\u00e6ttelsestjenester i Stockholm, Sverige<\/h2>\n<p>For at finde en autoriseret overs\u00e6tter i Sverige, som er medlem af det svenske handelskammer, kan du bruge f\u00f8lgende metoder:<\/p>\n<p>S\u00f8g p\u00e5 det svenske handelskammers hjemmeside. Det svenske handelskammer har et register over medlemsvirksomheder, der inkluderer autoriserede overs\u00e6ttere. For at s\u00f8ge i oversigten skal du g\u00e5 ind p\u00e5 det svenske handelskammers hjemmeside og klikke p\u00e5 fanen \"Medlemmer\". Klik derefter p\u00e5 linket \"S\u00f8g efter medlemmer\", og indtast \"autoriseret translat\u00f8r\" i s\u00f8gefeltet.<\/p>\n<p>S\u00f8g p\u00e5 det svenske Kammarkollegiets hjemmeside for juridiske, \u00f8konomiske og administrative tjenester. Kammarkollegiet er den svenske myndighed, der er ansvarlig for at autorisere translat\u00f8rer og tolke. Hvis du vil s\u00f8ge efter en autoriseret overs\u00e6tter p\u00e5 Kammarkollegiets hjemmeside, skal du g\u00e5 ind p\u00e5 hjemmesiden og klikke p\u00e5 fanen \"\u00d6vers\u00e4ttare\" (Overs\u00e6ttere). Klik derefter p\u00e5 linket \"S\u00f6k tolk\" (S\u00f8g efter en tolk) og indtast dine s\u00f8gekriterier. Du kan s\u00f8ge efter sprogpar, sted og andre kriterier.<\/p>\n<p>Lad os vide, hvis du \u00f8nsker vores hj\u00e6lp til at finde den rigtige certificerede eller autoriserede translat\u00f8r. Du kan finde flere oplysninger her.<\/p>\n<h3><a href=\"https:\/\/www.balticmedia.com\/translation-price-quote\/\"><b>Price Quotations at No Cost<\/b><\/a><\/h3>\n<h3><a href=\"https:\/\/www.balticmedia.com\/request-for-information\/\"><b>Request for Information<\/b><\/a><\/h3>\n<h3><a href=\"mailto:info@balticmedia.com\"><b>E-mail<\/b><\/a><\/h3>\n<p><img data-recalc-dims=\"1\" loading=\"lazy\" decoding=\"async\" class=\"alignnone size-medium wp-image-115146\" src=\"https:\/\/i0.wp.com\/www.balticmedia.com\/wp-content\/uploads\/iso-certified-company.png?resize=300%2C116&#038;ssl=1\" alt=\"ISO Certified Translation Agency in Northern Europe with 30 Years of Experience\" width=\"300\" height=\"116\" title=\"\"><img data-recalc-dims=\"1\" loading=\"lazy\" decoding=\"async\" class=\"alignnone wp-image-62809 size-medium\" src=\"https:\/\/i0.wp.com\/www.balticmedia.com\/wp-content\/uploads\/balticmedia_logo_512x148.png?resize=300%2C87&#038;ssl=1\" alt=\"Baltic Media Global Language Services Stockholm Sweden\" width=\"300\" height=\"87\" title=\"\"><\/p>\n<h2><strong>Translation Agency Stockholm - Sweden Online Services<\/strong><\/h2>\n<div>\n<h3><a href=\"https:\/\/www.balticmedia.com\/language-service-translation-company\/why-baltic-media\/\"><b>Why Choose Nordic-Baltic Translation Agency Baltic Media<\/b><b><sup>\u00ae<\/sup><\/b><b>?<\/b><\/a><b>\u00a0<\/b><\/h3>\n<h3><a href=\"https:\/\/www.balticmedia.com\/how-to-reduce-translation-costs\/\"><b>How to Reduce Translation Costs Without Sacrificing Quality<\/b><\/a><\/h3>\n<h3><a href=\"https:\/\/www.balticmedia.com\/language-service-translation-company\/the-best-translator-is-a-human-being\/\"><b>Why Human Translation Services is Your Best Choice?<\/b><\/a><\/h3>\n<h3><a href=\"https:\/\/www.balticmedia.com\/global-translation-services\/automated-machine-translation-post-editing\/\"><b>Translate with Google, Bing, Microsoft, Tilde, Yandex and Order Editing from Us!<\/b><\/a><\/h3>\n<h3><a href=\"https:\/\/www.balticmedia.com\/translation-price-quote\/\"><b>Price Quotations at No Cost<\/b><\/a><\/h3>\n<h3><a href=\"https:\/\/www.balticmedia.com\/request-for-information\/\"><b>Request for Information<\/b><\/a><\/h3>\n<h3><a href=\"mailto:info@balticmedia.com\"><b>E-mail<\/b><\/a><\/h3>\n<p><a href=\"https:\/\/i0.wp.com\/www.balticmedia.com\/wp-content\/uploads\/Infographic_en-scaled.jpg?ssl=1\"><img data-recalc-dims=\"1\" loading=\"lazy\" decoding=\"async\" class=\"alignnone wp-image-2103 size-medium\" src=\"https:\/\/i0.wp.com\/www.balticmedia.com\/wp-content\/uploads\/Infographic_en-300x191.jpg?resize=300%2C191&#038;ssl=1\" alt=\"How a Translation Agency Works\" width=\"300\" height=\"191\" title=\"\"><\/a><\/p>\n<h2>Ingen grund til at tage p\u00e5 kontoret | Overs\u00e6ttelsesservice i Stockholm - Sweden Online<\/h2>\n<p>Du beh\u00f8ver ikke at komme til vores kontor for at indsende kopier af det scannede dokument for at f\u00e5 en overs\u00e6ttelse. Vi g\u00f8r alt arbejdet online, og vi kan sende dig en bekr\u00e6ftet overs\u00e6ttelse p\u00e5 papir via postv\u00e6senet til den adresse, du angiver, n\u00e5r du har accepteret den digitale version af overs\u00e6ttelsen. Vi arbejder globalt.<\/p>\n<h2>Svensk, dansk, norsk, finsk, islandsk, russisk, ukrainsk, tyrkisk, litauisk, lettisk, estisk, polsk, tysk overs\u00e6ttelsesbureau i Norden<\/h2>\n<p>Det internationale overs\u00e6ttelsesbureau Baltic Media\u00ae blev grundlagt i Sverige i 1991, og virksomheden har v\u00e6ret aktiv p\u00e5 det nordisk-baltiske marked siden 1994 som en af de f\u00f8rende leverand\u00f8rer inden for kvalitetssprogydelser. Overs\u00e6ttelsesbureauet har kontorer i Stockholm, Sverige, og i Riga, Letland.<\/p>\n<\/div>\n<div>\n<h2>Overs\u00e6ttelsespriser | Pris pr. ord | Billigere end andre nordiske overs\u00e6ttelsesbureauer<\/h2>\n<p>Afh\u00e6ngigt af sprog og fagomr\u00e5de koster en overs\u00e6ttelse 0,50 - 1,80 SEK pr. ord (0,05 - 0,18 EUR pr. ord) hos os. Vi tilbyder professionel overs\u00e6ttelse, herunder redigering og korrekturl\u00e6sning 20-25% billigere end andre overs\u00e6ttelsesbureauer med kontorer i Norden, fordi vi er en internetbaseret virksomhed med produktionskontor i Riga, Letland og dermed sikrer lavere omkostninger til din overs\u00e6ttelse, end andre nordiske overs\u00e6ttelsesbureauer har.<\/p>\n<p>Derudover kan du reducere dine overs\u00e6ttelsesomkostninger med vores brug af CAT-v\u00e6rkt\u00f8jer.<\/p>\n<p>Her kan du l\u00e6se mere om, hvordan du reducerer overs\u00e6ttelsesomkostningerne uden at g\u00e5 p\u00e5 kompromis med kvaliteten.<\/p>\n<p>Please\u00a0<a href=\"https:\/\/www.balticmedia.com\/how-to-reduce-translation-costs\/\">read here more how to reduce translation costs without sacrificing quality.<\/a><\/p>\n<p>For at spare p\u00e5 kundens omkostninger bruger overs\u00e6ttelsesbureauet CAT-v\u00e6rkt\u00f8jer (Computer-Aided Translation) for at sikre, at kunden f\u00e5r den bedst mulige overs\u00e6ttelsespris og -l\u00f8sning, som er omkostningseffektiv og af h\u00f8j kvalitet.<\/p>\n<p>Kun en menneskelig overs\u00e6tter kan pr\u00e6cist afg\u00f8re den rette kontekst for en tekst. Alle overs\u00e6ttelser fra overs\u00e6ttelsesbureauet Baltic Media udf\u00f8res og redigeres af mennesker.<\/p>\n<\/div>\n<\/div>\n<div>\n<p><!-- \/wp:paragraph --><\/p>\n<\/div>\n<\/div>\n<\/div>\n<\/div><\/div><div id=\"panel-128208-1-1-1\" class=\"so-panel widget widget_sow-image-grid widgetopts-SO\" data-index=\"5\" ><div\n\t\t\t\n\t\t\tclass=\"so-widget-sow-image-grid so-widget-sow-image-grid-default-46e3cddde1e5-128208\"\n\t\t\t\n\t\t><\/div><\/div><div id=\"panel-128208-1-1-2\" class=\"so-panel widget widget_sow-editor panel-last-child widgetopts-hide_title widgetopts-SO\" data-index=\"6\" ><div\n\t\t\t\n\t\t\tclass=\"so-widget-sow-editor so-widget-sow-editor-base\"\n\t\t\t\n\t\t>\n<div class=\"siteorigin-widget-tinymce textwidget\">\n\t<h2>Hvorfor v\u00e6lge Nordisk-Baltisk Online Overs\u00e6ttelsesbureau i Stockholm?<\/h2>\n<p>Alle leder efter det bedste overs\u00e6ttelsesbureau. Vi tror, at du er kommet til det rette sted! Vi tilbyder professionel og billig overs\u00e6ttelse mellem alle verdens sprog med fokus p\u00e5 \u00d8sters\u00f8regionen. Vi er et overs\u00e6ttelsesbureau med 30 \u00e5rs erfaring. Vi arbejder h\u00e5rdt for at v\u00e6re det bedste overs\u00e6ttelsesbureau til alles behov. Vi er et ISO-certificeret overs\u00e6ttelsesbureau, der tager ansvar og bidrager. Sp\u00f8rg vores tilfredse kunder.<\/p>\n<p>Som ISO-certificeret udbyder af sprogtjenester tilbyder overs\u00e6ttelsesbureauet Baltic Media menneskelige overs\u00e6ttelsestjenester til virksomheder, offentlige og private kunder.<\/p>\n<p>Overs\u00e6ttelsestjenesterne d\u00e6kker over 150 sprog, s\u00e5 man kan komme ind p\u00e5 de globale markeder med lokaliserede produkter og tjenester af h\u00f8j kvalitet, der opfylder kundernes krav til sprog og funktionalitet, uanset hvor de befinder sig. Overs\u00e6ttelsesbureauet er medlem af ELIA - European Language Industry Association.<\/p>\n<p>For at spare p\u00e5 kundens omkostninger bruger overs\u00e6ttelsesbureauet CAT-v\u00e6rkt\u00f8jer (Computer-Aided Translation) for at sikre, at kunden f\u00e5r den bedst mulige overs\u00e6ttelsespris og -l\u00f8sning, som er omkostningseffektiv og af h\u00f8j kvalitet.<\/p>\n<p>Kun en menneskelig overs\u00e6tter kan pr\u00e6cist afg\u00f8re den rette kontekst for en tekst. Alle overs\u00e6ttelser fra overs\u00e6ttelsesbureauet Baltic Media udf\u00f8res og redigeres af mennesker.<\/p>\n<h2>Overs\u00e6ttelsesbureau Stockholm - Online nordisk-baltisk overs\u00e6ttelsesbureau Baltic Media\u00ae tilbyder professionelle menneskelige overs\u00e6ttelsestjenester til:<\/h2>\n<p>Overs\u00e6ttelse af medier: trykte og digitale medier, audiovisuelle medier, b\u00f8ger, aviser, magasiner, reklamemateriale.<\/p>\n<p>Overs\u00e6ttelse af dokumenter (juridisk, medicinsk, teknisk, IT, marketing);<\/p>\n<p>Certificerede dokumentovers\u00e6ttelser;<\/p>\n<p>Overs\u00e6ttelse og lokalisering af hjemmesider, e-handel og SEO (vi lokaliserer indholdet af dine hjemmesider, e-handelssider og apps, s\u00e5 det bliver forst\u00e5eligt p\u00e5 de lokale markeder p\u00e5 forskellige sprog).<\/p>\n<p>Overs\u00e6ttelse og lokalisering af software (overs\u00e6ttelse af brugergr\u00e6nseflade og supportdokumentation samt test);<\/p>\n<p>Overs\u00e6ttelse af terminologi og h\u00e5ndtering af flersproget dataindhold;<\/p>\n<p>Overs\u00e6ttelse af audiovisuelle produkter (film, dataspil, tekstovers\u00e6ttelse, undertekstning, optagelse);<\/p>\n<p>Menneskeassisteret maskinovers\u00e6ttelse med redigering og kvalitetskontrol (til store overs\u00e6ttelsesordrer tilbyder vi at anvende maskinovers\u00e6ttelse med f\u00f8lgende tekstredigerings- og kvalitetskontrolprocedurer).<\/p>\n<h2>Vores vigtigste omr\u00e5der inden for overs\u00e6ttelse udf\u00f8res af menneskelige overs\u00e6ttere:<\/h2>\n<p>Juridiske overs\u00e6ttelser (kontrakter, aftaler og ordninger, vedt\u00e6gter, beslutninger, m\u00f8dereferater, registreringsbeviser, love, bekendtg\u00f8relser og regulativer, ans\u00f8gninger, andragender, retsafg\u00f8relser, fuldmagter, licenser og tilladelser osv.)<\/p>\n<p>Tekniske overs\u00e6ttelser (kataloger, tekniske specifikationer, betjeningsvejledninger, patentdokumenter, pr\u00e6sentationer, produktspecifikationer og -manualer, tekniske forslag og specifikationer, undervisningsmateriale, brugermanualer osv.)<\/p>\n<p>Finansielle overs\u00e6ttelser (revisions- og \u00e5rsrapporter, finansielle rapporter, regnskabsbalancer, resultatopg\u00f8relser, marketingunders\u00f8gelser og -pr\u00e6sentationer, \u00f8konomisk dokumentation og forretningsplaner, forsikringsdokumenter, aftaler om finansiering af projekter osv.)<\/p>\n<p>IT-overs\u00e6ttelser (software og hardware, CAD\/CAM, cloud-applikationer, CRM, e-handel, ERP, netv\u00e6rksstyringssystemer, mobilapplikationer, hjemmesider, videospil osv.)<\/p>\n<p>Medicinske og biovidenskabelige overs\u00e6ttelser (referencer, uddrag af medicinsk historie, rapporter, eksperters konklusioner, analyseresultater, dokumentation om kliniske fors\u00f8g med l\u00e6gemidler, information til l\u00e6ger og patienter, indl\u00e6gssedler, dokumentation for udstyr og v\u00e6rkt\u00f8jer osv.)<\/p>\n<p>Overs\u00e6ttelser inden for reklame, PR og marketing (reklamemateriale, brochurer, kataloger, menuer og produktlister, e-mails, nyhedsbreve, emballagemateriale, trykte og online reklamer, SEO, indhold til sociale medier, hjemmesider osv.)<\/p>\n<p>Generelle overs\u00e6ttelsestjenester (CV'er, eksamensbeviser, udtalelser, ID-kort, pas, certifikater, referencer osv.)<\/p>\n<p>Human translation, localization and transcreation-processen omfatter f\u00f8lgende hovedtrin: projektanalyse, pristilbud, projektops\u00e6tning, teambuilding, overs\u00e6ttelse eller lokalisering eller transcreation, redigering, kontrol af det lokale marked (validering), korrekturl\u00e6sning og DTP, intern kvalitetskontrol.<\/p>\n<p>Dit online nordisk-baltiske overs\u00e6ttelsesbureau | Stockholm | Riga<\/p>\n<\/div>\n<\/div><\/div><\/div><\/div><\/div>","protected":false},"excerpt":{"rendered":"<p>Overs\u00e6ttelsesbureau i Stockholm &#8211; Sverige &#8211; Online Baltic Media Translations AB Box 2349 116 74 Stockholm Sweden\/Su\u00e8de \u2022 \u00a0+46 8 767 60 24 \u2022 \u00a0nordics@balticmedia.com Autoriseret translat\u00f8r Sverige | Overs\u00e6ttelsesbureau Stockholm, Sverige N\u00e5r du v\u00e6lger en autoriseret overs\u00e6tter, er det vigtigt at overveje f\u00f8lgende faktorer: Sprogpar: S\u00f8rg for, at overs\u00e6tteren er autoriseret til at overs\u00e6tte [&hellip;]<\/p>\n","protected":false},"author":2,"featured_media":132220,"parent":0,"menu_order":0,"comment_status":"closed","ping_status":"closed","template":"","meta":{"ocean_post_layout":"","ocean_both_sidebars_style":"","ocean_both_sidebars_content_width":0,"ocean_both_sidebars_sidebars_width":0,"ocean_sidebar":"0","ocean_second_sidebar":"0","ocean_disable_margins":"enable","ocean_add_body_class":"","ocean_shortcode_before_top_bar":"","ocean_shortcode_after_top_bar":"","ocean_shortcode_before_header":"","ocean_shortcode_after_header":"","ocean_has_shortcode":"","ocean_shortcode_after_title":"","ocean_shortcode_before_footer_widgets":"","ocean_shortcode_after_footer_widgets":"","ocean_shortcode_before_footer_bottom":"","ocean_shortcode_after_footer_bottom":"","ocean_display_top_bar":"default","ocean_display_header":"default","ocean_header_style":"","ocean_center_header_left_menu":"0","ocean_custom_header_template":"0","ocean_custom_logo":0,"ocean_custom_retina_logo":0,"ocean_custom_logo_max_width":0,"ocean_custom_logo_tablet_max_width":0,"ocean_custom_logo_mobile_max_width":0,"ocean_custom_logo_max_height":0,"ocean_custom_logo_tablet_max_height":0,"ocean_custom_logo_mobile_max_height":0,"ocean_header_custom_menu":"0","ocean_menu_typo_font_family":"0","ocean_menu_typo_font_subset":"","ocean_menu_typo_font_size":0,"ocean_menu_typo_font_size_tablet":0,"ocean_menu_typo_font_size_mobile":0,"ocean_menu_typo_font_size_unit":"px","ocean_menu_typo_font_weight":"","ocean_menu_typo_font_weight_tablet":"","ocean_menu_typo_font_weight_mobile":"","ocean_menu_typo_transform":"","ocean_menu_typo_transform_tablet":"","ocean_menu_typo_transform_mobile":"","ocean_menu_typo_line_height":0,"ocean_menu_typo_line_height_tablet":0,"ocean_menu_typo_line_height_mobile":0,"ocean_menu_typo_line_height_unit":"","ocean_menu_typo_spacing":0,"ocean_menu_typo_spacing_tablet":0,"ocean_menu_typo_spacing_mobile":0,"ocean_menu_typo_spacing_unit":"","ocean_menu_link_color":"","ocean_menu_link_color_hover":"","ocean_menu_link_color_active":"","ocean_menu_link_background":"","ocean_menu_link_hover_background":"","ocean_menu_link_active_background":"","ocean_menu_social_links_bg":"","ocean_menu_social_hover_links_bg":"","ocean_menu_social_links_color":"","ocean_menu_social_hover_links_color":"","ocean_disable_title":"default","ocean_disable_heading":"default","ocean_post_title":"","ocean_post_subheading":"","ocean_post_title_style":"","ocean_post_title_background_color":"","ocean_post_title_background":0,"ocean_post_title_bg_image_position":"","ocean_post_title_bg_image_attachment":"","ocean_post_title_bg_image_repeat":"","ocean_post_title_bg_image_size":"","ocean_post_title_height":0,"ocean_post_title_bg_overlay":0.5,"ocean_post_title_bg_overlay_color":"","ocean_disable_breadcrumbs":"default","ocean_breadcrumbs_color":"","ocean_breadcrumbs_separator_color":"","ocean_breadcrumbs_links_color":"","ocean_breadcrumbs_links_hover_color":"","ocean_display_footer_widgets":"default","ocean_display_footer_bottom":"default","ocean_custom_footer_template":"0","ofc_meta_disable_footer_callout":"","ofc_meta_callout_button_url":"","ofc_meta_callout_button_txt":"","ofc_meta_callout_text":"","osh_disable_topbar_sticky":"default","osh_disable_header_sticky":"default","osh_sticky_header_style":"default","osh_sticky_header_effect":"","osh_custom_sticky_logo":0,"osh_custom_retina_sticky_logo":0,"osh_custom_sticky_logo_height":0,"osh_background_color":"","osh_links_color":"","osh_links_hover_color":"","osh_links_active_color":"","osh_links_bg_color":"","osh_links_hover_bg_color":"","osh_links_active_bg_color":"","osh_menu_social_links_color":"","osh_menu_social_hover_links_color":"","footnotes":""},"class_list":["post-128208","page","type-page","status-publish","has-post-thumbnail","hentry","entry","has-media"],"jetpack_sharing_enabled":true,"jetpack_likes_enabled":true,"jetpack-related-posts":[],"jetpack_shortlink":"https:\/\/wp.me\/Pe7Cu3-xlS","_links":{"self":[{"href":"https:\/\/www.balticmedia.com\/da\/wp-json\/wp\/v2\/pages\/128208","targetHints":{"allow":["GET"]}}],"collection":[{"href":"https:\/\/www.balticmedia.com\/da\/wp-json\/wp\/v2\/pages"}],"about":[{"href":"https:\/\/www.balticmedia.com\/da\/wp-json\/wp\/v2\/types\/page"}],"author":[{"embeddable":true,"href":"https:\/\/www.balticmedia.com\/da\/wp-json\/wp\/v2\/users\/2"}],"replies":[{"embeddable":true,"href":"https:\/\/www.balticmedia.com\/da\/wp-json\/wp\/v2\/comments?post=128208"}],"version-history":[{"count":6,"href":"https:\/\/www.balticmedia.com\/da\/wp-json\/wp\/v2\/pages\/128208\/revisions"}],"predecessor-version":[{"id":137100,"href":"https:\/\/www.balticmedia.com\/da\/wp-json\/wp\/v2\/pages\/128208\/revisions\/137100"}],"wp:featuredmedia":[{"embeddable":true,"href":"https:\/\/www.balticmedia.com\/da\/wp-json\/wp\/v2\/media\/132220"}],"wp:attachment":[{"href":"https:\/\/www.balticmedia.com\/da\/wp-json\/wp\/v2\/media?parent=128208"}],"curies":[{"name":"wp","href":"https:\/\/api.w.org\/{rel}","templated":true}]}}